{"id":186,"date":"2021-02-19T09:59:07","date_gmt":"2021-02-19T08:59:07","guid":{"rendered":"https:\/\/www.zennio.com\/rechtliche-hinweise\/"},"modified":"2022-06-05T18:37:14","modified_gmt":"2022-06-05T16:37:14","slug":"rechtliche-hinweise","status":"publish","type":"page","link":"https:\/\/back.zennio.com\/de\/rechtliche-hinweise","title":{"rendered":"Rechtliche Angaben"},"content":{"rendered":"<p>[et_pb_section fb_built=&#8221;1&#8243; _builder_version=&#8221;4.16&#8243; _module_preset=&#8221;default&#8221; global_colors_info=&#8221;{}&#8221;][et_pb_row _builder_version=&#8221;4.16&#8243; _module_preset=&#8221;default&#8221; global_colors_info=&#8221;{}&#8221;][et_pb_column type=&#8221;4_4&#8243; _builder_version=&#8221;4.16&#8243; _module_preset=&#8221;default&#8221; global_colors_info=&#8221;{}&#8221;][et_pb_text _builder_version=&#8221;4.17.4&#8243; _module_preset=&#8221;default&#8221; hover_enabled=&#8221;0&#8243; global_colors_info=&#8221;{}&#8221; header_font_size=&#8221;36px&#8221; header_line_height=&#8221;1.6em&#8221; sticky_enabled=&#8221;0&#8243;]<\/p>\n<h1 id=\"legal-details\">Rechtliche Angaben<\/h1>\n<h2><\/h2>\n<h2 id=\"website-property\">Eigentum an der Website<\/h2>\n<p>Die Internetdom\u00e4ne <a href=\"http:\/\/www.zennio.com\/\" target=\"_blank\" rel=\"nofollow noopener noreferrer\">www.zennio.com<\/a> und www.zennio-deutschland.de ist ausschlie\u00dfliches Eigentum von Zennio Avance y Tecnolog\u00eda S.L.<\/p>\n<ul>\n<li><strong>CIF<\/strong>: B45586724<\/li>\n<li><strong>Handelsregistereintragung:<\/strong> Handelsregister Toledo, Ausgabe 1293, Seite TO-22822, Buch 0, Eintrag 1\u00aa, Blatt 150.<\/li>\n<li><strong>E-Mail:<\/strong> <a href=\"mailto:soluciones@zennio.com\">soluciones@zennio.com<\/a><\/li>\n<li><strong>Kontaktanschrift:<\/strong> C\/ Jarama 132, Nave P8.11, 45007-Toledo \u2013 Spanien<\/li>\n<\/ul>\n<h2><\/h2>\n<h2 id=\"use-of-the-website\">Nutzung der Website<\/h2>\n<p>Mit dem Zugang zur und der Nutzung der Website werden Sie zum Nutzer der Website und stimmen Sie s\u00e4mtlichen Bestimmungen dieses rechtlichen Hinweises vollst\u00e4ndig und uneingeschr\u00e4nkt zu.<\/p>\n<p>Der Nutzer ist verpflichtet, die Website ordnungsgem\u00e4\u00df im Einklang mit dem spanischen Gesetz 34\/2002 vom 11. Juli \u00fcber Dienstleistungen der Informationsgesellschaft und des elektronischen Handels (LSSICE) sowie diesem rechtlichen Hinweis zu nutzen.<\/p>\n<p>Ferner haftet der Nutzer gegen\u00fcber Zennio Avance y Tecnolog\u00eda S.L. oder Dritten f\u00fcr Sch\u00e4den und Beeintr\u00e4chtigungen aus einer Verletzung der voranstehenden Verpflichtung.<\/p>\n<p>Es ist ausdr\u00fccklich untersagt, die Website zu Zwecken zu nutzen, durch die Schaden an den Verm\u00f6genswerten, Rechten oder Interessen von Zennio Avance y Tecnolog\u00eda S.L. oder Dritten entstehen k\u00f6nnte, oder durch die die Netzwerke, Server und sonstige Computerausr\u00fcstung (Hardware) oder Anwendungsprogramme und Produkte (Software) von Zennio Avance y Tecnolog\u00eda S.L. oder Dritten \u00fcberlastet, gesch\u00e4digt oder au\u00dfer Betrieb gesetzt werden k\u00f6nnten.<\/p>\n<h2><\/h2>\n<h2 id=\"web-contents-and-links\">Webinhalte und Verlinkungen<\/h2>\n<p>Die Inhalte dieser Website dienen der Information \u00fcber die und der Vorstellung der Produkte und Dienstleistungen von Zennio Avance y Tecnolog\u00eda S.L. sowie dem Netzwerken mit anderen Branchenakteuren mit dem Zweck, den Nutzerinnen und Nutzern dieser Website das bestm\u00f6gliche Angebot im Sinne des Unternehmensziels \u2013 das \u201eAngebot technisch modernster L\u00f6sungen f\u00fcr die Hausautomatisierung\u201c \u2013 zu bieten. Dar\u00fcber hinaus kann der Nutzer die Website auch zu anderen Zwecken nutzen, etwa zur Gestaltung von Produkten oder zur Anfrage von technischer Unterst\u00fctzung f\u00fcr Produkte von Zennio.<\/p>\n<p>Der Eigent\u00fcmer haftet nicht f\u00fcr die nicht ordnungsgem\u00e4\u00dfe Nutzung der Inhalte der Website; die vollst\u00e4ndige Haftung daf\u00fcr tr\u00e4gt der Nutzer, der auf diese Inhalte zugreift oder sie nutzt.<\/p>\n<p>Es ist ausdr\u00fccklich untersagt, ohne ausdr\u00fcckliche Zustimmung von Zennio Avance y Tecnolog\u00eda S.L. die Inhalte der Website zu Werbezwecken, f\u00fcr Vertragsschl\u00fcsse oder zur Verbreitung von Webematerial oder Informationen von uns oder Dritten zu nutzen oder den Nutzern, gleich ob kostenlos oder nicht, zur Verf\u00fcgung gestellte\/s Werbematerial oder Informationen eigenm\u00e4chtig weiterzuleiten.<\/p>\n<h2><\/h2>\n<h2 id=\"intellectual-property-of-the-website\">Geistiges Eigentum der Website<\/h2>\n<p>S\u00e4mtliche Rechte an geistigem Eigentum an den Inhalten dieser Website, ihrem grafischen Design und ihren Quellcodes sind das ausschlie\u00dfliche Eigentum von Zennio Avance y Tecnolog\u00eda S.L. und die Nutzungsrechte daran liegen ausschlie\u00dflich bei Zennio Avance y Tecnolog\u00eda S.L.<\/p>\n<p>Es ist ausdr\u00fccklich untersagt, Inhalte ohne ausdr\u00fcckliche Zustimmung von Zennio Avance y Tecnolog\u00eda S.L. ganz oder teilweise zu vervielf\u00e4ltigen, zu verteilen, \u00f6ffentlich zu machen und abzu\u00e4ndern.<\/p>\n<p>Gleichsam sind s\u00e4mtliche Handelsnamen, Marken oder Markenzeichen, gleich welcher Art, auf dieser Website rechtlich gesch\u00fctzt.<\/p>\n<h2><\/h2>\n<h2 id=\"special-conditions\">Besondere Bestimmungen<\/h2>\n<p>Die Nutzung bestimmter Dienstleistungen und Inhalte, wie von Zennio Avance y Tecnolog\u00eda S.L. \u00fcber diese Website angeboten, kann spezifischen Bestimmungen unterliegen, die in Erg\u00e4nzung zu und\/oder in Abweichung von diesem rechtlichen Hinweis gelten k\u00f6nnen. Vor der Nutzung der betreffenden Dienstleistungen sollte der Nutzer daher die etwaigen anwendbaren spezifischen Bestimmungen sorgf\u00e4ltig durchlesen.<\/p>\n<h2><\/h2>\n<h2 id=\"updates-and-modifications-to-the-website\">Aktualisierungen und \u00c4nderungen der Website<\/h2>\n<p>Zennio Avance y Tecnolog\u00eda S.L. beh\u00e4lt sich das Recht vor, Informationen aus dieser Website sowie die Konfiguration und das Layout der Website jederzeit ohne vorherige Mitteilung und ohne daf\u00fcr Verantwortung zu \u00fcbernehmen zu aktualisieren, zu ver\u00e4ndern oder zu entfernen.<\/p>\n<h2><\/h2>\n<h2 id=\"information-on-technical-aspects\">Informationen zu technischen Aspekten<\/h2>\n<p>Zennio Avance y Tecnolog\u00eda S.L. \u00fcbernimmt keinerlei Verantwortung im Zusammenhang mit technischen Problemen oder dem Absturz von Computerausr\u00fcstung im Rahmen der Verbindung zum Internet, und auch nicht f\u00fcr Schaden, der auf einen unberechtigten Zugriff Dritter au\u00dferhalb der Kontrolle von Zennio Avance y Tecnolog\u00eda S.L. zur\u00fcckzuf\u00fchren ist. Das Unternehmen weist ferner jedwede Verantwortung f\u00fcr m\u00f6gliche Sch\u00e4den oder Beeintr\u00e4chtigungen zur\u00fcck, die dem Nutzer aufgrund von Fehlern, M\u00e4ngeln oder Unvollst\u00e4ndigkeiten in von externen Quellen bezogenen Informationen entstehen.<\/p>\n<p>[\/et_pb_text][\/et_pb_column][\/et_pb_row][\/et_pb_section]<\/p>\n","protected":false},"excerpt":{"rendered":"<p>Rechtliche Angaben Eigentum an der Website Die Internetdom\u00e4ne www.zennio.com und www.zennio-deutschland.de ist ausschlie\u00dfliches Eigentum von Zennio Avance y Tecnolog\u00eda S.L. CIF: B45586724 Handelsregistereintragung: Handelsregister Toledo, Ausgabe 1293, Seite TO-22822, Buch 0, Eintrag 1\u00aa, Blatt 150. E-Mail: soluciones@zennio.com Kontaktanschrift: C\/ Jarama 132, Nave P8.11, 45007-Toledo \u2013 Spanien Nutzung der Website Mit dem Zugang zur und der [&hellip;]<\/p>\n","protected":false},"author":10,"featured_media":0,"parent":0,"menu_order":0,"comment_status":"closed","ping_status":"closed","template":"","meta":{"_acf_changed":false,"_et_pb_use_builder":"on","_et_pb_old_content":"","_et_gb_content_width":"","footnotes":""},"class_list":["post-186","page","type-page","status-publish","hentry"],"acf":[],"yoast_head":"<!-- This site is optimized with the Yoast SEO plugin v25.5 - https:\/\/yoast.com\/wordpress\/plugins\/seo\/ -->\n<title>Rechtliche Angaben | Zennio<\/title>\n<meta name=\"robots\" content=\"index, follow, max-snippet:-1, max-image-preview:large, max-video-preview:-1\" \/>\n<link rel=\"canonical\" href=\"https:\/\/back.zennio.com\/de\/rechtliche-hinweise\" \/>\n<meta property=\"og:locale\" content=\"de_DE\" \/>\n<meta property=\"og:type\" content=\"article\" \/>\n<meta property=\"og:title\" content=\"Rechtliche Angaben | Zennio\" \/>\n<meta property=\"og:url\" content=\"https:\/\/back.zennio.com\/de\/rechtliche-hinweise\" \/>\n<meta property=\"og:site_name\" content=\"Zennio\" \/>\n<meta property=\"article:modified_time\" content=\"2022-06-05T16:37:14+00:00\" \/>\n<meta name=\"twitter:card\" content=\"summary_large_image\" \/>\n<meta name=\"twitter:label1\" content=\"Est. reading time\" \/>\n\t<meta name=\"twitter:data1\" content=\"3 minutes\" \/>\n<script type=\"application\/ld+json\" class=\"yoast-schema-graph\">{\"@context\":\"https:\/\/schema.org\",\"@graph\":[{\"@type\":\"WebPage\",\"@id\":\"https:\/\/back.zennio.com\/de\/rechtliche-hinweise\",\"url\":\"https:\/\/back.zennio.com\/de\/rechtliche-hinweise\",\"name\":\"Rechtliche Angaben | Zennio\",\"isPartOf\":{\"@id\":\"https:\/\/www.zennio.com\/#website\"},\"datePublished\":\"2021-02-19T08:59:07+00:00\",\"dateModified\":\"2022-06-05T16:37:14+00:00\",\"breadcrumb\":{\"@id\":\"https:\/\/back.zennio.com\/de\/rechtliche-hinweise#breadcrumb\"},\"inLanguage\":\"de\",\"potentialAction\":[{\"@type\":\"ReadAction\",\"target\":[\"https:\/\/back.zennio.com\/de\/rechtliche-hinweise\"]}]},{\"@type\":\"BreadcrumbList\",\"@id\":\"https:\/\/back.zennio.com\/de\/rechtliche-hinweise#breadcrumb\",\"itemListElement\":[{\"@type\":\"ListItem\",\"position\":1,\"name\":\"Portada\",\"item\":\"https:\/\/www.zennio.com\/de\"},{\"@type\":\"ListItem\",\"position\":2,\"name\":\"Rechtliche Angaben\"}]},{\"@type\":\"WebSite\",\"@id\":\"https:\/\/www.zennio.com\/#website\",\"url\":\"https:\/\/www.zennio.com\/\",\"name\":\"Zennio\",\"description\":\"Zennio Global\",\"potentialAction\":[{\"@type\":\"SearchAction\",\"target\":{\"@type\":\"EntryPoint\",\"urlTemplate\":\"https:\/\/www.zennio.com\/?s={search_term_string}\"},\"query-input\":{\"@type\":\"PropertyValueSpecification\",\"valueRequired\":true,\"valueName\":\"search_term_string\"}}],\"inLanguage\":\"de\"}]}<\/script>\n<!-- \/ Yoast SEO plugin. -->","yoast_head_json":{"title":"Rechtliche Angaben | Zennio","robots":{"index":"index","follow":"follow","max-snippet":"max-snippet:-1","max-image-preview":"max-image-preview:large","max-video-preview":"max-video-preview:-1"},"canonical":"https:\/\/back.zennio.com\/de\/rechtliche-hinweise","og_locale":"de_DE","og_type":"article","og_title":"Rechtliche Angaben | Zennio","og_url":"https:\/\/back.zennio.com\/de\/rechtliche-hinweise","og_site_name":"Zennio","article_modified_time":"2022-06-05T16:37:14+00:00","twitter_card":"summary_large_image","twitter_misc":{"Est. reading time":"3 minutes"},"schema":{"@context":"https:\/\/schema.org","@graph":[{"@type":"WebPage","@id":"https:\/\/back.zennio.com\/de\/rechtliche-hinweise","url":"https:\/\/back.zennio.com\/de\/rechtliche-hinweise","name":"Rechtliche Angaben | Zennio","isPartOf":{"@id":"https:\/\/www.zennio.com\/#website"},"datePublished":"2021-02-19T08:59:07+00:00","dateModified":"2022-06-05T16:37:14+00:00","breadcrumb":{"@id":"https:\/\/back.zennio.com\/de\/rechtliche-hinweise#breadcrumb"},"inLanguage":"de","potentialAction":[{"@type":"ReadAction","target":["https:\/\/back.zennio.com\/de\/rechtliche-hinweise"]}]},{"@type":"BreadcrumbList","@id":"https:\/\/back.zennio.com\/de\/rechtliche-hinweise#breadcrumb","itemListElement":[{"@type":"ListItem","position":1,"name":"Portada","item":"https:\/\/www.zennio.com\/de"},{"@type":"ListItem","position":2,"name":"Rechtliche Angaben"}]},{"@type":"WebSite","@id":"https:\/\/www.zennio.com\/#website","url":"https:\/\/www.zennio.com\/","name":"Zennio","description":"Zennio Global","potentialAction":[{"@type":"SearchAction","target":{"@type":"EntryPoint","urlTemplate":"https:\/\/www.zennio.com\/?s={search_term_string}"},"query-input":{"@type":"PropertyValueSpecification","valueRequired":true,"valueName":"search_term_string"}}],"inLanguage":"de"}]}},"_links":{"self":[{"href":"https:\/\/back.zennio.com\/de\/wp-json\/wp\/v2\/pages\/186","targetHints":{"allow":["GET"]}}],"collection":[{"href":"https:\/\/back.zennio.com\/de\/wp-json\/wp\/v2\/pages"}],"about":[{"href":"https:\/\/back.zennio.com\/de\/wp-json\/wp\/v2\/types\/page"}],"author":[{"embeddable":true,"href":"https:\/\/back.zennio.com\/de\/wp-json\/wp\/v2\/users\/10"}],"replies":[{"embeddable":true,"href":"https:\/\/back.zennio.com\/de\/wp-json\/wp\/v2\/comments?post=186"}],"version-history":[{"count":0,"href":"https:\/\/back.zennio.com\/de\/wp-json\/wp\/v2\/pages\/186\/revisions"}],"wp:attachment":[{"href":"https:\/\/back.zennio.com\/de\/wp-json\/wp\/v2\/media?parent=186"}],"curies":[{"name":"wp","href":"https:\/\/api.w.org\/{rel}","templated":true}]}}