{"id":189,"date":"2021-02-19T09:59:32","date_gmt":"2021-02-19T08:59:32","guid":{"rendered":"https:\/\/www.zennio.com\/cookies-auswaehlen\/"},"modified":"2023-01-05T20:22:41","modified_gmt":"2023-01-05T19:22:41","slug":"cookies-auswaehlen","status":"publish","type":"page","link":"https:\/\/back.zennio.com\/de\/cookies-auswaehlen","title":{"rendered":"Cookies ausw\u00e4hlen"},"content":{"rendered":"<p>[et_pb_section fb_built=&#8221;1&#8243; _builder_version=&#8221;4.19.4&#8243; _module_preset=&#8221;default&#8221; global_colors_info=&#8221;{}&#8221;][et_pb_row _builder_version=&#8221;4.17.4&#8243; _module_preset=&#8221;default&#8221; max_width=&#8221;800px&#8221; global_colors_info=&#8221;{}&#8221;][et_pb_column type=&#8221;4_4&#8243; _builder_version=&#8221;4.16&#8243; _module_preset=&#8221;default&#8221; global_colors_info=&#8221;{}&#8221;][et_pb_text _builder_version=&#8221;4.19.4&#8243; _module_preset=&#8221;default&#8221; text_font_size=&#8221;19px&#8221; text_line_height=&#8221;1.6em&#8221; header_font_size=&#8221;2.6em&#8221; header_line_height=&#8221;2em&#8221; header_2_font_size=&#8221;1.6em&#8221; header_2_line_height=&#8221;1.5em&#8221; hover_enabled=&#8221;0&#8243; global_colors_info=&#8221;{}&#8221; sticky_enabled=&#8221;0&#8243;]<\/p>\n<h1 id=\"cookie-richtlinie\">Cookie-Richtlinie<\/h1>\n<h2>Was sind cookies?<span class=\"icon icon-link\"><\/span><\/h2>\n<p>Cookies sind Dateien die beim Zugriff auf bestimmte Webseiten, Applikationen und Plattformen im Ger\u00e4t des Nutzers gespeichert werden um den Nutzer wiederzuerkennen.<\/p>\n<p>Heutzutage ist die Nutzung von Cookies f\u00fcr die reibungslose Nutzung aber auch zur Optimierung von Webseiten, Applikationen und Plattformen im Internet unverzichtbar.<\/p>\n<p>Cookies helfen dabei Webseiten, Applikationen und Plattformen an die Bed\u00fcrfnisse und das Verhalten des Nutzers anzupassen.<\/p>\n<p>Cookies schaden dem Nutzerger\u00e4t nicht und k\u00f6nnen dazu beitragen Fehler und Probleme, die in Verbindung mit dem Ger\u00e4t stehen, zu beheben. Unter anderem speichern sie Informationen zu den Browser-Einstellungen.<\/p>\n<p><span style=\"font-size: 19px;\">Diese Website, Anwendung oder Plattform verwendet Cookies und\/oder \u00e4hnliche Technologien, die beim Surfen Informationen speichern und abrufen. Im Allgemeinen k\u00f6nnen diese Technologien sehr unterschiedlichen Zwecken dienen, z. B. Sie als Benutzer identifizieren, Informationen zu Ihren Browsing-Mustern abrufen oder die Anzeige von Inhalten auf Ihre Pr\u00e4ferenzen anpassen. Die spezifischen Verwendungen dieser Technologien werden nachstehend beschrieben.<\/span><\/p>\n<h2>Welche cookies nutzen wir?<span class=\"icon icon-link\"><\/span><\/h2>\n<p>Auf<span>\u00a0<\/span><strong><a href=\"http:\/\/www.zennio.com\/\" rel=\"nofollow noopener noreferrer\" target=\"_blank\">www.zennio.com<\/a><\/strong><span>\u00a0<\/span>verwenden wir Cookies, Protokolle, Links und andere Technologien, zur Speicherung von Benutzerpr\u00e4ferenzen um so die Qualit\u00e4t unserer Dienste zu optimieren, den technischen Betrieb sowohl des Portals, der Anwendung oder Plattform als auch die durchgef\u00fchrten Transaktionen sicherzustellen und das Publikum der Website zu messen und entwickeln so neues und besseres Angebot zu Funktionen, Produkten und Dienstleistungen.<\/p>\n<h3>Cookie-Inhaber:<\/h3>\n<ul>\n<li>\n<h3><strong style=\"font-size: 19px; color: #666666; font-family: Brandon, Helvetica, Arial, Lucida, sans-serif;\">Wir verwenden eigene Cookies<\/strong><span style=\"font-size: 19px; color: #666666; font-family: Brandon, Helvetica, Arial, Lucida, sans-serif;\">, die wir von einem von uns verwalteten Computer oder einer von uns verwalteten Dom\u00e4ne an das Endger\u00e4t des Benutzers senden und von denen der vom Benutzer angeforderte Dienst bereitgestellt wird<\/span><\/h3>\n<\/li>\n<li>Wir verwenden<span>\u00a0<\/span><strong>Cookies von Drittanbietern<\/strong><span>\u00a0<\/span>(z. B. Facebook, Google, Twitter&#8230;), die von externen Unternehmen, sozialen Netzwerken oder von externen Inhaltserg\u00e4nzungen (z. B. Google Maps) verwendet werden. Sie werden von einem Computer oder einer Dom\u00e4ne eines Dritten, der die durch Cookies erhaltenen Daten verarbeitet, an das Endger\u00e4t des Benutzers gesendet.<\/li>\n<\/ul>\n<h3>Nutzung von Cookies:<\/h3>\n<ul>\n<li>Wir verwenden<span style=\"font-size: 19px; color: #666666; font-family: Brandon, Helvetica, Arial, Lucida, sans-serif;\">\u00a0<\/span><strong style=\"font-size: 19px; color: #666666; font-family: Brandon, Helvetica, Arial, Lucida, sans-serif;\">technische Cookies<\/strong><span style=\"font-size: 19px; color: #666666; font-family: Brandon, Helvetica, Arial, Lucida, sans-serif;\">, die unbedingt erforderlich sind, damit der Benutzer auf<\/span><span style=\"font-size: 19px; color: #666666; font-family: Brandon, Helvetica, Arial, Lucida, sans-serif;\">\u00a0<\/span><strong style=\"font-size: 19px; color: #666666; font-family: Brandon, Helvetica, Arial, Lucida, sans-serif;\"><a href=\"http:\/\/www.zennio.com\/\" rel=\"nofollow noopener noreferrer\" target=\"_blank\">www.zennio.com<\/a><\/strong><span style=\"font-size: 19px; color: #666666; font-family: Brandon, Helvetica, Arial, Lucida, sans-serif;\">\u00a0<\/span><span style=\"font-size: 19px; color: #666666; font-family: Brandon, Helvetica, Arial, Lucida, sans-serif;\">zugreifen und diese durchsuchen kann. Dies sind diejenigen, die es dem Nutzer erm\u00f6glichen, durch Webseiten, Plattformen oder Anwendungen zu navigieren und die verschiedenen Optionen oder Dienste zu verwenden, einschlie\u00dflich zur Verwaltung und f\u00fcr den Betrieb der Website erforderlichen Funktionen, wie bspw. Traffic\u00fcberwachung und Datenkommunikation, Sessionidentifizierung, Zugriff zu beschr\u00e4nkten Bereichen, Zwischenspeicherung von Bestelldetails und \u00dcbermittlung von Eink\u00e4ufen, Zahlungsverwaltung, Betrugskontrolle in Verbindung mit unseren Sicherheitseinstellungen, Registrationsvorg\u00e4nge, Besucherz\u00e4hler zur Abrechnung von Softwarelizenzen mit denen bestimmte Dienste auf Website, Applikation oder Anwendungen betrieben werden, Sicherheitselemente, Speicher f\u00fcr Video- und Soundinformationen, Aktivierung von Animationen oder Anbindungen von Social-Media-Portalen wie bspw. Facebook. Aus technischen Gr\u00fcnden sind auch Cookies in dieser Kategorie enthalten, die eine m\u00f6glichst effiziente Verwaltung von Werbefl\u00e4chen erm\u00f6glichen. Werbefl\u00e4chen, die der Herausgeber als Element des Layouts des dem Benutzer angebotenen Dienstes m\u00f6glicherweise in eine Website, Anwendung oder Plattform aufgenommen hat, erscheinen auf Basis des Nutzerverhaltens ohne Benutzerdaten selbst gesammelt zu haben. Diese Cookies ben\u00f6tigen nicht das Einverst\u00e4ndnis des Nutzers.<\/span><\/li>\n<li>Wir verwenden<span>\u00a0<\/span><strong>Pr\u00e4ferenz- oder Personalisierungs-Cookies<\/strong>, die es uns erm\u00f6glichen, Informationen zu speichern, damit der Benutzer auf den Dienst mit bestimmten Merkmalen zugreifen kann, die seine Erfahrung von der anderer Benutzer unterscheiden k\u00f6nnen. Zum Beispiel die Sprache, die Anzahl der Ergebnisse, die f\u00fcr eine Benutzersuche angezeigt werden sollen, das Erscheinungsbild oder der Inhalt des Dienstes in Abh\u00e4ngigkeit von der Art des Browsers, \u00fcber den der Benutzer auf den Dienst zugreift, oder der Region, von der aus auf den Dienst zugegriffen wird usw. Diese Cookies erfordern m\u00f6glicherweise die Einwilligung des Benutzers nach Aufkl\u00e4rung, es sei denn, der Benutzer w\u00e4hlt diese Merkmale selbst aus (z. B. wenn er die Sprache einer Website durch Klicken auf das Flaggensymbol des entsprechenden Landes ausgew\u00e4hlt hat).<\/li>\n<li>Wir verwenden<span>\u00a0<\/span><strong>Analyse- oder Zielgruppenmessungs-Cookies<\/strong>, mit denen wir oder Dritte das Verhalten der Benutzer der Websites, auf die sie verlinkt sind, pr\u00fcfen und analysieren k\u00f6nnen, einschlie\u00dflich der Quantifizierung der Auswirkungen von Anzeigen. Die durch diese Cookies gesammelten Informationen werden zur Messung der Aktivit\u00e4t auf der Website, Anwendung oder Plattform verwendet, um die angebotenen Produkte oder Dienstleistungen auf der Grundlage der Analyse der Nutzungsdaten dieses Dienstes zu verbessern. Diese Cookies bed\u00fcrfen der Einwilligung des Nutzers.<\/li>\n<li>Wir verwenden<span>\u00a0<\/span><strong>Verhaltens- und Werbe-Cookies<\/strong>, die von uns oder von Dritten verarbeitet werden und Informationen \u00fcber das Verhalten des Benutzers speichern, die durch die kontinuierliche Beobachtung seiner Browsing-Muster erhalten werden. Auf diese Weise kann ein spezifisches Browsing-Profil der Benutzer entwickelt werden, um ihnen Werbung darauf basierend anzuzeigen.<\/li>\n<li>Diese Cookies bed\u00fcrfen der Einwilligung des Nutzers.<\/li>\n<\/ul>\n<h3>Erhaltungsdauer von Cookies:<span class=\"icon icon-link\"><\/span><\/h3>\n<ul>\n<li>Wir verwenden<strong>Session-Cookies<\/strong>, bei denen es sich um Cookies handelt, mit denen Daten abgerufen und gespeichert werden, w\u00e4hrend der Benutzer auf eine Webseite zugreift. Sie werden normalerweise zum Speichern von Informationen verwendet, die nur f\u00fcr die Bereitstellung des vom Benutzer angeforderten Dienstes bei einer einzigen Gelegenheit relevant sind (z. B. eine Liste der gekauften Produkte), und sie verschwinden beim Abmelden.<\/li>\n<li>Wir verwenden<strong>dauerhafte Cookies<\/strong>, bei denen die Daten im Terminal gespeichert bleiben und auf die w\u00e4hrend eines vom Verantwortlichen des Cookies festgelegten Zeitraums zugegriffen und verarbeitet werden kann. Diese k\u00f6nnen zwischen einigen Minuten und mehreren Jahren liegen.<\/li>\n<li>Diese Art von Informationen, die durch Cookies erhalten werden, werden weder an Dritte weitergegeben noch f\u00fcr unerw\u00fcnschte Kommunikation verwendet.<\/li>\n<\/ul>\n<h2 id=\"wie-kann-die-nutzung-von-cookies-vom-nutzer-verwaltet-werden\"><span class=\"icon icon-link\"><\/span><\/a>Wie kann die nutzung von Cookies vom nutzer verwaltet werden?<\/h2>\n<p>Benutzer von<span>\u00a0<\/span><strong><a href=\"http:\/\/www.zennio.com\/\" rel=\"nofollow noopener noreferrer\" target=\"_blank\">www.zennio.com<\/a><span>\u00a0<\/span>k\u00f6nnen<\/strong><span>\u00a0<\/span>Cookies verwalten und sie daher einzeln oder vollst\u00e4ndig \u00fcber das<span>\u00a0<\/span><strong>Einstellungsfeld<\/strong><span>\u00a0<\/span>ablehnen.<\/p>\n<p>Wenn Cookies deaktiviert oder abgelehnt werden, kann es vorkommen, dass einige der Funktionen und \/ oder Dienste nicht ordnungsgem\u00e4\u00df funktionieren.<\/p>\n<p>Das Portal, die Anwendung oder die Plattform \u00fcbt keine Kontrolle \u00fcber die Websites aus, die aufgrund ihrer Suche, Links oder des Zugriffs aus unserem Verzeichnis angezeigt werden. Diese setzen m\u00f6glicherweise eigene Cookies oder fordern Ihre pers\u00f6nlichen Daten an.<\/p>\n<h2><span class=\"icon icon-link\"><\/span><\/h2>\n<h2 id=\"wie-k\u00f6nnen-cookies-deaktiviert-werden\"><span class=\"icon icon-link\"><\/span><\/a>Wie k\u00f6nnen Cookies deaktiviert werden?<\/h2>\n<p>Es ist m\u00f6glich angenommene Cookies \u00fcber den verwendeten Browser zu verwalten und deren Funktion einzuschr\u00e4nken oder zu beenden. Diese M\u00f6glichkeit ist f\u00fcr jeden Browser individuell zu pr\u00fcfen.<\/p>\n<p>In g\u00e4ngigen Browsern k\u00f6nnen k\u00f6nnen Sie die Cookie-Einstellungen \u00e4ndern. Diese Einstellungen finden Sie unter &#8220;Optionen&#8221; oder &#8220;Einstellungen&#8221; in Ihrem Browser-Men\u00fc.<\/p>\n<p>Obwohl die Funktion zwischen verschiedenen Browserversionen voneinander abweichen kann, k\u00f6nnen Sie die Cookie-Einstellungen hier \u00e4ndern:<\/p>\n<ul>\n<li>Microsoft Edge: Einstellungen &gt; Datenschutz, Suche und Dienste<\/li>\n<li>Firefox: Optionen -&gt; Privatsph\u00e4re &amp; Sicherheit<\/li>\n<li>Chrome: Einstellungen -&gt; Erweiterte Einstellungen -&gt; Privatsph\u00e4re und Sicherheit<\/li>\n<li>Safari: Einstellungen -&gt; Privatsph\u00e4re.<\/li>\n<li>Opera: Einstellungen -&gt; Privatsph\u00e4re und Sicherheit<\/li>\n<\/ul>\n<p>F\u00fcr weitere Informationen besuchen Sie bitte die jeweiligen Webseiten der Browseranbieter: Safari, Chrome, Firefox, Explorer, Opera.<\/p>\n<p>Einige Browser erlauben einen Privatmodus in dem keine Datensicherung in Form von Cookies stattfindet:<\/p>\n<ul>\n<li>Microsoft Edge &#8211; InPrivate<\/li>\n<li>Safari 2 and later \u2013 Inkognito Browsen<\/li>\n<li>Opera 10.5 and later &#8211; Inkognito<\/li>\n<li>Firefox 3.5 and later &#8211; Inkognito<\/li>\n<li>Google Chrome 10 and later &#8211; Inkognito<\/li>\n<\/ul>\n<h2><span class=\"icon icon-link\"><\/span><\/h2>\n<h2 id=\"deaktivieren-von-drittanbieter-cookies\"><span class=\"icon icon-link\"><\/span><\/a>Deaktivieren von drittanbieter-cookies?<\/h2>\n<p>Beachten Sie, dass Sie Cookies von Drittanbietern, die Sie akzeptieren, aus den Browsereinstellungen oder aus dem vom Drittanbieter selbst angebotenen System l\u00f6schen m\u00fcssen. Hierf\u00fcr k\u00f6nnen wir keine Gew\u00e4hrleistung \u00fcbernehmen.<\/p>\n<p>Wenn Sie den Datenschutz und die Nutzungsbedingungen von Cookies von Drittanbietern kennenlernen m\u00f6chten, informieren Sie sich bitte bei den jeweiligen Anbietern:<\/p>\n<ul>\n<li>Facebook:<span>\u00a0<\/span><a href=\"https:\/\/www.facebook.com\/policies\/cookies\/\" rel=\"nofollow noopener noreferrer\" target=\"_blank\">https:\/\/www.facebook.com\/policies\/cookies\/<\/a><\/li>\n<li>Twitter:<span>\u00a0<\/span><a href=\"https:\/\/twitter.com\/privacy\" rel=\"nofollow noopener noreferrer\" target=\"_blank\">https:\/\/twitter.com\/privacy<\/a><\/li>\n<li>Youtube:<span>\u00a0<\/span><a href=\"https:\/\/www.google.com\/policies\/technologies\/cookies\/\" rel=\"nofollow noopener noreferrer\" target=\"_blank\">https:\/\/www.google.com\/policies\/technologies\/cookies\/<\/a><\/li>\n<li>Linkedin:<span>\u00a0<\/span><a href=\"https:\/\/www.linkedin.com\/psettings\/guest-controls\/retargeting-opt-out?trk=microsites-frontend_legal_cookie-policy\" rel=\"nofollow noopener noreferrer\" target=\"_blank\">https:\/\/www.linkedin.com\/psettings\/guest-controls\/retargeting-opt-out?trk=microsites-frontend_legal_cookie-policy<\/a><\/li>\n<li>Google:<span>\u00a0<\/span><a href=\"https:\/\/www.google.com\/policies\/technologies\/cookies\/\" rel=\"nofollow noopener noreferrer\" target=\"_blank\">https:\/\/www.google.com\/policies\/technologies\/cookies\/<\/a><\/li>\n<\/ul>\n<h2><span class=\"icon icon-link\"><\/span><\/h2>\n<h2 id=\"was-geschieht-wenn-cookies-abgelehnt-werden\"><span class=\"icon icon-link\"><\/span><\/a>Was geschieht wenn Cookies abgelehnt werden?<\/h2>\n<p>Gem\u00e4\u00df Artikel 44 der Europ\u00e4ischen Allgemeinen Datenschutzdatenverordnung (GPDR) sind \u00dcbertragungen auf der Grundlage einer Angemessenheitsentscheidung der Europ\u00e4ischen Kommission legitim oder wenn durch ein rechtsverbindliches und durchsetzbares Instrument zwischen der \u00d6ffentlichkeit angemessene Schutzma\u00dfnahmen getroffen wurden Beh\u00f6rden oder Stellen oder durch verbindliche Unternehmensregeln, von der Kommission verabschiedete und genehmigte Standardklauseln, Verhaltenskodizes oder Zertifizierungsmechanismen. Andernfalls die Genehmigung der zust\u00e4ndigen Kontrollbeh\u00f6rde oder, falls dies nicht der Fall ist, die ausdr\u00fcckliche Zustimmung des Interessenten oder eine andere der in Art. 49 GPDR.<\/p>\n<p>Wir informieren Sie, dass<span>\u00a0<\/span><strong>Zennio Avance y Tecnolog\u00eda SL<\/strong><span>\u00a0<\/span>keine internationalen \u00dcbertragungen Ihrer Daten vornimmt.<\/p>\n<p>In Bezug auf Cookies von Drittanbietern k\u00f6nnen Sie sich \u00fcber \u00dcbertragungen in Drittl\u00e4nder informieren, die gegebenenfalls von den in dieser Cookie-Richtlinie angegebenen Drittanbietern in den entsprechenden Richtlinien vorgenommen werden (siehe die oben angegebenen Links).<\/p>\n<h2><span class=\"icon icon-link\"><\/span><\/h2>\n<h2 id=\"gibt-es-internationale-\u00fcbertragungen-meiner-daten\"><span class=\"icon icon-link\"><\/span><\/a>Gibt es internationale \u00fcbertragungen meiner daten?<\/h2>\n<p>In accordance to article 44 of the European General Protection Data Regulation (GPDR) and on-wards, transfers on the basis of an adequacy decision by the European Commission will be legiti-mate, or when appropriate safeguards have been provided by a legally binding and enforceable in-strument between public authorities or bodies, or by binding corporate rules, standard clauses adopted and approved by the Commission, by codes of conduct or by certification mechanisms. Oth-erwise, the authorisation of the competent Control Authority or, failing that, the explicit consent of the interested party or any other of the assumptions contained in art. 49 GPDR.<\/p>\n<p>We inform you that<span>\u00a0<\/span><strong>Zennio Avance y Tecnolog\u00eda, SL<\/strong>does not make international transfers of your data.<\/p>\n<p>Regarding third-party cookies, you can find out about transfers to third countries that, where ap-propriate, are made by the third parties identified in this cookies policy in their corresponding poli-cies (see the links provided above).<\/p>\n<h2><span class=\"icon icon-link\"><\/span><\/h2>\n<h2 id=\"wird-ein-profil-auf-basis-des-brownsingverhaltens-erstellt-oder-automatische-vorg\u00e4nge-gestartet-die-den-nutzer-rechtlich-beeintr\u00e4chtigen-k\u00f6nnen\"><span class=\"icon icon-link\"><\/span><\/a>Wird ein profil auf basis des brownsingverhaltens erstellt oder automatische vorg\u00e4nge gestartet, die den nutzer rechtlich beeintr\u00e4chtigen k\u00f6nnen?<\/h2>\n<p>Wir informieren Sie, dass<span>\u00a0<\/span><strong>Zennio Avance y Tecnolog\u00eda SL<\/strong><span>\u00a0<\/span>aus Ihrem Browsingverhalten kein Profil erstellt, das zu automatisierten Vorg\u00e4ngen f\u00fchrt oder Sie rechtlich oder erheblich beeintr\u00e4chtigen k\u00f6nnte.<\/p>\n<h2><span class=\"icon icon-link\"><\/span><\/h2>\n<h2 id=\"werden-sensible-daten-verarbeitet\"><span class=\"icon icon-link\"><\/span><\/a>Werden sensible daten verarbeitet?<\/h2>\n<p>Wir informieren Sie, dass<span>\u00a0<\/span><strong>Zennio Avance y Tecnolog\u00eda SL<\/strong><span>\u00a0<\/span>Ihre sensiblen Daten nicht verarbeitet.<\/p>\n<h2><span class=\"icon icon-link\"><\/span><\/h2>\n<h2 id=\"mehr-informationen\"><span class=\"icon icon-link\"><\/span><\/a>Mehr informationen<\/h2>\n<p>Weitere Informationen zu Cookies und Ihren Rechten als Nutzer finden Sie im Leitfaden zur Verwendung von Cookies, der von der spanischen Datenschutzbeh\u00f6rde (AEPD) erstellt wurde.<\/p>\n<p>Weitere Informationen zur Verarbeitung Ihrer personenbezogenen Daten finden Sie in den Datenschutzbestimmungen von Zennio Avance y Tecnolog\u00eda SL.[\/et_pb_text][\/et_pb_column][\/et_pb_row][\/et_pb_section]<\/p>\n","protected":false},"excerpt":{"rendered":"<p>Cookie-Richtlinie Was sind cookies? Cookies sind Dateien die beim Zugriff auf bestimmte Webseiten, Applikationen und Plattformen im Ger\u00e4t des Nutzers gespeichert werden um den Nutzer wiederzuerkennen. Heutzutage ist die Nutzung von Cookies f\u00fcr die reibungslose Nutzung aber auch zur Optimierung von Webseiten, Applikationen und Plattformen im Internet unverzichtbar. Cookies helfen dabei Webseiten, Applikationen und Plattformen [&hellip;]<\/p>\n","protected":false},"author":10,"featured_media":0,"parent":0,"menu_order":0,"comment_status":"closed","ping_status":"closed","template":"","meta":{"_acf_changed":false,"_et_pb_use_builder":"on","_et_pb_old_content":"","_et_gb_content_width":"","footnotes":""},"class_list":["post-189","page","type-page","status-publish","hentry"],"acf":[],"yoast_head":"<!-- This site is optimized with the Yoast SEO plugin v25.5 - https:\/\/yoast.com\/wordpress\/plugins\/seo\/ -->\n<title>Cookies ausw\u00e4hlen | Zennio<\/title>\n<meta name=\"robots\" content=\"index, follow, max-snippet:-1, max-image-preview:large, max-video-preview:-1\" \/>\n<link rel=\"canonical\" href=\"https:\/\/back.zennio.com\/de\/cookies-auswaehlen\" \/>\n<meta property=\"og:locale\" content=\"de_DE\" \/>\n<meta property=\"og:type\" content=\"article\" \/>\n<meta property=\"og:title\" content=\"Cookies ausw\u00e4hlen | Zennio\" \/>\n<meta property=\"og:url\" content=\"https:\/\/back.zennio.com\/de\/cookies-auswaehlen\" \/>\n<meta property=\"og:site_name\" content=\"Zennio\" \/>\n<meta property=\"article:modified_time\" content=\"2023-01-05T19:22:41+00:00\" \/>\n<meta name=\"twitter:card\" content=\"summary_large_image\" \/>\n<meta name=\"twitter:label1\" content=\"Est. reading time\" \/>\n\t<meta name=\"twitter:data1\" content=\"9 minutes\" \/>\n<script type=\"application\/ld+json\" class=\"yoast-schema-graph\">{\"@context\":\"https:\/\/schema.org\",\"@graph\":[{\"@type\":\"WebPage\",\"@id\":\"https:\/\/back.zennio.com\/de\/cookies-auswaehlen\",\"url\":\"https:\/\/back.zennio.com\/de\/cookies-auswaehlen\",\"name\":\"Cookies ausw\u00e4hlen | Zennio\",\"isPartOf\":{\"@id\":\"https:\/\/www.zennio.com\/#website\"},\"datePublished\":\"2021-02-19T08:59:32+00:00\",\"dateModified\":\"2023-01-05T19:22:41+00:00\",\"breadcrumb\":{\"@id\":\"https:\/\/back.zennio.com\/de\/cookies-auswaehlen#breadcrumb\"},\"inLanguage\":\"de\",\"potentialAction\":[{\"@type\":\"ReadAction\",\"target\":[\"https:\/\/back.zennio.com\/de\/cookies-auswaehlen\"]}]},{\"@type\":\"BreadcrumbList\",\"@id\":\"https:\/\/back.zennio.com\/de\/cookies-auswaehlen#breadcrumb\",\"itemListElement\":[{\"@type\":\"ListItem\",\"position\":1,\"name\":\"Portada\",\"item\":\"https:\/\/www.zennio.com\/de\"},{\"@type\":\"ListItem\",\"position\":2,\"name\":\"Cookies ausw\u00e4hlen\"}]},{\"@type\":\"WebSite\",\"@id\":\"https:\/\/www.zennio.com\/#website\",\"url\":\"https:\/\/www.zennio.com\/\",\"name\":\"Zennio\",\"description\":\"Zennio Global\",\"potentialAction\":[{\"@type\":\"SearchAction\",\"target\":{\"@type\":\"EntryPoint\",\"urlTemplate\":\"https:\/\/www.zennio.com\/?s={search_term_string}\"},\"query-input\":{\"@type\":\"PropertyValueSpecification\",\"valueRequired\":true,\"valueName\":\"search_term_string\"}}],\"inLanguage\":\"de\"}]}<\/script>\n<!-- \/ Yoast SEO plugin. -->","yoast_head_json":{"title":"Cookies ausw\u00e4hlen | Zennio","robots":{"index":"index","follow":"follow","max-snippet":"max-snippet:-1","max-image-preview":"max-image-preview:large","max-video-preview":"max-video-preview:-1"},"canonical":"https:\/\/back.zennio.com\/de\/cookies-auswaehlen","og_locale":"de_DE","og_type":"article","og_title":"Cookies ausw\u00e4hlen | Zennio","og_url":"https:\/\/back.zennio.com\/de\/cookies-auswaehlen","og_site_name":"Zennio","article_modified_time":"2023-01-05T19:22:41+00:00","twitter_card":"summary_large_image","twitter_misc":{"Est. reading time":"9 minutes"},"schema":{"@context":"https:\/\/schema.org","@graph":[{"@type":"WebPage","@id":"https:\/\/back.zennio.com\/de\/cookies-auswaehlen","url":"https:\/\/back.zennio.com\/de\/cookies-auswaehlen","name":"Cookies ausw\u00e4hlen | Zennio","isPartOf":{"@id":"https:\/\/www.zennio.com\/#website"},"datePublished":"2021-02-19T08:59:32+00:00","dateModified":"2023-01-05T19:22:41+00:00","breadcrumb":{"@id":"https:\/\/back.zennio.com\/de\/cookies-auswaehlen#breadcrumb"},"inLanguage":"de","potentialAction":[{"@type":"ReadAction","target":["https:\/\/back.zennio.com\/de\/cookies-auswaehlen"]}]},{"@type":"BreadcrumbList","@id":"https:\/\/back.zennio.com\/de\/cookies-auswaehlen#breadcrumb","itemListElement":[{"@type":"ListItem","position":1,"name":"Portada","item":"https:\/\/www.zennio.com\/de"},{"@type":"ListItem","position":2,"name":"Cookies ausw\u00e4hlen"}]},{"@type":"WebSite","@id":"https:\/\/www.zennio.com\/#website","url":"https:\/\/www.zennio.com\/","name":"Zennio","description":"Zennio Global","potentialAction":[{"@type":"SearchAction","target":{"@type":"EntryPoint","urlTemplate":"https:\/\/www.zennio.com\/?s={search_term_string}"},"query-input":{"@type":"PropertyValueSpecification","valueRequired":true,"valueName":"search_term_string"}}],"inLanguage":"de"}]}},"_links":{"self":[{"href":"https:\/\/back.zennio.com\/de\/wp-json\/wp\/v2\/pages\/189","targetHints":{"allow":["GET"]}}],"collection":[{"href":"https:\/\/back.zennio.com\/de\/wp-json\/wp\/v2\/pages"}],"about":[{"href":"https:\/\/back.zennio.com\/de\/wp-json\/wp\/v2\/types\/page"}],"author":[{"embeddable":true,"href":"https:\/\/back.zennio.com\/de\/wp-json\/wp\/v2\/users\/10"}],"replies":[{"embeddable":true,"href":"https:\/\/back.zennio.com\/de\/wp-json\/wp\/v2\/comments?post=189"}],"version-history":[{"count":7,"href":"https:\/\/back.zennio.com\/de\/wp-json\/wp\/v2\/pages\/189\/revisions"}],"predecessor-version":[{"id":38672,"href":"https:\/\/back.zennio.com\/de\/wp-json\/wp\/v2\/pages\/189\/revisions\/38672"}],"wp:attachment":[{"href":"https:\/\/back.zennio.com\/de\/wp-json\/wp\/v2\/media?parent=189"}],"curies":[{"name":"wp","href":"https:\/\/api.w.org\/{rel}","templated":true}]}}