{"id":32808,"date":"2022-07-09T13:16:59","date_gmt":"2022-07-09T11:16:59","guid":{"rendered":"https:\/\/www.zennio.com\/cookies-panel"},"modified":"2022-12-14T16:45:04","modified_gmt":"2022-12-14T15:45:04","slug":"cookies-panel","status":"publish","type":"page","link":"https:\/\/back.zennio.com\/de\/cookies-panel","title":{"rendered":"Cookies Panel"},"content":{"rendered":"<p>[et_pb_section fb_built=&#8221;1&#8243; _builder_version=&#8221;4.16&#8243; _module_preset=&#8221;default&#8221; background_color=&#8221;#000000&#8243; custom_padding=&#8221;2rem||2rem||true|false&#8221; locked=&#8221;off&#8221; global_colors_info=&#8221;{}&#8221;][et_pb_row _builder_version=&#8221;4.16&#8243; _module_preset=&#8221;default&#8221; custom_padding=&#8221;0px||||false|false&#8221; global_colors_info=&#8221;{}&#8221;][et_pb_column type=&#8221;4_4&#8243; _builder_version=&#8221;4.16&#8243; _module_preset=&#8221;default&#8221; global_colors_info=&#8221;{}&#8221;][et_pb_text _builder_version=&#8221;4.17.4&#8243; _module_preset=&#8221;default&#8221; text_text_color=&#8221;#FBF2F2&#8243; text_font_size=&#8221;37px&#8221; text_line_height=&#8221;1.6em&#8221; header_font=&#8221;Brandon||||||||&#8221; header_text_color=&#8221;#FBF2F2&#8243; header_font_size=&#8221;75px&#8221; header_line_height=&#8221;1.7em&#8221; text_font_size_tablet=&#8221;37px&#8221; text_font_size_phone=&#8221;21px&#8221; text_font_size_last_edited=&#8221;on|phone&#8221; header_font_size_tablet=&#8221;75px&#8221; header_font_size_phone=&#8221;42px&#8221; header_font_size_last_edited=&#8221;on|phone&#8221; global_colors_info=&#8221;{}&#8221;]<\/p>\n<h1>Cookie-Konfiguration<\/h1>\n<p>[\/et_pb_text][\/et_pb_column][\/et_pb_row][\/et_pb_section][et_pb_section fb_built=&#8221;1&#8243; _builder_version=&#8221;4.17.4&#8243; _module_preset=&#8221;default&#8221; global_colors_info=&#8221;{}&#8221;][et_pb_row _builder_version=&#8221;4.17.4&#8243; _module_preset=&#8221;default&#8221; global_colors_info=&#8221;{}&#8221;][et_pb_column type=&#8221;4_4&#8243; _builder_version=&#8221;4.17.4&#8243; _module_preset=&#8221;default&#8221; global_colors_info=&#8221;{}&#8221;][et_pb_text _builder_version=&#8221;4.17.4&#8243; _module_preset=&#8221;default&#8221; global_colors_info=&#8221;{}&#8221;]<\/p>\n<p>Wir verwenden<span> <\/span><strong>technische Cookies<\/strong><span> <\/span>die f\u00fcr die Bereitstellung unserer Webseite, deren Inhalte und der darauf angebotenen Dienstleistungen ben\u00f6tigt werden.<\/p>\n<p>Auf dieser<span> <\/span><strong>Konfigurationsseite<\/strong>, k\u00f6nnen Sie alle Cookies akzeptieren, ablehnen oder individuell ausw\u00e4hlen welche Cookies sie akzeptieren oder ablehnen wollen.<\/p>\n<p>Weitere Informationen finden Sie in unserer<span> <\/span><a href=\"https:\/\/www.zennio.com\/de\/cookies-auswaehlen\"><strong>Cookie-Richtlinie<\/strong><\/a>.<\/p>\n<h2><\/h2>\n<h2>Auswahl an frei w\u00e4hlbaren Cookies:<\/h2>\n<ul>\n<li>Pr\u00e4ferenz- oder Personalisierungscookies\n<ul>\n<li>Eigene \u2013 1 Jahr<\/li>\n<\/ul>\n<\/li>\n<li>Analytische Cookies\n<ul>\n<li>Google \u2013 1 Jahr<\/li>\n<\/ul>\n<\/li>\n<\/ul>\n<p>Beachten Sie bitte, dass Sie von Drittanbietern akzeptierte Cookies aus den Browser-Einstellungen oder aus dem vom Drittanbieter angebotenen System selbst l\u00f6schen m\u00fcssen. Durch Klicken auf \u201eEinstellungen speichern\u201c wird die von Ihnen vorgenommene Auswahl an Cookies gespeichert. Wenn Sie keine Option ausgew\u00e4hlt haben entspricht das dem Bet\u00e4tigen der Schaltfl\u00e4che \u201eCookies ablehnen\u201c.<\/p>\n<p>&nbsp;<\/p>\n<p>[\/et_pb_text][et_pb_button button_url=&#8221;#&#8221; url_new_window=&#8221;on&#8221; button_text=&#8221;Cookies Ausw\u00e4hlen&#8221; module_class=&#8221;toggle-cookie-consent-btn&#8221; _builder_version=&#8221;4.17.4&#8243; _module_preset=&#8221;default&#8221; custom_button=&#8221;on&#8221; button_bg_color=&#8221;gcid-95bf6288-f747-4514-b13c-63de45fdd870&#8243; button_border_color=&#8221;gcid-95bf6288-f747-4514-b13c-63de45fdd870&#8243; button_border_radius=&#8221;0px&#8221; button_font=&#8221;|||on|||||&#8221; button_use_icon=&#8221;off&#8221; custom_padding=&#8221;1rem|2rem|1rem|2rem|true|false&#8221; locked=&#8221;off&#8221; global_colors_info=&#8221;{%22gcid-95bf6288-f747-4514-b13c-63de45fdd870%22:%91%22button_bg_color%22,%22button_border_color%22%93}&#8221; button_border_color__hover_enabled=&#8221;on|desktop&#8221; button_border_color__hover=&#8221;#000000&#8243;][\/et_pb_button][et_pb_text _builder_version=&#8221;4.17.4&#8243; _module_preset=&#8221;default&#8221; global_colors_info=&#8221;{}&#8221;]<\/p>\n<h2>So deaktivieren Sie Cookies im Browser<\/h2>\n<p>Wie Sie die Cookies in Ihrem Browser \u00e4ndern h\u00e4ngt immer ganz vom Browser ab. Bitte informieren Sie sich ggfs. Bear in mind that, if you accept third-party cookies, you will have to delete them from the browser settings. <\/p>\n<p>beim Browser-Anbieter \u00fcber die jeweiligen Einstellungen:<\/p>\n<ul>\n<li><strong>Internet Explorer<\/strong>: Extras \/ Internetoptionen \/ Datenschutz \/ Einstellungen<\/li>\n<li><strong>Firefox<\/strong>: Einstellungen \/ Datenschutz und Sicherheit<\/li>\n<li><strong>Chrome<\/strong>: Einstellungen \/ Einstellungen \/ Erweiterte Optionen anzeigen \/ Datenschutz und Sicherheit<\/li>\n<li><strong>Safari<\/strong>: Einstellungen \/ Datenschutz<\/li>\n<li><strong>Opera<\/strong>: Einstellungen \/ Datenschutz und Sicherheit<\/li>\n<\/ul>\n<p>In vielen Browsern k\u00f6nnen Sie einen privaten Modus aktivieren, in dem Cookies nach Ihrem Besuch immer gel\u00f6scht werden.<\/p>\n<p>Je nach Browser kann dieser private Modus unterschiedliche Namen haben. Nachfolgend finden Sie eine Liste der g\u00e4ngigsten Browser und der verschiedenen Namen f\u00fcr diesen &#8220;privaten Modus&#8221;: <\/p>\n<ul>\n<li>Internet Explorer 8 und h\u00f6her &#8211; Privates Surfen<\/li>\n<li>Safari 2 und h\u00f6her &#8211; Privates Surfen<\/li>\n<li>Opera 10.5 und h\u00f6her &#8211; Privates Surfen<\/li>\n<li>FireFox 3.5 und h\u00f6her &#8211; Privates Surfen<\/li>\n<li>Google Chrome 10 und h\u00f6her \u2013 Inkognito<\/li>\n<\/ul>\n<h2>Wie Sie Cookies von Drittanbietern l\u00f6schen<\/h2>\n<p><span>Die Datenschutzbedingungen und die Verwendung von Cookies von Drittanbietern k\u00f6nnen Sie bei den jeweiligen Anbietern einsehen:<\/span><\/p>\n<ul>\n<li>Facebook:<span> <\/span><a href=\"https:\/\/www.facebook.com\/policies\/cookies\/\">https:\/\/www.facebook.com\/policies\/cookies\/<\/a><\/li>\n<li>Twitter:<span> <\/span><a href=\"https:\/\/twitter.com\/privacy\">https:\/\/twitter.com\/privacy<\/a><\/li>\n<li>Youtube:<span> <\/span><a href=\"https:\/\/www.google.com\/policies\/technologies\/cookies\/\">https:\/\/www.google.com\/policies\/technologies\/cookies\/<\/a><\/li>\n<li>Linkedin:<span> <\/span><a href=\"https:\/\/www.linkedin.com\/psettings\/guest-controls\/retargeting-opt-out?trk=microsites-frontend_legal_cookie-policy\">https:\/\/www.linkedin.com\/psettings\/guest-controls\/retargeting-opt-out?trk=microsites-frontend_legal_cookie-policy<\/a><\/li>\n<li>Google:<span> <\/span><a href=\"https:\/\/www.google.com\/policies\/technologies\/cookies\/\">https:\/\/www.google.com\/policies\/technologies\/cookies\/<\/a><\/li>\n<\/ul>\n<p>Weitere Informationen finden Sie in unserer<span> <\/span><strong>Cookie-Richtlinie<\/strong>.<\/p>\n<p>[\/et_pb_text][\/et_pb_column][\/et_pb_row][\/et_pb_section]<\/p>\n","protected":false},"excerpt":{"rendered":"<p>Cookie-KonfigurationWir verwenden technische Cookies die f\u00fcr die Bereitstellung unserer Webseite, deren Inhalte und der darauf angebotenen Dienstleistungen ben\u00f6tigt werden. Auf dieser Konfigurationsseite, k\u00f6nnen Sie alle Cookies akzeptieren, ablehnen oder individuell ausw\u00e4hlen welche Cookies sie akzeptieren oder ablehnen wollen. Weitere Informationen finden Sie in unserer Cookie-Richtlinie. Auswahl an frei w\u00e4hlbaren Cookies: Pr\u00e4ferenz- oder Personalisierungscookies Eigene \u2013 [&hellip;]<\/p>\n","protected":false},"author":10,"featured_media":0,"parent":0,"menu_order":0,"comment_status":"closed","ping_status":"closed","template":"","meta":{"_acf_changed":false,"_et_pb_use_builder":"on","_et_pb_old_content":"","_et_gb_content_width":"","footnotes":""},"class_list":["post-32808","page","type-page","status-publish","hentry"],"acf":[],"yoast_head":"<!-- This site is optimized with the Yoast SEO plugin v25.5 - https:\/\/yoast.com\/wordpress\/plugins\/seo\/ -->\n<title>Cookies Panel | Zennio<\/title>\n<meta name=\"robots\" content=\"index, follow, max-snippet:-1, max-image-preview:large, max-video-preview:-1\" \/>\n<link rel=\"canonical\" href=\"https:\/\/back.zennio.com\/de\/cookies-panel\" \/>\n<meta property=\"og:locale\" content=\"de_DE\" \/>\n<meta property=\"og:type\" content=\"article\" \/>\n<meta property=\"og:title\" content=\"Cookies Panel | Zennio\" \/>\n<meta property=\"og:url\" content=\"https:\/\/back.zennio.com\/de\/cookies-panel\" \/>\n<meta property=\"og:site_name\" content=\"Zennio\" \/>\n<meta property=\"article:modified_time\" content=\"2022-12-14T15:45:04+00:00\" \/>\n<meta name=\"twitter:card\" content=\"summary_large_image\" \/>\n<meta name=\"twitter:label1\" content=\"Est. reading time\" \/>\n\t<meta name=\"twitter:data1\" content=\"3 minutes\" \/>\n<script type=\"application\/ld+json\" class=\"yoast-schema-graph\">{\"@context\":\"https:\/\/schema.org\",\"@graph\":[{\"@type\":\"WebPage\",\"@id\":\"https:\/\/back.zennio.com\/de\/cookies-panel\",\"url\":\"https:\/\/back.zennio.com\/de\/cookies-panel\",\"name\":\"Cookies Panel | Zennio\",\"isPartOf\":{\"@id\":\"https:\/\/www.zennio.com\/#website\"},\"datePublished\":\"2022-07-09T11:16:59+00:00\",\"dateModified\":\"2022-12-14T15:45:04+00:00\",\"breadcrumb\":{\"@id\":\"https:\/\/back.zennio.com\/de\/cookies-panel#breadcrumb\"},\"inLanguage\":\"de\",\"potentialAction\":[{\"@type\":\"ReadAction\",\"target\":[\"https:\/\/back.zennio.com\/de\/cookies-panel\"]}]},{\"@type\":\"BreadcrumbList\",\"@id\":\"https:\/\/back.zennio.com\/de\/cookies-panel#breadcrumb\",\"itemListElement\":[{\"@type\":\"ListItem\",\"position\":1,\"name\":\"Portada\",\"item\":\"https:\/\/www.zennio.com\/de\"},{\"@type\":\"ListItem\",\"position\":2,\"name\":\"Cookies Panel\"}]},{\"@type\":\"WebSite\",\"@id\":\"https:\/\/www.zennio.com\/#website\",\"url\":\"https:\/\/www.zennio.com\/\",\"name\":\"Zennio\",\"description\":\"Zennio Global\",\"potentialAction\":[{\"@type\":\"SearchAction\",\"target\":{\"@type\":\"EntryPoint\",\"urlTemplate\":\"https:\/\/www.zennio.com\/?s={search_term_string}\"},\"query-input\":{\"@type\":\"PropertyValueSpecification\",\"valueRequired\":true,\"valueName\":\"search_term_string\"}}],\"inLanguage\":\"de\"}]}<\/script>\n<!-- \/ Yoast SEO plugin. -->","yoast_head_json":{"title":"Cookies Panel | Zennio","robots":{"index":"index","follow":"follow","max-snippet":"max-snippet:-1","max-image-preview":"max-image-preview:large","max-video-preview":"max-video-preview:-1"},"canonical":"https:\/\/back.zennio.com\/de\/cookies-panel","og_locale":"de_DE","og_type":"article","og_title":"Cookies Panel | Zennio","og_url":"https:\/\/back.zennio.com\/de\/cookies-panel","og_site_name":"Zennio","article_modified_time":"2022-12-14T15:45:04+00:00","twitter_card":"summary_large_image","twitter_misc":{"Est. reading time":"3 minutes"},"schema":{"@context":"https:\/\/schema.org","@graph":[{"@type":"WebPage","@id":"https:\/\/back.zennio.com\/de\/cookies-panel","url":"https:\/\/back.zennio.com\/de\/cookies-panel","name":"Cookies Panel | Zennio","isPartOf":{"@id":"https:\/\/www.zennio.com\/#website"},"datePublished":"2022-07-09T11:16:59+00:00","dateModified":"2022-12-14T15:45:04+00:00","breadcrumb":{"@id":"https:\/\/back.zennio.com\/de\/cookies-panel#breadcrumb"},"inLanguage":"de","potentialAction":[{"@type":"ReadAction","target":["https:\/\/back.zennio.com\/de\/cookies-panel"]}]},{"@type":"BreadcrumbList","@id":"https:\/\/back.zennio.com\/de\/cookies-panel#breadcrumb","itemListElement":[{"@type":"ListItem","position":1,"name":"Portada","item":"https:\/\/www.zennio.com\/de"},{"@type":"ListItem","position":2,"name":"Cookies Panel"}]},{"@type":"WebSite","@id":"https:\/\/www.zennio.com\/#website","url":"https:\/\/www.zennio.com\/","name":"Zennio","description":"Zennio Global","potentialAction":[{"@type":"SearchAction","target":{"@type":"EntryPoint","urlTemplate":"https:\/\/www.zennio.com\/?s={search_term_string}"},"query-input":{"@type":"PropertyValueSpecification","valueRequired":true,"valueName":"search_term_string"}}],"inLanguage":"de"}]}},"_links":{"self":[{"href":"https:\/\/back.zennio.com\/de\/wp-json\/wp\/v2\/pages\/32808","targetHints":{"allow":["GET"]}}],"collection":[{"href":"https:\/\/back.zennio.com\/de\/wp-json\/wp\/v2\/pages"}],"about":[{"href":"https:\/\/back.zennio.com\/de\/wp-json\/wp\/v2\/types\/page"}],"author":[{"embeddable":true,"href":"https:\/\/back.zennio.com\/de\/wp-json\/wp\/v2\/users\/10"}],"replies":[{"embeddable":true,"href":"https:\/\/back.zennio.com\/de\/wp-json\/wp\/v2\/comments?post=32808"}],"version-history":[{"count":1,"href":"https:\/\/back.zennio.com\/de\/wp-json\/wp\/v2\/pages\/32808\/revisions"}],"predecessor-version":[{"id":37057,"href":"https:\/\/back.zennio.com\/de\/wp-json\/wp\/v2\/pages\/32808\/revisions\/37057"}],"wp:attachment":[{"href":"https:\/\/back.zennio.com\/de\/wp-json\/wp\/v2\/media?parent=32808"}],"curies":[{"name":"wp","href":"https:\/\/api.w.org\/{rel}","templated":true}]}}