{"id":3904,"date":"2022-02-05T17:45:53","date_gmt":"2022-02-05T16:45:53","guid":{"rendered":"https:\/\/www.zennio.com\/produkte\/"},"modified":"2022-08-15T17:50:50","modified_gmt":"2022-08-15T15:50:50","slug":"produkte","status":"publish","type":"page","link":"https:\/\/back.zennio.com\/de\/produkte","title":{"rendered":"Produkte"},"content":{"rendered":"\n[et_pb_section fb_built=&#8221;1&#8243; _builder_version=&#8221;4.15&#8243; _module_preset=&#8221;default&#8221; background_color=&#8221;#000000&#8243; custom_padding=&#8221;2rem||2rem||true|false&#8221; locked=&#8221;off&#8221; global_colors_info=&#8221;{}&#8221;][et_pb_row _builder_version=&#8221;4.15&#8243; _module_preset=&#8221;default&#8221; custom_padding=&#8221;0px||||false|false&#8221; global_colors_info=&#8221;{}&#8221;][et_pb_column type=&#8221;4_4&#8243; _builder_version=&#8221;4.15&#8243; _module_preset=&#8221;default&#8221; global_colors_info=&#8221;{}&#8221;][et_pb_text _builder_version=&#8221;4.15&#8243; _module_preset=&#8221;default&#8221; text_text_color=&#8221;#FBF2F2&#8243; text_font_size=&#8221;37px&#8221; text_line_height=&#8221;1.6em&#8221; header_font=&#8221;Brandon||||||||&#8221; header_text_color=&#8221;#FBF2F2&#8243; header_font_size=&#8221;75px&#8221; header_line_height=&#8221;1.7em&#8221; text_font_size_tablet=&#8221;37px&#8221; text_font_size_phone=&#8221;21px&#8221; text_font_size_last_edited=&#8221;on|phone&#8221; header_font_size_tablet=&#8221;75px&#8221; header_font_size_phone=&#8221;42px&#8221; header_font_size_last_edited=&#8221;on|phone&#8221; global_colors_info=&#8221;{}&#8221;]<h1>Produktkataloge<\/h1>\n<p>Entdecken Sie den umfangreichsten Produktkatalog auf dem Markt<\/p>[\/et_pb_text][\/et_pb_column][\/et_pb_row][\/et_pb_section][et_pb_section fb_built=&#8221;1&#8243; _builder_version=&#8221;4.15&#8243; _module_preset=&#8221;default&#8221; global_colors_info=&#8221;{}&#8221;][et_pb_row column_structure=&#8221;1_3,1_3,1_3&#8243; _builder_version=&#8221;4.15&#8243; _module_preset=&#8221;default&#8221; global_colors_info=&#8221;{}&#8221;][et_pb_column type=&#8221;1_3&#8243; _builder_version=&#8221;4.15&#8243; _module_preset=&#8221;default&#8221; global_colors_info=&#8221;{}&#8221;][et_pb_blurb title=&#8221;Produkte KNX&#8221; url=&#8221;https:\/\/www.zennio.com\/de\/produkte\/knx-de\/&#8221; image=&#8221;https:\/\/www.zennio.com\/wp-content\/uploads\/2022\/01\/knx-products-1024&#215;841.jpg&#8221; _builder_version=&#8221;4.15&#8243; _module_preset=&#8221;default&#8221; header_font=&#8221;|||on|||||&#8221; animation_style=&#8221;slide&#8221; link_option_url=&#8221;https:\/\/www.zennio.com\/de\/produkte\/knx-de\/&#8221; global_colors_info=&#8221;{}&#8221;][\/et_pb_blurb][\/et_pb_column][et_pb_column type=&#8221;1_3&#8243; _builder_version=&#8221;4.15&#8243; _module_preset=&#8221;default&#8221; global_colors_info=&#8221;{}&#8221;][et_pb_blurb title=&#8221;Video-Intercom&#8221; url=&#8221;https:\/\/www.zennio.com\/de\/produkte\/ip-videotursprechanlage\/&#8221; image=&#8221;https:\/\/www.zennio.com\/wp-content\/uploads\/2022\/01\/video-intercom-1024&#215;841.jpg&#8221; _builder_version=&#8221;4.15&#8243; _module_preset=&#8221;default&#8221; header_font=&#8221;|||on|||||&#8221; animation_style=&#8221;slide&#8221; link_option_url=&#8221;https:\/\/www.zennio.com\/de\/produkte\/ip-videotursprechanlage\/&#8221; global_colors_info=&#8221;{}&#8221;][\/et_pb_blurb][\/et_pb_column][et_pb_column type=&#8221;1_3&#8243; _builder_version=&#8221;4.15&#8243; _module_preset=&#8221;default&#8221; global_colors_info=&#8221;{}&#8221;][et_pb_blurb title=&#8221;Schalter &amp; Steckdosen&#8221; url=&#8221;https:\/\/www.zennio.com\/de\/produkte\/schalterprogramm-konventionell\/&#8221; image=&#8221;https:\/\/www.zennio.com\/wp-content\/uploads\/2022\/01\/switches-and-sockets-1024&#215;841.jpg&#8221; _builder_version=&#8221;4.15&#8243; _module_preset=&#8221;default&#8221; header_font=&#8221;|||on|||||&#8221; animation_style=&#8221;slide&#8221; link_option_url=&#8221;https:\/\/www.zennio.com\/de\/produkte\/schalterprogramm-konventionell\/&#8221; global_colors_info=&#8221;{}&#8221;][\/et_pb_blurb][\/et_pb_column][\/et_pb_row][\/et_pb_section][et_pb_section fb_built=&#8221;1&#8243; _builder_version=&#8221;4.15&#8243; _module_preset=&#8221;default&#8221; custom_padding=&#8221;0px||||false|false&#8221; global_colors_info=&#8221;{}&#8221;][et_pb_row _builder_version=&#8221;4.15&#8243; _module_preset=&#8221;default&#8221; custom_padding=&#8221;0px||||false|false&#8221; global_colors_info=&#8221;{}&#8221;][et_pb_column type=&#8221;4_4&#8243; _builder_version=&#8221;4.15&#8243; _module_preset=&#8221;default&#8221; global_colors_info=&#8221;{}&#8221;][et_pb_text _builder_version=&#8221;4.15&#8243; _module_preset=&#8221;default&#8221; global_colors_info=&#8221;{}&#8221;]<h2>Die beste Smart Home Technologie auf dem Markt<\/h2>\n\n<p>Seit 18 Jahren bietet Zennio die neueste Technik f\u00fcr Geb\u00e4udeautomatisierung an. Neue Systeme und L\u00f6sungen reduzieren den Energieverbrauch, indem sie das Zusammenspiel von Heizung, K\u00fchlung, Beleuchtung oder Beschattung optimieren und Energie\u00fcberwachungsger\u00e4te einsetzen, die die Energieeffizienz erh\u00f6hen und die Energierechnungen senken. Dar\u00fcber hinaus lassen sich diese Systeme leicht von \u00fcberall und jederzeit \u00fcber Smartphones und Tablets steuern.  <\/p>\n<p>Dieselbe Technologie wird auch in gr\u00f6\u00dferen Projekten wie Hotels oder B\u00fcrogeb\u00e4uden eingesetzt, wo integrierte Managementsysteme zur Minimierung des Energieverbrauchs beitragen. In \u00e4hnlicher Weise \u00fcbernehmen diese Ger\u00e4te einige Funktionen und liefern zuverl\u00e4ssige Daten \u00fcber das Geschehen im Geb\u00e4ude, unterst\u00fctzt durch Zugangskontrollsysteme, Videosprechanlagen oder Sensoren. <\/p>[\/et_pb_text][\/et_pb_column][\/et_pb_row][et_pb_row _builder_version=&#8221;4.15&#8243; _module_preset=&#8221;default&#8221; global_colors_info=&#8221;{}&#8221;][et_pb_column type=&#8221;4_4&#8243; _builder_version=&#8221;4.15&#8243; _module_preset=&#8221;default&#8221; global_colors_info=&#8221;{}&#8221;][et_pb_text _builder_version=&#8221;4.15&#8243; _module_preset=&#8221;default&#8221; global_colors_info=&#8221;{}&#8221;]<h2>Lernen Sie unsere Systeme kennen<\/h2>\n<p>All diese Vorteile veranlassen immer mehr Menschen dazu, ihre H\u00e4user und Unternehmen mit intelligenten Geb\u00e4udel\u00f6sungen aufzur\u00fcsten, die es ihnen erm\u00f6glichen, bestimmte Aspekte in ihren H\u00e4usern oder an ihren Arbeitspl\u00e4tzen besser zu kontrollieren. Zennio verf\u00fcgt \u00fcber einen der gr\u00f6\u00dften Kataloge auf dem Markt, der sowohl Produkte als auch Dienstleistungen umfasst. Von KNX Produkten f\u00fcr Beleuchtung, Heizung, K\u00fchlung, Sensoren, Schalter oder Multimedia bis hin zu Videosprechanlagen und elektrischem Zubeh\u00f6r, das Ihren Raum noch intelligenter macht.  <\/p>\n<p>Wenn Sie \u00fcber einen besseren Arbeitsplatz oder eine bessere Wohnung nachdenken, helfen wir Ihnen gerne mit unserem ausgezeichneten Kundenservice bei der Umgestaltung. Wir beraten Sie in jeder Phase Ihres Projekts und bieten Ihnen die M\u00f6glichkeit, einige unserer Produkte, wie z. B. unsere kapazitiven Touch-Schalter, vollst\u00e4ndig zu gestalten und zu personalisieren. Schauen Sie sich unseren umfangreichen Katalog an!  <\/p>[\/et_pb_text][\/et_pb_column][\/et_pb_row][\/et_pb_section]\n","protected":false},"excerpt":{"rendered":"<p>Produktkataloge Entdecken Sie den umfangreichsten Produktkatalog auf dem MarktDie beste Smart Home Technologie auf dem Markt Seit 18 Jahren bietet Zennio die neueste Technik f\u00fcr Geb\u00e4udeautomatisierung an. Neue Systeme und L\u00f6sungen reduzieren den Energieverbrauch, indem sie das Zusammenspiel von Heizung, K\u00fchlung, Beleuchtung oder Beschattung optimieren und Energie\u00fcberwachungsger\u00e4te einsetzen, die die Energieeffizienz erh\u00f6hen und die Energierechnungen [&hellip;]<\/p>\n","protected":false},"author":10,"featured_media":0,"parent":0,"menu_order":0,"comment_status":"closed","ping_status":"closed","template":"","meta":{"_acf_changed":false,"_et_pb_use_builder":"on","_et_pb_old_content":"","_et_gb_content_width":"","footnotes":""},"class_list":["post-3904","page","type-page","status-publish","hentry"],"acf":[],"yoast_head":"<!-- This site is optimized with the Yoast SEO plugin v25.5 - https:\/\/yoast.com\/wordpress\/plugins\/seo\/ -->\n<title>Produktkatalog \u27a1\ufe0f Zennio \u00ae<\/title>\n<meta name=\"description\" content=\"Vollst\u00e4ndiger Katalog der Produkte von Zennio \u00ae \u27a1\ufe0f Der gr\u00f6\u00dfte Hersteller und anerkannte Vertreiber von KNX Hausautomationsprodukten\" \/>\n<meta name=\"robots\" content=\"index, follow, max-snippet:-1, max-image-preview:large, max-video-preview:-1\" \/>\n<link rel=\"canonical\" href=\"https:\/\/back.zennio.com\/de\/produkte\" \/>\n<meta property=\"og:locale\" content=\"de_DE\" \/>\n<meta property=\"og:type\" content=\"article\" \/>\n<meta property=\"og:title\" content=\"Produktkatalog \u27a1\ufe0f Zennio \u00ae\" \/>\n<meta property=\"og:description\" content=\"Vollst\u00e4ndiger Katalog der Produkte von Zennio \u00ae \u27a1\ufe0f Der gr\u00f6\u00dfte Hersteller und anerkannte Vertreiber von KNX Hausautomationsprodukten\" \/>\n<meta property=\"og:url\" content=\"https:\/\/back.zennio.com\/de\/produkte\" \/>\n<meta property=\"og:site_name\" content=\"Zennio\" \/>\n<meta property=\"article:modified_time\" content=\"2022-08-15T15:50:50+00:00\" \/>\n<meta name=\"twitter:card\" content=\"summary_large_image\" \/>\n<meta name=\"twitter:label1\" content=\"Est. reading time\" \/>\n\t<meta name=\"twitter:data1\" content=\"2 minutes\" \/>\n<script type=\"application\/ld+json\" class=\"yoast-schema-graph\">{\"@context\":\"https:\/\/schema.org\",\"@graph\":[{\"@type\":\"WebPage\",\"@id\":\"https:\/\/back.zennio.com\/de\/produkte\",\"url\":\"https:\/\/back.zennio.com\/de\/produkte\",\"name\":\"Produktkatalog \u27a1\ufe0f Zennio \u00ae\",\"isPartOf\":{\"@id\":\"https:\/\/www.zennio.com\/#website\"},\"datePublished\":\"2022-02-05T16:45:53+00:00\",\"dateModified\":\"2022-08-15T15:50:50+00:00\",\"description\":\"Vollst\u00e4ndiger Katalog der Produkte von Zennio \u00ae \u27a1\ufe0f Der gr\u00f6\u00dfte Hersteller und anerkannte Vertreiber von KNX Hausautomationsprodukten\",\"breadcrumb\":{\"@id\":\"https:\/\/back.zennio.com\/de\/produkte#breadcrumb\"},\"inLanguage\":\"de\",\"potentialAction\":[{\"@type\":\"ReadAction\",\"target\":[\"https:\/\/back.zennio.com\/de\/produkte\"]}]},{\"@type\":\"BreadcrumbList\",\"@id\":\"https:\/\/back.zennio.com\/de\/produkte#breadcrumb\",\"itemListElement\":[{\"@type\":\"ListItem\",\"position\":1,\"name\":\"Portada\",\"item\":\"https:\/\/www.zennio.com\/de\"},{\"@type\":\"ListItem\",\"position\":2,\"name\":\"Produkte\"}]},{\"@type\":\"WebSite\",\"@id\":\"https:\/\/www.zennio.com\/#website\",\"url\":\"https:\/\/www.zennio.com\/\",\"name\":\"Zennio\",\"description\":\"Zennio Global\",\"potentialAction\":[{\"@type\":\"SearchAction\",\"target\":{\"@type\":\"EntryPoint\",\"urlTemplate\":\"https:\/\/www.zennio.com\/?s={search_term_string}\"},\"query-input\":{\"@type\":\"PropertyValueSpecification\",\"valueRequired\":true,\"valueName\":\"search_term_string\"}}],\"inLanguage\":\"de\"}]}<\/script>\n<!-- \/ Yoast SEO plugin. -->","yoast_head_json":{"title":"Produktkatalog \u27a1\ufe0f Zennio \u00ae","description":"Vollst\u00e4ndiger Katalog der Produkte von Zennio \u00ae \u27a1\ufe0f Der gr\u00f6\u00dfte Hersteller und anerkannte Vertreiber von KNX Hausautomationsprodukten","robots":{"index":"index","follow":"follow","max-snippet":"max-snippet:-1","max-image-preview":"max-image-preview:large","max-video-preview":"max-video-preview:-1"},"canonical":"https:\/\/back.zennio.com\/de\/produkte","og_locale":"de_DE","og_type":"article","og_title":"Produktkatalog \u27a1\ufe0f Zennio \u00ae","og_description":"Vollst\u00e4ndiger Katalog der Produkte von Zennio \u00ae \u27a1\ufe0f Der gr\u00f6\u00dfte Hersteller und anerkannte Vertreiber von KNX Hausautomationsprodukten","og_url":"https:\/\/back.zennio.com\/de\/produkte","og_site_name":"Zennio","article_modified_time":"2022-08-15T15:50:50+00:00","twitter_card":"summary_large_image","twitter_misc":{"Est. reading time":"2 minutes"},"schema":{"@context":"https:\/\/schema.org","@graph":[{"@type":"WebPage","@id":"https:\/\/back.zennio.com\/de\/produkte","url":"https:\/\/back.zennio.com\/de\/produkte","name":"Produktkatalog \u27a1\ufe0f Zennio \u00ae","isPartOf":{"@id":"https:\/\/www.zennio.com\/#website"},"datePublished":"2022-02-05T16:45:53+00:00","dateModified":"2022-08-15T15:50:50+00:00","description":"Vollst\u00e4ndiger Katalog der Produkte von Zennio \u00ae \u27a1\ufe0f Der gr\u00f6\u00dfte Hersteller und anerkannte Vertreiber von KNX Hausautomationsprodukten","breadcrumb":{"@id":"https:\/\/back.zennio.com\/de\/produkte#breadcrumb"},"inLanguage":"de","potentialAction":[{"@type":"ReadAction","target":["https:\/\/back.zennio.com\/de\/produkte"]}]},{"@type":"BreadcrumbList","@id":"https:\/\/back.zennio.com\/de\/produkte#breadcrumb","itemListElement":[{"@type":"ListItem","position":1,"name":"Portada","item":"https:\/\/www.zennio.com\/de"},{"@type":"ListItem","position":2,"name":"Produkte"}]},{"@type":"WebSite","@id":"https:\/\/www.zennio.com\/#website","url":"https:\/\/www.zennio.com\/","name":"Zennio","description":"Zennio Global","potentialAction":[{"@type":"SearchAction","target":{"@type":"EntryPoint","urlTemplate":"https:\/\/www.zennio.com\/?s={search_term_string}"},"query-input":{"@type":"PropertyValueSpecification","valueRequired":true,"valueName":"search_term_string"}}],"inLanguage":"de"}]}},"_links":{"self":[{"href":"https:\/\/back.zennio.com\/de\/wp-json\/wp\/v2\/pages\/3904","targetHints":{"allow":["GET"]}}],"collection":[{"href":"https:\/\/back.zennio.com\/de\/wp-json\/wp\/v2\/pages"}],"about":[{"href":"https:\/\/back.zennio.com\/de\/wp-json\/wp\/v2\/types\/page"}],"author":[{"embeddable":true,"href":"https:\/\/back.zennio.com\/de\/wp-json\/wp\/v2\/users\/10"}],"replies":[{"embeddable":true,"href":"https:\/\/back.zennio.com\/de\/wp-json\/wp\/v2\/comments?post=3904"}],"version-history":[{"count":0,"href":"https:\/\/back.zennio.com\/de\/wp-json\/wp\/v2\/pages\/3904\/revisions"}],"wp:attachment":[{"href":"https:\/\/back.zennio.com\/de\/wp-json\/wp\/v2\/media?parent=3904"}],"curies":[{"name":"wp","href":"https:\/\/api.w.org\/{rel}","templated":true}]}}