{"id":41216,"date":"2023-02-13T10:34:17","date_gmt":"2023-02-13T09:34:17","guid":{"rendered":"https:\/\/www.zennio.com\/certificates-and-quality"},"modified":"2024-09-12T13:57:23","modified_gmt":"2024-09-12T11:57:23","slug":"certificates-and-quality","status":"publish","type":"page","link":"https:\/\/back.zennio.com\/de\/certificates-and-quality","title":{"rendered":"Certificates and Quality"},"content":{"rendered":"<p>[et_pb_section fb_built=&#8221;1&#8243; module_id=&#8221;section-lang-selector&#8221; _builder_version=&#8221;4.16&#8243; _module_preset=&#8221;default&#8221; background_color=&#8221;#001111&#8243; custom_padding=&#8221;0px||0px||false|false&#8221; border_width_bottom=&#8221;2px&#8221; border_color_bottom=&#8221;#FFFFFF&#8221; global_colors_info=&#8221;{}&#8221;][et_pb_row _builder_version=&#8221;4.16&#8243; _module_preset=&#8221;default&#8221; custom_padding=&#8221;0px||0px||false|false&#8221; global_colors_info=&#8221;{}&#8221;][et_pb_column type=&#8221;4_4&#8243; _builder_version=&#8221;4.16&#8243; _module_preset=&#8221;default&#8221; global_colors_info=&#8221;{}&#8221;][et_pb_text _builder_version=&#8221;4.16&#8243; _module_preset=&#8221;default&#8221; link_text_color=&#8221;#FFFFFF&#8221; text_orientation=&#8221;right&#8221; background_layout=&#8221;dark&#8221; global_colors_info=&#8221;{}&#8221;]<\/p>\n<p><strong>\n<div class=\"wpml-ls-statics-shortcode_actions wpml-ls wpml-ls-legacy-list-horizontal\">\n\t<ul><li class=\"wpml-ls-slot-shortcode_actions wpml-ls-item wpml-ls-item-es wpml-ls-first-item wpml-ls-item-legacy-list-horizontal\">\n\t\t\t\t<a href=\"https:\/\/back.zennio.com\/es\" class=\"wpml-ls-link\">\n                    <span class=\"wpml-ls-native\" lang=\"es\">Espa\u00f1ol<\/span><\/a>\n\t\t\t<\/li><li class=\"wpml-ls-slot-shortcode_actions wpml-ls-item wpml-ls-item-en wpml-ls-item-legacy-list-horizontal\">\n\t\t\t\t<a href=\"https:\/\/back.zennio.com\/\" class=\"wpml-ls-link\">\n                    <span class=\"wpml-ls-native\" lang=\"en\">English<\/span><\/a>\n\t\t\t<\/li><li class=\"wpml-ls-slot-shortcode_actions wpml-ls-item wpml-ls-item-fr wpml-ls-item-legacy-list-horizontal\">\n\t\t\t\t<a href=\"https:\/\/back.zennio.com\/fr\" class=\"wpml-ls-link\">\n                    <span class=\"wpml-ls-native\" lang=\"fr\">Fran\u00e7ais<\/span><\/a>\n\t\t\t<\/li><li class=\"wpml-ls-slot-shortcode_actions wpml-ls-item wpml-ls-item-it wpml-ls-last-item wpml-ls-item-legacy-list-horizontal\">\n\t\t\t\t<a href=\"https:\/\/back.zennio.com\/it\" class=\"wpml-ls-link\">\n                    <span class=\"wpml-ls-native\" lang=\"it\">Italiano<\/span><\/a>\n\t\t\t<\/li><\/ul>\n<\/div>\n<\/strong><\/p>\n<p>[\/et_pb_text][\/et_pb_column][\/et_pb_row][\/et_pb_section][et_pb_section fb_built=&#8221;1&#8243; _builder_version=&#8221;4.16&#8243; _module_preset=&#8221;default&#8221; background_color=&#8221;#000000&#8243; custom_padding=&#8221;2rem||2rem||true|false&#8221; locked=&#8221;off&#8221; global_colors_info=&#8221;{}&#8221;][et_pb_row _builder_version=&#8221;4.16&#8243; _module_preset=&#8221;default&#8221; custom_padding=&#8221;0px||||false|false&#8221; global_colors_info=&#8221;{}&#8221;][et_pb_column type=&#8221;4_4&#8243; _builder_version=&#8221;4.16&#8243; _module_preset=&#8221;default&#8221; global_colors_info=&#8221;{}&#8221;][et_pb_text _builder_version=&#8221;4.19.5&#8243; _module_preset=&#8221;default&#8221; text_text_color=&#8221;#FBF2F2&#8243; text_font_size=&#8221;37px&#8221; text_line_height=&#8221;1.6em&#8221; header_font=&#8221;Brandon||||||||&#8221; header_text_color=&#8221;#FBF2F2&#8243; header_font_size=&#8221;75px&#8221; header_line_height=&#8221;1.7em&#8221; text_font_size_tablet=&#8221;37px&#8221; text_font_size_phone=&#8221;21px&#8221; text_font_size_last_edited=&#8221;on|phone&#8221; header_font_size_tablet=&#8221;75px&#8221; header_font_size_phone=&#8221;42px&#8221; header_font_size_last_edited=&#8221;on|phone&#8221; global_colors_info=&#8221;{}&#8221;]<\/p>\n<h1>Zertifikate und Qualit\u00e4t<\/h1>\n<p>Unser Anspruch an h\u00f6chste Qualit\u00e4t.[\/et_pb_text][\/et_pb_column][\/et_pb_row][\/et_pb_section][et_pb_section fb_built=&#8221;1&#8243; fullwidth=&#8221;on&#8221; _builder_version=&#8221;4.19.5&#8243; _module_preset=&#8221;default&#8221; global_colors_info=&#8221;{}&#8221;][et_pb_fullwidth_image src=&#8221;https:\/\/www.zennio.com\/wp-content\/uploads\/2023\/05\/AdobeStock_157542103_ZRemote_photo5920509334482170347_buerau-veritas.jpg&#8221; title_text=&#8221;AdobeStock_157542103_ZRemote_photo5920509334482170347_buerau-veritas&#8221; _builder_version=&#8221;4.20.4&#8243; _module_preset=&#8221;default&#8221; global_colors_info=&#8221;{}&#8221;][\/et_pb_fullwidth_image][\/et_pb_section][et_pb_section fb_built=&#8221;1&#8243; _builder_version=&#8221;4.16&#8243; _module_preset=&#8221;default&#8221; custom_padding=&#8221;21px|||||&#8221; global_colors_info=&#8221;{}&#8221;][et_pb_row _builder_version=&#8221;4.19.5&#8243; _module_preset=&#8221;default&#8221; custom_margin=&#8221;-8px|auto||auto||&#8221; global_colors_info=&#8221;{}&#8221;][et_pb_column type=&#8221;4_4&#8243; _builder_version=&#8221;4.19.5&#8243; _module_preset=&#8221;default&#8221; global_colors_info=&#8221;{}&#8221;][et_pb_text _builder_version=&#8221;4.26.1&#8243; _module_preset=&#8221;default&#8221; hover_enabled=&#8221;0&#8243; global_colors_info=&#8221;{}&#8221; sticky_enabled=&#8221;0&#8243;]<\/p>\n<p><span style=\"font-size: larger;\">Unsere Professionalit\u00e4t, Erfahrung, Ressourcen und Technologie waren entscheidend f\u00fcr die Erlangung der h\u00f6chsten Zertifizierungen.<br \/>Mit dem Ziel, eine Referenz in Sachen Effizienz, Qualit\u00e4t, Pr\u00e4vention von Arbeitsrisiken und nachhaltiger Entwicklung zu werden, zertifiziert und bescheinigt Zennio die Einhaltung der folgenden Anforderungen und Standards:<\/span><\/p>\n<ul>\n<ul>\n<li style=\"list-style-type: none; font-size: larger;\">\n<ul>\n<li>Qualit\u00e4tssystem nach ISO 9001 (siehe unten zum Download)<\/li>\n<li>Konformit\u00e4t mit dem KNX-Standard und deren Interworking-Anforderungen (siehe unten zum Download)<\/li>\n<li>Akkreditiertes KNX Testlabor f\u00fcr Interworking-Tests nach ISO 9001<\/li>\n<li>Einhaltung der europ\u00e4ischen Richtlinien 2014\/30\/EU (EMC), 2014\/35\/EU (LVD), 2014\/53\/EU (RED) und 2011\/65\/EU + 2015\/863\/EU (RoHS) (siehe unten zum Download unseres RoHS-Zertifikats)<\/li>\n<li>Einhaltung der Vorschriften f\u00fcr Elektro- und Elektronik-Altger\u00e4te (WEEE) und f\u00fcr die Registrierung, Bewertung, Zulassung und Beschr\u00e4nkung chemischer Stoffe (REACH) (siehe unten zum Download unseres REACH-Zertifikats)<\/li>\n<li>\u00dcbereinstimmung mit den UKCA-, CMiM-, EAC- und RCM-Zeichen (siehe die <a href=\"https:\/\/www.zennio.com\/de\/produkte\/knx\">Produktseite<\/a> zum Herunterladen des betreffenden Zertifikats)<\/li>\n<li>Assoziiertes Mitglied der DiiA und Teilnahme am DALI-2-Zertifizierungsprogramm<\/li>\n<li>Konformit\u00e4t mit der IEC 63044-x-Reihe, die allgemeine Anforderungen an elektronische Systeme f\u00fcr Heim und Geb\u00e4ude (HBES) und Geb\u00e4udeautomations- und -steuerungssysteme (BACS) abdeckt<\/li>\n<\/ul>\n<\/li>\n<\/ul>\n<\/ul>\n<p><span style=\"font-size: larger;\">Die vollst\u00e4ndige Einhaltung dieser Anforderungen ist an sich schon die beste Garantie f\u00fcr ein Produkt von h\u00f6chster Qualit\u00e4t, das sicher und umweltfreundlich ist.<\/span><\/p>\n<p><span style=\"font-size: larger;\">Zennio verf\u00fcgt zudem \u00fcber ein Umweltmanagementsystem, das nach der internationalen Norm ISO 14001:2015 implementiert ist. Dieses System erm\u00f6glicht es uns, unsere Prozesse zu \u00fcberwachen und zu steuern, um ihre Umweltbelastungen zu minimieren und so unsere Umweltleistung zu verbessern. F\u00fcr weitere Informationen kontaktieren Sie uns bitte per E-Mail unter calidad@zennio.com.<\/span><span style=\"font-size: larger;\"><\/span><\/p>\n<p>[\/et_pb_text][et_pb_button button_url=&#8221;\/documents\/politica_calidad_EN\/&#8221; url_new_window=&#8221;on&#8221; button_text=&#8221;Qualit\u00e4ts- und Umweltpolitik&#8221; _builder_version=&#8221;4.24.0&#8243; _module_preset=&#8221;default&#8221; locked=&#8221;off&#8221; global_colors_info=&#8221;{}&#8221;][\/et_pb_button][\/et_pb_column][\/et_pb_row][et_pb_row column_structure=&#8221;1_4,1_4,1_4,1_4&#8243; _builder_version=&#8221;4.19.5&#8243; _module_preset=&#8221;default&#8221; global_colors_info=&#8221;{}&#8221;][et_pb_column type=&#8221;1_4&#8243; _builder_version=&#8221;4.19.5&#8243; _module_preset=&#8221;default&#8221; global_colors_info=&#8221;{}&#8221;][et_pb_image src=&#8221;https:\/\/www.zennio.com\/wp-content\/uploads\/2023\/02\/certificaciones-web-logos_ISO-9001.png&#8221; title_text=&#8221;certificaciones-web-logos_ISO-9001&#8243; url=&#8221;https:\/\/www.zennio.com\/documents\/iso_certificate_en&#8221; url_new_window=&#8221;on&#8221; admin_label=&#8221;Enlace ISO Certificate&#8221; _builder_version=&#8221;4.19.5&#8243; _module_preset=&#8221;default&#8221; background_color=&#8221;#FBF2F2&#8243; global_colors_info=&#8221;{}&#8221;][\/et_pb_image][et_pb_text _builder_version=&#8221;4.19.5&#8243; _module_preset=&#8221;default&#8221; text_font=&#8221;|800|||||||&#8221; background_color=&#8221;RGBA(255,255,255,0)&#8221; custom_padding=&#8221;||1px|||&#8221; global_colors_info=&#8221;{}&#8221;]<\/p>\n<p style=\"text-align: center;\"><strong>ISO-9001 Zertifikat<\/strong><\/p>\n<p>[\/et_pb_text][\/et_pb_column][et_pb_column type=&#8221;1_4&#8243; _builder_version=&#8221;4.19.5&#8243; _module_preset=&#8221;default&#8221; global_colors_info=&#8221;{}&#8221;][et_pb_image src=&#8221;https:\/\/www.zennio.com\/wp-content\/uploads\/2023\/02\/certificaciones-web-logos_KNX-Member.png&#8221; title_text=&#8221;certificaciones-web-logos_KNX Member&#8221; url=&#8221;https:\/\/www.zennio.com\/documents\/knx_member_certificate&#8221; url_new_window=&#8221;on&#8221; admin_label=&#8221;Enlace KNX Member&#8221; _builder_version=&#8221;4.19.5&#8243; _module_preset=&#8221;default&#8221; background_color=&#8221;#FBF2F2&#8243; global_colors_info=&#8221;{}&#8221;][\/et_pb_image][et_pb_text _builder_version=&#8221;4.19.5&#8243; _module_preset=&#8221;default&#8221; text_font=&#8221;|800|||||||&#8221; background_color=&#8221;RGBA(255,255,255,0)&#8221; custom_padding=&#8221;||1px|||&#8221; global_colors_info=&#8221;{}&#8221;]<\/p>\n<p style=\"text-align: center;\"><strong>KNX Mitglied<br \/><\/strong><\/p>\n<p>[\/et_pb_text][\/et_pb_column][et_pb_column type=&#8221;1_4&#8243; _builder_version=&#8221;4.19.5&#8243; _module_preset=&#8221;default&#8221; global_colors_info=&#8221;{}&#8221;][et_pb_image src=&#8221;https:\/\/www.zennio.com\/wp-content\/uploads\/2023\/02\/certificaciones-web-logos_KNX-Test-Lab.png&#8221; title_text=&#8221;certificaciones-web-logos_KNX Test Lab&#8221; admin_label=&#8221;KNX Teast Lab picture&#8221; _builder_version=&#8221;4.19.5&#8243; _module_preset=&#8221;default&#8221; background_color=&#8221;#FBF2F2&#8243; global_colors_info=&#8221;{}&#8221;][\/et_pb_image][et_pb_text _builder_version=&#8221;4.19.5&#8243; _module_preset=&#8221;default&#8221; text_font=&#8221;|800|||||||&#8221; background_color=&#8221;RGBA(255,255,255,0)&#8221; custom_padding=&#8221;||1px|||&#8221; global_colors_info=&#8221;{}&#8221;]<\/p>\n<p style=\"text-align: center;\"><strong>Akkreditiertes KNX Testlabor<br \/><\/strong><\/p>\n<p>[\/et_pb_text][\/et_pb_column][et_pb_column type=&#8221;1_4&#8243; _builder_version=&#8221;4.19.5&#8243; _module_preset=&#8221;default&#8221; global_colors_info=&#8221;{}&#8221;][et_pb_image src=&#8221;https:\/\/www.zennio.com\/wp-content\/uploads\/2023\/02\/certificaciones-web-logos_RoHS.png&#8221; title_text=&#8221;certificaciones-web-logos_RoHS&#8221; url=&#8221;https:\/\/www.zennio.com\/documents\/rohs_compliance_statement&#8221; url_new_window=&#8221;on&#8221; admin_label=&#8221;Enlace RoHs Compliance&#8221; _builder_version=&#8221;4.19.5&#8243; _module_preset=&#8221;default&#8221; background_color=&#8221;#FBF2F2&#8243; global_colors_info=&#8221;{}&#8221;][\/et_pb_image][et_pb_text _builder_version=&#8221;4.19.5&#8243; _module_preset=&#8221;default&#8221; text_font=&#8221;|800|||||||&#8221; background_color=&#8221;RGBA(255,255,255,0)&#8221; custom_padding=&#8221;||1px|||&#8221; global_colors_info=&#8221;{}&#8221;]<\/p>\n<p style=\"text-align: center;\"><strong>RoHS-Kennzeichnung<\/strong><\/p>\n<p>[\/et_pb_text][\/et_pb_column][\/et_pb_row][et_pb_row column_structure=&#8221;1_4,1_4,1_4,1_4&#8243; _builder_version=&#8221;4.19.5&#8243; _module_preset=&#8221;default&#8221; global_colors_info=&#8221;{}&#8221;][et_pb_column type=&#8221;1_4&#8243; _builder_version=&#8221;4.19.5&#8243; _module_preset=&#8221;default&#8221; global_colors_info=&#8221;{}&#8221;][et_pb_image src=&#8221;https:\/\/www.zennio.com\/wp-content\/uploads\/2023\/02\/certificaciones-web-logos_Reach-compliant-1.png&#8221; title_text=&#8221;certificaciones-web-logos_Reach-compliant&#8221; url=&#8221;https:\/\/www.zennio.com\/documents\/reach_certificate&#8221; url_new_window=&#8221;on&#8221; admin_label=&#8221;Enlace Reach Certificate&#8221; _builder_version=&#8221;4.19.5&#8243; _module_preset=&#8221;default&#8221; background_color=&#8221;#FBF2F2&#8243; global_colors_info=&#8221;{}&#8221;][\/et_pb_image][et_pb_text _builder_version=&#8221;4.19.5&#8243; _module_preset=&#8221;default&#8221; text_font=&#8221;|800|||||||&#8221; custom_padding=&#8221;||1px|||&#8221; global_colors_info=&#8221;{}&#8221;]<\/p>\n<p style=\"text-align: center;\"><strong>REACH Einhaltung<br \/><\/strong><\/p>\n<p>[\/et_pb_text][\/et_pb_column][et_pb_column type=&#8221;1_4&#8243; _builder_version=&#8221;4.19.5&#8243; _module_preset=&#8221;default&#8221; global_colors_info=&#8221;{}&#8221;][et_pb_image src=&#8221;https:\/\/www.zennio.com\/wp-content\/uploads\/2023\/02\/certificaciones-web-logos_CE.png&#8221; title_text=&#8221;certificaciones-web-logos_CE&#8221; admin_label=&#8221;CE Certificate picture&#8221; _builder_version=&#8221;4.19.5&#8243; _module_preset=&#8221;default&#8221; background_color=&#8221;#FBF2F2&#8243; global_colors_info=&#8221;{}&#8221;][\/et_pb_image][et_pb_text _builder_version=&#8221;4.19.5&#8243; _module_preset=&#8221;default&#8221; text_font=&#8221;|800|||||||&#8221; custom_padding=&#8221;||1px|||&#8221; global_colors_info=&#8221;{}&#8221;]<\/p>\n<p style=\"text-align: center;\"><strong>CE Zertifikat<br \/><\/strong><\/p>\n<p>[\/et_pb_text][\/et_pb_column][et_pb_column type=&#8221;1_4&#8243; _builder_version=&#8221;4.19.5&#8243; _module_preset=&#8221;default&#8221; global_colors_info=&#8221;{}&#8221;][et_pb_image src=&#8221;https:\/\/www.zennio.com\/wp-content\/uploads\/2023\/02\/certificaciones-web-logos_UKCA.png&#8221; title_text=&#8221;certificaciones-web-logos_UKCA&#8221; admin_label=&#8221;UKCA Certificate picture&#8221; _builder_version=&#8221;4.19.5&#8243; _module_preset=&#8221;default&#8221; background_color=&#8221;#FBF2F2&#8243; global_colors_info=&#8221;{}&#8221;][\/et_pb_image][et_pb_text _builder_version=&#8221;4.19.5&#8243; _module_preset=&#8221;default&#8221; text_font=&#8221;|800|||||||&#8221; custom_padding=&#8221;||1px|||&#8221; global_colors_info=&#8221;{}&#8221;]<\/p>\n<p style=\"text-align: center;\"><strong>UKCA Zertifikat<br \/><\/strong><\/p>\n<p>[\/et_pb_text][\/et_pb_column][et_pb_column type=&#8221;1_4&#8243; _builder_version=&#8221;4.19.5&#8243; _module_preset=&#8221;default&#8221; global_colors_info=&#8221;{}&#8221;][et_pb_image src=&#8221;https:\/\/www.zennio.com\/wp-content\/uploads\/2023\/02\/certificaciones-web-logos_DALI-2.png&#8221; title_text=&#8221;certificaciones-web-logos_DALI 2&#8243; admin_label=&#8221;DALI 2 Certificate&#8221; _builder_version=&#8221;4.19.5&#8243; _module_preset=&#8221;default&#8221; background_color=&#8221;#FBF2F2&#8243; global_colors_info=&#8221;{}&#8221;][\/et_pb_image][et_pb_text _builder_version=&#8221;4.19.5&#8243; _module_preset=&#8221;default&#8221; text_font=&#8221;|800|||||||&#8221; custom_padding=&#8221;||1px|||&#8221; global_colors_info=&#8221;{}&#8221;]<\/p>\n<p style=\"text-align: center;\"><strong>DALI Mitglied<br \/><\/strong><\/p>\n<p>[\/et_pb_text][\/et_pb_column][\/et_pb_row][\/et_pb_section]<\/p>\n","protected":false},"excerpt":{"rendered":"<p>\n<div class=\"wpml-ls-statics-shortcode_actions wpml-ls wpml-ls-legacy-list-horizontal\">\n\t<ul><li class=\"wpml-ls-slot-shortcode_actions wpml-ls-item wpml-ls-item-es wpml-ls-first-item wpml-ls-item-legacy-list-horizontal\">\n\t\t\t\t<a href=\"https:\/\/back.zennio.com\/es\" class=\"wpml-ls-link\">\n                    <span class=\"wpml-ls-native\" lang=\"es\">Espa\u00f1ol<\/span><\/a>\n\t\t\t<\/li><li class=\"wpml-ls-slot-shortcode_actions wpml-ls-item wpml-ls-item-en wpml-ls-item-legacy-list-horizontal\">\n\t\t\t\t<a href=\"https:\/\/back.zennio.com\/\" class=\"wpml-ls-link\">\n                    <span class=\"wpml-ls-native\" lang=\"en\">English<\/span><\/a>\n\t\t\t<\/li><li class=\"wpml-ls-slot-shortcode_actions wpml-ls-item wpml-ls-item-fr wpml-ls-item-legacy-list-horizontal\">\n\t\t\t\t<a href=\"https:\/\/back.zennio.com\/fr\" class=\"wpml-ls-link\">\n                    <span class=\"wpml-ls-native\" lang=\"fr\">Fran\u00e7ais<\/span><\/a>\n\t\t\t<\/li><li class=\"wpml-ls-slot-shortcode_actions wpml-ls-item wpml-ls-item-it wpml-ls-last-item wpml-ls-item-legacy-list-horizontal\">\n\t\t\t\t<a href=\"https:\/\/back.zennio.com\/it\" class=\"wpml-ls-link\">\n                    <span class=\"wpml-ls-native\" lang=\"it\">Italiano<\/span><\/a>\n\t\t\t<\/li><\/ul>\n<\/div>\nZertifikate und Qualit\u00e4t Unser Anspruch an h\u00f6chste Qualit\u00e4t.Unsere Professionalit\u00e4t, Erfahrung, Ressourcen und Technologie waren entscheidend f\u00fcr die Erlangung der h\u00f6chsten Zertifizierungen.Mit dem Ziel, eine Referenz in Sachen Effizienz, Qualit\u00e4t, Pr\u00e4vention von Arbeitsrisiken und nachhaltiger Entwicklung zu werden, zertifiziert und bescheinigt Zennio die Einhaltung der folgenden Anforderungen und Standards: Qualit\u00e4tssystem nach ISO 9001 (siehe unten zum [&hellip;]<\/p>\n","protected":false},"author":10,"featured_media":0,"parent":0,"menu_order":0,"comment_status":"closed","ping_status":"closed","template":"","meta":{"_acf_changed":false,"_et_pb_use_builder":"on","_et_pb_old_content":"","_et_gb_content_width":"","footnotes":""},"class_list":["post-41216","page","type-page","status-publish","hentry"],"acf":[],"yoast_head":"<!-- This site is optimized with the Yoast SEO plugin v25.5 - https:\/\/yoast.com\/wordpress\/plugins\/seo\/ -->\n<title>Certificates and Quality | Zennio<\/title>\n<meta name=\"robots\" content=\"index, follow, max-snippet:-1, max-image-preview:large, max-video-preview:-1\" \/>\n<link rel=\"canonical\" href=\"https:\/\/back.zennio.com\/de\/certificates-and-quality\" \/>\n<meta property=\"og:locale\" content=\"de_DE\" \/>\n<meta property=\"og:type\" content=\"article\" \/>\n<meta property=\"og:title\" content=\"Certificates and Quality | Zennio\" \/>\n<meta property=\"og:url\" content=\"https:\/\/back.zennio.com\/de\/certificates-and-quality\" \/>\n<meta property=\"og:site_name\" content=\"Zennio\" \/>\n<meta property=\"article:modified_time\" content=\"2024-09-12T11:57:23+00:00\" \/>\n<meta name=\"twitter:card\" content=\"summary_large_image\" \/>\n<meta name=\"twitter:label1\" content=\"Est. reading time\" \/>\n\t<meta name=\"twitter:data1\" content=\"3 minutes\" \/>\n<script type=\"application\/ld+json\" class=\"yoast-schema-graph\">{\"@context\":\"https:\/\/schema.org\",\"@graph\":[{\"@type\":\"WebPage\",\"@id\":\"https:\/\/back.zennio.com\/de\/certificates-and-quality\",\"url\":\"https:\/\/back.zennio.com\/de\/certificates-and-quality\",\"name\":\"Certificates and Quality | Zennio\",\"isPartOf\":{\"@id\":\"https:\/\/www.zennio.com\/#website\"},\"datePublished\":\"2023-02-13T09:34:17+00:00\",\"dateModified\":\"2024-09-12T11:57:23+00:00\",\"breadcrumb\":{\"@id\":\"https:\/\/back.zennio.com\/de\/certificates-and-quality#breadcrumb\"},\"inLanguage\":\"de\",\"potentialAction\":[{\"@type\":\"ReadAction\",\"target\":[\"https:\/\/back.zennio.com\/de\/certificates-and-quality\"]}]},{\"@type\":\"BreadcrumbList\",\"@id\":\"https:\/\/back.zennio.com\/de\/certificates-and-quality#breadcrumb\",\"itemListElement\":[{\"@type\":\"ListItem\",\"position\":1,\"name\":\"Portada\",\"item\":\"https:\/\/www.zennio.com\/de\"},{\"@type\":\"ListItem\",\"position\":2,\"name\":\"Certificates and Quality\"}]},{\"@type\":\"WebSite\",\"@id\":\"https:\/\/www.zennio.com\/#website\",\"url\":\"https:\/\/www.zennio.com\/\",\"name\":\"Zennio\",\"description\":\"Zennio Global\",\"potentialAction\":[{\"@type\":\"SearchAction\",\"target\":{\"@type\":\"EntryPoint\",\"urlTemplate\":\"https:\/\/www.zennio.com\/?s={search_term_string}\"},\"query-input\":{\"@type\":\"PropertyValueSpecification\",\"valueRequired\":true,\"valueName\":\"search_term_string\"}}],\"inLanguage\":\"de\"}]}<\/script>\n<!-- \/ Yoast SEO plugin. -->","yoast_head_json":{"title":"Certificates and Quality | Zennio","robots":{"index":"index","follow":"follow","max-snippet":"max-snippet:-1","max-image-preview":"max-image-preview:large","max-video-preview":"max-video-preview:-1"},"canonical":"https:\/\/back.zennio.com\/de\/certificates-and-quality","og_locale":"de_DE","og_type":"article","og_title":"Certificates and Quality | Zennio","og_url":"https:\/\/back.zennio.com\/de\/certificates-and-quality","og_site_name":"Zennio","article_modified_time":"2024-09-12T11:57:23+00:00","twitter_card":"summary_large_image","twitter_misc":{"Est. reading time":"3 minutes"},"schema":{"@context":"https:\/\/schema.org","@graph":[{"@type":"WebPage","@id":"https:\/\/back.zennio.com\/de\/certificates-and-quality","url":"https:\/\/back.zennio.com\/de\/certificates-and-quality","name":"Certificates and Quality | Zennio","isPartOf":{"@id":"https:\/\/www.zennio.com\/#website"},"datePublished":"2023-02-13T09:34:17+00:00","dateModified":"2024-09-12T11:57:23+00:00","breadcrumb":{"@id":"https:\/\/back.zennio.com\/de\/certificates-and-quality#breadcrumb"},"inLanguage":"de","potentialAction":[{"@type":"ReadAction","target":["https:\/\/back.zennio.com\/de\/certificates-and-quality"]}]},{"@type":"BreadcrumbList","@id":"https:\/\/back.zennio.com\/de\/certificates-and-quality#breadcrumb","itemListElement":[{"@type":"ListItem","position":1,"name":"Portada","item":"https:\/\/www.zennio.com\/de"},{"@type":"ListItem","position":2,"name":"Certificates and Quality"}]},{"@type":"WebSite","@id":"https:\/\/www.zennio.com\/#website","url":"https:\/\/www.zennio.com\/","name":"Zennio","description":"Zennio Global","potentialAction":[{"@type":"SearchAction","target":{"@type":"EntryPoint","urlTemplate":"https:\/\/www.zennio.com\/?s={search_term_string}"},"query-input":{"@type":"PropertyValueSpecification","valueRequired":true,"valueName":"search_term_string"}}],"inLanguage":"de"}]}},"_links":{"self":[{"href":"https:\/\/back.zennio.com\/de\/wp-json\/wp\/v2\/pages\/41216","targetHints":{"allow":["GET"]}}],"collection":[{"href":"https:\/\/back.zennio.com\/de\/wp-json\/wp\/v2\/pages"}],"about":[{"href":"https:\/\/back.zennio.com\/de\/wp-json\/wp\/v2\/types\/page"}],"author":[{"embeddable":true,"href":"https:\/\/back.zennio.com\/de\/wp-json\/wp\/v2\/users\/10"}],"replies":[{"embeddable":true,"href":"https:\/\/back.zennio.com\/de\/wp-json\/wp\/v2\/comments?post=41216"}],"version-history":[{"count":32,"href":"https:\/\/back.zennio.com\/de\/wp-json\/wp\/v2\/pages\/41216\/revisions"}],"predecessor-version":[{"id":61564,"href":"https:\/\/back.zennio.com\/de\/wp-json\/wp\/v2\/pages\/41216\/revisions\/61564"}],"wp:attachment":[{"href":"https:\/\/back.zennio.com\/de\/wp-json\/wp\/v2\/media?parent=41216"}],"curies":[{"name":"wp","href":"https:\/\/api.w.org\/{rel}","templated":true}]}}