{"id":168,"date":"2021-02-19T09:56:27","date_gmt":"2021-02-19T08:56:27","guid":{"rendered":"https:\/\/www.zennio.com\/?page_id=168"},"modified":"2022-06-05T18:26:44","modified_gmt":"2022-06-05T16:26:44","slug":"aviso-legal","status":"publish","type":"page","link":"https:\/\/back.zennio.com\/es\/aviso-legal","title":{"rendered":"Aviso Legal y entorno web site"},"content":{"rendered":"<p>[et_pb_section fb_built=&#8221;1&#8243; _builder_version=&#8221;4.16&#8243; _module_preset=&#8221;default&#8221; global_colors_info=&#8221;{}&#8221;][et_pb_row _builder_version=&#8221;4.16&#8243; _module_preset=&#8221;default&#8221; global_colors_info=&#8221;{}&#8221;][et_pb_column type=&#8221;4_4&#8243; _builder_version=&#8221;4.16&#8243; _module_preset=&#8221;default&#8221; global_colors_info=&#8221;{}&#8221;][et_pb_text _builder_version=&#8221;4.17.4&#8243; _module_preset=&#8221;default&#8221; hover_enabled=&#8221;0&#8243; global_colors_info=&#8221;{}&#8221; header_font_size=&#8221;36px&#8221; header_line_height=&#8221;1.6em&#8221; sticky_enabled=&#8221;0&#8243;]<\/p>\n<h1 id=\"legal-details\">Aviso Legal y entorno web site<\/h1>\n<h2><\/h2>\n<h2 id=\"website-property\">Titular de la Web<\/h2>\n<p>El dominio de Internet <a href=\"http:\/\/www.zennio.com\/\" target=\"_blank\" rel=\"nofollow noopener noreferrer\">www.zennio.com<\/a> es titularidad de Zennio Avance y Tecnolog\u00eda S.L. cuyos datos son:<\/p>\n<ul>\n<li><strong>CIF<\/strong>: B45586724<\/li>\n<li><strong>Datos del Registro Mercantil<\/strong>: Registro Mercantil de Toledo, Tomo 1293, Hoja TO-22822, Libro 0, Inscripci\u00f3n 1\u00aa, Folio 150.<\/li>\n<li><strong>E-mail<\/strong>: <a href=\"mailto:soluciones@zennio.com\">soluciones@zennio.com<\/a><\/li>\n<li><strong>Domicilio a efectos de notificaciones<\/strong>: C\/ Jarama 132, Nave P8.11, 45007-Toledo &#8211; Espa\u00f1a.<\/li>\n<\/ul>\n<h2><\/h2>\n<h2 id=\"use-of-the-website\">Uso de la Web<\/h2>\n<p>El acceso y uso de la Web atribuye la condici\u00f3n de Usuario del portal, e implica la aceptaci\u00f3n plena y sin reservas de todas y cada una de las condiciones incluidas en el presente Aviso Legal.<\/p>\n<p>El Usuario se obliga a hacer un uso correcto del Portal de conformidad con la Ley 34\/2002, de 11 de Julio, LSSICE y el presente Aviso Legal.<\/p>\n<p>As\u00ed mismo responder\u00e1 frente a Zennio Avance y Tecnolog\u00eda S.L. o frente a terceros, de cualesquiera da\u00f1os y perjuicios que pudieran causarse como consecuencia del incumplimiento de dicha obligaci\u00f3n.<\/p>\n<p>Queda expresamente prohibido el uso del Portal con fines lesivos de bienes o intereses de Zennio Avance y Tecnolog\u00eda S.L. o de terceros o que de cualquier otra forma sobrecarguen, da\u00f1en o inutilicen las redes, servidores y dem\u00e1s equipos inform\u00e1ticos (hardware) o productos y aplicaciones inform\u00e1ticas (software) de Zennio Avance y Tecnolog\u00eda S.L. o de terceros.<\/p>\n<h2><\/h2>\n<h2 id=\"web-contents-and-links\">Contenido de la Web y enlaces<\/h2>\n<p>Los contenidos de esta Web tienen como finalidad informar y dar a conocer los productos y servicios que ofrece Zennio Avance y Tecnolog\u00eda S.L., as\u00ed como el entorno de trabajo con otros profesionales del sector con la finalidad de dar la mayor cobertura posible a los usuarios de este espacio web y conseguir el objetivo de la misma \u201cproporcionar soluciones tecnol\u00f3gicas avanzadas de dom\u00f3tica\u201d. As\u00ed mismo, se establecen varias \u00e1reas de inter\u00e9s, donde el usuario podr\u00e1 tener acceso incluso a poder dise\u00f1ar su propio producto y a poder solicitar soporte t\u00e9cnico sobre productos de Zennio Avance y Tecnolog\u00eda S.L.<\/p>\n<p>El titular no se hace responsable del mal uso que se realice de los contenidos la Web, siendo exclusiva responsabilidad del Usuario que accede a ellos o los utiliza.<\/p>\n<p>Queda prohibido el uso de contenidos de la web para promocionar, contratar o divulgar publicidad o informaci\u00f3n propia o de terceras personas sin la autorizaci\u00f3n de Zennio Avance y Tecnolog\u00eda S.L., ni remitir publicidad o informaci\u00f3n vali\u00e9ndose para ello de los servicios o informaci\u00f3n que se ponen a disposici\u00f3n de los usuarios, independientemente de si la utilizaci\u00f3n es gratuita o no.<\/p>\n<h2><\/h2>\n<h2 id=\"intellectual-property-of-the-website\">Propiedad intelectual de la web<\/h2>\n<p>Todos los derechos de propiedad intelectual del contenido de esta p\u00e1gina Web, su dise\u00f1o gr\u00e1fico y sus c\u00f3digos fuente, son titularidad exclusiva de Zennio Avance y Tecnolog\u00eda S.L., correspondi\u00e9ndole el ejercicio exclusivo de los derechos de explotaci\u00f3n de los mismos, sin que pueda entenderse que el acceso al Portal atribuya ning\u00fan derecho sobre \u00e9stos.<\/p>\n<p>Queda prohibida su reproducci\u00f3n, distribuci\u00f3n, comunicaci\u00f3n p\u00fablica y transformaci\u00f3n, total o parcial, sin la autorizaci\u00f3n expresa de Zennio Avance y Tecnolog\u00eda S.L.<\/p>\n<p>Igualmente, todos los nombres comerciales, marcas o signos distintos de cualquier clase contenidos en este web site est\u00e1n protegidos por ley.<\/p>\n<h2><\/h2>\n<h2 id=\"special-conditions\">Condiciones Particulares<\/h2>\n<p>La utilizaci\u00f3n de determinados Servicios y Contenidos ofrecidos por Zennio Avance y Tecnolog\u00eda S.L. a trav\u00e9s de la Web puede regirse por Condiciones Particulares Propias las cuales pueden completar y\/o modificar el presente Aviso Legal. Por lo tanto, con anterioridad a la utilizaci\u00f3n de dichos servicios, el Usuario tambi\u00e9n ha de leer atentamente las correspondientes Condiciones Particulares de los mismos.<\/p>\n<h2><\/h2>\n<h2 id=\"updates-and-modifications-to-the-website\">Actualizaci\u00f3n y modificaci\u00f3n de la p\u00e1gina web<\/h2>\n<p>Zennio Avance y Tecnolog\u00eda S.L. se reserva el derecho a actualizar, modificar o eliminar la informaci\u00f3n contenida en su web site, y la configuraci\u00f3n o presentaci\u00f3n del mismo, en cualquier momento, sin previo aviso, y sin asumir responsabilidad alguna por ello.<\/p>\n<h2><\/h2>\n<h2 id=\"information-on-technical-aspects\">Indicaciones sobre aspectos t\u00e9cnicos<\/h2>\n<p>Zennio Avance y Tecnolog\u00eda S.L. no asume ninguna responsabilidad que se pueda derivar de problemas t\u00e9cnicos o fallos en los equipos inform\u00e1ticos que se produzcan durante la conexi\u00f3n a la red de Internet, as\u00ed como de da\u00f1os que pudieran ser causados por terceras personas mediante intromisiones ileg\u00edtimas fuera del control del Zennio Avance y Tecnolog\u00eda S.L. Tambi\u00e9n se exonera de toda responsabilidad ante posibles da\u00f1os o perjuicios que pueda sufrir el usuario a consecuencia de errores, defectos u omisiones en la informaci\u00f3n que facilitemos cuando proceda de fuentes ajenas.<\/p>\n<p>[\/et_pb_text][\/et_pb_column][\/et_pb_row][\/et_pb_section]<\/p>\n","protected":false},"excerpt":{"rendered":"<p>Aviso Legal y entorno web site Titular de la Web El dominio de Internet www.zennio.com es titularidad de Zennio Avance y Tecnolog\u00eda S.L. cuyos datos son: CIF: B45586724 Datos del Registro Mercantil: Registro Mercantil de Toledo, Tomo 1293, Hoja TO-22822, Libro 0, Inscripci\u00f3n 1\u00aa, Folio 150. E-mail: soluciones@zennio.com Domicilio a efectos de notificaciones: C\/ Jarama [&hellip;]<\/p>\n","protected":false},"author":10,"featured_media":0,"parent":0,"menu_order":0,"comment_status":"closed","ping_status":"closed","template":"","meta":{"_acf_changed":false,"_et_pb_use_builder":"on","_et_pb_old_content":"","_et_gb_content_width":"","footnotes":""},"class_list":["post-168","page","type-page","status-publish","hentry"],"acf":[],"yoast_head":"<!-- This site is optimized with the Yoast SEO plugin v25.5 - https:\/\/yoast.com\/wordpress\/plugins\/seo\/ -->\n<title>Aviso Legal y entorno web site | Zennio<\/title>\n<meta name=\"robots\" content=\"index, follow, max-snippet:-1, max-image-preview:large, max-video-preview:-1\" \/>\n<link rel=\"canonical\" href=\"https:\/\/back.zennio.com\/es\/aviso-legal\" \/>\n<meta property=\"og:locale\" content=\"es_ES\" \/>\n<meta property=\"og:type\" content=\"article\" \/>\n<meta property=\"og:title\" content=\"Aviso Legal y entorno web site | Zennio\" \/>\n<meta property=\"og:url\" content=\"https:\/\/back.zennio.com\/es\/aviso-legal\" \/>\n<meta property=\"og:site_name\" content=\"Zennio\" \/>\n<meta property=\"article:modified_time\" content=\"2022-06-05T16:26:44+00:00\" \/>\n<meta name=\"twitter:card\" content=\"summary_large_image\" \/>\n<meta name=\"twitter:label1\" content=\"Est. reading time\" \/>\n\t<meta name=\"twitter:data1\" content=\"4 minutes\" \/>\n<script type=\"application\/ld+json\" class=\"yoast-schema-graph\">{\"@context\":\"https:\/\/schema.org\",\"@graph\":[{\"@type\":\"WebPage\",\"@id\":\"https:\/\/back.zennio.com\/es\/aviso-legal\",\"url\":\"https:\/\/back.zennio.com\/es\/aviso-legal\",\"name\":\"Aviso Legal y entorno web site | Zennio\",\"isPartOf\":{\"@id\":\"https:\/\/www.zennio.com\/#website\"},\"datePublished\":\"2021-02-19T08:56:27+00:00\",\"dateModified\":\"2022-06-05T16:26:44+00:00\",\"breadcrumb\":{\"@id\":\"https:\/\/back.zennio.com\/es\/aviso-legal#breadcrumb\"},\"inLanguage\":\"es\",\"potentialAction\":[{\"@type\":\"ReadAction\",\"target\":[\"https:\/\/back.zennio.com\/es\/aviso-legal\"]}]},{\"@type\":\"BreadcrumbList\",\"@id\":\"https:\/\/back.zennio.com\/es\/aviso-legal#breadcrumb\",\"itemListElement\":[{\"@type\":\"ListItem\",\"position\":1,\"name\":\"Portada\",\"item\":\"https:\/\/www.zennio.com\/es\/home\"},{\"@type\":\"ListItem\",\"position\":2,\"name\":\"Aviso Legal y entorno web site\"}]},{\"@type\":\"WebSite\",\"@id\":\"https:\/\/www.zennio.com\/#website\",\"url\":\"https:\/\/www.zennio.com\/\",\"name\":\"Zennio\",\"description\":\"Zennio Global\",\"potentialAction\":[{\"@type\":\"SearchAction\",\"target\":{\"@type\":\"EntryPoint\",\"urlTemplate\":\"https:\/\/www.zennio.com\/?s={search_term_string}\"},\"query-input\":{\"@type\":\"PropertyValueSpecification\",\"valueRequired\":true,\"valueName\":\"search_term_string\"}}],\"inLanguage\":\"es\"}]}<\/script>\n<!-- \/ Yoast SEO plugin. -->","yoast_head_json":{"title":"Aviso Legal y entorno web site | Zennio","robots":{"index":"index","follow":"follow","max-snippet":"max-snippet:-1","max-image-preview":"max-image-preview:large","max-video-preview":"max-video-preview:-1"},"canonical":"https:\/\/back.zennio.com\/es\/aviso-legal","og_locale":"es_ES","og_type":"article","og_title":"Aviso Legal y entorno web site | Zennio","og_url":"https:\/\/back.zennio.com\/es\/aviso-legal","og_site_name":"Zennio","article_modified_time":"2022-06-05T16:26:44+00:00","twitter_card":"summary_large_image","twitter_misc":{"Est. reading time":"4 minutes"},"schema":{"@context":"https:\/\/schema.org","@graph":[{"@type":"WebPage","@id":"https:\/\/back.zennio.com\/es\/aviso-legal","url":"https:\/\/back.zennio.com\/es\/aviso-legal","name":"Aviso Legal y entorno web site | Zennio","isPartOf":{"@id":"https:\/\/www.zennio.com\/#website"},"datePublished":"2021-02-19T08:56:27+00:00","dateModified":"2022-06-05T16:26:44+00:00","breadcrumb":{"@id":"https:\/\/back.zennio.com\/es\/aviso-legal#breadcrumb"},"inLanguage":"es","potentialAction":[{"@type":"ReadAction","target":["https:\/\/back.zennio.com\/es\/aviso-legal"]}]},{"@type":"BreadcrumbList","@id":"https:\/\/back.zennio.com\/es\/aviso-legal#breadcrumb","itemListElement":[{"@type":"ListItem","position":1,"name":"Portada","item":"https:\/\/www.zennio.com\/es\/home"},{"@type":"ListItem","position":2,"name":"Aviso Legal y entorno web site"}]},{"@type":"WebSite","@id":"https:\/\/www.zennio.com\/#website","url":"https:\/\/www.zennio.com\/","name":"Zennio","description":"Zennio Global","potentialAction":[{"@type":"SearchAction","target":{"@type":"EntryPoint","urlTemplate":"https:\/\/www.zennio.com\/?s={search_term_string}"},"query-input":{"@type":"PropertyValueSpecification","valueRequired":true,"valueName":"search_term_string"}}],"inLanguage":"es"}]}},"_links":{"self":[{"href":"https:\/\/back.zennio.com\/es\/wp-json\/wp\/v2\/pages\/168","targetHints":{"allow":["GET"]}}],"collection":[{"href":"https:\/\/back.zennio.com\/es\/wp-json\/wp\/v2\/pages"}],"about":[{"href":"https:\/\/back.zennio.com\/es\/wp-json\/wp\/v2\/types\/page"}],"author":[{"embeddable":true,"href":"https:\/\/back.zennio.com\/es\/wp-json\/wp\/v2\/users\/10"}],"replies":[{"embeddable":true,"href":"https:\/\/back.zennio.com\/es\/wp-json\/wp\/v2\/comments?post=168"}],"version-history":[{"count":0,"href":"https:\/\/back.zennio.com\/es\/wp-json\/wp\/v2\/pages\/168\/revisions"}],"wp:attachment":[{"href":"https:\/\/back.zennio.com\/es\/wp-json\/wp\/v2\/media?parent=168"}],"curies":[{"name":"wp","href":"https:\/\/api.w.org\/{rel}","templated":true}]}}