{"id":171,"date":"2021-02-19T09:56:57","date_gmt":"2021-02-19T08:56:57","guid":{"rendered":"https:\/\/www.zennio.com\/?page_id=171"},"modified":"2023-01-20T01:49:58","modified_gmt":"2023-01-20T00:49:58","slug":"politica-de-cookies","status":"publish","type":"page","link":"https:\/\/back.zennio.com\/es\/politica-de-cookies","title":{"rendered":"Pol\u00edtica de Cookies"},"content":{"rendered":"<p>[et_pb_section fb_built=&#8221;1&#8243; _builder_version=&#8221;4.16&#8243; _module_preset=&#8221;default&#8221; global_colors_info=&#8221;{}&#8221;][et_pb_row _builder_version=&#8221;4.17.4&#8243; _module_preset=&#8221;default&#8221; max_width=&#8221;800px&#8221; global_colors_info=&#8221;{}&#8221;][et_pb_column type=&#8221;4_4&#8243; _builder_version=&#8221;4.16&#8243; _module_preset=&#8221;default&#8221; global_colors_info=&#8221;{}&#8221;][et_pb_text _builder_version=&#8221;4.19.4&#8243; _module_preset=&#8221;default&#8221; text_font_size=&#8221;19px&#8221; text_line_height=&#8221;1.6em&#8221; header_font_size=&#8221;2.6em&#8221; header_line_height=&#8221;2em&#8221; header_2_font_size=&#8221;1.6em&#8221; header_2_line_height=&#8221;1.5em&#8221; hover_enabled=&#8221;0&#8243; global_colors_info=&#8221;{}&#8221; sticky_enabled=&#8221;0&#8243;]<\/p>\n<h1 id=\"pol\u00edtica-de-cookies\">Pol\u00edtica de cookies<\/h1>\n<h2>\u00bfQu\u00e9 son las cookies?<\/h2>\n<p>Una cookie es un peque\u00f1o archivo que se en el ordenador, m\u00f3vil o tablet de los usuarios al acceder a determinadas p\u00e1ginas web, aplicaci\u00f3n o plataforma y que permiten a \u00e9stas reconocer a sus usuarios.<\/p>\n<p>Las cookies actualmente son esenciales para el funcionamiento de internet, aportando innumerables ventajas en la prestaci\u00f3n de servicios interactivos, facilit\u00e1ndole la navegaci\u00f3n y su usabilidad.<\/p>\n<p>Las cookies ayudan a adaptar las webs, aplicaciones o plataformas a sus necesidades personales.<\/p>\n<p>Las cookies no pueden da\u00f1ar su equipo. En cambio, el que est\u00e9n activadas pueden ayudar a identificar y resolver errores, as\u00ed como a mejorar la navegabilidad del usuario.<\/p>\n<p>Las cookies permiten, entre otras cosas, almacenar y recuperar informaci\u00f3n sobre las preferencias de navegaci\u00f3n de un usuario o de su equipo.<\/p>\n<p>Este sitio web, aplicaci\u00f3n o plataforma utiliza cookies y\/o tecnolog\u00edas similares que almacenan y recuperan informaci\u00f3n cuando navegas. En general, estas tecnolog\u00edas pueden servir para finalidades muy diversas, como, por ejemplo, reconocerte como usuario, obtener informaci\u00f3n sobre tus h\u00e1bitos de navegaci\u00f3n, o personalizar la forma en que se muestra el contenido. Los usos concretos que hacemos de estas tecnolog\u00edas se describen a continuaci\u00f3n.<\/p>\n<h2>\u00bfQu\u00e9 cookies utilizamos?<\/h2>\n<p>En<span>\u00a0<\/span><strong><a href=\"http:\/\/www.zennio.com\/\" rel=\"nofollow noopener noreferrer\" target=\"_blank\">www.zennio.com<\/a><\/strong><span>\u00a0<\/span>utilizamos cookies, logs, enlaces y otras tecnolog\u00edas para almacenar las preferencias del usuario con el fin de mejorar la calidad de nuestros servicios, asegurar el funcionamiento t\u00e9cnico tanto del portal, aplicaci\u00f3n o plataforma como de las transacciones realizadas, medir la audiencia de la web y desarrollar nuevas y mejores prestaciones, productos y servicios ofertados.<\/p>\n<h3>Propietario de las cookies:<\/h3>\n<ul>\n<li>Utilizamos<span>\u00a0<\/span><strong>cookies propias<\/strong><span>\u00a0<\/span>que enviamos al equipo terminal del usuario desde un equipo o dominio gestionado por nosotros y desde el que se presta el servicio solicitado por el usuario.<\/li>\n<li>Utilizamos<span>\u00a0<\/span><strong>cookies de terceros<\/strong><span>\u00a0<\/span>(por ejemplo, cookies de Facebook, Google, Twitter\u2026) usadas por empresas externas, redes sociales o por complementos externos de contenido (como, por ejemplo, Google Maps). Son enviadas al equipo terminal del usuario desde un equipo o dominio de una entidad tercera que trata los datos obtenidos trav\u00e9s de las cookies.<\/li>\n<\/ul>\n<h3>Uso de las cookies:<\/h3>\n<ul>\n<li>Utilizamos<span>\u00a0<\/span><strong>cookies t\u00e9cnicas<\/strong><span>\u00a0<\/span>que son estrictamente necesarias para que el usuario acceda y navegue en<span>\u00a0<\/span><strong><a href=\"http:\/\/www.zennio.com\/\" rel=\"nofollow noopener noreferrer\" target=\"_blank\">www.zennio.com<\/a><\/strong>. Son aquellas que permiten al usuario la navegaci\u00f3n a trav\u00e9s de una p\u00e1gina web, plataforma o aplicaci\u00f3n y la utilizaci\u00f3n de las diferentes opciones o servicios que en ella existan, incluyendo aquellas que se utilizan para permitir la gesti\u00f3n y operativa de la p\u00e1gina web y habilitar sus funciones y servicios, como, por ejemplo, controlar el tr\u00e1fico y la comunicaci\u00f3n de datos identificar la sesi\u00f3n, acceder a partes de acceso restringido, recordar los elementos que integran un pedido, realizar el proceso de compra de un pedido, gestionar el pago, controlar el fraude vinculado a la seguridad del servicio, realizar la solicitud de inscripci\u00f3n o participaci\u00f3n en un evento, contar visitas a efectos de la facturaci\u00f3n de licencias del software con el que funciona el servicio (sitio web, plataforma o aplicaci\u00f3n), utilizar elementos de seguridad durante la navegaci\u00f3n, almacenar contenidos para la difusi\u00f3n de v\u00eddeos o sonido, habilitar contenidos din\u00e1micos (por ejemplo, animaci\u00f3n de carga de un texto o imagen) o compartir contenidos a trav\u00e9s de redes sociales. Tambi\u00e9n pertenecen a esta categor\u00eda, por su naturaleza t\u00e9cnica, aquellas cookies que permiten la gesti\u00f3n, de la forma m\u00e1s eficaz posible, de los espacios publicitarios que, como un elemento m\u00e1s de dise\u00f1o o \u201cmaquetaci\u00f3n\u201d del servicio ofrecido al usuario, el editor haya incluido en una p\u00e1gina web, aplicaci\u00f3n o plataforma en base a criterios como el contenido editado, sin que se recopile informaci\u00f3n de los usuarios con fines distintos, como puede ser personalizar ese contenido publicitario u otros contenidos. Estas cookies no requieren el consentimiento informado del usuario.<\/li>\n<li>Utilizamos<span>\u00a0<\/span><strong>cookies de preferencias o personalizaci\u00f3n<\/strong><span>\u00a0<\/span>que son aquellas que, tratadas por nosotros o por terceros, nos permiten recordar informaci\u00f3n para que el usuario acceda al servicio con determinadas caracter\u00edsticas que pueden diferenciar su experiencia de la de otros usuarios. Por ejemplo, el idioma, el n\u00famero de resultados a mostrar cuando el usuario realiza una b\u00fasqueda, el aspecto o contenido del servicio en funci\u00f3n del tipo de navegador a trav\u00e9s del cual el usuario accede al servicio o de la regi\u00f3n desde la que accede al servicio, etc. Estas cookies pueden requerir el consentimiento informado del usuario, salvo que sea el propio usuario quien elige esas caracter\u00edsticas (por ejemplo, si selecciona el idioma de un sitio web clicando en el icono de la bandera del pa\u00eds correspondiente).<\/li>\n<li>Utilizamos<span>\u00a0<\/span><strong>cookies de an\u00e1lisis o medici\u00f3n<\/strong><span>\u00a0<\/span>que son aquellas que, tratadas por nosotros o por terceros, nos permiten el seguimiento y an\u00e1lisis del comportamiento de los usuarios de los sitios web a los que est\u00e1n vinculadas, incluida la cuantificaci\u00f3n de los impactos de los anuncios. La informaci\u00f3n recogida mediante este tipo de cookies se utiliza en la medici\u00f3n de la actividad de los sitios web, aplicaci\u00f3n o plataforma, con el fin de introducir mejoras en los productos o servicios ofertados en funci\u00f3n del an\u00e1lisis de los datos de uso que hacen los usuarios del servicio. Estas cookies requieren el consentimiento informado del usuario.<\/li>\n<li>Utilizamos<span>\u00a0<\/span><strong>cookies de publicidad comportamental<\/strong><span>\u00a0<\/span>que son aquellas que, tratadas por nosotros o por terceros, almacenan informaci\u00f3n del comportamiento de los usuarios obtenida a trav\u00e9s de la observaci\u00f3n continuada de sus h\u00e1bitos de navegaci\u00f3n, lo que permite desarrollar un perfil espec\u00edfico de navegaci\u00f3n de los usuarios para mostrarles publicidad en funci\u00f3n del mismo. Estas cookies requieren el consentimiento informado del usuario.<\/li>\n<\/ul>\n<h3>Tiempo de conservaci\u00f3n de las cookies:<\/h3>\n<ul>\n<li>Utilizamos<span>\u00a0<\/span><strong>cookies de sesi\u00f3n<\/strong><span>\u00a0<\/span>que son cookies dise\u00f1adas para recabar y almacenar datos mientras el usuario accede a una p\u00e1gina web. Se suelen emplear para almacenar informaci\u00f3n que solo interesa conservar para la prestaci\u00f3n del servicio solicitado por el usuario en una sola ocasi\u00f3n (por ejemplo, una lista de productos adquiridos) y desaparecen al terminar la sesi\u00f3n.<\/li>\n<li>Utilizamos<span>\u00a0<\/span><strong>cookies persistentes<\/strong><span>\u00a0<\/span>que son aquellas en las que los datos siguen almacenados en el terminal y pueden ser accedidos y tratados durante un periodo definido por el responsable de la cookie, y que puede ir de unos minutos a varios a\u00f1os. Este tipo de informaci\u00f3n obtenida a trav\u00e9s de las cookies no ser\u00e1 comunicado a terceros, ni utilizado para comunicaciones no solicitadas.<\/li>\n<\/ul>\n<h2>\u00bfC\u00f3mo pueden nuestros usuarios gestionar las cookies que utilizamos?<\/h2>\n<p>Los usuarios de<span>\u00a0<\/span><strong><a href=\"http:\/\/www.zennio.com\/\" rel=\"nofollow noopener noreferrer\" target=\"_blank\">www.zennio.com<\/a><\/strong><span>\u00a0<\/span>pueden gestionar las cookies y, por lo tanto, rechazarlas de forma unitaria o en su totalidad, en el Panel de Configuraci\u00f3n.<\/p>\n<p>Si se desactivan o rechazan las cookies, puede ocurrir que algunas de las funciones y\/o servicios no funcionen adecuadamente.<\/p>\n<p>El portal, aplicaci\u00f3n o plataforma no ejerce control sobre los sitios web mostrados como resultado de su b\u00fasqueda, enlaces o accesos desde nuestro directorio. Estos otros sitios web pueden colocar sus propias cookies o solicitarle informaci\u00f3n personal.<\/p>\n<h2>\u00bfC\u00f3mo pueden nuestros usuarios deshabilitar las cookies en los principales navegadores?<\/h2>\n<p>Normalmente es posible dejar de aceptar las cookies del navegador, o dejar de aceptar las cookies de un servicio en particular.<\/p>\n<p>Todos los navegadores modernos permiten<span>\u00a0<\/span><strong>cambiar la configuraci\u00f3n de cookies<\/strong>.<\/p>\n<p>Estos ajustes normalmente se encuentran en las \u2018opciones\u2019 o \u2018Preferencias\u2019 del men\u00fa de su navegador.<\/p>\n<p>Aunque puede variar ligeramente de una versi\u00f3n de navegador a otra, la configuraci\u00f3n de la pol\u00edtica de cookies para los navegadores m\u00e1s utilizados es la siguiente:<\/p>\n<ul>\n<li><strong>Internet Explorer<\/strong>: Herramientas \/ Opciones de Internet \/ Privacidad \/ Configuraci\u00f3n.<\/li>\n<li><strong>Firefox<\/strong>: Preferencias \/ Privacidad y Seguridad<\/li>\n<li><strong>Chrome<\/strong>: Preferencias \/ Configuraci\u00f3n \/ Mostrar opciones avanzadas \/ Privacidad y seguridad<\/li>\n<li><strong>Safari<\/strong>: Preferencias \/ Privacidad.<\/li>\n<li><strong>Opera<\/strong>: Configuraci\u00f3n \/ Privacidad y seguridad.<\/li>\n<\/ul>\n<p>Para m\u00e1s informaci\u00f3n, puede consultar el soporte o la ayuda de su navegador o a trav\u00e9s de los siguientes enlaces: Safari, Chrome, Firefox, Explorer, Opera.<\/p>\n<p>Muchos navegadores permiten activar un modo privado mediante el cual las cookies se borran siempre despu\u00e9s de su visita. Dependiendo de cada navegador este modo privado, puede tener diferentes nombres. A continuaci\u00f3n, encontrar\u00e1 una lista de los navegadores m\u00e1s comunes y los diferentes nombres de este \u201cmodo privado\u201d:<\/p>\n<ul>\n<li>Internet Explorer 8 y superior &#8211; Navegaci\u00f3n Privada<\/li>\n<li>Safari 2 y superior &#8211; Navegaci\u00f3n Privada<\/li>\n<li>Opera 10.5 y superior &#8211; Navegaci\u00f3n Privada<\/li>\n<li>FireFox 3.5 y superior &#8211; Navegaci\u00f3n Privada<\/li>\n<li>Google Chrome 10 y superior \u2013 Inc\u00f3gnito<\/li>\n<\/ul>\n<h2>\u00bfC\u00f3mo puedo deshabilitar las cookies de terceros?<\/h2>\n<p>Tenga en cuenta que, si acepta las cookies de terceros, deber\u00e1 eliminarlas desde las opciones del navegador o desde el sistema ofrecido por el propio tercero.<\/p>\n<p>Si se desea conocer las condiciones de privacidad y uso de cookies de terceros, puede acceder las pol\u00edticas de cookies de:<\/p>\n<ul>\n<li>Facebook:<span>\u00a0<\/span><a href=\"https:\/\/es-es.facebook.com\/help\/cookies\" rel=\"nofollow noopener noreferrer\" target=\"_blank\">https:\/\/es-es.facebook.com\/help\/cookies<\/a><\/li>\n<li>Twitter:<span>\u00a0<\/span><a href=\"https:\/\/twitter.com\/privacy\" rel=\"nofollow noopener noreferrer\" target=\"_blank\">https:\/\/twitter.com\/privacy<\/a><\/li>\n<li>Youtube:<span>\u00a0<\/span><a href=\"https:\/\/www.google.es\/intl\/es\/policies\/technologies\/cookies\/\" rel=\"nofollow noopener noreferrer\" target=\"_blank\">https:\/\/www.google.es\/intl\/es\/policies\/technologies\/cookies\/<\/a><\/li>\n<li>Linkedin:<span>\u00a0<\/span><a href=\"https:\/\/www.linkedin.com\/psettings\/guest-controls\/retargeting-opt-out?trk=microsites-frontend_legal_cookie-policy\" rel=\"nofollow noopener noreferrer\" target=\"_blank\">https:\/\/www.linkedin.com\/psettings\/guest-controls\/retargeting-opt-out?trk=microsites-frontend_legal_cookie-policy<\/a><\/li>\n<li>Google:<span>\u00a0<\/span><a href=\"https:\/\/www.google.es\/intl\/es\/policies\/technologies\/cookies\/\" rel=\"nofollow noopener noreferrer\" target=\"_blank\">https:\/\/www.google.es\/intl\/es\/policies\/technologies\/cookies\/<\/a><\/li>\n<\/ul>\n<h2>\u00bfQu\u00e9 ocurre si no acepto las cookies de la web?<\/h2>\n<p>En caso de que el usuario no permita la instalaci\u00f3n de cookies en su navegador es posible que no pueda acceder a alguna de las secciones de nuestro sitio web.<\/p>\n<h2>\u00bfSe realizan transferencias internacionales de mis datos?<\/h2>\n<p>Seg\u00fan los art\u00edculos 44 y siguientes del Reglamento Europeo de Protecci\u00f3n de Datos (RGPD) ser\u00e1n leg\u00edtimas las transferencias basadas en una decisi\u00f3n de adecuaci\u00f3n de la Comisi\u00f3n Europea o en caso de existan garant\u00edas adecuadas mediante un instrumento jur\u00eddicamente vinculante y exigible entre autoridades y organismos p\u00fablicos, o mediante normas corporativas vinculantes, o cl\u00e1usulas tipo adoptadas o aprobadas por la Comisi\u00f3n, o mediante c\u00f3digos de conducta o mecanismos de certificaci\u00f3n. En caso contrario, ser\u00e1 necesaria la autorizaci\u00f3n de la Autoridad de Control competente o, en su defecto, el consentimiento expl\u00edcito del interesado u otro de los supuestos recogidos en el art. 49 RGPD.<\/p>\n<p>Le informamos que<span>\u00a0<\/span><strong>Zennio Avance y Tecnolog\u00eda, SL<\/strong><span>\u00a0<\/span>no realiza transferencias internacionales de sus datos.<\/p>\n<p>En cuanto a las cookies de terceros, puedes informarte de las transferencias a terceros pa\u00edses que, en su caso, realizan los terceros identificados en esta pol\u00edtica de cookies en sus correspondientes pol\u00edticas (ver los enlaces facilitados anteriormente).<\/p>\n<h2>\u00bfSe elabora un perfil de mi navegaci\u00f3n y se toman decisiones automatizadas que puedan afectarme jur\u00eddica o significativamente?<\/h2>\n<p>Le informamos que Zennio Avance y Tecnolog\u00eda, SL no realiza elaboraci\u00f3n de perfiles de su navegaci\u00f3n que lleven a la toma de decisiones automatizadas que puedan afectarle jur\u00eddica o significativamente.<\/p>\n<h2>\u00bfSe realiza un tratamiento de mis datos sensibles?<\/h2>\n<p>Le informamos que<span>\u00a0<\/span><strong>Zennio Avance y Tecnolog\u00eda, SL<\/strong><span>\u00a0<\/span>no realiza tratamientos de datos sensibles.<\/p>\n<h2>M\u00e1s informaci\u00f3n<\/h2>\n<p>Para m\u00e1s informaci\u00f3n sobre cookies y sus derechos como usuario puede consultar la Gu\u00eda sobre el uso de cookies elaborada por la Agencia Espa\u00f1ola de Protecci\u00f3n de Datos (AEPD)<\/p>\n<p>Para m\u00e1s informaci\u00f3n sobre el tratamiento de sus datos personales puede acceder a la Pol\u00edtica de Privacidad de Zennio Avance y Tecnolog\u00eda, SL.[\/et_pb_text][\/et_pb_column][\/et_pb_row][\/et_pb_section]<\/p>\n","protected":false},"excerpt":{"rendered":"<p>Pol\u00edtica de cookies \u00bfQu\u00e9 son las cookies? Una cookie es un peque\u00f1o archivo que se en el ordenador, m\u00f3vil o tablet de los usuarios al acceder a determinadas p\u00e1ginas web, aplicaci\u00f3n o plataforma y que permiten a \u00e9stas reconocer a sus usuarios. Las cookies actualmente son esenciales para el funcionamiento de internet, aportando innumerables ventajas [&hellip;]<\/p>\n","protected":false},"author":10,"featured_media":0,"parent":0,"menu_order":0,"comment_status":"closed","ping_status":"closed","template":"","meta":{"_acf_changed":false,"_et_pb_use_builder":"on","_et_pb_old_content":"","_et_gb_content_width":"","footnotes":""},"class_list":["post-171","page","type-page","status-publish","hentry"],"acf":[],"yoast_head":"<!-- This site is optimized with the Yoast SEO plugin v25.5 - https:\/\/yoast.com\/wordpress\/plugins\/seo\/ -->\n<title>Pol\u00edtica de Cookies | Zennio<\/title>\n<meta name=\"robots\" content=\"index, follow, max-snippet:-1, max-image-preview:large, max-video-preview:-1\" \/>\n<link rel=\"canonical\" href=\"https:\/\/back.zennio.com\/es\/politica-de-cookies\" \/>\n<meta property=\"og:locale\" content=\"es_ES\" \/>\n<meta property=\"og:type\" content=\"article\" \/>\n<meta property=\"og:title\" content=\"Pol\u00edtica de Cookies | Zennio\" \/>\n<meta property=\"og:url\" content=\"https:\/\/back.zennio.com\/es\/politica-de-cookies\" \/>\n<meta property=\"og:site_name\" content=\"Zennio\" \/>\n<meta property=\"article:modified_time\" content=\"2023-01-20T00:49:58+00:00\" \/>\n<meta name=\"twitter:card\" content=\"summary_large_image\" \/>\n<script type=\"application\/ld+json\" class=\"yoast-schema-graph\">{\"@context\":\"https:\/\/schema.org\",\"@graph\":[{\"@type\":\"WebPage\",\"@id\":\"https:\/\/back.zennio.com\/es\/politica-de-cookies\",\"url\":\"https:\/\/back.zennio.com\/es\/politica-de-cookies\",\"name\":\"Pol\u00edtica de Cookies | Zennio\",\"isPartOf\":{\"@id\":\"https:\/\/www.zennio.com\/#website\"},\"datePublished\":\"2021-02-19T08:56:57+00:00\",\"dateModified\":\"2023-01-20T00:49:58+00:00\",\"breadcrumb\":{\"@id\":\"https:\/\/back.zennio.com\/es\/politica-de-cookies#breadcrumb\"},\"inLanguage\":\"es\",\"potentialAction\":[{\"@type\":\"ReadAction\",\"target\":[\"https:\/\/back.zennio.com\/es\/politica-de-cookies\"]}]},{\"@type\":\"BreadcrumbList\",\"@id\":\"https:\/\/back.zennio.com\/es\/politica-de-cookies#breadcrumb\",\"itemListElement\":[{\"@type\":\"ListItem\",\"position\":1,\"name\":\"Portada\",\"item\":\"https:\/\/www.zennio.com\/es\/home\"},{\"@type\":\"ListItem\",\"position\":2,\"name\":\"Pol\u00edtica de Cookies\"}]},{\"@type\":\"WebSite\",\"@id\":\"https:\/\/www.zennio.com\/#website\",\"url\":\"https:\/\/www.zennio.com\/\",\"name\":\"Zennio\",\"description\":\"Zennio Global\",\"potentialAction\":[{\"@type\":\"SearchAction\",\"target\":{\"@type\":\"EntryPoint\",\"urlTemplate\":\"https:\/\/www.zennio.com\/?s={search_term_string}\"},\"query-input\":{\"@type\":\"PropertyValueSpecification\",\"valueRequired\":true,\"valueName\":\"search_term_string\"}}],\"inLanguage\":\"es\"}]}<\/script>\n<!-- \/ Yoast SEO plugin. -->","yoast_head_json":{"title":"Pol\u00edtica de Cookies | Zennio","robots":{"index":"index","follow":"follow","max-snippet":"max-snippet:-1","max-image-preview":"max-image-preview:large","max-video-preview":"max-video-preview:-1"},"canonical":"https:\/\/back.zennio.com\/es\/politica-de-cookies","og_locale":"es_ES","og_type":"article","og_title":"Pol\u00edtica de Cookies | Zennio","og_url":"https:\/\/back.zennio.com\/es\/politica-de-cookies","og_site_name":"Zennio","article_modified_time":"2023-01-20T00:49:58+00:00","twitter_card":"summary_large_image","schema":{"@context":"https:\/\/schema.org","@graph":[{"@type":"WebPage","@id":"https:\/\/back.zennio.com\/es\/politica-de-cookies","url":"https:\/\/back.zennio.com\/es\/politica-de-cookies","name":"Pol\u00edtica de Cookies | Zennio","isPartOf":{"@id":"https:\/\/www.zennio.com\/#website"},"datePublished":"2021-02-19T08:56:57+00:00","dateModified":"2023-01-20T00:49:58+00:00","breadcrumb":{"@id":"https:\/\/back.zennio.com\/es\/politica-de-cookies#breadcrumb"},"inLanguage":"es","potentialAction":[{"@type":"ReadAction","target":["https:\/\/back.zennio.com\/es\/politica-de-cookies"]}]},{"@type":"BreadcrumbList","@id":"https:\/\/back.zennio.com\/es\/politica-de-cookies#breadcrumb","itemListElement":[{"@type":"ListItem","position":1,"name":"Portada","item":"https:\/\/www.zennio.com\/es\/home"},{"@type":"ListItem","position":2,"name":"Pol\u00edtica de Cookies"}]},{"@type":"WebSite","@id":"https:\/\/www.zennio.com\/#website","url":"https:\/\/www.zennio.com\/","name":"Zennio","description":"Zennio Global","potentialAction":[{"@type":"SearchAction","target":{"@type":"EntryPoint","urlTemplate":"https:\/\/www.zennio.com\/?s={search_term_string}"},"query-input":{"@type":"PropertyValueSpecification","valueRequired":true,"valueName":"search_term_string"}}],"inLanguage":"es"}]}},"_links":{"self":[{"href":"https:\/\/back.zennio.com\/es\/wp-json\/wp\/v2\/pages\/171","targetHints":{"allow":["GET"]}}],"collection":[{"href":"https:\/\/back.zennio.com\/es\/wp-json\/wp\/v2\/pages"}],"about":[{"href":"https:\/\/back.zennio.com\/es\/wp-json\/wp\/v2\/types\/page"}],"author":[{"embeddable":true,"href":"https:\/\/back.zennio.com\/es\/wp-json\/wp\/v2\/users\/10"}],"replies":[{"embeddable":true,"href":"https:\/\/back.zennio.com\/es\/wp-json\/wp\/v2\/comments?post=171"}],"version-history":[{"count":1,"href":"https:\/\/back.zennio.com\/es\/wp-json\/wp\/v2\/pages\/171\/revisions"}],"predecessor-version":[{"id":39792,"href":"https:\/\/back.zennio.com\/es\/wp-json\/wp\/v2\/pages\/171\/revisions\/39792"}],"wp:attachment":[{"href":"https:\/\/back.zennio.com\/es\/wp-json\/wp\/v2\/media?parent=171"}],"curies":[{"name":"wp","href":"https:\/\/api.w.org\/{rel}","templated":true}]}}