{"id":32802,"date":"2022-07-09T13:03:51","date_gmt":"2022-07-09T11:03:51","guid":{"rendered":"https:\/\/www.zennio.com\/panel-de-configuracion-de-cookies\/"},"modified":"2022-12-14T16:44:39","modified_gmt":"2022-12-14T15:44:39","slug":"panel-de-configuracion-de-cookies","status":"publish","type":"page","link":"https:\/\/back.zennio.com\/es\/panel-de-configuracion-de-cookies","title":{"rendered":"Panel de configuraci\u00f3n de cookies"},"content":{"rendered":"<p>[et_pb_section fb_built=&#8221;1&#8243; _builder_version=&#8221;4.16&#8243; _module_preset=&#8221;default&#8221; background_color=&#8221;#000000&#8243; custom_padding=&#8221;2rem||2rem||true|false&#8221; locked=&#8221;off&#8221; global_colors_info=&#8221;{}&#8221;][et_pb_row _builder_version=&#8221;4.16&#8243; _module_preset=&#8221;default&#8221; custom_padding=&#8221;0px||||false|false&#8221; global_colors_info=&#8221;{}&#8221;][et_pb_column type=&#8221;4_4&#8243; _builder_version=&#8221;4.16&#8243; _module_preset=&#8221;default&#8221; global_colors_info=&#8221;{}&#8221;][et_pb_text _builder_version=&#8221;4.17.4&#8243; _module_preset=&#8221;default&#8221; text_text_color=&#8221;#FBF2F2&#8243; text_font_size=&#8221;37px&#8221; text_line_height=&#8221;1.6em&#8221; header_font=&#8221;Brandon||||||||&#8221; header_text_color=&#8221;#FBF2F2&#8243; header_font_size=&#8221;75px&#8221; header_line_height=&#8221;1.7em&#8221; text_font_size_tablet=&#8221;37px&#8221; text_font_size_phone=&#8221;21px&#8221; text_font_size_last_edited=&#8221;on|phone&#8221; header_font_size_tablet=&#8221;75px&#8221; header_font_size_phone=&#8221;42px&#8221; header_font_size_last_edited=&#8221;on|phone&#8221; global_colors_info=&#8221;{}&#8221;]<\/p>\n<h1>Panel de configuraci\u00f3n de cookies<\/h1>\n<p>[\/et_pb_text][\/et_pb_column][\/et_pb_row][\/et_pb_section][et_pb_section fb_built=&#8221;1&#8243; _builder_version=&#8221;4.17.4&#8243; _module_preset=&#8221;default&#8221; global_colors_info=&#8221;{}&#8221;][et_pb_row _builder_version=&#8221;4.17.4&#8243; _module_preset=&#8221;default&#8221; global_colors_info=&#8221;{}&#8221;][et_pb_column type=&#8221;4_4&#8243; _builder_version=&#8221;4.17.4&#8243; _module_preset=&#8221;default&#8221; global_colors_info=&#8221;{}&#8221;][et_pb_text _builder_version=&#8221;4.17.4&#8243; _module_preset=&#8221;default&#8221; global_colors_info=&#8221;{}&#8221;]<\/p>\n<p>Utilizamos<span> <\/span><strong>cookies t\u00e9cnicas<\/strong><span> <\/span>necesarias para el funcionamiento y la prestaci\u00f3n de los servicios ofrecidos.<\/p>\n<p>Respecto al resto de cookies, a trav\u00e9s del presente<span> <\/span><strong>Panel de Configuraci\u00f3n<\/strong>, puede aceptar o rechazarlas en su totalidad o puede seleccionar qu\u00e9 tipo de cookies quiere aceptar y cu\u00e1les quiere rechazar.<\/p>\n<p>Para obtener m\u00e1s informaci\u00f3n, acceda a nuestra<span> <\/span><a href=\"https:\/\/www.zennio.com\/es\/politica-de-cookies\"><strong>Pol\u00edtica de Cookies<\/strong><\/a>.<\/p>\n<h2><\/h2>\n<h2>Selecci\u00f3n de cookies que el usuario puede aceptar o rechazar:<\/h2>\n<ul>\n<li>Cookies de preferencias o personalizaci\u00f3n\n<ul>\n<li>Propias \u2013 1 a\u00f1o<\/li>\n<\/ul>\n<\/li>\n<li>Cookies de an\u00e1lisis o medici\u00f3n\n<ul>\n<li>Terceros: Google \u2013 1 a\u00f1o<\/li>\n<\/ul>\n<\/li>\n<\/ul>\n<p>Tenga en cuenta que, si acepta las cookies de terceros, deber\u00e1 eliminarlas desde las opciones del navegador o desde el sistema ofrecido por el propio tercero. Al pulsar \u201cGuardar configuraci\u00f3n\u201d, se guardar\u00e1 la selecci\u00f3n de cookies que haya realizado. Si no ha seleccionado ninguna opci\u00f3n, pulsar este bot\u00f3n equivaldr\u00e1 a rechazar todas las cookies.<\/p>\n<p>&nbsp;<\/p>\n<p>[\/et_pb_text][et_pb_button button_url=&#8221;#&#8221; url_new_window=&#8221;on&#8221; button_text=&#8221;Elegir Cookies&#8221; module_class=&#8221;toggle-cookie-consent-btn&#8221; _builder_version=&#8221;4.17.4&#8243; _module_preset=&#8221;default&#8221; custom_button=&#8221;on&#8221; button_bg_color=&#8221;gcid-95bf6288-f747-4514-b13c-63de45fdd870&#8243; button_border_color=&#8221;gcid-95bf6288-f747-4514-b13c-63de45fdd870&#8243; button_border_radius=&#8221;0px&#8221; button_font=&#8221;|||on|||||&#8221; button_use_icon=&#8221;off&#8221; custom_padding=&#8221;1rem|2rem|1rem|2rem|true|false&#8221; locked=&#8221;off&#8221; global_colors_info=&#8221;{%22gcid-95bf6288-f747-4514-b13c-63de45fdd870%22:%91%22button_bg_color%22,%22button_border_color%22%93}&#8221; button_border_color__hover_enabled=&#8221;on|desktop&#8221; button_border_color__hover=&#8221;#000000&#8243;][\/et_pb_button][et_pb_text _builder_version=&#8221;4.17.4&#8243; _module_preset=&#8221;default&#8221; global_colors_info=&#8221;{}&#8221;]<\/p>\n<h2>C\u00f3mo deshabilitar las cookies en los principales navegadores<\/h2>\n<p>Puede usted permitir o bloquear las cookies, as\u00ed como borrar sus datos de navegaci\u00f3n (incluidas las cookies) desde el navegador que usted utiliza. Consulte las opciones e instrucciones que ofrece su navegador para ello. Tenga en cuenta que, si acepta las cookies de terceros, deber\u00e1 eliminarlas desde las opciones del navegador.<\/p>\n<p>Aunque puede variar ligeramente de una versi\u00f3n de navegador a otra, la configuraci\u00f3n de la pol\u00edtica de cookies para los navegadores m\u00e1s utilizados es la siguiente:<\/p>\n<ul>\n<li><strong>Internet Explorer<\/strong>: Herramientas \/ Opciones de Internet \/ Privacidad \/ Configuraci\u00f3n<\/li>\n<li><strong>Firefox<\/strong>: Preferencias \/ Privacidad y Seguridad<\/li>\n<li><strong>Chrome<\/strong>: Preferencias \/ Configuraci\u00f3n \/ Mostrar opciones avanzadas \/ Privacidad y Seguridad<\/li>\n<li><strong>Safari<\/strong>: Preferencias \/ Privacidad<\/li>\n<li><strong>Opera<\/strong>: Configuraci\u00f3n \/ Privacidad y seguridad<\/li>\n<\/ul>\n<p>Para m\u00e1s informaci\u00f3n, puede consultar el soporte o la ayuda de su navegador o a trav\u00e9s de los siguientes enlaces: Safari, Chrome, Firefox, Explorer, Opera.<\/p>\n<p>Muchos navegadores permiten activar un modo privado mediante el cual las cookies se borran siempre despu\u00e9s de su visita. Dependiendo de cada navegador este modo privado, puede tener diferentes nombres. A continuaci\u00f3n, encontrar\u00e1 una lista de los navegadores m\u00e1s comunes y los diferentes nombres de este \u201cmodo privado\u201d:<\/p>\n<ul>\n<li>Internet Explorer 8 y superior &#8211; Navegaci\u00f3n Privada<\/li>\n<li>Safari 2 y superior &#8211; Navegaci\u00f3n Privada<\/li>\n<li>Opera 10.5 y superior &#8211; Navegaci\u00f3n Privada<\/li>\n<li>FireFox 3.5 y superior &#8211; Navegaci\u00f3n Privada<\/li>\n<li>Google Chrome 10 y superior &#8211; Inc\u00f3gnito<\/li>\n<\/ul>\n<h2>C\u00f3mo deshabilitar las cookies de terceros<\/h2>\n<p><span>Si se desea conocer las condiciones de privacidad y uso de cookies de terceros, puede acceder las pol\u00edticas de cookies de:<\/span><\/p>\n<ul>\n<li>Facebook:<span> <\/span><a href=\"https:\/\/es-es.facebook.com\/help\/cookies\">https:\/\/es-es.facebook.com\/help\/cookies<\/a><\/li>\n<li>Twitter:<span> <\/span><a href=\"https:\/\/twitter.com\/privacy\">https:\/\/twitter.com\/privacy<\/a><\/li>\n<li>Youtube:<span> <\/span><a href=\"https:\/\/www.google.com\/policies\/technologies\/cookies\/\">https:\/\/www.google.es\/intl\/es\/policies\/technologies\/cookies\/<\/a><\/li>\n<li>Linkedin:<span> <\/span><a href=\"https:\/\/www.linkedin.com\/psettings\/guest-controls\/retargeting-opt-out?trk=microsites-frontend_legal_cookie-policy\">https:\/\/www.linkedin.com\/psettings\/guest-controls\/retargeting-opt-out?trk=microsites-frontend_legal_cookie-policy<\/a><\/li>\n<li>Google:<span> <\/span><a href=\"https:\/\/www.google.es\/intl\/es\/policies\/technologies\/cookies\/\">https:\/\/www.google.es\/intl\/es\/policies\/technologies\/cookies\/<\/a><\/li>\n<\/ul>\n<p>Para obtener m\u00e1s informaci\u00f3n, acceda a nuestra<span> <\/span><strong>Pol\u00edtica de Cookies<\/strong>.<\/p>\n<p>[\/et_pb_text][\/et_pb_column][\/et_pb_row][\/et_pb_section]<\/p>\n","protected":false},"excerpt":{"rendered":"<p>Panel de configuraci\u00f3n de cookiesUtilizamos cookies t\u00e9cnicas necesarias para el funcionamiento y la prestaci\u00f3n de los servicios ofrecidos. Respecto al resto de cookies, a trav\u00e9s del presente Panel de Configuraci\u00f3n, puede aceptar o rechazarlas en su totalidad o puede seleccionar qu\u00e9 tipo de cookies quiere aceptar y cu\u00e1les quiere rechazar. Para obtener m\u00e1s informaci\u00f3n, acceda [&hellip;]<\/p>\n","protected":false},"author":10,"featured_media":0,"parent":0,"menu_order":0,"comment_status":"closed","ping_status":"closed","template":"","meta":{"_acf_changed":false,"_et_pb_use_builder":"on","_et_pb_old_content":"","_et_gb_content_width":"","footnotes":""},"class_list":["post-32802","page","type-page","status-publish","hentry"],"acf":[],"yoast_head":"<!-- This site is optimized with the Yoast SEO plugin v25.5 - https:\/\/yoast.com\/wordpress\/plugins\/seo\/ -->\n<title>Panel de configuraci\u00f3n de cookies | Zennio<\/title>\n<meta name=\"robots\" content=\"index, follow, max-snippet:-1, max-image-preview:large, max-video-preview:-1\" \/>\n<link rel=\"canonical\" href=\"https:\/\/back.zennio.com\/es\/panel-de-configuracion-de-cookies\" \/>\n<meta property=\"og:locale\" content=\"es_ES\" \/>\n<meta property=\"og:type\" content=\"article\" \/>\n<meta property=\"og:title\" content=\"Panel de configuraci\u00f3n de cookies | Zennio\" \/>\n<meta property=\"og:url\" content=\"https:\/\/back.zennio.com\/es\/panel-de-configuracion-de-cookies\" \/>\n<meta property=\"og:site_name\" content=\"Zennio\" \/>\n<meta property=\"article:modified_time\" content=\"2022-12-14T15:44:39+00:00\" \/>\n<meta name=\"twitter:card\" content=\"summary_large_image\" \/>\n<meta name=\"twitter:label1\" content=\"Est. reading time\" \/>\n\t<meta name=\"twitter:data1\" content=\"4 minutes\" \/>\n<script type=\"application\/ld+json\" class=\"yoast-schema-graph\">{\"@context\":\"https:\/\/schema.org\",\"@graph\":[{\"@type\":\"WebPage\",\"@id\":\"https:\/\/back.zennio.com\/es\/panel-de-configuracion-de-cookies\",\"url\":\"https:\/\/back.zennio.com\/es\/panel-de-configuracion-de-cookies\",\"name\":\"Panel de configuraci\u00f3n de cookies | Zennio\",\"isPartOf\":{\"@id\":\"https:\/\/www.zennio.com\/#website\"},\"datePublished\":\"2022-07-09T11:03:51+00:00\",\"dateModified\":\"2022-12-14T15:44:39+00:00\",\"breadcrumb\":{\"@id\":\"https:\/\/back.zennio.com\/es\/panel-de-configuracion-de-cookies#breadcrumb\"},\"inLanguage\":\"es\",\"potentialAction\":[{\"@type\":\"ReadAction\",\"target\":[\"https:\/\/back.zennio.com\/es\/panel-de-configuracion-de-cookies\"]}]},{\"@type\":\"BreadcrumbList\",\"@id\":\"https:\/\/back.zennio.com\/es\/panel-de-configuracion-de-cookies#breadcrumb\",\"itemListElement\":[{\"@type\":\"ListItem\",\"position\":1,\"name\":\"Portada\",\"item\":\"https:\/\/www.zennio.com\/es\/home\"},{\"@type\":\"ListItem\",\"position\":2,\"name\":\"Panel de configuraci\u00f3n de cookies\"}]},{\"@type\":\"WebSite\",\"@id\":\"https:\/\/www.zennio.com\/#website\",\"url\":\"https:\/\/www.zennio.com\/\",\"name\":\"Zennio\",\"description\":\"Zennio Global\",\"potentialAction\":[{\"@type\":\"SearchAction\",\"target\":{\"@type\":\"EntryPoint\",\"urlTemplate\":\"https:\/\/www.zennio.com\/?s={search_term_string}\"},\"query-input\":{\"@type\":\"PropertyValueSpecification\",\"valueRequired\":true,\"valueName\":\"search_term_string\"}}],\"inLanguage\":\"es\"}]}<\/script>\n<!-- \/ Yoast SEO plugin. -->","yoast_head_json":{"title":"Panel de configuraci\u00f3n de cookies | Zennio","robots":{"index":"index","follow":"follow","max-snippet":"max-snippet:-1","max-image-preview":"max-image-preview:large","max-video-preview":"max-video-preview:-1"},"canonical":"https:\/\/back.zennio.com\/es\/panel-de-configuracion-de-cookies","og_locale":"es_ES","og_type":"article","og_title":"Panel de configuraci\u00f3n de cookies | Zennio","og_url":"https:\/\/back.zennio.com\/es\/panel-de-configuracion-de-cookies","og_site_name":"Zennio","article_modified_time":"2022-12-14T15:44:39+00:00","twitter_card":"summary_large_image","twitter_misc":{"Est. reading time":"4 minutes"},"schema":{"@context":"https:\/\/schema.org","@graph":[{"@type":"WebPage","@id":"https:\/\/back.zennio.com\/es\/panel-de-configuracion-de-cookies","url":"https:\/\/back.zennio.com\/es\/panel-de-configuracion-de-cookies","name":"Panel de configuraci\u00f3n de cookies | Zennio","isPartOf":{"@id":"https:\/\/www.zennio.com\/#website"},"datePublished":"2022-07-09T11:03:51+00:00","dateModified":"2022-12-14T15:44:39+00:00","breadcrumb":{"@id":"https:\/\/back.zennio.com\/es\/panel-de-configuracion-de-cookies#breadcrumb"},"inLanguage":"es","potentialAction":[{"@type":"ReadAction","target":["https:\/\/back.zennio.com\/es\/panel-de-configuracion-de-cookies"]}]},{"@type":"BreadcrumbList","@id":"https:\/\/back.zennio.com\/es\/panel-de-configuracion-de-cookies#breadcrumb","itemListElement":[{"@type":"ListItem","position":1,"name":"Portada","item":"https:\/\/www.zennio.com\/es\/home"},{"@type":"ListItem","position":2,"name":"Panel de configuraci\u00f3n de cookies"}]},{"@type":"WebSite","@id":"https:\/\/www.zennio.com\/#website","url":"https:\/\/www.zennio.com\/","name":"Zennio","description":"Zennio Global","potentialAction":[{"@type":"SearchAction","target":{"@type":"EntryPoint","urlTemplate":"https:\/\/www.zennio.com\/?s={search_term_string}"},"query-input":{"@type":"PropertyValueSpecification","valueRequired":true,"valueName":"search_term_string"}}],"inLanguage":"es"}]}},"_links":{"self":[{"href":"https:\/\/back.zennio.com\/es\/wp-json\/wp\/v2\/pages\/32802","targetHints":{"allow":["GET"]}}],"collection":[{"href":"https:\/\/back.zennio.com\/es\/wp-json\/wp\/v2\/pages"}],"about":[{"href":"https:\/\/back.zennio.com\/es\/wp-json\/wp\/v2\/types\/page"}],"author":[{"embeddable":true,"href":"https:\/\/back.zennio.com\/es\/wp-json\/wp\/v2\/users\/10"}],"replies":[{"embeddable":true,"href":"https:\/\/back.zennio.com\/es\/wp-json\/wp\/v2\/comments?post=32802"}],"version-history":[{"count":1,"href":"https:\/\/back.zennio.com\/es\/wp-json\/wp\/v2\/pages\/32802\/revisions"}],"predecessor-version":[{"id":37055,"href":"https:\/\/back.zennio.com\/es\/wp-json\/wp\/v2\/pages\/32802\/revisions\/37055"}],"wp:attachment":[{"href":"https:\/\/back.zennio.com\/es\/wp-json\/wp\/v2\/media?parent=32802"}],"curies":[{"name":"wp","href":"https:\/\/api.w.org\/{rel}","templated":true}]}}