{"id":3860,"date":"2022-02-01T11:36:05","date_gmt":"2022-02-01T10:36:05","guid":{"rendered":"https:\/\/www.zennio.com\/?page_id=3860"},"modified":"2022-02-01T11:46:17","modified_gmt":"2022-02-01T10:46:17","slug":"fondo-social-europeo-osc","status":"publish","type":"page","link":"https:\/\/back.zennio.com\/es\/fondo-social-europeo-osc","title":{"rendered":"Fondo Social Europeo. Fundaci\u00f3n &#8220;La Caixa&#8221;"},"content":{"rendered":"<p>[et_pb_section fb_built=&#8221;1&#8243; _builder_version=&#8221;4.9.0&#8243; _module_preset=&#8221;default&#8221; global_colors_info=&#8221;{}&#8221; theme_builder_area=&#8221;post_content&#8221;][et_pb_row _builder_version=&#8221;4.9.0&#8243; _module_preset=&#8221;default&#8221; max_width=&#8221;800px&#8221; global_colors_info=&#8221;{}&#8221; theme_builder_area=&#8221;post_content&#8221;][et_pb_column type=&#8221;4_4&#8243; _builder_version=&#8221;4.9.0&#8243; _module_preset=&#8221;default&#8221; global_colors_info=&#8221;{}&#8221; theme_builder_area=&#8221;post_content&#8221;][et_pb_text _builder_version=&#8221;4.14.7&#8243; _module_preset=&#8221;default&#8221; hover_enabled=&#8221;0&#8243; global_colors_info=&#8221;{}&#8221; theme_builder_area=&#8221;post_content&#8221; sticky_enabled=&#8221;0&#8243;]<\/p>\n<h1>Subvenci\u00f3n Fondo Social Europeo y la Fundaci\u00f3n \u201cla Caixa\u201d<\/h1>\n<p>Zennio Avance y Tecnolog\u00eda SL ha sido beneficiaria de una ayuda para la contrataci\u00f3n de trabajadores cofinanciada por el Fondo Social Europeo y la Fundaci\u00f3n \u201cla Caixa\u201d.[\/et_pb_text][\/et_pb_column][\/et_pb_row][et_pb_row column_structure=&#8221;1_2,1_2&#8243; _builder_version=&#8221;4.14.7&#8243; _module_preset=&#8221;default&#8221; max_width=&#8221;800px&#8221; hover_enabled=&#8221;0&#8243; global_colors_info=&#8221;{}&#8221; theme_builder_area=&#8221;post_content&#8221; sticky_enabled=&#8221;0&#8243; custom_css_main_element=&#8221;display:flex;||align-items:center;&#8221; custom_css_main_element_last_edited=&#8221;on|desktop&#8221; custom_css_main_element_phone=&#8221;display:inherit;&#8221; custom_css_main_element_tablet=&#8221;display:flex;||align-items:center;&#8221;][et_pb_column type=&#8221;1_2&#8243; _builder_version=&#8221;4.9.0&#8243; _module_preset=&#8221;default&#8221; global_colors_info=&#8221;{}&#8221; theme_builder_area=&#8221;post_content&#8221;][et_pb_image src=&#8221;https:\/\/www.zennio.com\/wp-content\/uploads\/2021\/02\/fse.jpg&#8221; title_text=&#8221;Imprimir&#8221; align=&#8221;center&#8221; _builder_version=&#8221;4.9.0&#8243; _module_preset=&#8221;default&#8221; max_height=&#8221;85px&#8221; global_colors_info=&#8221;{}&#8221; theme_builder_area=&#8221;post_content&#8221;][\/et_pb_image][\/et_pb_column][et_pb_column type=&#8221;1_2&#8243; _builder_version=&#8221;4.9.0&#8243; _module_preset=&#8221;default&#8221; global_colors_info=&#8221;{}&#8221; theme_builder_area=&#8221;post_content&#8221;][et_pb_image src=&#8221;https:\/\/www.zennio.com\/wp-content\/uploads\/2022\/02\/la-caixa-obra-social.jpg&#8221; title_text=&#8221;la-caixa-obra-social&#8221; align=&#8221;center&#8221; _builder_version=&#8221;4.14.7&#8243; _module_preset=&#8221;default&#8221; max_height=&#8221;85px&#8221; hover_enabled=&#8221;0&#8243; global_colors_info=&#8221;{}&#8221; theme_builder_area=&#8221;post_content&#8221; sticky_enabled=&#8221;0&#8243;][\/et_pb_image][\/et_pb_column][\/et_pb_row][\/et_pb_section]<\/p>\n","protected":false},"excerpt":{"rendered":"<p>Subvenci\u00f3n Fondo Social Europeo y la Fundaci\u00f3n \u201cla Caixa\u201d Zennio Avance y Tecnolog\u00eda SL ha sido beneficiaria de una ayuda para la contrataci\u00f3n de trabajadores cofinanciada por el Fondo Social Europeo y la Fundaci\u00f3n \u201cla Caixa\u201d.<\/p>\n","protected":false},"author":10,"featured_media":0,"parent":0,"menu_order":0,"comment_status":"closed","ping_status":"closed","template":"","meta":{"_acf_changed":false,"_et_pb_use_builder":"on","_et_pb_old_content":"","_et_gb_content_width":"","footnotes":""},"class_list":["post-3860","page","type-page","status-publish","hentry"],"acf":[],"yoast_head":"<!-- This site is optimized with the Yoast SEO plugin v25.5 - https:\/\/yoast.com\/wordpress\/plugins\/seo\/ -->\n<title>Fondo Social Europeo. Fundaci\u00f3n &quot;La Caixa&quot; | Zennio<\/title>\n<meta name=\"robots\" content=\"index, follow, max-snippet:-1, max-image-preview:large, max-video-preview:-1\" \/>\n<link rel=\"canonical\" href=\"https:\/\/back.zennio.com\/es\/fondo-social-europeo-osc\" \/>\n<meta property=\"og:locale\" content=\"es_ES\" \/>\n<meta property=\"og:type\" content=\"article\" \/>\n<meta property=\"og:title\" content=\"Fondo Social Europeo. Fundaci\u00f3n &quot;La Caixa&quot; | Zennio\" \/>\n<meta property=\"og:url\" content=\"https:\/\/back.zennio.com\/es\/fondo-social-europeo-osc\" \/>\n<meta property=\"og:site_name\" content=\"Zennio\" \/>\n<meta property=\"article:modified_time\" content=\"2022-02-01T10:46:17+00:00\" \/>\n<meta name=\"twitter:card\" content=\"summary_large_image\" \/>\n<script type=\"application\/ld+json\" class=\"yoast-schema-graph\">{\"@context\":\"https:\/\/schema.org\",\"@graph\":[{\"@type\":\"WebPage\",\"@id\":\"https:\/\/back.zennio.com\/es\/fondo-social-europeo-osc\",\"url\":\"https:\/\/back.zennio.com\/es\/fondo-social-europeo-osc\",\"name\":\"Fondo Social Europeo. Fundaci\u00f3n \\\"La Caixa\\\" | Zennio\",\"isPartOf\":{\"@id\":\"https:\/\/www.zennio.com\/#website\"},\"datePublished\":\"2022-02-01T10:36:05+00:00\",\"dateModified\":\"2022-02-01T10:46:17+00:00\",\"breadcrumb\":{\"@id\":\"https:\/\/back.zennio.com\/es\/fondo-social-europeo-osc#breadcrumb\"},\"inLanguage\":\"es\",\"potentialAction\":[{\"@type\":\"ReadAction\",\"target\":[\"https:\/\/back.zennio.com\/es\/fondo-social-europeo-osc\"]}]},{\"@type\":\"BreadcrumbList\",\"@id\":\"https:\/\/back.zennio.com\/es\/fondo-social-europeo-osc#breadcrumb\",\"itemListElement\":[{\"@type\":\"ListItem\",\"position\":1,\"name\":\"Portada\",\"item\":\"https:\/\/www.zennio.com\/es\/home\"},{\"@type\":\"ListItem\",\"position\":2,\"name\":\"Fondo Social Europeo. Fundaci\u00f3n &#8220;La Caixa&#8221;\"}]},{\"@type\":\"WebSite\",\"@id\":\"https:\/\/www.zennio.com\/#website\",\"url\":\"https:\/\/www.zennio.com\/\",\"name\":\"Zennio\",\"description\":\"Zennio Global\",\"potentialAction\":[{\"@type\":\"SearchAction\",\"target\":{\"@type\":\"EntryPoint\",\"urlTemplate\":\"https:\/\/www.zennio.com\/?s={search_term_string}\"},\"query-input\":{\"@type\":\"PropertyValueSpecification\",\"valueRequired\":true,\"valueName\":\"search_term_string\"}}],\"inLanguage\":\"es\"}]}<\/script>\n<!-- \/ Yoast SEO plugin. -->","yoast_head_json":{"title":"Fondo Social Europeo. Fundaci\u00f3n \"La Caixa\" | Zennio","robots":{"index":"index","follow":"follow","max-snippet":"max-snippet:-1","max-image-preview":"max-image-preview:large","max-video-preview":"max-video-preview:-1"},"canonical":"https:\/\/back.zennio.com\/es\/fondo-social-europeo-osc","og_locale":"es_ES","og_type":"article","og_title":"Fondo Social Europeo. Fundaci\u00f3n \"La Caixa\" | Zennio","og_url":"https:\/\/back.zennio.com\/es\/fondo-social-europeo-osc","og_site_name":"Zennio","article_modified_time":"2022-02-01T10:46:17+00:00","twitter_card":"summary_large_image","schema":{"@context":"https:\/\/schema.org","@graph":[{"@type":"WebPage","@id":"https:\/\/back.zennio.com\/es\/fondo-social-europeo-osc","url":"https:\/\/back.zennio.com\/es\/fondo-social-europeo-osc","name":"Fondo Social Europeo. Fundaci\u00f3n \"La Caixa\" | Zennio","isPartOf":{"@id":"https:\/\/www.zennio.com\/#website"},"datePublished":"2022-02-01T10:36:05+00:00","dateModified":"2022-02-01T10:46:17+00:00","breadcrumb":{"@id":"https:\/\/back.zennio.com\/es\/fondo-social-europeo-osc#breadcrumb"},"inLanguage":"es","potentialAction":[{"@type":"ReadAction","target":["https:\/\/back.zennio.com\/es\/fondo-social-europeo-osc"]}]},{"@type":"BreadcrumbList","@id":"https:\/\/back.zennio.com\/es\/fondo-social-europeo-osc#breadcrumb","itemListElement":[{"@type":"ListItem","position":1,"name":"Portada","item":"https:\/\/www.zennio.com\/es\/home"},{"@type":"ListItem","position":2,"name":"Fondo Social Europeo. Fundaci\u00f3n &#8220;La Caixa&#8221;"}]},{"@type":"WebSite","@id":"https:\/\/www.zennio.com\/#website","url":"https:\/\/www.zennio.com\/","name":"Zennio","description":"Zennio Global","potentialAction":[{"@type":"SearchAction","target":{"@type":"EntryPoint","urlTemplate":"https:\/\/www.zennio.com\/?s={search_term_string}"},"query-input":{"@type":"PropertyValueSpecification","valueRequired":true,"valueName":"search_term_string"}}],"inLanguage":"es"}]}},"_links":{"self":[{"href":"https:\/\/back.zennio.com\/es\/wp-json\/wp\/v2\/pages\/3860","targetHints":{"allow":["GET"]}}],"collection":[{"href":"https:\/\/back.zennio.com\/es\/wp-json\/wp\/v2\/pages"}],"about":[{"href":"https:\/\/back.zennio.com\/es\/wp-json\/wp\/v2\/types\/page"}],"author":[{"embeddable":true,"href":"https:\/\/back.zennio.com\/es\/wp-json\/wp\/v2\/users\/10"}],"replies":[{"embeddable":true,"href":"https:\/\/back.zennio.com\/es\/wp-json\/wp\/v2\/comments?post=3860"}],"version-history":[{"count":0,"href":"https:\/\/back.zennio.com\/es\/wp-json\/wp\/v2\/pages\/3860\/revisions"}],"wp:attachment":[{"href":"https:\/\/back.zennio.com\/es\/wp-json\/wp\/v2\/media?parent=3860"}],"curies":[{"name":"wp","href":"https:\/\/api.w.org\/{rel}","templated":true}]}}