{"id":3863,"date":"2022-02-01T11:36:54","date_gmt":"2022-02-01T10:36:54","guid":{"rendered":"https:\/\/www.zennio.com\/?page_id=3863"},"modified":"2022-02-01T11:50:36","modified_gmt":"2022-02-01T10:50:36","slug":"mcd-bienes-industriales-qatar-2019","status":"publish","type":"page","link":"https:\/\/back.zennio.com\/es\/mcd-bienes-industriales-qatar-2019","title":{"rendered":"MCD Bienes industriales Qatar 2019"},"content":{"rendered":"<p>[et_pb_section fb_built=&#8221;1&#8243; _builder_version=&#8221;4.9.0&#8243; _module_preset=&#8221;default&#8221; global_colors_info=&#8221;{}&#8221; theme_builder_area=&#8221;post_content&#8221;][et_pb_row _builder_version=&#8221;4.9.0&#8243; _module_preset=&#8221;default&#8221; max_width=&#8221;800px&#8221; global_colors_info=&#8221;{}&#8221; theme_builder_area=&#8221;post_content&#8221;][et_pb_column type=&#8221;4_4&#8243; _builder_version=&#8221;4.9.0&#8243; _module_preset=&#8221;default&#8221; global_colors_info=&#8221;{}&#8221; theme_builder_area=&#8221;post_content&#8221;][et_pb_text _builder_version=&#8221;4.14.7&#8243; _module_preset=&#8221;default&#8221; hover_enabled=&#8221;0&#8243; global_colors_info=&#8221;{}&#8221; theme_builder_area=&#8221;post_content&#8221; sticky_enabled=&#8221;0&#8243;]<\/p>\n<h1>MCD Bienes industriales Qatar 2019<\/h1>\n<p><span><\/span><\/p>\n<p><span>Como apoyo al proceso de Internacionalizaci\u00f3n<\/span><\/p>\n<p><span><\/span><\/p>\n<p><span><\/span><\/p>\n<h2>Zennio Avance y Tecnolog\u00eda S.L.<\/h2>\n<p>Ha participado en Acciones Agrupadas de Promoci\u00f3n Internacional convocadas por el IPEX cuya finalidad es favorecer la internacionalizaci\u00f3n del tejido empresarial y productivo regional, contribuyendo a incrementar su presencia en los principales mercados internacionales.<\/p>\n<p>Para llevar a cabo esta actuaci\u00f3n, ha contado con el apoyo financiero de la Junta de Comunidades de Castilla-La Mancha, a trav\u00e9s del IPEX, as\u00ed como con la cofinanciaci\u00f3n del Fondo Europeo de Desarrollo Regional (FEDER) en el marco del programa operativo 2014-2020, OT3 Conseguir un tejido empresarial m\u00e1s competitivo, habiendo contribuido al crecimiento econ\u00f3mico de esta empresa, de Castilla-La Mancha y de Espa\u00f1a en su conjunto.<\/p>\n<p>Ayudas para la participaci\u00f3n agrupada en acciones de internacionalizaci\u00f3n.<\/p>\n<p>Concesi\u00f3n de ayuda y participaci\u00f3n en misi\u00f3n comercial directa a Qatar 2019.<\/p>\n<p>Objetivo del proyecto: apertura de nuevos clientes y cierre de operaciones comerciales.<\/p>\n<p>Proyecto cofinanciado por la Junta de Comunidades de Castilla-La Mancha y la Uni\u00f3n Europea a trav\u00e9s del Fondo Europeo de Desarrollo Regional.<\/p>\n<p><strong>El FSE invierte en tu futuro<\/strong><\/p>\n<p>[\/et_pb_text][\/et_pb_column][\/et_pb_row][et_pb_row column_structure=&#8221;1_3,1_3,1_3&#8243; _builder_version=&#8221;4.14.7&#8243; _module_preset=&#8221;default&#8221; max_width=&#8221;800px&#8221; hover_enabled=&#8221;0&#8243; custom_css_main_element=&#8221;display:flex;||align-items:center;&#8221; global_colors_info=&#8221;{}&#8221; custom_css_main_element_last_edited=&#8221;on|desktop&#8221; custom_css_main_element_phone=&#8221;display:inherit;&#8221; custom_css_main_element_tablet=&#8221;display:flex;||align-items:center;&#8221; theme_builder_area=&#8221;post_content&#8221; sticky_enabled=&#8221;0&#8243;][et_pb_column type=&#8221;1_3&#8243; _builder_version=&#8221;4.9.0&#8243; _module_preset=&#8221;default&#8221; global_colors_info=&#8221;{}&#8221; theme_builder_area=&#8221;post_content&#8221;][et_pb_image src=&#8221;https:\/\/www.zennio.com\/wp-content\/uploads\/2021\/02\/fse.jpg&#8221; title_text=&#8221;Imprimir&#8221; align=&#8221;center&#8221; _builder_version=&#8221;4.9.0&#8243; _module_preset=&#8221;default&#8221; max_height=&#8221;85px&#8221; global_colors_info=&#8221;{}&#8221; theme_builder_area=&#8221;post_content&#8221;][\/et_pb_image][\/et_pb_column][et_pb_column type=&#8221;1_3&#8243; _builder_version=&#8221;4.9.0&#8243; _module_preset=&#8221;default&#8221; global_colors_info=&#8221;{}&#8221; theme_builder_area=&#8221;post_content&#8221;][et_pb_image src=&#8221;https:\/\/www.zennio.com\/wp-content\/uploads\/2021\/02\/castilla-la-mancha.png&#8221; title_text=&#8221;castilla-la-mancha&#8221; align=&#8221;center&#8221; _builder_version=&#8221;4.14.7&#8243; _module_preset=&#8221;default&#8221; max_height=&#8221;85px&#8221; hover_enabled=&#8221;0&#8243; global_colors_info=&#8221;{}&#8221; theme_builder_area=&#8221;post_content&#8221; sticky_enabled=&#8221;0&#8243;][\/et_pb_image][\/et_pb_column][et_pb_column type=&#8221;1_3&#8243; _builder_version=&#8221;4.9.0&#8243; _module_preset=&#8221;default&#8221; global_colors_info=&#8221;{}&#8221; theme_builder_area=&#8221;post_content&#8221;][et_pb_image src=&#8221;https:\/\/www.zennio.com\/wp-content\/uploads\/2022\/02\/ipex.png&#8221; title_text=&#8221;ipex&#8221; align=&#8221;center&#8221; _builder_version=&#8221;4.14.7&#8243; _module_preset=&#8221;default&#8221; max_height=&#8221;85px&#8221; hover_enabled=&#8221;0&#8243; global_colors_info=&#8221;{}&#8221; theme_builder_area=&#8221;post_content&#8221; sticky_enabled=&#8221;0&#8243;][\/et_pb_image][\/et_pb_column][\/et_pb_row][\/et_pb_section]<\/p>\n","protected":false},"excerpt":{"rendered":"<p>MCD Bienes industriales Qatar 2019 Como apoyo al proceso de Internacionalizaci\u00f3n Zennio Avance y Tecnolog\u00eda S.L. Ha participado en Acciones Agrupadas de Promoci\u00f3n Internacional convocadas por el IPEX cuya finalidad es favorecer la internacionalizaci\u00f3n del tejido empresarial y productivo regional, contribuyendo a incrementar su presencia en los principales mercados internacionales. Para llevar a cabo esta [&hellip;]<\/p>\n","protected":false},"author":10,"featured_media":0,"parent":0,"menu_order":0,"comment_status":"closed","ping_status":"closed","template":"","meta":{"_acf_changed":false,"_et_pb_use_builder":"on","_et_pb_old_content":"","_et_gb_content_width":"","footnotes":""},"class_list":["post-3863","page","type-page","status-publish","hentry"],"acf":[],"yoast_head":"<!-- This site is optimized with the Yoast SEO plugin v25.5 - https:\/\/yoast.com\/wordpress\/plugins\/seo\/ -->\n<title>MCD Bienes industriales Qatar 2019 | Zennio<\/title>\n<meta name=\"robots\" content=\"index, follow, max-snippet:-1, max-image-preview:large, max-video-preview:-1\" \/>\n<link rel=\"canonical\" href=\"https:\/\/back.zennio.com\/es\/mcd-bienes-industriales-qatar-2019\" \/>\n<meta property=\"og:locale\" content=\"es_ES\" \/>\n<meta property=\"og:type\" content=\"article\" \/>\n<meta property=\"og:title\" content=\"MCD Bienes industriales Qatar 2019 | Zennio\" \/>\n<meta property=\"og:url\" content=\"https:\/\/back.zennio.com\/es\/mcd-bienes-industriales-qatar-2019\" \/>\n<meta property=\"og:site_name\" content=\"Zennio\" \/>\n<meta property=\"article:modified_time\" content=\"2022-02-01T10:50:36+00:00\" \/>\n<meta name=\"twitter:card\" content=\"summary_large_image\" \/>\n<script type=\"application\/ld+json\" class=\"yoast-schema-graph\">{\"@context\":\"https:\/\/schema.org\",\"@graph\":[{\"@type\":\"WebPage\",\"@id\":\"https:\/\/back.zennio.com\/es\/mcd-bienes-industriales-qatar-2019\",\"url\":\"https:\/\/back.zennio.com\/es\/mcd-bienes-industriales-qatar-2019\",\"name\":\"MCD Bienes industriales Qatar 2019 | Zennio\",\"isPartOf\":{\"@id\":\"https:\/\/www.zennio.com\/#website\"},\"datePublished\":\"2022-02-01T10:36:54+00:00\",\"dateModified\":\"2022-02-01T10:50:36+00:00\",\"breadcrumb\":{\"@id\":\"https:\/\/back.zennio.com\/es\/mcd-bienes-industriales-qatar-2019#breadcrumb\"},\"inLanguage\":\"es\",\"potentialAction\":[{\"@type\":\"ReadAction\",\"target\":[\"https:\/\/back.zennio.com\/es\/mcd-bienes-industriales-qatar-2019\"]}]},{\"@type\":\"BreadcrumbList\",\"@id\":\"https:\/\/back.zennio.com\/es\/mcd-bienes-industriales-qatar-2019#breadcrumb\",\"itemListElement\":[{\"@type\":\"ListItem\",\"position\":1,\"name\":\"Portada\",\"item\":\"https:\/\/www.zennio.com\/es\/home\"},{\"@type\":\"ListItem\",\"position\":2,\"name\":\"MCD Bienes industriales Qatar 2019\"}]},{\"@type\":\"WebSite\",\"@id\":\"https:\/\/www.zennio.com\/#website\",\"url\":\"https:\/\/www.zennio.com\/\",\"name\":\"Zennio\",\"description\":\"Zennio Global\",\"potentialAction\":[{\"@type\":\"SearchAction\",\"target\":{\"@type\":\"EntryPoint\",\"urlTemplate\":\"https:\/\/www.zennio.com\/?s={search_term_string}\"},\"query-input\":{\"@type\":\"PropertyValueSpecification\",\"valueRequired\":true,\"valueName\":\"search_term_string\"}}],\"inLanguage\":\"es\"}]}<\/script>\n<!-- \/ Yoast SEO plugin. -->","yoast_head_json":{"title":"MCD Bienes industriales Qatar 2019 | Zennio","robots":{"index":"index","follow":"follow","max-snippet":"max-snippet:-1","max-image-preview":"max-image-preview:large","max-video-preview":"max-video-preview:-1"},"canonical":"https:\/\/back.zennio.com\/es\/mcd-bienes-industriales-qatar-2019","og_locale":"es_ES","og_type":"article","og_title":"MCD Bienes industriales Qatar 2019 | Zennio","og_url":"https:\/\/back.zennio.com\/es\/mcd-bienes-industriales-qatar-2019","og_site_name":"Zennio","article_modified_time":"2022-02-01T10:50:36+00:00","twitter_card":"summary_large_image","schema":{"@context":"https:\/\/schema.org","@graph":[{"@type":"WebPage","@id":"https:\/\/back.zennio.com\/es\/mcd-bienes-industriales-qatar-2019","url":"https:\/\/back.zennio.com\/es\/mcd-bienes-industriales-qatar-2019","name":"MCD Bienes industriales Qatar 2019 | Zennio","isPartOf":{"@id":"https:\/\/www.zennio.com\/#website"},"datePublished":"2022-02-01T10:36:54+00:00","dateModified":"2022-02-01T10:50:36+00:00","breadcrumb":{"@id":"https:\/\/back.zennio.com\/es\/mcd-bienes-industriales-qatar-2019#breadcrumb"},"inLanguage":"es","potentialAction":[{"@type":"ReadAction","target":["https:\/\/back.zennio.com\/es\/mcd-bienes-industriales-qatar-2019"]}]},{"@type":"BreadcrumbList","@id":"https:\/\/back.zennio.com\/es\/mcd-bienes-industriales-qatar-2019#breadcrumb","itemListElement":[{"@type":"ListItem","position":1,"name":"Portada","item":"https:\/\/www.zennio.com\/es\/home"},{"@type":"ListItem","position":2,"name":"MCD Bienes industriales Qatar 2019"}]},{"@type":"WebSite","@id":"https:\/\/www.zennio.com\/#website","url":"https:\/\/www.zennio.com\/","name":"Zennio","description":"Zennio Global","potentialAction":[{"@type":"SearchAction","target":{"@type":"EntryPoint","urlTemplate":"https:\/\/www.zennio.com\/?s={search_term_string}"},"query-input":{"@type":"PropertyValueSpecification","valueRequired":true,"valueName":"search_term_string"}}],"inLanguage":"es"}]}},"_links":{"self":[{"href":"https:\/\/back.zennio.com\/es\/wp-json\/wp\/v2\/pages\/3863","targetHints":{"allow":["GET"]}}],"collection":[{"href":"https:\/\/back.zennio.com\/es\/wp-json\/wp\/v2\/pages"}],"about":[{"href":"https:\/\/back.zennio.com\/es\/wp-json\/wp\/v2\/types\/page"}],"author":[{"embeddable":true,"href":"https:\/\/back.zennio.com\/es\/wp-json\/wp\/v2\/users\/10"}],"replies":[{"embeddable":true,"href":"https:\/\/back.zennio.com\/es\/wp-json\/wp\/v2\/comments?post=3863"}],"version-history":[{"count":0,"href":"https:\/\/back.zennio.com\/es\/wp-json\/wp\/v2\/pages\/3863\/revisions"}],"wp:attachment":[{"href":"https:\/\/back.zennio.com\/es\/wp-json\/wp\/v2\/media?parent=3863"}],"curies":[{"name":"wp","href":"https:\/\/api.w.org\/{rel}","templated":true}]}}