{"id":3907,"date":"2022-02-05T17:46:51","date_gmt":"2022-02-05T16:46:51","guid":{"rendered":"https:\/\/www.zennio.com\/productos\/"},"modified":"2023-01-16T15:27:27","modified_gmt":"2023-01-16T14:27:27","slug":"productos","status":"publish","type":"page","link":"https:\/\/back.zennio.com\/es\/productos","title":{"rendered":"Productos"},"content":{"rendered":"<p>[et_pb_section fb_built=&#8221;1&#8243; _builder_version=&#8221;4.16&#8243; _module_preset=&#8221;default&#8221; background_color=&#8221;#000000&#8243; custom_padding=&#8221;2rem||2rem||true|false&#8221; locked=&#8221;off&#8221; global_colors_info=&#8221;{}&#8221;][et_pb_row _builder_version=&#8221;4.16&#8243; _module_preset=&#8221;default&#8221; custom_padding=&#8221;0px||||false|false&#8221; global_colors_info=&#8221;{}&#8221;][et_pb_column type=&#8221;4_4&#8243; _builder_version=&#8221;4.16&#8243; _module_preset=&#8221;default&#8221; global_colors_info=&#8221;{}&#8221;][et_pb_text _builder_version=&#8221;4.16&#8243; _module_preset=&#8221;default&#8221; text_text_color=&#8221;#FBF2F2&#8243; text_font_size=&#8221;37px&#8221; text_line_height=&#8221;1.6em&#8221; header_font=&#8221;Brandon||||||||&#8221; header_text_color=&#8221;#FBF2F2&#8243; header_font_size=&#8221;75px&#8221; header_line_height=&#8221;1.7em&#8221; text_font_size_tablet=&#8221;37px&#8221; text_font_size_phone=&#8221;21px&#8221; text_font_size_last_edited=&#8221;on|phone&#8221; header_font_size_tablet=&#8221;75px&#8221; header_font_size_phone=&#8221;42px&#8221; header_font_size_last_edited=&#8221;on|phone&#8221; global_colors_info=&#8221;{}&#8221;]<\/p>\n<h1>Cat\u00e1logo de productos<\/h1>\n<p>Descubre el cat\u00e1logo de productos m\u00e1s completo del mercado<\/p>\n<p>[\/et_pb_text][\/et_pb_column][\/et_pb_row][\/et_pb_section][et_pb_section fb_built=&#8221;1&#8243; _builder_version=&#8221;4.16&#8243; _module_preset=&#8221;default&#8221; global_colors_info=&#8221;{}&#8221;][et_pb_row column_structure=&#8221;1_3,1_3,1_3&#8243; _builder_version=&#8221;4.16&#8243; _module_preset=&#8221;default&#8221; global_colors_info=&#8221;{}&#8221;][et_pb_column type=&#8221;1_3&#8243; _builder_version=&#8221;4.16&#8243; _module_preset=&#8221;default&#8221; global_colors_info=&#8221;{}&#8221;][et_pb_blurb title=&#8221;Productos KNX&#8221; url=&#8221;https:\/\/www.zennio.com\/es\/productos\/knx-es\/&#8221; image=&#8221;https:\/\/www.zennio.com\/wp-content\/uploads\/2022\/01\/knx-products-1024&#215;841.jpg&#8221; _builder_version=&#8221;4.16&#8243; _module_preset=&#8221;default&#8221; header_font=&#8221;|||on|||||&#8221; animation_style=&#8221;slide&#8221; link_option_url=&#8221;https:\/\/www.zennio.com\/es\/productos\/knx-es\/&#8221; global_colors_info=&#8221;{}&#8221;][\/et_pb_blurb][\/et_pb_column][et_pb_column type=&#8221;1_3&#8243; _builder_version=&#8221;4.16&#8243; _module_preset=&#8221;default&#8221; global_colors_info=&#8221;{}&#8221;][et_pb_blurb title=&#8221;Videoportero&#8221; url=&#8221;https:\/\/www.zennio.com\/es\/productos\/video-portero\/&#8221; image=&#8221;https:\/\/www.zennio.com\/wp-content\/uploads\/2022\/01\/video-intercom-1024&#215;841.jpg&#8221; _builder_version=&#8221;4.16&#8243; _module_preset=&#8221;default&#8221; header_font=&#8221;|||on|||||&#8221; animation_style=&#8221;slide&#8221; link_option_url=&#8221;https:\/\/www.zennio.com\/es\/productos\/video-portero\/&#8221; global_colors_info=&#8221;{}&#8221;][\/et_pb_blurb][\/et_pb_column][et_pb_column type=&#8221;1_3&#8243; _builder_version=&#8221;4.16&#8243; _module_preset=&#8221;default&#8221; global_colors_info=&#8221;{}&#8221;][et_pb_blurb title=&#8221;Mecanismos e Interruptores&#8221; url=&#8221;https:\/\/www.zennio.com\/es\/productos\/mecanismos-interruptores\/&#8221; image=&#8221;https:\/\/www.zennio.com\/wp-content\/uploads\/2022\/01\/switches-and-sockets-1024&#215;841.jpg&#8221; _builder_version=&#8221;4.16&#8243; _module_preset=&#8221;default&#8221; header_font=&#8221;|||on|||||&#8221; animation_style=&#8221;slide&#8221; link_option_url=&#8221;https:\/\/www.zennio.com\/es\/productos\/mecanismos-interruptores\/&#8221; global_colors_info=&#8221;{}&#8221;][\/et_pb_blurb][\/et_pb_column][\/et_pb_row][\/et_pb_section][et_pb_section fb_built=&#8221;1&#8243; _builder_version=&#8221;4.16&#8243; _module_preset=&#8221;default&#8221; custom_padding=&#8221;0px||||false|false&#8221; global_colors_info=&#8221;{}&#8221;][et_pb_row _builder_version=&#8221;4.16&#8243; _module_preset=&#8221;default&#8221; custom_padding=&#8221;0px||||false|false&#8221; global_colors_info=&#8221;{}&#8221;][et_pb_column type=&#8221;4_4&#8243; _builder_version=&#8221;4.16&#8243; _module_preset=&#8221;default&#8221; global_colors_info=&#8221;{}&#8221;][et_pb_text _builder_version=&#8221;4.16&#8243; _module_preset=&#8221;default&#8221; global_colors_info=&#8221;{}&#8221;]<\/p>\n<h2>La mejor dom\u00f3tica del mercado<\/h2>\n<p>En Zennio llevamos 18 a\u00f1os ofreciendo los \u00faltimos adelantos tecnol\u00f3gicos para el hogar. Las nuevas soluciones y sistemas permiten reducir el consumo energ\u00e9tico optimizando la gesti\u00f3n de instalaciones como climatizaci\u00f3n, iluminaci\u00f3n, o cerramientos y vali\u00e9ndose de economizadores de energ\u00eda, que contribuyen a una mayor eficiencia energ\u00e9tica y a disminuir las facturas de suministros. Adem\u00e1s, estos sistemas pueden ser f\u00e1cilmente controlables, desde cualquier lugar y en cualquier momento a trav\u00e9s de un tel\u00e9fono m\u00f3vil o tablet.<\/p>\n<p>Esta misma tecnolog\u00eda es utilizada en grandes superficies como hoteles y edificios de oficinas, donde un sistema de gesti\u00f3n integral ayuda a disminuir el consumo energ\u00e9tico de manera significativa. Del mismo modo estos dispositivos agilizan determinadas funciones y permiten obtener datos fiables sobre lo que ocurre en el propio edificio, como sistemas de control de acceso, video porter\u00eda o sensores.<\/p>\n<p>[\/et_pb_text][\/et_pb_column][\/et_pb_row][et_pb_row _builder_version=&#8221;4.16&#8243; _module_preset=&#8221;default&#8221; global_colors_info=&#8221;{}&#8221;][et_pb_column type=&#8221;4_4&#8243; _builder_version=&#8221;4.16&#8243; _module_preset=&#8221;default&#8221; global_colors_info=&#8221;{}&#8221;][et_pb_text _builder_version=&#8221;4.16&#8243; _module_preset=&#8221;default&#8221; global_colors_info=&#8221;{}&#8221;]<\/p>\n<h2>Conoce nuestros sistemas<\/h2>\n<p>Todas estas ventajas hacen que cada d\u00eda m\u00e1s personas opten por mejorar sus hogares y empresas con soluciones dom\u00f3ticas que les permitan controlar mejor diferentes aspectos de su vivienda o lugar de trabajo. En Zennio ponemos a tu disposici\u00f3n uno de los cat\u00e1logos m\u00e1s amplios del mercado, tanto de productos como de servicios. Desde productos KNX para el control de iluminaci\u00f3n, climatizaci\u00f3n, sensores, interruptores o multimedia hasta videoporteros y accesorios el\u00e9ctricos con los que hacer que tu espacio sea a\u00fan m\u00e1s inteligente.<\/p>\n<p>Si est\u00e1s pensando en un mejor entorno de trabajo o lugar de residencia, estaremos encantados de ayudarte a lo largo del proceso de transformaci\u00f3n a trav\u00e9s de nuestro excelente servicio de atenci\u00f3n al cliente. Te asesoraremos sobre tu proyecto de principio a fin y podr\u00e1s dise\u00f1ar y personalizar algunos de nuestros productos a tu gusto, como ocurre con nuestros pulsadores capacitivos. \u00a1Echa un vistazo a nuestro amplio cat\u00e1logo!<\/p>\n<p>[\/et_pb_text][\/et_pb_column][\/et_pb_row][\/et_pb_section]<\/p>\n","protected":false},"excerpt":{"rendered":"<p>Cat\u00e1logo de productos Descubre el cat\u00e1logo de productos m\u00e1s completo del mercadoLa mejor dom\u00f3tica del mercado En Zennio llevamos 18 a\u00f1os ofreciendo los \u00faltimos adelantos tecnol\u00f3gicos para el hogar. Las nuevas soluciones y sistemas permiten reducir el consumo energ\u00e9tico optimizando la gesti\u00f3n de instalaciones como climatizaci\u00f3n, iluminaci\u00f3n, o cerramientos y vali\u00e9ndose de economizadores de energ\u00eda, [&hellip;]<\/p>\n","protected":false},"author":10,"featured_media":0,"parent":0,"menu_order":0,"comment_status":"closed","ping_status":"closed","template":"","meta":{"_acf_changed":false,"_et_pb_use_builder":"on","_et_pb_old_content":"","_et_gb_content_width":"","footnotes":""},"class_list":["post-3907","page","type-page","status-publish","hentry"],"acf":[],"yoast_head":"<!-- This site is optimized with the Yoast SEO plugin v25.5 - https:\/\/yoast.com\/wordpress\/plugins\/seo\/ -->\n<title>Cat\u00e1logo de Productos \u27a1\ufe0f Zennio \u00ae<\/title>\n<meta name=\"description\" content=\"Cat\u00e1logo completo de Productos de Zennio \u00ae \u27a1\ufe0f El mayor fabricante y distribuidor homologado de productos de dom\u00f3tica KNX\" \/>\n<meta name=\"robots\" content=\"index, follow, max-snippet:-1, max-image-preview:large, max-video-preview:-1\" \/>\n<link rel=\"canonical\" href=\"https:\/\/back.zennio.com\/es\/productos\" \/>\n<meta property=\"og:locale\" content=\"es_ES\" \/>\n<meta property=\"og:type\" content=\"article\" \/>\n<meta property=\"og:title\" content=\"Cat\u00e1logo de Productos \u27a1\ufe0f Zennio \u00ae\" \/>\n<meta property=\"og:description\" content=\"Cat\u00e1logo completo de Productos de Zennio \u00ae \u27a1\ufe0f El mayor fabricante y distribuidor homologado de productos de dom\u00f3tica KNX\" \/>\n<meta property=\"og:url\" content=\"https:\/\/back.zennio.com\/es\/productos\" \/>\n<meta property=\"og:site_name\" content=\"Zennio\" \/>\n<meta property=\"article:modified_time\" content=\"2023-01-16T14:27:27+00:00\" \/>\n<meta name=\"twitter:card\" content=\"summary_large_image\" \/>\n<meta name=\"twitter:label1\" content=\"Est. reading time\" \/>\n\t<meta name=\"twitter:data1\" content=\"2 minutes\" \/>\n<script type=\"application\/ld+json\" class=\"yoast-schema-graph\">{\"@context\":\"https:\/\/schema.org\",\"@graph\":[{\"@type\":\"WebPage\",\"@id\":\"https:\/\/back.zennio.com\/es\/productos\",\"url\":\"https:\/\/back.zennio.com\/es\/productos\",\"name\":\"Cat\u00e1logo de Productos \u27a1\ufe0f Zennio \u00ae\",\"isPartOf\":{\"@id\":\"https:\/\/www.zennio.com\/#website\"},\"datePublished\":\"2022-02-05T16:46:51+00:00\",\"dateModified\":\"2023-01-16T14:27:27+00:00\",\"description\":\"Cat\u00e1logo completo de Productos de Zennio \u00ae \u27a1\ufe0f El mayor fabricante y distribuidor homologado de productos de dom\u00f3tica KNX\",\"breadcrumb\":{\"@id\":\"https:\/\/back.zennio.com\/es\/productos#breadcrumb\"},\"inLanguage\":\"es\",\"potentialAction\":[{\"@type\":\"ReadAction\",\"target\":[\"https:\/\/back.zennio.com\/es\/productos\"]}]},{\"@type\":\"BreadcrumbList\",\"@id\":\"https:\/\/back.zennio.com\/es\/productos#breadcrumb\",\"itemListElement\":[{\"@type\":\"ListItem\",\"position\":1,\"name\":\"Portada\",\"item\":\"https:\/\/www.zennio.com\/es\/home\"},{\"@type\":\"ListItem\",\"position\":2,\"name\":\"Productos\"}]},{\"@type\":\"WebSite\",\"@id\":\"https:\/\/www.zennio.com\/#website\",\"url\":\"https:\/\/www.zennio.com\/\",\"name\":\"Zennio\",\"description\":\"Zennio Global\",\"potentialAction\":[{\"@type\":\"SearchAction\",\"target\":{\"@type\":\"EntryPoint\",\"urlTemplate\":\"https:\/\/www.zennio.com\/?s={search_term_string}\"},\"query-input\":{\"@type\":\"PropertyValueSpecification\",\"valueRequired\":true,\"valueName\":\"search_term_string\"}}],\"inLanguage\":\"es\"}]}<\/script>\n<!-- \/ Yoast SEO plugin. -->","yoast_head_json":{"title":"Cat\u00e1logo de Productos \u27a1\ufe0f Zennio \u00ae","description":"Cat\u00e1logo completo de Productos de Zennio \u00ae \u27a1\ufe0f El mayor fabricante y distribuidor homologado de productos de dom\u00f3tica KNX","robots":{"index":"index","follow":"follow","max-snippet":"max-snippet:-1","max-image-preview":"max-image-preview:large","max-video-preview":"max-video-preview:-1"},"canonical":"https:\/\/back.zennio.com\/es\/productos","og_locale":"es_ES","og_type":"article","og_title":"Cat\u00e1logo de Productos \u27a1\ufe0f Zennio \u00ae","og_description":"Cat\u00e1logo completo de Productos de Zennio \u00ae \u27a1\ufe0f El mayor fabricante y distribuidor homologado de productos de dom\u00f3tica KNX","og_url":"https:\/\/back.zennio.com\/es\/productos","og_site_name":"Zennio","article_modified_time":"2023-01-16T14:27:27+00:00","twitter_card":"summary_large_image","twitter_misc":{"Est. reading time":"2 minutes"},"schema":{"@context":"https:\/\/schema.org","@graph":[{"@type":"WebPage","@id":"https:\/\/back.zennio.com\/es\/productos","url":"https:\/\/back.zennio.com\/es\/productos","name":"Cat\u00e1logo de Productos \u27a1\ufe0f Zennio \u00ae","isPartOf":{"@id":"https:\/\/www.zennio.com\/#website"},"datePublished":"2022-02-05T16:46:51+00:00","dateModified":"2023-01-16T14:27:27+00:00","description":"Cat\u00e1logo completo de Productos de Zennio \u00ae \u27a1\ufe0f El mayor fabricante y distribuidor homologado de productos de dom\u00f3tica KNX","breadcrumb":{"@id":"https:\/\/back.zennio.com\/es\/productos#breadcrumb"},"inLanguage":"es","potentialAction":[{"@type":"ReadAction","target":["https:\/\/back.zennio.com\/es\/productos"]}]},{"@type":"BreadcrumbList","@id":"https:\/\/back.zennio.com\/es\/productos#breadcrumb","itemListElement":[{"@type":"ListItem","position":1,"name":"Portada","item":"https:\/\/www.zennio.com\/es\/home"},{"@type":"ListItem","position":2,"name":"Productos"}]},{"@type":"WebSite","@id":"https:\/\/www.zennio.com\/#website","url":"https:\/\/www.zennio.com\/","name":"Zennio","description":"Zennio Global","potentialAction":[{"@type":"SearchAction","target":{"@type":"EntryPoint","urlTemplate":"https:\/\/www.zennio.com\/?s={search_term_string}"},"query-input":{"@type":"PropertyValueSpecification","valueRequired":true,"valueName":"search_term_string"}}],"inLanguage":"es"}]}},"_links":{"self":[{"href":"https:\/\/back.zennio.com\/es\/wp-json\/wp\/v2\/pages\/3907","targetHints":{"allow":["GET"]}}],"collection":[{"href":"https:\/\/back.zennio.com\/es\/wp-json\/wp\/v2\/pages"}],"about":[{"href":"https:\/\/back.zennio.com\/es\/wp-json\/wp\/v2\/types\/page"}],"author":[{"embeddable":true,"href":"https:\/\/back.zennio.com\/es\/wp-json\/wp\/v2\/users\/10"}],"replies":[{"embeddable":true,"href":"https:\/\/back.zennio.com\/es\/wp-json\/wp\/v2\/comments?post=3907"}],"version-history":[{"count":1,"href":"https:\/\/back.zennio.com\/es\/wp-json\/wp\/v2\/pages\/3907\/revisions"}],"predecessor-version":[{"id":39547,"href":"https:\/\/back.zennio.com\/es\/wp-json\/wp\/v2\/pages\/3907\/revisions\/39547"}],"wp:attachment":[{"href":"https:\/\/back.zennio.com\/es\/wp-json\/wp\/v2\/media?parent=3907"}],"curies":[{"name":"wp","href":"https:\/\/api.w.org\/{rel}","templated":true}]}}