{"id":41217,"date":"2023-02-13T10:34:17","date_gmt":"2023-02-13T09:34:17","guid":{"rendered":"https:\/\/www.zennio.com\/certificates-and-quality"},"modified":"2024-09-11T09:33:33","modified_gmt":"2024-09-11T07:33:33","slug":"certificates-and-quality","status":"publish","type":"page","link":"https:\/\/back.zennio.com\/es\/certificates-and-quality","title":{"rendered":"Certificados y Calidad"},"content":{"rendered":"<p>[et_pb_section fb_built=&#8221;1&#8243; module_id=&#8221;section-lang-selector&#8221; _builder_version=&#8221;4.16&#8243; _module_preset=&#8221;default&#8221; background_color=&#8221;#001111&#8243; custom_padding=&#8221;0px||0px||false|false&#8221; border_width_bottom=&#8221;2px&#8221; border_color_bottom=&#8221;#FFFFFF&#8221; global_colors_info=&#8221;{}&#8221;][et_pb_row _builder_version=&#8221;4.16&#8243; _module_preset=&#8221;default&#8221; custom_padding=&#8221;0px||0px||false|false&#8221; global_colors_info=&#8221;{}&#8221;][et_pb_column type=&#8221;4_4&#8243; _builder_version=&#8221;4.16&#8243; _module_preset=&#8221;default&#8221; global_colors_info=&#8221;{}&#8221;][et_pb_text _builder_version=&#8221;4.16&#8243; _module_preset=&#8221;default&#8221; link_text_color=&#8221;#FFFFFF&#8221; text_orientation=&#8221;right&#8221; background_layout=&#8221;dark&#8221; global_colors_info=&#8221;{}&#8221;]<\/p>\n<p><strong>\n<div class=\"wpml-ls-statics-shortcode_actions wpml-ls wpml-ls-legacy-list-horizontal\">\n\t<ul><li class=\"wpml-ls-slot-shortcode_actions wpml-ls-item wpml-ls-item-en wpml-ls-first-item wpml-ls-item-legacy-list-horizontal\">\n\t\t\t\t<a href=\"https:\/\/back.zennio.com\/\" class=\"wpml-ls-link\">\n                    <span class=\"wpml-ls-native\" lang=\"en\">English<\/span><\/a>\n\t\t\t<\/li><li class=\"wpml-ls-slot-shortcode_actions wpml-ls-item wpml-ls-item-fr wpml-ls-item-legacy-list-horizontal\">\n\t\t\t\t<a href=\"https:\/\/back.zennio.com\/fr\" class=\"wpml-ls-link\">\n                    <span class=\"wpml-ls-native\" lang=\"fr\">Fran\u00e7ais<\/span><\/a>\n\t\t\t<\/li><li class=\"wpml-ls-slot-shortcode_actions wpml-ls-item wpml-ls-item-de wpml-ls-item-legacy-list-horizontal\">\n\t\t\t\t<a href=\"https:\/\/back.zennio.com\/de\" class=\"wpml-ls-link\">\n                    <span class=\"wpml-ls-native\" lang=\"de\">Deutsch<\/span><\/a>\n\t\t\t<\/li><li class=\"wpml-ls-slot-shortcode_actions wpml-ls-item wpml-ls-item-it wpml-ls-last-item wpml-ls-item-legacy-list-horizontal\">\n\t\t\t\t<a href=\"https:\/\/back.zennio.com\/it\" class=\"wpml-ls-link\">\n                    <span class=\"wpml-ls-native\" lang=\"it\">Italiano<\/span><\/a>\n\t\t\t<\/li><\/ul>\n<\/div>\n<\/strong><\/p>\n<p>[\/et_pb_text][\/et_pb_column][\/et_pb_row][\/et_pb_section][et_pb_section fb_built=&#8221;1&#8243; _builder_version=&#8221;4.16&#8243; _module_preset=&#8221;default&#8221; background_color=&#8221;#000000&#8243; custom_padding=&#8221;2rem||2rem||true|false&#8221; locked=&#8221;off&#8221; global_colors_info=&#8221;{}&#8221;][et_pb_row _builder_version=&#8221;4.16&#8243; _module_preset=&#8221;default&#8221; custom_padding=&#8221;0px||||false|false&#8221; global_colors_info=&#8221;{}&#8221;][et_pb_column type=&#8221;4_4&#8243; _builder_version=&#8221;4.16&#8243; _module_preset=&#8221;default&#8221; global_colors_info=&#8221;{}&#8221;][et_pb_text _builder_version=&#8221;4.19.5&#8243; _module_preset=&#8221;default&#8221; text_text_color=&#8221;#FBF2F2&#8243; text_font_size=&#8221;37px&#8221; text_line_height=&#8221;1.6em&#8221; header_font=&#8221;Brandon||||||||&#8221; header_text_color=&#8221;#FBF2F2&#8243; header_font_size=&#8221;75px&#8221; header_line_height=&#8221;1.7em&#8221; text_font_size_tablet=&#8221;37px&#8221; text_font_size_phone=&#8221;21px&#8221; text_font_size_last_edited=&#8221;on|phone&#8221; header_font_size_tablet=&#8221;75px&#8221; header_font_size_phone=&#8221;42px&#8221; header_font_size_last_edited=&#8221;on|phone&#8221; global_colors_info=&#8221;{}&#8221;]<\/p>\n<h1>Certificados y calidad<\/h1>\n<p>Nuestro compromiso con los m\u00e1s altos est\u00e1ndares de calidad.<\/p>\n<p>[\/et_pb_text][\/et_pb_column][\/et_pb_row][\/et_pb_section][et_pb_section fb_built=&#8221;1&#8243; fullwidth=&#8221;on&#8221; _builder_version=&#8221;4.19.5&#8243; _module_preset=&#8221;default&#8221; global_colors_info=&#8221;{}&#8221;][et_pb_fullwidth_image src=&#8221;https:\/\/www.zennio.com\/wp-content\/uploads\/2023\/05\/AdobeStock_157542103_ZRemote_photo5920509334482170347_buerau-veritas.jpg&#8221; title_text=&#8221;AdobeStock_157542103_ZRemote_photo5920509334482170347_buerau-veritas&#8221; _builder_version=&#8221;4.20.4&#8243; _module_preset=&#8221;default&#8221; global_colors_info=&#8221;{}&#8221;][\/et_pb_fullwidth_image][\/et_pb_section][et_pb_section fb_built=&#8221;1&#8243; _builder_version=&#8221;4.16&#8243; _module_preset=&#8221;default&#8221; custom_padding=&#8221;21px|||||&#8221; global_colors_info=&#8221;{}&#8221;][et_pb_row _builder_version=&#8221;4.19.5&#8243; _module_preset=&#8221;default&#8221; custom_margin=&#8221;-8px|auto||auto||&#8221; global_colors_info=&#8221;{}&#8221;][et_pb_column type=&#8221;4_4&#8243; _builder_version=&#8221;4.19.5&#8243; _module_preset=&#8221;default&#8221; global_colors_info=&#8221;{}&#8221;][et_pb_text _builder_version=&#8221;4.26.1&#8243; _module_preset=&#8221;default&#8221; hover_enabled=&#8221;0&#8243; global_colors_info=&#8221;{}&#8221; sticky_enabled=&#8221;0&#8243;]<\/p>\n<p><span style=\"font-size: larger;\">Nuestras profesionalidad, experiencia, recursos y tecnolog\u00eda han sido decisivos para obtener la m\u00e1s altas certificaciones.<br \/>Zennio, con el objetivo de convertirse en un referente en eficiencia, calidad, prevenci\u00f3n de riesgos laborales y desarrollo sostenible, certifica y declara el cumplimiento de los siguientes certificado y requisitos:<\/span><\/p>\n<ul>\n<ul>\n<li style=\"list-style-type: none; font-size: larger;\">\n<ul>\n<li>Certificado de calidad ISO 9001 (descargar m\u00e1s abajo)<\/li>\n<li>Cumplimiento del est\u00e1ndar KNX y sus requerimientos de interoperabilidad (descargar m\u00e1s abajo)<\/li>\n<li>Acreditaci\u00f3n como KNX Test Lab para pruebas de interoperabilidad a trav\u00e9s del ISO 9001<\/li>\n<li>Programa de cumplimiento normativo de las directivas europeas 2014\/30\/EU (EMC), 2014\/35\/EU (LVD), 2014\/53\/EU (RED) y 2011\/65\/EU + 2015\/863\/EU (RoHS) (descargar el certificado RoHS m\u00e1s abajo)<\/li>\n<li>Programa de cumplimiento normativo de la Directiva de Residuos de Aparatos El\u00e9ctricos y Electr\u00f3nicos (RAEE) y registro, evaluaci\u00f3n, autorizaci\u00f3n y restricci\u00f3n de productos qu\u00edmicos (REACH) (descargar el certificado REACH m\u00e1s abajo)<\/li>\n<li>Programa de cumplimiento normativo de la marcas UKCA, CMiM, EAC y RCM (ver cada <a href=\"https:\/\/www.zennio.com\/es\/productos\">p\u00e1gina de producto<\/a> para descargar el certificado correspondiente)<\/li>\n<li>Miembro asociado a DiiA y participaci\u00f3n en el programa de certificaci\u00f3n DALI-2<\/li>\n<li>Programa de cumplimiento normativo de las series IEC 63044-x que cubre los requisitos generales de Home and Building Electronic Systems (HBES) y de Building Automation and Control Systems (BACS)<\/li>\n<\/ul>\n<\/li>\n<\/ul>\n<\/ul>\n<p><span style=\"font-size: larger;\">El total cumplimiento con estos requisitos es, en s\u00ed mismo, la mejor garant\u00eda de un producto de las m\u00e1s altas calidad, seguridad y cuidado del medio ambiente.<\/span><\/p>\n<p><span style=\"font-size: larger;\">Zennio cuenta, adem\u00e1s, con un Sistema de Gesti\u00f3n Ambiental implantado seg\u00fan la norma internacional ISO 14001:2015, gracias al cual seguimos y controlamos nuestros procesos con el objetivo de minimizar sus impactos ambientales asociados y mejorar as\u00ed nuestro desempe\u00f1o ambiental. Si est\u00e1 interesado en conocer m\u00e1s al respecto, puede contactar con nosotros en el correo electr\u00f3nico calidad@zennio.com.<\/span><\/p>\n<p>[\/et_pb_text][et_pb_button button_url=&#8221;\/documents\/politica_calidad_ES\/&#8221; url_new_window=&#8221;on&#8221; button_text=&#8221;Pol\u00edtica de Calidad y Medioambiente&#8221; _builder_version=&#8221;4.24.0&#8243; _module_preset=&#8221;default&#8221; locked=&#8221;off&#8221; global_colors_info=&#8221;{}&#8221;][\/et_pb_button][\/et_pb_column][\/et_pb_row][et_pb_row column_structure=&#8221;1_4,1_4,1_4,1_4&#8243; _builder_version=&#8221;4.19.5&#8243; _module_preset=&#8221;default&#8221; global_colors_info=&#8221;{}&#8221;][et_pb_column type=&#8221;1_4&#8243; _builder_version=&#8221;4.19.5&#8243; _module_preset=&#8221;default&#8221; global_colors_info=&#8221;{}&#8221;][et_pb_image src=&#8221;https:\/\/www.zennio.com\/wp-content\/uploads\/2023\/02\/certificaciones-web-logos_ISO-9001.png&#8221; title_text=&#8221;certificaciones-web-logos_ISO-9001&#8243; url=&#8221;https:\/\/www.zennio.com\/documents\/iso_certificate_en&#8221; url_new_window=&#8221;on&#8221; admin_label=&#8221;Enlace ISO Certificate&#8221; _builder_version=&#8221;4.19.5&#8243; _module_preset=&#8221;default&#8221; background_color=&#8221;#FBF2F2&#8243; global_colors_info=&#8221;{}&#8221;][\/et_pb_image][et_pb_text _builder_version=&#8221;4.19.5&#8243; _module_preset=&#8221;default&#8221; text_font=&#8221;|800|||||||&#8221; background_color=&#8221;RGBA(255,255,255,0)&#8221; custom_padding=&#8221;||1px|||&#8221; global_colors_info=&#8221;{}&#8221;]<\/p>\n<p style=\"text-align: center;\"><strong>Certificado ISO-9001<\/strong><\/p>\n<p>[\/et_pb_text][\/et_pb_column][et_pb_column type=&#8221;1_4&#8243; _builder_version=&#8221;4.19.5&#8243; _module_preset=&#8221;default&#8221; global_colors_info=&#8221;{}&#8221;][et_pb_image src=&#8221;https:\/\/www.zennio.com\/wp-content\/uploads\/2023\/02\/certificaciones-web-logos_KNX-Member.png&#8221; title_text=&#8221;certificaciones-web-logos_KNX Member&#8221; url=&#8221;https:\/\/www.zennio.com\/documents\/knx_member_certificate&#8221; url_new_window=&#8221;on&#8221; admin_label=&#8221;Enlace KNX Member&#8221; _builder_version=&#8221;4.19.5&#8243; _module_preset=&#8221;default&#8221; background_color=&#8221;#FBF2F2&#8243; global_colors_info=&#8221;{}&#8221;][\/et_pb_image][et_pb_text _builder_version=&#8221;4.19.5&#8243; _module_preset=&#8221;default&#8221; text_font=&#8221;|800|||||||&#8221; background_color=&#8221;RGBA(255,255,255,0)&#8221; custom_padding=&#8221;||1px|||&#8221; global_colors_info=&#8221;{}&#8221;]<\/p>\n<p style=\"text-align: center;\"><strong>Miembro KNX<\/strong><\/p>\n<p>[\/et_pb_text][\/et_pb_column][et_pb_column type=&#8221;1_4&#8243; _builder_version=&#8221;4.19.5&#8243; _module_preset=&#8221;default&#8221; global_colors_info=&#8221;{}&#8221;][et_pb_image src=&#8221;https:\/\/www.zennio.com\/wp-content\/uploads\/2023\/02\/certificaciones-web-logos_KNX-Test-Lab.png&#8221; title_text=&#8221;certificaciones-web-logos_KNX Test Lab&#8221; admin_label=&#8221;KNX Teast Lab picture&#8221; _builder_version=&#8221;4.19.5&#8243; _module_preset=&#8221;default&#8221; background_color=&#8221;#FBF2F2&#8243; global_colors_info=&#8221;{}&#8221;][\/et_pb_image][et_pb_text _builder_version=&#8221;4.19.5&#8243; _module_preset=&#8221;default&#8221; text_font=&#8221;|800|||||||&#8221; background_color=&#8221;RGBA(255,255,255,0)&#8221; custom_padding=&#8221;||1px|||&#8221; global_colors_info=&#8221;{}&#8221;]<\/p>\n<p style=\"text-align: center;\"><strong>Test Lab autorizado<br \/><\/strong><\/p>\n<p>[\/et_pb_text][\/et_pb_column][et_pb_column type=&#8221;1_4&#8243; _builder_version=&#8221;4.19.5&#8243; _module_preset=&#8221;default&#8221; global_colors_info=&#8221;{}&#8221;][et_pb_image src=&#8221;https:\/\/www.zennio.com\/wp-content\/uploads\/2023\/02\/certificaciones-web-logos_RoHS.png&#8221; title_text=&#8221;certificaciones-web-logos_RoHS&#8221; url=&#8221;https:\/\/www.zennio.com\/documents\/rohs_compliance_statement&#8221; url_new_window=&#8221;on&#8221; admin_label=&#8221;Enlace RoHs Compliance&#8221; _builder_version=&#8221;4.19.5&#8243; _module_preset=&#8221;default&#8221; background_color=&#8221;#FBF2F2&#8243; global_colors_info=&#8221;{}&#8221;][\/et_pb_image][et_pb_text _builder_version=&#8221;4.19.5&#8243; _module_preset=&#8221;default&#8221; text_font=&#8221;|800|||||||&#8221; background_color=&#8221;RGBA(255,255,255,0)&#8221; custom_padding=&#8221;||1px|||&#8221; global_colors_info=&#8221;{}&#8221;]<\/p>\n<p style=\"text-align: center;\"><strong>Declaraci\u00f3n RoHS<br \/><\/strong><\/p>\n<p>[\/et_pb_text][\/et_pb_column][\/et_pb_row][et_pb_row column_structure=&#8221;1_4,1_4,1_4,1_4&#8243; _builder_version=&#8221;4.19.5&#8243; _module_preset=&#8221;default&#8221; global_colors_info=&#8221;{}&#8221;][et_pb_column type=&#8221;1_4&#8243; _builder_version=&#8221;4.19.5&#8243; _module_preset=&#8221;default&#8221; global_colors_info=&#8221;{}&#8221;][et_pb_image src=&#8221;https:\/\/www.zennio.com\/wp-content\/uploads\/2023\/02\/certificaciones-web-logos_Reach-compliant-1.png&#8221; title_text=&#8221;certificaciones-web-logos_Reach-compliant&#8221; url=&#8221;https:\/\/www.zennio.com\/documents\/reach_certificate&#8221; url_new_window=&#8221;on&#8221; admin_label=&#8221;Enlace Reach Certificate&#8221; _builder_version=&#8221;4.19.5&#8243; _module_preset=&#8221;default&#8221; background_color=&#8221;#FBF2F2&#8243; global_colors_info=&#8221;{}&#8221;][\/et_pb_image][et_pb_text _builder_version=&#8221;4.19.5&#8243; _module_preset=&#8221;default&#8221; text_font=&#8221;|800|||||||&#8221; custom_padding=&#8221;||1px|||&#8221; global_colors_info=&#8221;{}&#8221;]<\/p>\n<p style=\"text-align: center;\"><strong>Certificado REACH<br \/><\/strong><\/p>\n<p>[\/et_pb_text][\/et_pb_column][et_pb_column type=&#8221;1_4&#8243; _builder_version=&#8221;4.19.5&#8243; _module_preset=&#8221;default&#8221; global_colors_info=&#8221;{}&#8221;][et_pb_image src=&#8221;https:\/\/www.zennio.com\/wp-content\/uploads\/2023\/02\/certificaciones-web-logos_CE.png&#8221; title_text=&#8221;certificaciones-web-logos_CE&#8221; admin_label=&#8221;CE Certificate picture&#8221; _builder_version=&#8221;4.19.5&#8243; _module_preset=&#8221;default&#8221; background_color=&#8221;#FBF2F2&#8243; global_colors_info=&#8221;{}&#8221;][\/et_pb_image][et_pb_text _builder_version=&#8221;4.19.5&#8243; _module_preset=&#8221;default&#8221; text_font=&#8221;|800|||||||&#8221; custom_padding=&#8221;||1px|||&#8221; global_colors_info=&#8221;{}&#8221;]<\/p>\n<p style=\"text-align: center;\"><strong>Certificado CE<br \/><\/strong><\/p>\n<p>[\/et_pb_text][\/et_pb_column][et_pb_column type=&#8221;1_4&#8243; _builder_version=&#8221;4.19.5&#8243; _module_preset=&#8221;default&#8221; global_colors_info=&#8221;{}&#8221;][et_pb_image src=&#8221;https:\/\/www.zennio.com\/wp-content\/uploads\/2023\/02\/certificaciones-web-logos_UKCA.png&#8221; title_text=&#8221;certificaciones-web-logos_UKCA&#8221; admin_label=&#8221;UKCA Certificate picture&#8221; _builder_version=&#8221;4.19.5&#8243; _module_preset=&#8221;default&#8221; background_color=&#8221;#FBF2F2&#8243; global_colors_info=&#8221;{}&#8221;][\/et_pb_image][et_pb_text _builder_version=&#8221;4.19.5&#8243; _module_preset=&#8221;default&#8221; text_font=&#8221;|800|||||||&#8221; custom_padding=&#8221;||1px|||&#8221; global_colors_info=&#8221;{}&#8221;]<\/p>\n<p style=\"text-align: center;\"><strong>Certificado UKCA<br \/><\/strong><\/p>\n<p>[\/et_pb_text][\/et_pb_column][et_pb_column type=&#8221;1_4&#8243; _builder_version=&#8221;4.19.5&#8243; _module_preset=&#8221;default&#8221; global_colors_info=&#8221;{}&#8221;][et_pb_image src=&#8221;https:\/\/www.zennio.com\/wp-content\/uploads\/2023\/02\/certificaciones-web-logos_DALI-2.png&#8221; title_text=&#8221;certificaciones-web-logos_DALI 2&#8243; admin_label=&#8221;DALI 2 Certificate&#8221; _builder_version=&#8221;4.19.5&#8243; _module_preset=&#8221;default&#8221; background_color=&#8221;#FBF2F2&#8243; global_colors_info=&#8221;{}&#8221;][\/et_pb_image][et_pb_text _builder_version=&#8221;4.19.5&#8243; _module_preset=&#8221;default&#8221; text_font=&#8221;|800|||||||&#8221; custom_padding=&#8221;||1px|||&#8221; global_colors_info=&#8221;{}&#8221;]<\/p>\n<p style=\"text-align: center;\"><strong>Miembro DALI<br \/><\/strong><\/p>\n<p>[\/et_pb_text][\/et_pb_column][\/et_pb_row][et_pb_row _builder_version=&#8221;4.19.5&#8243; _module_preset=&#8221;default&#8221; custom_margin=&#8221;-8px|auto||auto||&#8221; global_colors_info=&#8221;{}&#8221;][et_pb_column type=&#8221;4_4&#8243; _builder_version=&#8221;4.19.5&#8243; _module_preset=&#8221;default&#8221; global_colors_info=&#8221;{}&#8221;][et_pb_text _builder_version=&#8221;4.24.0&#8243; _module_preset=&#8221;default&#8221; global_colors_info=&#8221;{}&#8221;]<span style=\"font-size: larger;\"><\/span><\/p>\n<h4>Ayudas y Subvenciones:<span style=\"font-size: larger;\"><\/span><\/h4>\n<ul>\n<li><a href=\"https:\/\/www.zennio.com\/es\/ayuda-formalizacion-contrato-formacion\">Ayuda para la formalizaci\u00f3n de contrato de formaci\u00f3n<\/a><\/li>\n<li><a href=\"https:\/\/www.zennio.com\/es\/ayudas-plan-adelante-digitalizacion\">Ayudas del Plan Adelante Digitalizaci\u00f3n para la transformaci\u00f3n digital<\/a><\/li>\n<\/ul>\n<p><span style=\"font-size: larger;\"><\/span>[\/et_pb_text][\/et_pb_column][\/et_pb_row][\/et_pb_section]<\/p>\n","protected":false},"excerpt":{"rendered":"<p>\n<div class=\"wpml-ls-statics-shortcode_actions wpml-ls wpml-ls-legacy-list-horizontal\">\n\t<ul><li class=\"wpml-ls-slot-shortcode_actions wpml-ls-item wpml-ls-item-en wpml-ls-first-item wpml-ls-item-legacy-list-horizontal\">\n\t\t\t\t<a href=\"https:\/\/back.zennio.com\/\" class=\"wpml-ls-link\">\n                    <span class=\"wpml-ls-native\" lang=\"en\">English<\/span><\/a>\n\t\t\t<\/li><li class=\"wpml-ls-slot-shortcode_actions wpml-ls-item wpml-ls-item-fr wpml-ls-item-legacy-list-horizontal\">\n\t\t\t\t<a href=\"https:\/\/back.zennio.com\/fr\" class=\"wpml-ls-link\">\n                    <span class=\"wpml-ls-native\" lang=\"fr\">Fran\u00e7ais<\/span><\/a>\n\t\t\t<\/li><li class=\"wpml-ls-slot-shortcode_actions wpml-ls-item wpml-ls-item-de wpml-ls-item-legacy-list-horizontal\">\n\t\t\t\t<a href=\"https:\/\/back.zennio.com\/de\" class=\"wpml-ls-link\">\n                    <span class=\"wpml-ls-native\" lang=\"de\">Deutsch<\/span><\/a>\n\t\t\t<\/li><li class=\"wpml-ls-slot-shortcode_actions wpml-ls-item wpml-ls-item-it wpml-ls-last-item wpml-ls-item-legacy-list-horizontal\">\n\t\t\t\t<a href=\"https:\/\/back.zennio.com\/it\" class=\"wpml-ls-link\">\n                    <span class=\"wpml-ls-native\" lang=\"it\">Italiano<\/span><\/a>\n\t\t\t<\/li><\/ul>\n<\/div>\nCertificados y calidad Nuestro compromiso con los m\u00e1s altos est\u00e1ndares de calidad.Nuestras profesionalidad, experiencia, recursos y tecnolog\u00eda han sido decisivos para obtener la m\u00e1s altas certificaciones.Zennio, con el objetivo de convertirse en un referente en eficiencia, calidad, prevenci\u00f3n de riesgos laborales y desarrollo sostenible, certifica y declara el cumplimiento de los siguientes certificado y requisitos: [&hellip;]<\/p>\n","protected":false},"author":10,"featured_media":0,"parent":0,"menu_order":0,"comment_status":"closed","ping_status":"closed","template":"","meta":{"_acf_changed":false,"_et_pb_use_builder":"on","_et_pb_old_content":"","_et_gb_content_width":"","footnotes":""},"class_list":["post-41217","page","type-page","status-publish","hentry"],"acf":[],"yoast_head":"<!-- This site is optimized with the Yoast SEO plugin v25.5 - https:\/\/yoast.com\/wordpress\/plugins\/seo\/ -->\n<title>Certificados y Calidad | Zennio<\/title>\n<meta name=\"robots\" content=\"index, follow, max-snippet:-1, max-image-preview:large, max-video-preview:-1\" \/>\n<link rel=\"canonical\" href=\"https:\/\/back.zennio.com\/es\/certificates-and-quality\" \/>\n<meta property=\"og:locale\" content=\"es_ES\" \/>\n<meta property=\"og:type\" content=\"article\" \/>\n<meta property=\"og:title\" content=\"Certificados y Calidad | Zennio\" \/>\n<meta property=\"og:url\" content=\"https:\/\/back.zennio.com\/es\/certificates-and-quality\" \/>\n<meta property=\"og:site_name\" content=\"Zennio\" \/>\n<meta property=\"article:modified_time\" content=\"2024-09-11T07:33:33+00:00\" \/>\n<meta name=\"twitter:card\" content=\"summary_large_image\" \/>\n<meta name=\"twitter:label1\" content=\"Est. reading time\" \/>\n\t<meta name=\"twitter:data1\" content=\"4 minutes\" \/>\n<script type=\"application\/ld+json\" class=\"yoast-schema-graph\">{\"@context\":\"https:\/\/schema.org\",\"@graph\":[{\"@type\":\"WebPage\",\"@id\":\"https:\/\/back.zennio.com\/es\/certificates-and-quality\",\"url\":\"https:\/\/back.zennio.com\/es\/certificates-and-quality\",\"name\":\"Certificados y Calidad | Zennio\",\"isPartOf\":{\"@id\":\"https:\/\/www.zennio.com\/#website\"},\"datePublished\":\"2023-02-13T09:34:17+00:00\",\"dateModified\":\"2024-09-11T07:33:33+00:00\",\"breadcrumb\":{\"@id\":\"https:\/\/back.zennio.com\/es\/certificates-and-quality#breadcrumb\"},\"inLanguage\":\"es\",\"potentialAction\":[{\"@type\":\"ReadAction\",\"target\":[\"https:\/\/back.zennio.com\/es\/certificates-and-quality\"]}]},{\"@type\":\"BreadcrumbList\",\"@id\":\"https:\/\/back.zennio.com\/es\/certificates-and-quality#breadcrumb\",\"itemListElement\":[{\"@type\":\"ListItem\",\"position\":1,\"name\":\"Portada\",\"item\":\"https:\/\/www.zennio.com\/es\/home\"},{\"@type\":\"ListItem\",\"position\":2,\"name\":\"Certificados y Calidad\"}]},{\"@type\":\"WebSite\",\"@id\":\"https:\/\/www.zennio.com\/#website\",\"url\":\"https:\/\/www.zennio.com\/\",\"name\":\"Zennio\",\"description\":\"Zennio Global\",\"potentialAction\":[{\"@type\":\"SearchAction\",\"target\":{\"@type\":\"EntryPoint\",\"urlTemplate\":\"https:\/\/www.zennio.com\/?s={search_term_string}\"},\"query-input\":{\"@type\":\"PropertyValueSpecification\",\"valueRequired\":true,\"valueName\":\"search_term_string\"}}],\"inLanguage\":\"es\"}]}<\/script>\n<!-- \/ Yoast SEO plugin. -->","yoast_head_json":{"title":"Certificados y Calidad | Zennio","robots":{"index":"index","follow":"follow","max-snippet":"max-snippet:-1","max-image-preview":"max-image-preview:large","max-video-preview":"max-video-preview:-1"},"canonical":"https:\/\/back.zennio.com\/es\/certificates-and-quality","og_locale":"es_ES","og_type":"article","og_title":"Certificados y Calidad | Zennio","og_url":"https:\/\/back.zennio.com\/es\/certificates-and-quality","og_site_name":"Zennio","article_modified_time":"2024-09-11T07:33:33+00:00","twitter_card":"summary_large_image","twitter_misc":{"Est. reading time":"4 minutes"},"schema":{"@context":"https:\/\/schema.org","@graph":[{"@type":"WebPage","@id":"https:\/\/back.zennio.com\/es\/certificates-and-quality","url":"https:\/\/back.zennio.com\/es\/certificates-and-quality","name":"Certificados y Calidad | Zennio","isPartOf":{"@id":"https:\/\/www.zennio.com\/#website"},"datePublished":"2023-02-13T09:34:17+00:00","dateModified":"2024-09-11T07:33:33+00:00","breadcrumb":{"@id":"https:\/\/back.zennio.com\/es\/certificates-and-quality#breadcrumb"},"inLanguage":"es","potentialAction":[{"@type":"ReadAction","target":["https:\/\/back.zennio.com\/es\/certificates-and-quality"]}]},{"@type":"BreadcrumbList","@id":"https:\/\/back.zennio.com\/es\/certificates-and-quality#breadcrumb","itemListElement":[{"@type":"ListItem","position":1,"name":"Portada","item":"https:\/\/www.zennio.com\/es\/home"},{"@type":"ListItem","position":2,"name":"Certificados y Calidad"}]},{"@type":"WebSite","@id":"https:\/\/www.zennio.com\/#website","url":"https:\/\/www.zennio.com\/","name":"Zennio","description":"Zennio Global","potentialAction":[{"@type":"SearchAction","target":{"@type":"EntryPoint","urlTemplate":"https:\/\/www.zennio.com\/?s={search_term_string}"},"query-input":{"@type":"PropertyValueSpecification","valueRequired":true,"valueName":"search_term_string"}}],"inLanguage":"es"}]}},"_links":{"self":[{"href":"https:\/\/back.zennio.com\/es\/wp-json\/wp\/v2\/pages\/41217","targetHints":{"allow":["GET"]}}],"collection":[{"href":"https:\/\/back.zennio.com\/es\/wp-json\/wp\/v2\/pages"}],"about":[{"href":"https:\/\/back.zennio.com\/es\/wp-json\/wp\/v2\/types\/page"}],"author":[{"embeddable":true,"href":"https:\/\/back.zennio.com\/es\/wp-json\/wp\/v2\/users\/10"}],"replies":[{"embeddable":true,"href":"https:\/\/back.zennio.com\/es\/wp-json\/wp\/v2\/comments?post=41217"}],"version-history":[{"count":39,"href":"https:\/\/back.zennio.com\/es\/wp-json\/wp\/v2\/pages\/41217\/revisions"}],"predecessor-version":[{"id":61423,"href":"https:\/\/back.zennio.com\/es\/wp-json\/wp\/v2\/pages\/41217\/revisions\/61423"}],"wp:attachment":[{"href":"https:\/\/back.zennio.com\/es\/wp-json\/wp\/v2\/media?parent=41217"}],"curies":[{"name":"wp","href":"https:\/\/api.w.org\/{rel}","templated":true}]}}