{"id":46,"date":"2021-02-19T09:25:42","date_gmt":"2021-02-19T08:25:42","guid":{"rendered":"https:\/\/www.zennio.com\/?page_id=46"},"modified":"2025-09-17T17:29:33","modified_gmt":"2025-09-17T15:29:33","slug":"servicios","status":"publish","type":"page","link":"https:\/\/back.zennio.com\/es\/servicios","title":{"rendered":"Servicios"},"content":{"rendered":"<p>[et_pb_section fb_built=&#8221;1&#8243; module_id=&#8221;section-lang-selector&#8221; _builder_version=&#8221;4.16&#8243; _module_preset=&#8221;default&#8221; background_color=&#8221;#001111&#8243; custom_padding=&#8221;0px||0px||false|false&#8221; border_width_bottom=&#8221;2px&#8221; border_color_bottom=&#8221;#FFFFFF&#8221; global_colors_info=&#8221;{}&#8221;][et_pb_row _builder_version=&#8221;4.16&#8243; _module_preset=&#8221;default&#8221; custom_padding=&#8221;0px||0px||false|false&#8221; global_colors_info=&#8221;{}&#8221;][et_pb_column type=&#8221;4_4&#8243; _builder_version=&#8221;4.16&#8243; _module_preset=&#8221;default&#8221; global_colors_info=&#8221;{}&#8221;][et_pb_text _builder_version=&#8221;4.16&#8243; _module_preset=&#8221;default&#8221; link_text_color=&#8221;#FFFFFF&#8221; text_orientation=&#8221;right&#8221; background_layout=&#8221;dark&#8221; global_colors_info=&#8221;{}&#8221;]<\/p>\n<p><strong>\n<div class=\"wpml-ls-statics-shortcode_actions wpml-ls wpml-ls-legacy-list-horizontal\">\n\t<ul><li class=\"wpml-ls-slot-shortcode_actions wpml-ls-item wpml-ls-item-en wpml-ls-first-item wpml-ls-item-legacy-list-horizontal\">\n\t\t\t\t<a href=\"https:\/\/back.zennio.com\/\" class=\"wpml-ls-link\">\n                    <span class=\"wpml-ls-native\" lang=\"en\">English<\/span><\/a>\n\t\t\t<\/li><li class=\"wpml-ls-slot-shortcode_actions wpml-ls-item wpml-ls-item-fr wpml-ls-item-legacy-list-horizontal\">\n\t\t\t\t<a href=\"https:\/\/back.zennio.com\/fr\" class=\"wpml-ls-link\">\n                    <span class=\"wpml-ls-native\" lang=\"fr\">Fran\u00e7ais<\/span><\/a>\n\t\t\t<\/li><li class=\"wpml-ls-slot-shortcode_actions wpml-ls-item wpml-ls-item-de wpml-ls-item-legacy-list-horizontal\">\n\t\t\t\t<a href=\"https:\/\/back.zennio.com\/de\" class=\"wpml-ls-link\">\n                    <span class=\"wpml-ls-native\" lang=\"de\">Deutsch<\/span><\/a>\n\t\t\t<\/li><li class=\"wpml-ls-slot-shortcode_actions wpml-ls-item wpml-ls-item-it wpml-ls-last-item wpml-ls-item-legacy-list-horizontal\">\n\t\t\t\t<a href=\"https:\/\/back.zennio.com\/it\" class=\"wpml-ls-link\">\n                    <span class=\"wpml-ls-native\" lang=\"it\">Italiano<\/span><\/a>\n\t\t\t<\/li><\/ul>\n<\/div>\n<\/strong><\/p>\n<p>[\/et_pb_text][\/et_pb_column][\/et_pb_row][\/et_pb_section][et_pb_section fb_built=&#8221;1&#8243; admin_label=&#8221;Section&#8221; _builder_version=&#8221;4.16&#8243; _module_preset=&#8221;default&#8221; background_color=&#8221;#000000&#8243; custom_padding=&#8221;2rem||2rem||true|false&#8221; locked=&#8221;off&#8221; global_colors_info=&#8221;{}&#8221;][et_pb_row _builder_version=&#8221;4.16&#8243; _module_preset=&#8221;default&#8221; custom_padding=&#8221;0px||||false|false&#8221; global_colors_info=&#8221;{}&#8221;][et_pb_column type=&#8221;4_4&#8243; _builder_version=&#8221;4.16&#8243; _module_preset=&#8221;default&#8221; global_colors_info=&#8221;{}&#8221;][et_pb_text _builder_version=&#8221;4.16&#8243; _module_preset=&#8221;default&#8221; text_text_color=&#8221;#FBF2F2&#8243; text_font_size=&#8221;37px&#8221; text_line_height=&#8221;1.6em&#8221; header_font=&#8221;Brandon||||||||&#8221; header_text_color=&#8221;#FBF2F2&#8243; header_font_size=&#8221;75px&#8221; header_line_height=&#8221;1.7em&#8221; text_font_size_tablet=&#8221;37px&#8221; text_font_size_phone=&#8221;21px&#8221; text_font_size_last_edited=&#8221;on|phone&#8221; header_font_size_tablet=&#8221;75px&#8221; header_font_size_phone=&#8221;42px&#8221; header_font_size_last_edited=&#8221;on|phone&#8221; global_colors_info=&#8221;{}&#8221;]<\/p>\n<h1>Servicios<\/h1>\n<p>Todo nuestro soporte y herramientas para ayudarte[\/et_pb_text][\/et_pb_column][\/et_pb_row][\/et_pb_section][et_pb_section fb_built=&#8221;1&#8243; _builder_version=&#8221;4.16&#8243; _module_preset=&#8221;default&#8221; global_colors_info=&#8221;{}&#8221;][et_pb_row column_structure=&#8221;1_6,1_6,1_6,1_6,1_6,1_6&#8243; use_custom_gutter=&#8221;on&#8221; gutter_width=&#8221;2&#8243; make_equal=&#8221;on&#8221; module_class=&#8221;row-md-2 row-lg-3&#8243; _builder_version=&#8221;4.27.2&#8243; _module_preset=&#8221;default&#8221; global_colors_info=&#8221;{}&#8221;][et_pb_column type=&#8221;1_6&#8243; module_class=&#8221;clickableBlock&#8221; _builder_version=&#8221;4.17.4&#8243; _module_preset=&#8221;default&#8221; background_color=&#8221;#FBF2F2&#8243; custom_padding=&#8221;3rem|3rem|3rem|3rem|true|true&#8221; border_width_all=&#8221;3px&#8221; border_color_all=&#8221;RGBA(255,255,255,0)&#8221; border_color_all_last_edited=&#8221;off|desktop&#8221; global_colors_info=&#8221;{%22gcid-95bf6288-f747-4514-b13c-63de45fdd870%22:%91%22background_color%22%93}&#8221; border_color_all__hover_enabled=&#8221;on|hover&#8221; border_color_all__hover=&#8221;#000000&#8243;][et_pb_blurb title=&#8221;Soporte web&#8221; url=&#8221;http:\/\/support.zennio.com\/hc\/es\/requests\/new&#8221; image=&#8221;https:\/\/www.zennio.com\/wp-content\/uploads\/2021\/12\/support.png&#8221; icon_placement=&#8221;left&#8221; image_icon_width=&#8221;3rem&#8221; module_class=&#8221;bloque-services&#8221; _builder_version=&#8221;4.16&#8243; _module_preset=&#8221;default&#8221; header_font=&#8221;|||on|||||&#8221; header_font_size=&#8221;24px&#8221; body_font_size=&#8221;1.25rem&#8221; body_line_height=&#8221;1.5em&#8221; custom_margin=&#8221;||0px||false|false&#8221; custom_padding=&#8221;||||false|false&#8221; custom_css_blurb_image=&#8221;width:3rem;&#8221; custom_css_blurb_content=&#8221;display: flex;||flex-direction: row-reverse;||justify-content: space-between;&#8221; global_colors_info=&#8221;{}&#8221;][\/et_pb_blurb][et_pb_text _builder_version=&#8221;4.16&#8243; _module_preset=&#8221;default&#8221; text_font_size=&#8221;1.2rem&#8221; text_line_height=&#8221;1.5em&#8221; global_colors_info=&#8221;{}&#8221;]<\/p>\n<p><span>\u00bfTe ayudamos? \u00bfTienes alguna duda, consulta o sugerencia t\u00e9cnica? Nuestro equipo de soporte t\u00e9cnico multiling\u00fce est\u00e1 aqu\u00ed para ayudarte. Cont\u00e1ctanos y resolveremos todas tus dudas.   <\/span><\/p>\n<p>[\/et_pb_text][\/et_pb_column][et_pb_column type=&#8221;1_6&#8243; module_class=&#8221;clickableBlock&#8221; _builder_version=&#8221;4.17.4&#8243; _module_preset=&#8221;default&#8221; background_color=&#8221;#FBF2F2&#8243; custom_padding=&#8221;3rem|3rem|3rem|3rem|true|true&#8221; border_width_all=&#8221;3px&#8221; border_color_all=&#8221;RGBA(255,255,255,0)&#8221; global_colors_info=&#8221;{%22gcid-95bf6288-f747-4514-b13c-63de45fdd870%22:%91%22background_color%22,%22background_color%22,%22background_color%22%93}&#8221; border_color_all__hover=&#8221;#000000&#8243; border_color_all__hover_enabled=&#8221;on|hover&#8221;][et_pb_blurb title=&#8221;TMD WEB&#8221; url=&#8221;https:\/\/tmd.zennioapps.com\/&#8221; image=&#8221;https:\/\/www.zennio.com\/wp-content\/uploads\/2021\/12\/tdm-web.png&#8221; icon_placement=&#8221;left&#8221; image_icon_width=&#8221;3rem&#8221; module_class=&#8221;bloque-services&#8221; _builder_version=&#8221;4.16&#8243; _module_preset=&#8221;default&#8221; header_font=&#8221;|||on|||||&#8221; header_font_size=&#8221;24px&#8221; body_font_size=&#8221;1.25rem&#8221; body_line_height=&#8221;1.5em&#8221; custom_margin=&#8221;||0px||false|false&#8221; custom_padding=&#8221;||||false|false&#8221; custom_css_blurb_image=&#8221;width:3rem;&#8221; custom_css_blurb_content=&#8221;display: flex;||flex-direction: row-reverse;||justify-content: space-between;&#8221; global_colors_info=&#8221;{}&#8221;][\/et_pb_blurb][et_pb_text _builder_version=&#8221;4.16&#8243; _module_preset=&#8221;default&#8221; text_font_size=&#8221;1.2rem&#8221; text_line_height=&#8221;1.5em&#8221; global_colors_info=&#8221;{}&#8221;]<\/p>\n<p><span>Expr\u00e9sate con cada detalle. Dise\u00f1a tus pulsadores capacitivos y personal\u00edzalos a tu gusto con nuestra herramienta web. Descubre posibilidades fascinantes. <\/span><\/p>\n<p>[\/et_pb_text][\/et_pb_column][et_pb_column type=&#8221;1_6&#8243; module_class=&#8221;clickableBlock&#8221; _builder_version=&#8221;4.17.4&#8243; _module_preset=&#8221;default&#8221; background_color=&#8221;#FBF2F2&#8243; custom_padding=&#8221;3rem|3rem|3rem|3rem|true|true&#8221; border_width_all=&#8221;3px&#8221; border_color_all=&#8221;RGBA(255,255,255,0)&#8221; global_colors_info=&#8221;{%22gcid-95bf6288-f747-4514-b13c-63de45fdd870%22:%91%22background_color%22,%22background_color%22,%22background_color%22%93}&#8221; border_color_all__hover=&#8221;#000000&#8243; border_color_all__hover_enabled=&#8221;on|hover&#8221;][et_pb_blurb title=&#8221;Prescripci\u00f3n y oficina t\u00e9cnica&#8221; url=&#8221;https:\/\/www.zennio.com\/es\/servicios\/herramientas-de-prescripcion&#8221; image=&#8221;https:\/\/www.zennio.com\/wp-content\/uploads\/2021\/12\/specs.png&#8221; icon_placement=&#8221;left&#8221; image_icon_width=&#8221;3rem&#8221; module_class=&#8221;bloque-services&#8221; _builder_version=&#8221;4.27.4&#8243; _module_preset=&#8221;default&#8221; header_font=&#8221;|||on|||||&#8221; header_font_size=&#8221;24px&#8221; body_font_size=&#8221;1.25rem&#8221; body_line_height=&#8221;1.5em&#8221; image_icon_custom_margin=&#8221;||0px||false|false&#8221; image_icon_custom_padding=&#8221;|0px||0px|false|false&#8221; image_icon_custom_padding_tablet=&#8221;|0px||0px|false|false&#8221; image_icon_custom_padding_phone=&#8221;|0px||0px|false|false&#8221; image_icon_custom_padding_last_edited=&#8221;on|desktop&#8221; custom_margin=&#8221;||0px||false|false&#8221; custom_padding=&#8221;||||false|false&#8221; hover_enabled=&#8221;0&#8243; custom_css_blurb_image=&#8221;width:5rem;||margin:0px !important;&#8221; custom_css_blurb_content=&#8221;display: flex;||flex-direction: row-reverse;||justify-content: space-between;&#8221; global_colors_info=&#8221;{}&#8221; sticky_enabled=&#8221;0&#8243;][\/et_pb_blurb][et_pb_text _builder_version=&#8221;4.16&#8243; _module_preset=&#8221;default&#8221; text_font_size=&#8221;1.2rem&#8221; text_line_height=&#8221;1.5em&#8221; global_colors_info=&#8221;{}&#8221;]<\/p>\n<p><span>Te ayudamos con tu proyecto de principio a fin. Consulta nuestros servicios y herramientas. Te ayudaremos a cumplir con tu proyecto con total garant\u00eda.<\/span><\/p>\n<p>[\/et_pb_text][\/et_pb_column][et_pb_column type=&#8221;1_6&#8243; module_class=&#8221;hide-en hide-fr hide-de clickableBlock&#8221; _builder_version=&#8221;4.17.4&#8243; _module_preset=&#8221;default&#8221; background_color=&#8221;#FBF2F2&#8243; custom_padding=&#8221;3rem|3rem|3rem|3rem|true|true&#8221; border_width_all=&#8221;3px&#8221; border_color_all=&#8221;RGBA(255,255,255,0)&#8221; global_colors_info=&#8221;{%22gcid-95bf6288-f747-4514-b13c-63de45fdd870%22:%91%22background_color%22,%22background_color%22,%22background_color%22%93}&#8221; border_color_all__hover=&#8221;#000000&#8243; border_color_all__hover_enabled=&#8221;on|hover&#8221;][et_pb_blurb title=&#8221;Formaci\u00f3n&#8221; url=&#8221;@ET-DC@eyJkeW5hbWljIjp0cnVlLCJjb250ZW50IjoicG9zdF9saW5rX3VybF9wYWdlIiwic2V0dGluZ3MiOnsicG9zdF9pZCI6IjEwMjIzIn19@&#8221; image=&#8221;https:\/\/www.zennio.com\/wp-content\/uploads\/2022\/03\/formacion.png&#8221; icon_placement=&#8221;left&#8221; image_icon_width=&#8221;3rem&#8221; module_class=&#8221;bloque-services&#8221; _builder_version=&#8221;4.16&#8243; _dynamic_attributes=&#8221;url&#8221; _module_preset=&#8221;default&#8221; header_font=&#8221;|||on|||||&#8221; header_font_size=&#8221;24px&#8221; body_font_size=&#8221;1.25rem&#8221; body_line_height=&#8221;1.5em&#8221; image_icon_custom_margin=&#8221;||0px||false|false&#8221; image_icon_custom_padding=&#8221;|0px||0px|false|false&#8221; image_icon_custom_padding_tablet=&#8221;|0px||0px|false|false&#8221; image_icon_custom_padding_phone=&#8221;|0px||0px|false|false&#8221; image_icon_custom_padding_last_edited=&#8221;on|desktop&#8221; custom_margin=&#8221;||0px||false|false&#8221; custom_padding=&#8221;||||false|false&#8221; custom_css_blurb_image=&#8221;width:5rem;||margin:0px !important;&#8221; custom_css_blurb_content=&#8221;display: flex;||flex-direction: row-reverse;||justify-content: space-between;&#8221; global_colors_info=&#8221;{}&#8221;][\/et_pb_blurb][et_pb_text _builder_version=&#8221;4.16&#8243; _module_preset=&#8221;default&#8221; text_font_size=&#8221;1.2rem&#8221; text_line_height=&#8221;1.5em&#8221; global_colors_info=&#8221;{}&#8221;]<\/p>\n<p>\u00bfQuieres saber qu\u00e9 es el sistema KNX? \u00bfTe gustar\u00eda obtener los certificados oficiales de KNX? Solicita informaci\u00f3n sobre nuestros cursos y \u00fanete al proyecto l\u00edder donde te brindaremos todo el apoyo para que desarrolles tus proyectos.  <\/p>\n<p>[\/et_pb_text][\/et_pb_column][et_pb_column type=&#8221;1_6&#8243; module_class=&#8221;clickableBlock&#8221; _builder_version=&#8221;4.17.4&#8243; _module_preset=&#8221;default&#8221; background_color=&#8221;#FBF2F2&#8243; custom_padding=&#8221;3rem|3rem|3rem|3rem|true|true&#8221; border_width_all=&#8221;3px&#8221; border_color_all=&#8221;RGBA(255,255,255,0)&#8221; global_colors_info=&#8221;{%22gcid-95bf6288-f747-4514-b13c-63de45fdd870%22:%91%22background_color%22,%22background_color%22,%22background_color%22%93}&#8221; border_color_all__hover=&#8221;#000000&#8243; border_color_all__hover_enabled=&#8221;on|hover&#8221;][et_pb_blurb title=&#8221;Newsletter&#8221; url=&#8221;@ET-DC@eyJkeW5hbWljIjp0cnVlLCJjb250ZW50IjoicG9zdF9saW5rX3VybF9wYWdlIiwic2V0dGluZ3MiOnsicG9zdF9pZCI6IjEwMjAzIn19@&#8221; image=&#8221;https:\/\/www.zennio.com\/wp-content\/uploads\/2021\/12\/newsletter.png&#8221; icon_placement=&#8221;left&#8221; image_icon_width=&#8221;3rem&#8221; module_class=&#8221;bloque-services&#8221; _builder_version=&#8221;4.27.2&#8243; _dynamic_attributes=&#8221;url&#8221; _module_preset=&#8221;default&#8221; header_font=&#8221;|||on|||||&#8221; header_font_size=&#8221;24px&#8221; body_font_size=&#8221;1.25rem&#8221; body_line_height=&#8221;1.5em&#8221; custom_margin=&#8221;||0px||false|false&#8221; custom_padding=&#8221;||||false|false&#8221; custom_css_blurb_image=&#8221;width:3rem;&#8221; custom_css_blurb_content=&#8221;display: flex;||flex-direction: row-reverse;||justify-content: space-between;&#8221; global_colors_info=&#8221;{}&#8221;][\/et_pb_blurb][et_pb_text _builder_version=&#8221;4.16&#8243; _module_preset=&#8221;default&#8221; text_font_size=&#8221;1.2rem&#8221; text_line_height=&#8221;1.5em&#8221; global_colors_info=&#8221;{}&#8221;]<\/p>\n<p><span>\u00a1No te lo pierdas! Ap\u00fantate y recibe las \u00faltimas novedades sobre productos, soluciones, actualizaciones, formaci\u00f3n, etc., en tu e-mail. <\/span><\/p>\n<p>[\/et_pb_text][\/et_pb_column][et_pb_column type=&#8221;1_6&#8243; module_class=&#8221;clickableBlock&#8221; _builder_version=&#8221;4.27.2&#8243; _module_preset=&#8221;default&#8221; background_color=&#8221;#FBF2F2&#8243; custom_padding=&#8221;3rem|3rem|3rem|3rem|true|true&#8221; border_width_all=&#8221;3px&#8221; border_color_all=&#8221;RGBA(255,255,255,0)&#8221; global_colors_info=&#8221;{%22gcid-95bf6288-f747-4514-b13c-63de45fdd870%22:%91%22background_color%22,%22background_color%22,%22background_color%22%93}&#8221; border_color_all__hover=&#8221;#000000&#8243; border_color_all__hover_enabled=&#8221;on|hover&#8221;][et_pb_blurb title=&#8221;Conversor CSN-ISN&#8221; url=&#8221;https:\/\/www.zennio.com\/es\/conversor-csn-isn&#8221; url_new_window=&#8221;on&#8221; image=&#8221;https:\/\/www.zennio.com\/wp-content\/uploads\/2025\/02\/conversor-csn-isn.png&#8221; icon_placement=&#8221;left&#8221; image_icon_width=&#8221;3rem&#8221; module_class=&#8221;bloque-services&#8221; _builder_version=&#8221;4.27.2&#8243; _module_preset=&#8221;default&#8221; header_font=&#8221;|||on|||||&#8221; header_font_size=&#8221;24px&#8221; body_font_size=&#8221;1.25rem&#8221; body_line_height=&#8221;1.5em&#8221; custom_margin=&#8221;||0px||false|false&#8221; custom_padding=&#8221;||||false|false&#8221; custom_css_blurb_image=&#8221;width:3rem;&#8221; custom_css_blurb_content=&#8221;display: flex;||flex-direction: row-reverse;||justify-content: space-between;&#8221; global_colors_info=&#8221;{}&#8221;][\/et_pb_blurb][et_pb_text _builder_version=&#8221;4.27.2&#8243; _module_preset=&#8221;default&#8221; text_font_size=&#8221;1.2rem&#8221; text_line_height=&#8221;1.5em&#8221; global_colors_info=&#8221;{}&#8221;]<\/p>\n<p>\u00bfNecesitas saber el CSN o el ISN de tu dispositivo? Evita desplazamientos innecesarios. Mediante esta herramienta, podr\u00e1s verificar f\u00e1cilmente la relaci\u00f3n entre ambos n\u00fameros de serie de un mismo dispositivo.<\/p>\n<p>[\/et_pb_text][\/et_pb_column][\/et_pb_row][\/et_pb_section]<\/p>\n","protected":false},"excerpt":{"rendered":"<p>\n<div class=\"wpml-ls-statics-shortcode_actions wpml-ls wpml-ls-legacy-list-horizontal\">\n\t<ul><li class=\"wpml-ls-slot-shortcode_actions wpml-ls-item wpml-ls-item-en wpml-ls-first-item wpml-ls-item-legacy-list-horizontal\">\n\t\t\t\t<a href=\"https:\/\/back.zennio.com\/\" class=\"wpml-ls-link\">\n                    <span class=\"wpml-ls-native\" lang=\"en\">English<\/span><\/a>\n\t\t\t<\/li><li class=\"wpml-ls-slot-shortcode_actions wpml-ls-item wpml-ls-item-fr wpml-ls-item-legacy-list-horizontal\">\n\t\t\t\t<a href=\"https:\/\/back.zennio.com\/fr\" class=\"wpml-ls-link\">\n                    <span class=\"wpml-ls-native\" lang=\"fr\">Fran\u00e7ais<\/span><\/a>\n\t\t\t<\/li><li class=\"wpml-ls-slot-shortcode_actions wpml-ls-item wpml-ls-item-de wpml-ls-item-legacy-list-horizontal\">\n\t\t\t\t<a href=\"https:\/\/back.zennio.com\/de\" class=\"wpml-ls-link\">\n                    <span class=\"wpml-ls-native\" lang=\"de\">Deutsch<\/span><\/a>\n\t\t\t<\/li><li class=\"wpml-ls-slot-shortcode_actions wpml-ls-item wpml-ls-item-it wpml-ls-last-item wpml-ls-item-legacy-list-horizontal\">\n\t\t\t\t<a href=\"https:\/\/back.zennio.com\/it\" class=\"wpml-ls-link\">\n                    <span class=\"wpml-ls-native\" lang=\"it\">Italiano<\/span><\/a>\n\t\t\t<\/li><\/ul>\n<\/div>\nServicios Todo nuestro soporte y herramientas para ayudarte\u00bfTe ayudamos? \u00bfTienes alguna duda, consulta o sugerencia t\u00e9cnica? Nuestro equipo de soporte t\u00e9cnico multiling\u00fce est\u00e1 aqu\u00ed para ayudarte. Cont\u00e1ctanos y resolveremos todas tus dudas. Expr\u00e9sate con cada detalle. Dise\u00f1a tus pulsadores capacitivos y personal\u00edzalos a tu gusto con nuestra herramienta web. Descubre posibilidades fascinantes. Te ayudamos con [&hellip;]<\/p>\n","protected":false},"author":10,"featured_media":0,"parent":0,"menu_order":0,"comment_status":"closed","ping_status":"closed","template":"","meta":{"_acf_changed":false,"_et_pb_use_builder":"on","_et_pb_old_content":"","_et_gb_content_width":"","footnotes":""},"class_list":["post-46","page","type-page","status-publish","hentry"],"acf":[],"yoast_head":"<!-- This site is optimized with the Yoast SEO plugin v25.5 - https:\/\/yoast.com\/wordpress\/plugins\/seo\/ -->\n<title>Servicios | Zennio<\/title>\n<meta name=\"robots\" content=\"index, follow, max-snippet:-1, max-image-preview:large, max-video-preview:-1\" \/>\n<link rel=\"canonical\" href=\"https:\/\/back.zennio.com\/es\/servicios\" \/>\n<meta property=\"og:locale\" content=\"es_ES\" \/>\n<meta property=\"og:type\" content=\"article\" \/>\n<meta property=\"og:title\" content=\"Servicios | Zennio\" \/>\n<meta property=\"og:url\" content=\"https:\/\/back.zennio.com\/es\/servicios\" \/>\n<meta property=\"og:site_name\" content=\"Zennio\" \/>\n<meta property=\"article:modified_time\" content=\"2025-09-17T15:29:33+00:00\" \/>\n<meta name=\"twitter:card\" content=\"summary_large_image\" \/>\n<script type=\"application\/ld+json\" class=\"yoast-schema-graph\">{\"@context\":\"https:\/\/schema.org\",\"@graph\":[{\"@type\":\"WebPage\",\"@id\":\"https:\/\/back.zennio.com\/es\/servicios\",\"url\":\"https:\/\/back.zennio.com\/es\/servicios\",\"name\":\"Servicios | Zennio\",\"isPartOf\":{\"@id\":\"https:\/\/www.zennio.com\/#website\"},\"datePublished\":\"2021-02-19T08:25:42+00:00\",\"dateModified\":\"2025-09-17T15:29:33+00:00\",\"breadcrumb\":{\"@id\":\"https:\/\/back.zennio.com\/es\/servicios#breadcrumb\"},\"inLanguage\":\"es\",\"potentialAction\":[{\"@type\":\"ReadAction\",\"target\":[\"https:\/\/back.zennio.com\/es\/servicios\"]}]},{\"@type\":\"BreadcrumbList\",\"@id\":\"https:\/\/back.zennio.com\/es\/servicios#breadcrumb\",\"itemListElement\":[{\"@type\":\"ListItem\",\"position\":1,\"name\":\"Portada\",\"item\":\"https:\/\/www.zennio.com\/es\/home\"},{\"@type\":\"ListItem\",\"position\":2,\"name\":\"Servicios\"}]},{\"@type\":\"WebSite\",\"@id\":\"https:\/\/www.zennio.com\/#website\",\"url\":\"https:\/\/www.zennio.com\/\",\"name\":\"Zennio\",\"description\":\"Zennio Global\",\"potentialAction\":[{\"@type\":\"SearchAction\",\"target\":{\"@type\":\"EntryPoint\",\"urlTemplate\":\"https:\/\/www.zennio.com\/?s={search_term_string}\"},\"query-input\":{\"@type\":\"PropertyValueSpecification\",\"valueRequired\":true,\"valueName\":\"search_term_string\"}}],\"inLanguage\":\"es\"}]}<\/script>\n<!-- \/ Yoast SEO plugin. -->","yoast_head_json":{"title":"Servicios | Zennio","robots":{"index":"index","follow":"follow","max-snippet":"max-snippet:-1","max-image-preview":"max-image-preview:large","max-video-preview":"max-video-preview:-1"},"canonical":"https:\/\/back.zennio.com\/es\/servicios","og_locale":"es_ES","og_type":"article","og_title":"Servicios | Zennio","og_url":"https:\/\/back.zennio.com\/es\/servicios","og_site_name":"Zennio","article_modified_time":"2025-09-17T15:29:33+00:00","twitter_card":"summary_large_image","schema":{"@context":"https:\/\/schema.org","@graph":[{"@type":"WebPage","@id":"https:\/\/back.zennio.com\/es\/servicios","url":"https:\/\/back.zennio.com\/es\/servicios","name":"Servicios | Zennio","isPartOf":{"@id":"https:\/\/www.zennio.com\/#website"},"datePublished":"2021-02-19T08:25:42+00:00","dateModified":"2025-09-17T15:29:33+00:00","breadcrumb":{"@id":"https:\/\/back.zennio.com\/es\/servicios#breadcrumb"},"inLanguage":"es","potentialAction":[{"@type":"ReadAction","target":["https:\/\/back.zennio.com\/es\/servicios"]}]},{"@type":"BreadcrumbList","@id":"https:\/\/back.zennio.com\/es\/servicios#breadcrumb","itemListElement":[{"@type":"ListItem","position":1,"name":"Portada","item":"https:\/\/www.zennio.com\/es\/home"},{"@type":"ListItem","position":2,"name":"Servicios"}]},{"@type":"WebSite","@id":"https:\/\/www.zennio.com\/#website","url":"https:\/\/www.zennio.com\/","name":"Zennio","description":"Zennio Global","potentialAction":[{"@type":"SearchAction","target":{"@type":"EntryPoint","urlTemplate":"https:\/\/www.zennio.com\/?s={search_term_string}"},"query-input":{"@type":"PropertyValueSpecification","valueRequired":true,"valueName":"search_term_string"}}],"inLanguage":"es"}]}},"_links":{"self":[{"href":"https:\/\/back.zennio.com\/es\/wp-json\/wp\/v2\/pages\/46","targetHints":{"allow":["GET"]}}],"collection":[{"href":"https:\/\/back.zennio.com\/es\/wp-json\/wp\/v2\/pages"}],"about":[{"href":"https:\/\/back.zennio.com\/es\/wp-json\/wp\/v2\/types\/page"}],"author":[{"embeddable":true,"href":"https:\/\/back.zennio.com\/es\/wp-json\/wp\/v2\/users\/10"}],"replies":[{"embeddable":true,"href":"https:\/\/back.zennio.com\/es\/wp-json\/wp\/v2\/comments?post=46"}],"version-history":[{"count":6,"href":"https:\/\/back.zennio.com\/es\/wp-json\/wp\/v2\/pages\/46\/revisions"}],"predecessor-version":[{"id":76019,"href":"https:\/\/back.zennio.com\/es\/wp-json\/wp\/v2\/pages\/46\/revisions\/76019"}],"wp:attachment":[{"href":"https:\/\/back.zennio.com\/es\/wp-json\/wp\/v2\/media?parent=46"}],"curies":[{"name":"wp","href":"https:\/\/api.w.org\/{rel}","templated":true}]}}