{"id":71722,"date":"2025-05-26T14:41:47","date_gmt":"2025-05-26T12:41:47","guid":{"rendered":"https:\/\/www.zennio.com\/?page_id=71722"},"modified":"2025-05-26T15:15:17","modified_gmt":"2025-05-26T13:15:17","slug":"subvenciones-pleno-empleo-e-inclusion-social","status":"publish","type":"page","link":"https:\/\/back.zennio.com\/es\/subvenciones-pleno-empleo-e-inclusion-social","title":{"rendered":"Subvenciones para favorecer el pleno empleo y la inclusi\u00f3n social"},"content":{"rendered":"<p>[et_pb_section fb_built=&#8221;1&#8243; _builder_version=&#8221;4.16&#8243; global_colors_info=&#8221;{}&#8221; theme_builder_area=&#8221;post_content&#8221;][et_pb_row _builder_version=&#8221;4.16&#8243; background_size=&#8221;initial&#8221; background_position=&#8221;top_left&#8221; background_repeat=&#8221;repeat&#8221; global_colors_info=&#8221;{}&#8221; theme_builder_area=&#8221;post_content&#8221;][et_pb_column type=&#8221;4_4&#8243; _builder_version=&#8221;4.16&#8243; custom_padding=&#8221;|||&#8221; global_colors_info=&#8221;{}&#8221; custom_padding__hover=&#8221;|||&#8221; theme_builder_area=&#8221;post_content&#8221;][et_pb_text _builder_version=&#8221;4.27.2&#8243; background_size=&#8221;initial&#8221; background_position=&#8221;top_left&#8221; background_repeat=&#8221;repeat&#8221; hover_enabled=&#8221;0&#8243; global_colors_info=&#8221;{}&#8221; theme_builder_area=&#8221;post_content&#8221; sticky_enabled=&#8221;0&#8243;]<\/p>\n<h2><!-- divi:paragraph -->Subvenciones para favorecer el pleno empleo y la inclusi\u00f3n social.<\/h2>\n<p>&nbsp;<\/p>\n<p>Hemos recibido subvenciones para la contrataci\u00f3n indefinida con el objetivo de favorecer el empleo estable, de calidad y la inclusi\u00f3n social, especialmente entre los colectivos m\u00e1s vulnerables.<\/p>\n<p>&nbsp;<\/p>\n<p><!-- \/divi:paragraph -->[\/et_pb_text][\/et_pb_column][\/et_pb_row][et_pb_row _builder_version=&#8221;4.27.2&#8243; _module_preset=&#8221;default&#8221; theme_builder_area=&#8221;post_content&#8221; column_structure=&#8221;1_5,3_5,1_5&#8243;][et_pb_column _builder_version=&#8221;4.27.2&#8243; _module_preset=&#8221;default&#8221; type=&#8221;1_5&#8243; theme_builder_area=&#8221;post_content&#8221;][et_pb_image src=&#8221;https:\/\/www.zennio.com\/wp-content\/uploads\/2023\/11\/es_co_fundedvertical_rgb_pos.png&#8221; _builder_version=&#8221;4.27.2&#8243; _module_preset=&#8221;default&#8221; theme_builder_area=&#8221;post_content&#8221; hover_enabled=&#8221;0&#8243; sticky_enabled=&#8221;0&#8243; title_text=&#8221;es_co_fundedvertical_rgb_pos&#8221;][\/et_pb_image][\/et_pb_column][et_pb_column _builder_version=&#8221;4.27.2&#8243; _module_preset=&#8221;default&#8221; type=&#8221;3_5&#8243; theme_builder_area=&#8221;post_content&#8221;][et_pb_image src=&#8221;https:\/\/www.zennio.com\/wp-content\/uploads\/2024\/05\/Logo_Espana_Fondos_Europeos.png&#8221; _builder_version=&#8221;4.27.2&#8243; _module_preset=&#8221;default&#8221; theme_builder_area=&#8221;post_content&#8221; hover_enabled=&#8221;0&#8243; sticky_enabled=&#8221;0&#8243; title_text=&#8221;Logo_Espana_Fondos_Europeos&#8221; width=&#8221;100%&#8221; position_origin_a=&#8221;center_center&#8221; align=&#8221;center&#8221; module_alignment=&#8221;center&#8221; z_index=&#8221;227&#8243;][\/et_pb_image][\/et_pb_column][et_pb_column _builder_version=&#8221;4.27.2&#8243; _module_preset=&#8221;default&#8221; type=&#8221;1_5&#8243; theme_builder_area=&#8221;post_content&#8221;][et_pb_image src=&#8221;https:\/\/www.zennio.com\/wp-content\/uploads\/2023\/11\/logo_corporativo_jccm_negativo_azul_5.png&#8221; _builder_version=&#8221;4.27.2&#8243; _module_preset=&#8221;default&#8221; theme_builder_area=&#8221;post_content&#8221; hover_enabled=&#8221;0&#8243; sticky_enabled=&#8221;0&#8243; title_text=&#8221;logo_corporativo_jccm_negativo_azul_5&#8243;][\/et_pb_image][\/et_pb_column][\/et_pb_row][\/et_pb_section]<\/p>\n","protected":false},"excerpt":{"rendered":"<p>Subvenciones para favorecer el pleno empleo y la inclusi\u00f3n social. &nbsp; Hemos recibido subvenciones para la contrataci\u00f3n indefinida con el objetivo de favorecer el empleo estable, de calidad y la inclusi\u00f3n social, especialmente entre los colectivos m\u00e1s vulnerables. &nbsp;<\/p>\n","protected":false},"author":10,"featured_media":0,"parent":0,"menu_order":0,"comment_status":"closed","ping_status":"closed","template":"","meta":{"_acf_changed":false,"_et_pb_use_builder":"on","_et_pb_old_content":"","_et_gb_content_width":"","footnotes":""},"class_list":["post-71722","page","type-page","status-publish","hentry"],"acf":[],"yoast_head":"<!-- This site is optimized with the Yoast SEO plugin v25.5 - https:\/\/yoast.com\/wordpress\/plugins\/seo\/ -->\n<title>Subvenciones para favorecer el pleno empleo y la inclusi\u00f3n social | Zennio<\/title>\n<meta name=\"robots\" content=\"index, follow, max-snippet:-1, max-image-preview:large, max-video-preview:-1\" \/>\n<link rel=\"canonical\" href=\"https:\/\/back.zennio.com\/es\/subvenciones-pleno-empleo-e-inclusion-social\" \/>\n<meta property=\"og:locale\" content=\"es_ES\" \/>\n<meta property=\"og:type\" content=\"article\" \/>\n<meta property=\"og:title\" content=\"Subvenciones para favorecer el pleno empleo y la inclusi\u00f3n social | Zennio\" \/>\n<meta property=\"og:url\" content=\"https:\/\/back.zennio.com\/es\/subvenciones-pleno-empleo-e-inclusion-social\" \/>\n<meta property=\"og:site_name\" content=\"Zennio\" \/>\n<meta property=\"article:modified_time\" content=\"2025-05-26T13:15:17+00:00\" \/>\n<meta name=\"twitter:card\" content=\"summary_large_image\" \/>\n<meta name=\"twitter:label1\" content=\"Est. reading time\" \/>\n\t<meta name=\"twitter:data1\" content=\"1 minute\" \/>\n<script type=\"application\/ld+json\" class=\"yoast-schema-graph\">{\"@context\":\"https:\/\/schema.org\",\"@graph\":[{\"@type\":\"WebPage\",\"@id\":\"https:\/\/back.zennio.com\/es\/subvenciones-pleno-empleo-e-inclusion-social\",\"url\":\"https:\/\/back.zennio.com\/es\/subvenciones-pleno-empleo-e-inclusion-social\",\"name\":\"Subvenciones para favorecer el pleno empleo y la inclusi\u00f3n social | Zennio\",\"isPartOf\":{\"@id\":\"https:\/\/www.zennio.com\/#website\"},\"datePublished\":\"2025-05-26T12:41:47+00:00\",\"dateModified\":\"2025-05-26T13:15:17+00:00\",\"breadcrumb\":{\"@id\":\"https:\/\/back.zennio.com\/es\/subvenciones-pleno-empleo-e-inclusion-social#breadcrumb\"},\"inLanguage\":\"es\",\"potentialAction\":[{\"@type\":\"ReadAction\",\"target\":[\"https:\/\/back.zennio.com\/es\/subvenciones-pleno-empleo-e-inclusion-social\"]}]},{\"@type\":\"BreadcrumbList\",\"@id\":\"https:\/\/back.zennio.com\/es\/subvenciones-pleno-empleo-e-inclusion-social#breadcrumb\",\"itemListElement\":[{\"@type\":\"ListItem\",\"position\":1,\"name\":\"Portada\",\"item\":\"https:\/\/www.zennio.com\/es\/home\"},{\"@type\":\"ListItem\",\"position\":2,\"name\":\"Subvenciones para favorecer el pleno empleo y la inclusi\u00f3n social\"}]},{\"@type\":\"WebSite\",\"@id\":\"https:\/\/www.zennio.com\/#website\",\"url\":\"https:\/\/www.zennio.com\/\",\"name\":\"Zennio\",\"description\":\"Zennio Global\",\"potentialAction\":[{\"@type\":\"SearchAction\",\"target\":{\"@type\":\"EntryPoint\",\"urlTemplate\":\"https:\/\/www.zennio.com\/?s={search_term_string}\"},\"query-input\":{\"@type\":\"PropertyValueSpecification\",\"valueRequired\":true,\"valueName\":\"search_term_string\"}}],\"inLanguage\":\"es\"}]}<\/script>\n<!-- \/ Yoast SEO plugin. -->","yoast_head_json":{"title":"Subvenciones para favorecer el pleno empleo y la inclusi\u00f3n social | Zennio","robots":{"index":"index","follow":"follow","max-snippet":"max-snippet:-1","max-image-preview":"max-image-preview:large","max-video-preview":"max-video-preview:-1"},"canonical":"https:\/\/back.zennio.com\/es\/subvenciones-pleno-empleo-e-inclusion-social","og_locale":"es_ES","og_type":"article","og_title":"Subvenciones para favorecer el pleno empleo y la inclusi\u00f3n social | Zennio","og_url":"https:\/\/back.zennio.com\/es\/subvenciones-pleno-empleo-e-inclusion-social","og_site_name":"Zennio","article_modified_time":"2025-05-26T13:15:17+00:00","twitter_card":"summary_large_image","twitter_misc":{"Est. reading time":"1 minute"},"schema":{"@context":"https:\/\/schema.org","@graph":[{"@type":"WebPage","@id":"https:\/\/back.zennio.com\/es\/subvenciones-pleno-empleo-e-inclusion-social","url":"https:\/\/back.zennio.com\/es\/subvenciones-pleno-empleo-e-inclusion-social","name":"Subvenciones para favorecer el pleno empleo y la inclusi\u00f3n social | Zennio","isPartOf":{"@id":"https:\/\/www.zennio.com\/#website"},"datePublished":"2025-05-26T12:41:47+00:00","dateModified":"2025-05-26T13:15:17+00:00","breadcrumb":{"@id":"https:\/\/back.zennio.com\/es\/subvenciones-pleno-empleo-e-inclusion-social#breadcrumb"},"inLanguage":"es","potentialAction":[{"@type":"ReadAction","target":["https:\/\/back.zennio.com\/es\/subvenciones-pleno-empleo-e-inclusion-social"]}]},{"@type":"BreadcrumbList","@id":"https:\/\/back.zennio.com\/es\/subvenciones-pleno-empleo-e-inclusion-social#breadcrumb","itemListElement":[{"@type":"ListItem","position":1,"name":"Portada","item":"https:\/\/www.zennio.com\/es\/home"},{"@type":"ListItem","position":2,"name":"Subvenciones para favorecer el pleno empleo y la inclusi\u00f3n social"}]},{"@type":"WebSite","@id":"https:\/\/www.zennio.com\/#website","url":"https:\/\/www.zennio.com\/","name":"Zennio","description":"Zennio Global","potentialAction":[{"@type":"SearchAction","target":{"@type":"EntryPoint","urlTemplate":"https:\/\/www.zennio.com\/?s={search_term_string}"},"query-input":{"@type":"PropertyValueSpecification","valueRequired":true,"valueName":"search_term_string"}}],"inLanguage":"es"}]}},"_links":{"self":[{"href":"https:\/\/back.zennio.com\/es\/wp-json\/wp\/v2\/pages\/71722","targetHints":{"allow":["GET"]}}],"collection":[{"href":"https:\/\/back.zennio.com\/es\/wp-json\/wp\/v2\/pages"}],"about":[{"href":"https:\/\/back.zennio.com\/es\/wp-json\/wp\/v2\/types\/page"}],"author":[{"embeddable":true,"href":"https:\/\/back.zennio.com\/es\/wp-json\/wp\/v2\/users\/10"}],"replies":[{"embeddable":true,"href":"https:\/\/back.zennio.com\/es\/wp-json\/wp\/v2\/comments?post=71722"}],"version-history":[{"count":5,"href":"https:\/\/back.zennio.com\/es\/wp-json\/wp\/v2\/pages\/71722\/revisions"}],"predecessor-version":[{"id":71732,"href":"https:\/\/back.zennio.com\/es\/wp-json\/wp\/v2\/pages\/71722\/revisions\/71732"}],"wp:attachment":[{"href":"https:\/\/back.zennio.com\/es\/wp-json\/wp\/v2\/media?parent=71722"}],"curies":[{"name":"wp","href":"https:\/\/api.w.org\/{rel}","templated":true}]}}