{"id":10206,"date":"2022-03-23T16:09:39","date_gmt":"2022-03-23T15:09:39","guid":{"rendered":"https:\/\/www.zennio.com\/newsletter\/"},"modified":"2025-03-17T14:21:36","modified_gmt":"2025-03-17T13:21:36","slug":"newsletter","status":"publish","type":"page","link":"https:\/\/back.zennio.com\/fr\/newsletter","title":{"rendered":"Newsletter"},"content":{"rendered":"<p>[et_pb_section fb_built=&#8221;1&#8243; _builder_version=&#8221;4.17.4&#8243; _module_preset=&#8221;default&#8221; custom_padding=&#8221;2em||||false|false&#8221; global_colors_info=&#8221;{}&#8221;][et_pb_row _builder_version=&#8221;4.17.4&#8243; _module_preset=&#8221;default&#8221; custom_padding=&#8221;||0px||false|false&#8221; global_colors_info=&#8221;{}&#8221;][et_pb_column type=&#8221;4_4&#8243; _builder_version=&#8221;4.16&#8243; _module_preset=&#8221;default&#8221; global_colors_info=&#8221;{}&#8221;][et_pb_text _builder_version=&#8221;4.17.4&#8243; _module_preset=&#8221;default&#8221; header_font=&#8221;|||on|||||&#8221; global_colors_info=&#8221;{}&#8221;]<\/p>\n<h1 class=\"zennio-title\">INSCRIPTION \u00c0 LA NEWSLETTER<\/h1>\n<p>[\/et_pb_text][et_pb_text _builder_version=&#8221;4.17.4&#8243; _module_preset=&#8221;default&#8221; global_colors_info=&#8221;{}&#8221;]<\/p>\n<p>Si vous souhaitez \u00eatre inform\u00e9 de nos informations corporatives, alerte de produits, actualisations de software, cours de formation, et informations importantes du secteur, vous pouvez vous inscrire \u00e0 la Newsletter de Zennio de mani\u00e8re totalement gratuite et sans engagement. Merci de remplir le formulaire suivant et cliquer sur le bouton d\u2019inscription pour recevoir p\u00e9riodiquement nos informations. Les champs marqu\u00e9s d\u2019un (*) sont obligatoires.<\/p>\n<div id=\"mc_embed_signup\">\n<form id=\"mc-embedded-subscribe-form\" class=\"validate\" action=\"https:\/\/zennio.us5.list-manage.com\/subscribe\/post?u=8e9d777a1d2f42f9c81a49faa&amp;id=60a7cf2b7a&amp;DNEWSLETTE=No&amp;ORIGIN=Web\" method=\"post\" name=\"mc-embedded-subscribe-form\" target=\"_blank\" novalidate=\"novalidate\">\n<div id=\"mc_embed_signup_scroll\"><\/div>\n<\/form>\n<\/div>\n<p>[\/et_pb_text][\/et_pb_column][\/et_pb_row][et_pb_row _builder_version=&#8221;4.17.4&#8243; _module_preset=&#8221;default&#8221; custom_padding=&#8221;0px|||2em|false|false&#8221; custom_css_main_element=&#8221;overflow:hidden;&#8221; global_colors_info=&#8221;{}&#8221;][et_pb_column type=&#8221;4_4&#8243; _builder_version=&#8221;4.17.4&#8243; _module_preset=&#8221;default&#8221; global_colors_info=&#8221;{}&#8221;][et_pb_text _builder_version=&#8221;4.27.2&#8243; _module_preset=&#8221;default&#8221; module_class=&#8221;zennio-contact-form&#8221; hover_enabled=&#8221;0&#8243; sticky_enabled=&#8221;0&#8243;]<\/p>\n\n<div class=\"wpcf7 no-js\" id=\"wpcf7-f67213-o1\" lang=\"fr\" dir=\"ltr\" data-wpcf7-id=\"67213\">\n<div class=\"screen-reader-response\"><p role=\"status\" aria-live=\"polite\" aria-atomic=\"true\"><\/p> <ul><\/ul><\/div>\n<form action=\"\/fr\/wp-json\/wp\/v2\/pages\/10206#wpcf7-f67213-o1\" method=\"post\" class=\"wpcf7-form init\" aria-label=\"Contact form\" novalidate=\"novalidate\" data-status=\"init\">\n<fieldset class=\"hidden-fields-container\"><input type=\"hidden\" name=\"_wpcf7\" value=\"67213\" \/><input type=\"hidden\" name=\"_wpcf7_version\" value=\"6.1\" \/><input type=\"hidden\" name=\"_wpcf7_locale\" value=\"fr\" \/><input type=\"hidden\" name=\"_wpcf7_unit_tag\" value=\"wpcf7-f67213-o1\" \/><input type=\"hidden\" name=\"_wpcf7_container_post\" value=\"0\" \/><input type=\"hidden\" name=\"_wpcf7_posted_data_hash\" value=\"\" \/><input type=\"hidden\" name=\"_wpcf7dtx_version\" value=\"5.0.3\" \/><input type=\"hidden\" name=\"_wpcf7_recaptcha_response\" value=\"\" \/>\n<\/fieldset>\n<div class=\"form-field\">\n\t<p><label>E-mail *<\/label>\n\t<\/p>\n\t<div class=\"controls\">\n\t\t<p><span class=\"wpcf7-form-control-wrap\" data-name=\"email\"><input size=\"40\" maxlength=\"400\" class=\"wpcf7-form-control wpcf7-email wpcf7-validates-as-required wpcf7-text wpcf7-validates-as-email\" aria-required=\"true\" aria-invalid=\"false\" value=\"\" type=\"email\" name=\"email\" \/><\/span>\n\t\t<\/p>\n\t<\/div>\n<\/div>\n<div class=\"form-field\">\n\t<p><label>Soci\u00e9t\u00e9 *<\/label>\n\t<\/p>\n\t<div class=\"controls\">\n\t\t<p><span class=\"wpcf7-form-control-wrap\" data-name=\"company\"><input size=\"40\" maxlength=\"128\" class=\"wpcf7-form-control wpcf7-text wpcf7-validates-as-required\" aria-required=\"true\" aria-invalid=\"false\" value=\"\" type=\"text\" name=\"company\" \/><\/span>\n\t\t<\/p>\n\t<\/div>\n<\/div>\n<div class=\"form-field\">\n\t<p><label>Pr\u00e9nom *<\/label>\n\t<\/p>\n\t<div class=\"controls\">\n\t\t<p><span class=\"wpcf7-form-control-wrap\" data-name=\"firstname\"><input size=\"40\" maxlength=\"128\" class=\"wpcf7-form-control wpcf7-text wpcf7-validates-as-required\" aria-required=\"true\" aria-invalid=\"false\" value=\"\" type=\"text\" name=\"firstname\" \/><\/span>\n\t\t<\/p>\n\t<\/div>\n<\/div>\n<div class=\"form-field\">\n\t<p><label>Nom *<\/label>\n\t<\/p>\n\t<div class=\"controls\">\n\t\t<p><span class=\"wpcf7-form-control-wrap\" data-name=\"surname\"><input size=\"40\" maxlength=\"128\" class=\"wpcf7-form-control wpcf7-text wpcf7-validates-as-required\" aria-required=\"true\" aria-invalid=\"false\" value=\"\" type=\"text\" name=\"surname\" \/><\/span>\n\t\t<\/p>\n\t<\/div>\n<\/div>\n<div class=\"form-field\">\n\t<p><label>Ville *<\/label>\n\t<\/p>\n\t<div class=\"controls\">\n\t\t<p><span class=\"wpcf7-form-control-wrap\" data-name=\"city\"><input size=\"40\" maxlength=\"128\" class=\"wpcf7-form-control wpcf7-text wpcf7-validates-as-required\" aria-required=\"true\" aria-invalid=\"false\" value=\"\" type=\"text\" name=\"city\" \/><\/span>\n\t\t<\/p>\n\t<\/div>\n<\/div>\n<div class=\"form-field\">\n\t<p><label>Pays *<\/label>\n\t<\/p>\n\t<div class=\"controls\">\n\t\t<p><span class=\"wpcf7-form-control-wrap\" data-name=\"country\"><select class=\"wpcf7-form-control wpcf7-select wpcf7-validates-as-required\" aria-required=\"true\" aria-invalid=\"false\" name=\"country\"><option value=\"\">&#8212;Please choose an option&#8212;<\/option><option value=\"Allemagne\">Allemagne<\/option><option value=\"Andorre\">Andorre<\/option><option value=\"Autriche\">Autriche<\/option><option value=\"Belgique\">Belgique<\/option><option value=\"Danemark\">Danemark<\/option><option value=\"Espagne\">Espagne<\/option><option value=\"France\">France<\/option><option value=\"Gr\u00e8ce\">Gr\u00e8ce<\/option><option value=\"Irlande\">Irlande<\/option><option value=\"Italie\">Italie<\/option><option value=\"Lettonie\">Lettonie<\/option><option value=\"Lituanie\">Lituanie<\/option><option value=\"Norv\">Norv<\/option><option value=\"Pays-Bas\">Pays-Bas<\/option><option value=\"Pologne\">Pologne<\/option><option value=\"Portugal\">Portugal<\/option><option value=\"Roumanie\">Roumanie<\/option><option value=\"Royaume-Uni\">Royaume-Uni<\/option><option value=\"Russie\">Russie<\/option><option value=\"Slov\">Slov<\/option><option value=\"Slovaquie\">Slovaquie<\/option><option value=\"Suisse\">Suisse<\/option><option value=\"Afghanistan\">Afghanistan<\/option><option value=\"Afrique du Sud\">Afrique du Sud<\/option><option value=\"Albanie\">Albanie<\/option><option value=\"Alg\u00e9rie\">Alg\u00e9rie<\/option><option value=\"Angola\">Angola<\/option><option value=\"Anguilla\">Anguilla<\/option><option value=\"Antarctique\">Antarctique<\/option><option value=\"Antigua -et-Barbuda\">Antigua -et-Barbuda<\/option><option value=\"Antilles n\">Antilles n<\/option><option value=\"Arabie Saoudite\">Arabie Saoudite<\/option><option value=\"Argentine\">Argentine<\/option><option value=\"Arm\">Arm<\/option><option value=\"Aruba\">Aruba<\/option><option value=\"Australie\">Australie<\/option><option value=\"Azerba\">Azerba<\/option><option value=\"Bahamas\">Bahamas<\/option><option value=\"Bahre\">Bahre<\/option><option value=\"Bangladesh\">Bangladesh<\/option><option value=\"Barbade\">Barbade<\/option><option value=\"Belize\">Belize<\/option><option value=\"Bermudes\">Bermudes<\/option><option value=\"Bhoutan\">Bhoutan<\/option><option value=\"Bolivie\">Bolivie<\/option><option value=\"Bosnie-Herz\">Bosnie-Herz<\/option><option value=\"Botswana\">Botswana<\/option><option value=\"Bouvet Island\">Bouvet Island<\/option><option value=\"Brunei Darussalam\">Brunei Darussalam<\/option><option value=\"Bulgarie\">Bulgarie<\/option><option value=\"Burkina Faso\">Burkina Faso<\/option><option value=\"Burundi\">Burundi<\/option><option value=\"Cambodge\">Cambodge<\/option><option value=\"Cameroun\">Cameroun<\/option><option value=\"Canada\">Canada<\/option><option value=\"Cap-Vert\">Cap-Vert<\/option><option value=\"Chili\">Chili<\/option><option value=\"Chine\">Chine<\/option><option value=\"Christmas Island\">Christmas Island<\/option><option value=\"Chypre\">Chypre<\/option><option value=\"Cocos ( Keeling)\">Cocos ( Keeling)<\/option><option value=\"Colombie\">Colombie<\/option><option value=\"Comores\">Comores<\/option><option value=\"Congo\">Congo<\/option><option value=\"Congo , la R\">Congo , la R<\/option><option value=\"Costa Rica\">Costa Rica<\/option><option value=\"Croatie\">Croatie<\/option><option value=\"Cuba\">Cuba<\/option><option value=\"Djibouti\">Djibouti<\/option><option value=\"Dominique\">Dominique<\/option><option value=\"Egypte\">Egypte<\/option><option value=\"El Salvador\">El Salvador<\/option><option value=\"\u00c9mirats arabes unis\">\u00c9mirats arabes unis<\/option><option value=\"Erythr\">Erythr<\/option><option value=\"Estonie\">Estonie<\/option><option value=\"Ethiopie\">Ethiopie<\/option><option value=\"Fidji\">Fidji<\/option><option value=\"Finlande\">Finlande<\/option><option value=\"Gabon\">Gabon<\/option><option value=\"Gambie\">Gambie<\/option><option value=\"Ghana\">Ghana<\/option><option value=\"Gibraltar\">Gibraltar<\/option><option value=\"Grenade\">Grenade<\/option><option value=\"Groenland\">Groenland<\/option><option value=\"Guadeloupe\">Guadeloupe<\/option><option value=\"Guam\">Guam<\/option><option value=\"Guatemala\">Guatemala<\/option><option value=\"Guyane\">Guyane<\/option><option value=\"Guyane fran\">Guyane fran<\/option><option value=\"Honduras\">Honduras<\/option><option value=\"Hong-Kong\">Hong-Kong<\/option><option value=\"Hongrie\">Hongrie<\/option><option value=\"Inde\">Inde<\/option><option value=\"Indon\">Indon<\/option><option value=\"Irak\">Irak<\/option><option value=\"Iran , R\">Iran , R<\/option><option value=\"Islande\">Islande<\/option><option value=\"Isra\">Isra<\/option><option value=\"Jama\">Jama<\/option><option value=\"Jamahiriya arabe libyenne\">Jamahiriya arabe libyenne<\/option><option value=\"Japon\">Japon<\/option><option value=\"Jordanie\">Jordanie<\/option><option value=\"Kazakhstan\">Kazakhstan<\/option><option value=\"Kenya\">Kenya<\/option><option value=\"Kirghizistan\">Kirghizistan<\/option><option value=\"Kiribati\">Kiribati<\/option><option value=\"Koweit\">Koweit<\/option><option value=\"Lesotho\">Lesotho<\/option><option value=\"Lib\">Lib<\/option><option value=\"Liban\">Liban<\/option><option value=\"Liechtenstein\">Liechtenstein<\/option><option value=\"Luxembourg\">Luxembourg<\/option><option value=\"Mac\">Mac<\/option><option value=\"Macao\">Macao<\/option><option value=\"Madagascar\">Madagascar<\/option><option value=\"Malaisie\">Malaisie<\/option><option value=\"Malawi\">Malawi<\/option><option value=\"Maldives\">Maldives<\/option><option value=\"Mali\">Mali<\/option><option value=\"Malte\">Malte<\/option><option value=\"Maroc\">Maroc<\/option><option value=\"Martinique\">Martinique<\/option><option value=\"Maurice\">Maurice<\/option><option value=\"Mauritanie\">Mauritanie<\/option><option value=\"Mayotte\">Mayotte<\/option><option value=\"Mexique\">Mexique<\/option><option value=\"Micron\">Micron<\/option><option value=\"Moldova , R\">Moldova , R<\/option><option value=\"Monaco\">Monaco<\/option><option value=\"Mongolie\">Mongolie<\/option><option value=\"Montserrat\">Montserrat<\/option><option value=\"Mozambique\">Mozambique<\/option><option value=\"Myanmar\">Myanmar<\/option><option value=\"Namibie\">Namibie<\/option><option value=\"Nauru\">Nauru<\/option><option value=\"Nicaragua\">Nicaragua<\/option><option value=\"Niger\">Niger<\/option><option value=\"Nigeria\">Nigeria<\/option><option value=\"Niue\">Niue<\/option><option value=\"Norfolk Island\">Norfolk Island<\/option><option value=\"Nouvelle-Cal\">Nouvelle-Cal<\/option><option value=\"nouvelle-Z\">nouvelle-Z<\/option><option value=\"Oman\">Oman<\/option><option value=\"Ouganda\">Ouganda<\/option><option value=\"Ouzb\">Ouzb<\/option><option value=\"Pakistan\">Pakistan<\/option><option value=\"Palau\">Palau<\/option><option value=\"Panama\">Panama<\/option><option value=\"Papouasie-Nouvelle- Guin\">Papouasie-Nouvelle- Guin<\/option><option value=\"Paraguay\">Paraguay<\/option><option value=\"Philippines\">Philippines<\/option><option value=\"Pitcairn\">Pitcairn<\/option><option value=\"Polyn\">Polyn<\/option><option value=\"Puerto Rico\">Puerto Rico<\/option><option value=\"Qatar\">Qatar<\/option><option value=\"Rwanda\">Rwanda<\/option><option value=\"Sahara occidental\">Sahara occidental<\/option><option value=\"Saint -Vincent-et -les-Grenadines\">Saint -Vincent-et -les-Grenadines<\/option><option value=\"Saint-Kitts- et-Nevis\">Saint-Kitts- et-Nevis<\/option><option value=\"Saint-Pierre-et-Miquelon\">Saint-Pierre-et-Miquelon<\/option><option value=\"Saint-Si\">Saint-Si<\/option><option value=\"Sainte-H\">Sainte-H<\/option><option value=\"Sainte-Lucie\">Sainte-Lucie<\/option><option value=\"Samoa\">Samoa<\/option><option value=\"Samoa am\">Samoa am<\/option><option value=\"San Marino\">San Marino<\/option><option value=\"Sao Tom\">Sao Tom<\/option><option value=\"Serbie -et-Mont\">Serbie -et-Mont<\/option><option value=\"Seychelles\">Seychelles<\/option><option value=\"Sierra Leone\">Sierra Leone<\/option><option value=\"Singapour\">Singapour<\/option><option value=\"Somalie\">Somalie<\/option><option value=\"Soudan\">Soudan<\/option><option value=\"Sri Lanka\">Sri Lanka<\/option><option value=\"Suriname\">Suriname<\/option><option value=\"Svalbard et Jan Mayen\">Svalbard et Jan Mayen<\/option><option value=\"Swaziland\">Swaziland<\/option><option value=\"Tadjikistan\">Tadjikistan<\/option><option value=\"Taiwan , province de Chine\">Taiwan , province de Chine<\/option><option value=\"Tanzanie , R\">Tanzanie , R<\/option><option value=\"Tchad\">Tchad<\/option><option value=\"Terres australes fran\">Terres australes fran<\/option><option value=\"Territoire britannique de l&#039; oc\">Territoire britannique de l&#039; oc<\/option><option value=\"Territoires palestiniens\">Territoires palestiniens<\/option><option value=\"Tha\u00eflande\">Tha\u00eflande<\/option><option value=\"Timor -Leste\">Timor -Leste<\/option><option value=\"Togo\">Togo<\/option><option value=\"Tokelau\">Tokelau<\/option><option value=\"Tonga\">Tonga<\/option><option value=\"Trinit\">Trinit<\/option><option value=\"Tunisie\">Tunisie<\/option><option value=\"Turkm\">Turkm<\/option><option value=\"Turquie\">Turquie<\/option><option value=\"Tuvalu\">Tuvalu<\/option><option value=\"Ukraine\">Ukraine<\/option><option value=\"Uruguay\">Uruguay<\/option><option value=\"Vanuatu\">Vanuatu<\/option><\/select><\/span>\n\t\t<\/p>\n\t<\/div>\n<\/div>\n<div class=\"form-field language-field-newsletter\">\n\t<p><label>Langue *<\/label>\n\t<\/p>\n\t<div class=\"controls\">\n\t\t<p><span class=\"wpcf7-form-control-wrap language\" data-name=\"language\"><select name=\"language\" class=\"wpcf7-form-control wpcf7-select wpcf7dtx wpcf7dtx-select\" aria-invalid=\"false\" required=\"required\" size=\"1\"><option value=\"\" selected>&#8212;Please choose an option&#8212;<\/option><option value=\"ES\">Espanol<\/option><option value=\"EN\">Anglais<\/option><option value=\"FR\">Fran\u00e7ais<\/option><option value=\"DE\">Allemand<\/option><option value=\"IT\">Italien<\/option><\/select><\/span>\n\t\t<\/p>\n\t<\/div>\n<\/div>\n<div class=\"form-field activity-field-newsletter\">\n\t<p><label>Activit\u00e9 *<\/label>\n\t<\/p>\n\t<div class=\"controls\">\n\t\t<p><span class=\"wpcf7-form-control-wrap activity\" data-name=\"activity\"><select name=\"activity\" class=\"wpcf7-form-control wpcf7-select wpcf7dtx wpcf7dtx-select\" aria-invalid=\"false\" required=\"required\" size=\"1\"><option value=\"\" selected>&#8212;Please choose an option&#8212;<\/option><option value=\"Hotel\">H\u00f4tel<\/option><option value=\"Builder\">Constructeur<\/option><option value=\"Architect\">Architecte<\/option><option value=\"Engineering\">Ing\u00e9nierie<\/option><option value=\"Installation\">Installation<\/option><option value=\"Wholesaler\">Distribution \/ grossiste<\/option><option value=\"Other\">Autres<\/option><\/select><\/span>\n\t\t<\/p>\n\t<\/div>\n<\/div>\n<div class=\"form-field\">\n\t<p>Type de newsletter que vous souhaitez recevoir\n\t<\/p>\n<\/div>\n<div class=\"form-field\">\n\t<p><label>Newsletter Support Zennio *<\/label>\n\t<\/p>\n\t<div class=\"controls\">\n\t\t<p><span class=\"wpcf7-form-control-wrap\" data-name=\"zennio_support\"><span class=\"wpcf7-form-control wpcf7-radio\"><span class=\"wpcf7-list-item first\"><label><input type=\"radio\" name=\"zennio_support\" value=\"Yes\" checked=\"checked\" \/><span class=\"wpcf7-list-item-label\">Yes<\/span><\/label><\/span><span class=\"wpcf7-list-item last\"><label><input type=\"radio\" name=\"zennio_support\" value=\"No\" \/><span class=\"wpcf7-list-item-label\">No<\/span><\/label><\/span><\/span><\/span>\n\t\t<\/p>\n\t<\/div>\n<\/div>\n<div class=\"form-field\">\n\t<p><label>Newsletter G\u00e9n\u00e9rale Zennio *<\/label>\n\t<\/p>\n\t<div class=\"controls\">\n\t\t<p><span class=\"wpcf7-form-control-wrap\" data-name=\"zennio_general\"><span class=\"wpcf7-form-control wpcf7-radio\"><span class=\"wpcf7-list-item first\"><label><input type=\"radio\" name=\"zennio_general\" value=\"Yes\" checked=\"checked\" \/><span class=\"wpcf7-list-item-label\">Yes<\/span><\/label><\/span><span class=\"wpcf7-list-item last\"><label><input type=\"radio\" name=\"zennio_general\" value=\"No\" \/><span class=\"wpcf7-list-item-label\">No<\/span><\/label><\/span><\/span><\/span>\n\t\t<\/p>\n\t<\/div>\n<\/div>\n<div class=\"form-field form-acceptance\">\n\t<p><span class=\"wpcf7-form-control-wrap\" data-name=\"acceptance\"><span class=\"wpcf7-form-control wpcf7-acceptance\"><span class=\"wpcf7-list-item\"><label><input type=\"checkbox\" name=\"acceptance\" value=\"1\" aria-invalid=\"false\" \/><span class=\"wpcf7-list-item-label\">J'accepte que Zennio me contacte par courriel.<\/span><\/label><\/span><\/span><\/span>\n\t<\/p>\n<\/div>\n<span class=\"wpcf7-form-control-wrap language_code\" data-name=\"language_code\"><input type=\"hidden\" name=\"language_code\" class=\"wpcf7-form-control wpcf7-hidden wpcf7dtx wpcf7dtx-hidden language-code-newsletter\" aria-invalid=\"false\" value=\"ES\"><\/span>\n<span class=\"wpcf7-form-control-wrap activity_code\" data-name=\"activity_code\"><input type=\"hidden\" name=\"activity_code\" class=\"wpcf7-form-control wpcf7-hidden wpcf7dtx wpcf7dtx-hidden activity-code-newsletter\" aria-invalid=\"false\" value=\"Hotel\"><\/span>\n<p><input class=\"wpcf7-form-control wpcf7-submit has-spinner\" type=\"submit\" value=\"Envoyer inscription\" \/>\n<\/p><div class=\"wpcf7-response-output\" aria-hidden=\"true\"><\/div>\n<\/form>\n<\/div>\n\n<p>[\/et_pb_text][\/et_pb_column][\/et_pb_row][et_pb_row column_structure=&#8221;1_4,3_4&#8243; _builder_version=&#8221;4.17.4&#8243; _module_preset=&#8221;default&#8221; background_color=&#8221;#FBF2F2&#8243; custom_margin=&#8221;3em||||false|false&#8221; custom_padding=&#8221;4em|5em|4em||true|false&#8221; global_colors_info=&#8221;{}&#8221;][et_pb_column type=&#8221;1_4&#8243; _builder_version=&#8221;4.17.4&#8243; _module_preset=&#8221;default&#8221; global_colors_info=&#8221;{}&#8221;][et_pb_icon font_icon=&#8221;&#xf06a;||fa||900&#8243; icon_color=&#8221;#000000&#8243; _builder_version=&#8221;4.17.4&#8243; _module_preset=&#8221;default&#8221; global_colors_info=&#8221;{}&#8221;][\/et_pb_icon][\/et_pb_column][et_pb_column type=&#8221;3_4&#8243; _builder_version=&#8221;4.17.4&#8243; _module_preset=&#8221;default&#8221; global_colors_info=&#8221;{}&#8221;][et_pb_text _builder_version=&#8221;4.17.4&#8243; _module_preset=&#8221;default&#8221; text_font_size=&#8221;20px&#8221; text_line_height=&#8221;1.5em&#8221; global_colors_info=&#8221;{}&#8221;]<\/p>\n<p><span>Nous vous informons que vos donn\u00e9es personnelles seront trait\u00e9es par ZENNIO AVANCE Y TECNOLOG\u00cdA S.L. dans le but de g\u00e9rer votre demande et de maintenir une relation professionnelle et commerciale avec vous. Vos donn\u00e9es ne seront pas c\u00e9d\u00e9es \u00e0 des tiers. Ce traitement des donn\u00e9es est n\u00e9cessaire pour r\u00e9pondre \u00e0 votre demande. Vos donn\u00e9es seront conserv\u00e9es jusqu&#8217;\u00e0 r\u00e9siliation du service et\/ou apr\u00e8s un temps appropri\u00e9 apr\u00e8s avoir trait\u00e9 votre consultation. Vous pouvez exercer vos droits d&#8217;acc\u00e8s, rectification, annulation, opposition, transf\u00e9rabilit\u00e9 et limitation de traitement de vos donn\u00e9es en vous dirigeant \u00e0 Zennio Avance y Tecnolog\u00eda S.L., C\/ R\u00edo Jarama, 132. Nave P-8.11, 45007-TOLEDO ou \u00e0 info@zennio.com, en joignant une photocopie de votre carte nationale d&#8217;identit\u00e9 prouvant d\u00fbment votre identit\u00e9. Dans tous les cas, vous avez le droit de pr\u00e9senter une r\u00e9clamation \u00e0 l&#8217;Agence Espagnole de Protection des Donn\u00e9es (Agencia Espa\u00f1ola de Protecci\u00f3n de Datos &#8211; AEPD).<\/span><\/p>\n<p>[\/et_pb_text][\/et_pb_column][\/et_pb_row][\/et_pb_section]<\/p>\n","protected":false},"excerpt":{"rendered":"<p>INSCRIPTION \u00c0 LA NEWSLETTERSi vous souhaitez \u00eatre inform\u00e9 de nos informations corporatives, alerte de produits, actualisations de software, cours de formation, et informations importantes du secteur, vous pouvez vous inscrire \u00e0 la Newsletter de Zennio de mani\u00e8re totalement gratuite et sans engagement. Merci de remplir le formulaire suivant et cliquer sur le bouton d\u2019inscription pour [&hellip;]<\/p>\n","protected":false},"author":10,"featured_media":0,"parent":0,"menu_order":0,"comment_status":"closed","ping_status":"closed","template":"","meta":{"_acf_changed":false,"_et_pb_use_builder":"on","_et_pb_old_content":"","_et_gb_content_width":"","footnotes":""},"class_list":["post-10206","page","type-page","status-publish","hentry"],"acf":[],"yoast_head":"<!-- This site is optimized with the Yoast SEO plugin v25.5 - https:\/\/yoast.com\/wordpress\/plugins\/seo\/ -->\n<title>Newsletter | Zennio<\/title>\n<meta name=\"robots\" content=\"index, follow, max-snippet:-1, max-image-preview:large, max-video-preview:-1\" \/>\n<link rel=\"canonical\" href=\"https:\/\/back.zennio.com\/fr\/newsletter\" \/>\n<meta property=\"og:locale\" content=\"fr_FR\" \/>\n<meta property=\"og:type\" content=\"article\" \/>\n<meta property=\"og:title\" content=\"Newsletter | Zennio\" \/>\n<meta property=\"og:url\" content=\"https:\/\/back.zennio.com\/fr\/newsletter\" \/>\n<meta property=\"og:site_name\" content=\"Zennio\" \/>\n<meta property=\"article:modified_time\" content=\"2025-03-17T13:21:36+00:00\" \/>\n<meta name=\"twitter:card\" content=\"summary_large_image\" \/>\n<meta name=\"twitter:label1\" content=\"Est. reading time\" \/>\n\t<meta name=\"twitter:data1\" content=\"2 minutes\" \/>\n<script type=\"application\/ld+json\" class=\"yoast-schema-graph\">{\"@context\":\"https:\/\/schema.org\",\"@graph\":[{\"@type\":\"WebPage\",\"@id\":\"https:\/\/back.zennio.com\/fr\/newsletter\",\"url\":\"https:\/\/back.zennio.com\/fr\/newsletter\",\"name\":\"Newsletter | Zennio\",\"isPartOf\":{\"@id\":\"https:\/\/www.zennio.com\/#website\"},\"datePublished\":\"2022-03-23T15:09:39+00:00\",\"dateModified\":\"2025-03-17T13:21:36+00:00\",\"breadcrumb\":{\"@id\":\"https:\/\/back.zennio.com\/fr\/newsletter#breadcrumb\"},\"inLanguage\":\"fr\",\"potentialAction\":[{\"@type\":\"ReadAction\",\"target\":[\"https:\/\/back.zennio.com\/fr\/newsletter\"]}]},{\"@type\":\"BreadcrumbList\",\"@id\":\"https:\/\/back.zennio.com\/fr\/newsletter#breadcrumb\",\"itemListElement\":[{\"@type\":\"ListItem\",\"position\":1,\"name\":\"Portada\",\"item\":\"https:\/\/www.zennio.com\/fr\"},{\"@type\":\"ListItem\",\"position\":2,\"name\":\"Newsletter\"}]},{\"@type\":\"WebSite\",\"@id\":\"https:\/\/www.zennio.com\/#website\",\"url\":\"https:\/\/www.zennio.com\/\",\"name\":\"Zennio\",\"description\":\"Zennio Global\",\"potentialAction\":[{\"@type\":\"SearchAction\",\"target\":{\"@type\":\"EntryPoint\",\"urlTemplate\":\"https:\/\/www.zennio.com\/?s={search_term_string}\"},\"query-input\":{\"@type\":\"PropertyValueSpecification\",\"valueRequired\":true,\"valueName\":\"search_term_string\"}}],\"inLanguage\":\"fr\"}]}<\/script>\n<!-- \/ Yoast SEO plugin. -->","yoast_head_json":{"title":"Newsletter | Zennio","robots":{"index":"index","follow":"follow","max-snippet":"max-snippet:-1","max-image-preview":"max-image-preview:large","max-video-preview":"max-video-preview:-1"},"canonical":"https:\/\/back.zennio.com\/fr\/newsletter","og_locale":"fr_FR","og_type":"article","og_title":"Newsletter | Zennio","og_url":"https:\/\/back.zennio.com\/fr\/newsletter","og_site_name":"Zennio","article_modified_time":"2025-03-17T13:21:36+00:00","twitter_card":"summary_large_image","twitter_misc":{"Est. reading time":"2 minutes"},"schema":{"@context":"https:\/\/schema.org","@graph":[{"@type":"WebPage","@id":"https:\/\/back.zennio.com\/fr\/newsletter","url":"https:\/\/back.zennio.com\/fr\/newsletter","name":"Newsletter | Zennio","isPartOf":{"@id":"https:\/\/www.zennio.com\/#website"},"datePublished":"2022-03-23T15:09:39+00:00","dateModified":"2025-03-17T13:21:36+00:00","breadcrumb":{"@id":"https:\/\/back.zennio.com\/fr\/newsletter#breadcrumb"},"inLanguage":"fr","potentialAction":[{"@type":"ReadAction","target":["https:\/\/back.zennio.com\/fr\/newsletter"]}]},{"@type":"BreadcrumbList","@id":"https:\/\/back.zennio.com\/fr\/newsletter#breadcrumb","itemListElement":[{"@type":"ListItem","position":1,"name":"Portada","item":"https:\/\/www.zennio.com\/fr"},{"@type":"ListItem","position":2,"name":"Newsletter"}]},{"@type":"WebSite","@id":"https:\/\/www.zennio.com\/#website","url":"https:\/\/www.zennio.com\/","name":"Zennio","description":"Zennio Global","potentialAction":[{"@type":"SearchAction","target":{"@type":"EntryPoint","urlTemplate":"https:\/\/www.zennio.com\/?s={search_term_string}"},"query-input":{"@type":"PropertyValueSpecification","valueRequired":true,"valueName":"search_term_string"}}],"inLanguage":"fr"}]}},"_links":{"self":[{"href":"https:\/\/back.zennio.com\/fr\/wp-json\/wp\/v2\/pages\/10206","targetHints":{"allow":["GET"]}}],"collection":[{"href":"https:\/\/back.zennio.com\/fr\/wp-json\/wp\/v2\/pages"}],"about":[{"href":"https:\/\/back.zennio.com\/fr\/wp-json\/wp\/v2\/types\/page"}],"author":[{"embeddable":true,"href":"https:\/\/back.zennio.com\/fr\/wp-json\/wp\/v2\/users\/10"}],"replies":[{"embeddable":true,"href":"https:\/\/back.zennio.com\/fr\/wp-json\/wp\/v2\/comments?post=10206"}],"version-history":[{"count":1,"href":"https:\/\/back.zennio.com\/fr\/wp-json\/wp\/v2\/pages\/10206\/revisions"}],"predecessor-version":[{"id":67293,"href":"https:\/\/back.zennio.com\/fr\/wp-json\/wp\/v2\/pages\/10206\/revisions\/67293"}],"wp:attachment":[{"href":"https:\/\/back.zennio.com\/fr\/wp-json\/wp\/v2\/media?parent=10206"}],"curies":[{"name":"wp","href":"https:\/\/api.w.org\/{rel}","templated":true}]}}