{"id":180,"date":"2021-02-19T09:58:22","date_gmt":"2021-02-19T08:58:22","guid":{"rendered":"https:\/\/www.zennio.com\/mention-legale\/"},"modified":"2022-06-05T18:47:58","modified_gmt":"2022-06-05T16:47:58","slug":"mention-legale","status":"publish","type":"page","link":"https:\/\/back.zennio.com\/fr\/mention-legale","title":{"rendered":"Mention l\u00e9gale"},"content":{"rendered":"<p>[et_pb_section fb_built=&#8221;1&#8243; _builder_version=&#8221;4.16&#8243; _module_preset=&#8221;default&#8221; global_colors_info=&#8221;{}&#8221;][et_pb_row _builder_version=&#8221;4.16&#8243; _module_preset=&#8221;default&#8221; global_colors_info=&#8221;{}&#8221;][et_pb_column type=&#8221;4_4&#8243; _builder_version=&#8221;4.16&#8243; _module_preset=&#8221;default&#8221; global_colors_info=&#8221;{}&#8221;][et_pb_text _builder_version=&#8221;4.17.4&#8243; _module_preset=&#8221;default&#8221; hover_enabled=&#8221;0&#8243; global_colors_info=&#8221;{}&#8221; header_font_size=&#8221;36px&#8221; header_line_height=&#8221;1.6em&#8221; sticky_enabled=&#8221;0&#8243;]<\/p>\n<h1 id=\"legal-details\">Mention l\u00e9gale<\/h1>\n<h2><\/h2>\n<h2 id=\"website-property\">Titulaire du site Web<\/h2>\n<p>Les domaines d\u2019Internet <a href=\"http:\/\/www.zennio.com\/\" target=\"_blank\" rel=\"nofollow noopener noreferrer\">www.zennio.com<\/a> et www.zennio.fr sont propri\u00e9t\u00e9 de Zennio Avance y Tecnolog\u00eda S.L. dont les donn\u00e9es sont :<\/p>\n<ul>\n<li><strong>CIF <\/strong>: B45586724<\/li>\n<li><strong>Donn\u00e9es du Registre Mercantile :<\/strong> Registre Mercantile de Toledo, Tome 1293, Feuille TO-22822, Livre 0, Inscription 1\u00aa, Feuillet 150.<\/li>\n<li><strong>E-mail : <\/strong><a href=\"mailto:soluciones@zennio.com\">soluciones@zennio.com<\/a><\/li>\n<li><strong>Domicile pour notifications :<\/strong> C\/ Jarama 132, Nave P8.11, 45007-Toledo \u2013 Espagne.<\/li>\n<\/ul>\n<h2><\/h2>\n<h2 id=\"use-of-the-website\">Utilisation du site Web<\/h2>\n<p>L\u2019acc\u00e8s et l\u2019utilisation du site web attribue la condition d\u2019Utilisateur du site, et implique l\u2019acceptation pleine et sans r\u00e9serves de toutes et chacune des conditions incluses dans la pr\u00e9sente Mention L\u00e9gale.<\/p>\n<p>L\u2019utilisateur s\u2019oblige \u00e0 faire une utilisation correcte du site conform\u00e9ment \u00e0 la Loi 34\/2002, du 11 Juillet, LSSICE et \u00e0 la pr\u00e9sente Mention L\u00e9gale.<\/p>\n<p>Aussi, il r\u00e9pondra face \u00e0 Zennio Avance y Tecnolog\u00eda S.L. ou face \u00e0 des tiers, de tout dommage et pr\u00e9judice qu\u2019il pourrait causer comme cons\u00e9quence du non-respect de cette obligation.<\/p>\n<p>Toute utilisation du site \u00e0 des fins pouvant nuire aux biens et int\u00e9r\u00eats de Zennio Avance y Tecnolog\u00eda S.L. ou de tiers, ou qui puissent de toute autre fa\u00e7on surcharger, endommager ou rendre inutilisable le r\u00e9seau, les serveurs et tout autre \u00e9quipement informatique (hardware) ou produit et application informatique (software) de Zennio Avance y Tecnolog\u00eda S.L. ou de tiers, est express\u00e9ment interdite.<\/p>\n<h2><\/h2>\n<h2 id=\"web-contents-and-links\">Contenu du site web et des liens<\/h2>\n<p>Les contenus de ce site web ont pour but d\u2019informer et de faire conna\u00eetre les produits et services qu\u2019offre Zennio Avance y Tecnolog\u00eda S.L., ainsi que d\u2019\u00eatre l\u2019environnement de travail avec d\u2019autres professionnels du secteur dans le but de donner la plus grande couverture possible aux utilisateurs de cet espace web et d\u2019atteindre son objectif de \u201cfournir des solutions technologiques avanc\u00e9es en domotique\u201d. De m\u00eame, certaines zones d\u2019int\u00e9r\u00eats ont \u00e9t\u00e9 \u00e9tablies, o\u00f9 l\u2019utilisateur pourra m\u00eame avoir acc\u00e8s \u00e0 pouvoir concevoir son propre produit et \u00e0 pouvoir demander un support technique concernant les produits de Zennio Avance y Tecnolog\u00eda S.L.<\/p>\n<p>Le titulaire ne sera pas responsable des mauvaises utilisations qui pourrait \u00eatre faites des contenus du site web, \u00e9tant de la responsabilit\u00e9 exclusive de l\u2019Utilisateur qui y acc\u00e8de ou qui l\u2019utilise.<\/p>\n<p>Il est interdit d\u2019utiliser les contenus du site web pour promouvoir, engager ou partager la publicit\u00e9 ou des informations propres ou de tiers sans l\u2019autorisation de Zennio Avance y Tecnolog\u00eda S.L., ni d\u2019envoyer de la publicit\u00e9 ou des informations en vous servant des services ou de l\u2019information que nous mettons \u00e0 disposition des utilisateurs , ind\u00e9pendamment du fait que leur utilisation soit gratuite ou non.<\/p>\n<h2><\/h2>\n<h2 id=\"intellectual-property-of-the-website\">Propri\u00e9t\u00e9 intellectuelle du site web<\/h2>\n<p>Tous les droits de propri\u00e9t\u00e9 intellectuelle du contenu de ce site web, son graphisme et ses codes source, sont propri\u00e9t\u00e9 exclusive de Zennio Avance y Tecnolog\u00eda S.L., et il lui correspond l\u2019exercice exclusif des droits d\u2019exploitation les concernant, sans que puisse \u00eatre interpr\u00e9t\u00e9 que l\u2019acc\u00e8s au site web attribue quelque droit que ce soit les concernant.<\/p>\n<p>Sa reproduction, communication publique et transformation, totale ou partielle, sont interdites sans l\u2019autorisation expresse de Zennio Avance y Tecnolog\u00eda S.L.<\/p>\n<p>De m\u00eame, toutes les d\u00e9nominations commerciales, marques ou signes distinctifs de toute sorte contenus dans ce site web sont prot\u00e9g\u00e9s par la loi.<\/p>\n<h2><\/h2>\n<h2 id=\"special-conditions\">Conditions Particuli\u00e8res<\/h2>\n<p>L\u2019utilisation de certains Services et Contenus offerts par Zennio Avance y Tecnolog\u00eda S.L. au moyen du site web peut \u00eatre r\u00e9gi par des Conditions Particuli\u00e8res Propres, qui peuvent compl\u00e9ter et\/ou modifier les pr\u00e9sentes Mentions L\u00e9gales. Donc, avant toute utilisation des dits services, l\u2019Utilisateur se doit de lire attentivement les correspondantes Conditions Particuli\u00e8res les concernant.<\/p>\n<h2><\/h2>\n<h2 id=\"updates-and-modifications-to-the-website\">Mise \u00e0 jour et modification du site web<\/h2>\n<p>Zennio Avance y Tecnolog\u00eda S.L. se r\u00e9serve le droit de mettre \u00e0 jour, modifier ou \u00e9liminer l\u2019information contenue dans son site web, et la configuration ou pr\u00e9sentation de celui-ci, \u00e0 tout moment, sans avis pr\u00e9alable et sans avoir \u00e0 assumer aucune responsabilit\u00e9 pour ce fait.<\/p>\n<h2><\/h2>\n<h2 id=\"information-on-technical-aspects\">Indications concernant les aspects techniques<\/h2>\n<p>Zennio Avance y Tecnolog\u00eda S.L. n\u2019assumera aucune responsabilit\u00e9 qui puisse d\u00e9river de probl\u00e8mes techniques ou de pannes dans les \u00e9quipements informatiques qui puissent se produire durant la connexion au r\u00e9seau internet, ainsi que des dommages qui pourraient \u00eatre caus\u00e9s par des tierces personnes en utilisant des intromissions illicites hors du contr\u00f4le de Zennio Avance y Tecnolog\u00eda S.L. Seront aussi exon\u00e9r\u00e9es toutes les responsabilit\u00e9s face \u00e0 de possibles dommages ou pr\u00e9judices que pourraient subir l\u2019utilisateur comme cons\u00e9quence de pannes, d\u00e9fauts ou omissions dans l\u2019information que nous facilitons, lorsqu\u2019ils proviennent de sources externes.<\/p>\n<p>[\/et_pb_text][\/et_pb_column][\/et_pb_row][\/et_pb_section]<\/p>\n","protected":false},"excerpt":{"rendered":"<p>Mention l\u00e9gale Titulaire du site Web Les domaines d\u2019Internet www.zennio.com et www.zennio.fr sont propri\u00e9t\u00e9 de Zennio Avance y Tecnolog\u00eda S.L. dont les donn\u00e9es sont : CIF : B45586724 Donn\u00e9es du Registre Mercantile : Registre Mercantile de Toledo, Tome 1293, Feuille TO-22822, Livre 0, Inscription 1\u00aa, Feuillet 150. E-mail : soluciones@zennio.com Domicile pour notifications : C\/ [&hellip;]<\/p>\n","protected":false},"author":10,"featured_media":0,"parent":0,"menu_order":0,"comment_status":"closed","ping_status":"closed","template":"","meta":{"_acf_changed":false,"_et_pb_use_builder":"on","_et_pb_old_content":"","_et_gb_content_width":"","footnotes":""},"class_list":["post-180","page","type-page","status-publish","hentry"],"acf":[],"yoast_head":"<!-- This site is optimized with the Yoast SEO plugin v25.5 - https:\/\/yoast.com\/wordpress\/plugins\/seo\/ -->\n<title>Mention l\u00e9gale | Zennio<\/title>\n<meta name=\"robots\" content=\"index, follow, max-snippet:-1, max-image-preview:large, max-video-preview:-1\" \/>\n<link rel=\"canonical\" href=\"https:\/\/back.zennio.com\/fr\/mention-legale\" \/>\n<meta property=\"og:locale\" content=\"fr_FR\" \/>\n<meta property=\"og:type\" content=\"article\" \/>\n<meta property=\"og:title\" content=\"Mention l\u00e9gale | Zennio\" \/>\n<meta property=\"og:url\" content=\"https:\/\/back.zennio.com\/fr\/mention-legale\" \/>\n<meta property=\"og:site_name\" content=\"Zennio\" \/>\n<meta property=\"article:modified_time\" content=\"2022-06-05T16:47:58+00:00\" \/>\n<meta name=\"twitter:card\" content=\"summary_large_image\" \/>\n<meta name=\"twitter:label1\" content=\"Est. reading time\" \/>\n\t<meta name=\"twitter:data1\" content=\"4 minutes\" \/>\n<script type=\"application\/ld+json\" class=\"yoast-schema-graph\">{\"@context\":\"https:\/\/schema.org\",\"@graph\":[{\"@type\":\"WebPage\",\"@id\":\"https:\/\/back.zennio.com\/fr\/mention-legale\",\"url\":\"https:\/\/back.zennio.com\/fr\/mention-legale\",\"name\":\"Mention l\u00e9gale | Zennio\",\"isPartOf\":{\"@id\":\"https:\/\/www.zennio.com\/#website\"},\"datePublished\":\"2021-02-19T08:58:22+00:00\",\"dateModified\":\"2022-06-05T16:47:58+00:00\",\"breadcrumb\":{\"@id\":\"https:\/\/back.zennio.com\/fr\/mention-legale#breadcrumb\"},\"inLanguage\":\"fr\",\"potentialAction\":[{\"@type\":\"ReadAction\",\"target\":[\"https:\/\/back.zennio.com\/fr\/mention-legale\"]}]},{\"@type\":\"BreadcrumbList\",\"@id\":\"https:\/\/back.zennio.com\/fr\/mention-legale#breadcrumb\",\"itemListElement\":[{\"@type\":\"ListItem\",\"position\":1,\"name\":\"Portada\",\"item\":\"https:\/\/www.zennio.com\/fr\"},{\"@type\":\"ListItem\",\"position\":2,\"name\":\"Mention l\u00e9gale\"}]},{\"@type\":\"WebSite\",\"@id\":\"https:\/\/www.zennio.com\/#website\",\"url\":\"https:\/\/www.zennio.com\/\",\"name\":\"Zennio\",\"description\":\"Zennio Global\",\"potentialAction\":[{\"@type\":\"SearchAction\",\"target\":{\"@type\":\"EntryPoint\",\"urlTemplate\":\"https:\/\/www.zennio.com\/?s={search_term_string}\"},\"query-input\":{\"@type\":\"PropertyValueSpecification\",\"valueRequired\":true,\"valueName\":\"search_term_string\"}}],\"inLanguage\":\"fr\"}]}<\/script>\n<!-- \/ Yoast SEO plugin. -->","yoast_head_json":{"title":"Mention l\u00e9gale | Zennio","robots":{"index":"index","follow":"follow","max-snippet":"max-snippet:-1","max-image-preview":"max-image-preview:large","max-video-preview":"max-video-preview:-1"},"canonical":"https:\/\/back.zennio.com\/fr\/mention-legale","og_locale":"fr_FR","og_type":"article","og_title":"Mention l\u00e9gale | Zennio","og_url":"https:\/\/back.zennio.com\/fr\/mention-legale","og_site_name":"Zennio","article_modified_time":"2022-06-05T16:47:58+00:00","twitter_card":"summary_large_image","twitter_misc":{"Est. reading time":"4 minutes"},"schema":{"@context":"https:\/\/schema.org","@graph":[{"@type":"WebPage","@id":"https:\/\/back.zennio.com\/fr\/mention-legale","url":"https:\/\/back.zennio.com\/fr\/mention-legale","name":"Mention l\u00e9gale | Zennio","isPartOf":{"@id":"https:\/\/www.zennio.com\/#website"},"datePublished":"2021-02-19T08:58:22+00:00","dateModified":"2022-06-05T16:47:58+00:00","breadcrumb":{"@id":"https:\/\/back.zennio.com\/fr\/mention-legale#breadcrumb"},"inLanguage":"fr","potentialAction":[{"@type":"ReadAction","target":["https:\/\/back.zennio.com\/fr\/mention-legale"]}]},{"@type":"BreadcrumbList","@id":"https:\/\/back.zennio.com\/fr\/mention-legale#breadcrumb","itemListElement":[{"@type":"ListItem","position":1,"name":"Portada","item":"https:\/\/www.zennio.com\/fr"},{"@type":"ListItem","position":2,"name":"Mention l\u00e9gale"}]},{"@type":"WebSite","@id":"https:\/\/www.zennio.com\/#website","url":"https:\/\/www.zennio.com\/","name":"Zennio","description":"Zennio Global","potentialAction":[{"@type":"SearchAction","target":{"@type":"EntryPoint","urlTemplate":"https:\/\/www.zennio.com\/?s={search_term_string}"},"query-input":{"@type":"PropertyValueSpecification","valueRequired":true,"valueName":"search_term_string"}}],"inLanguage":"fr"}]}},"_links":{"self":[{"href":"https:\/\/back.zennio.com\/fr\/wp-json\/wp\/v2\/pages\/180","targetHints":{"allow":["GET"]}}],"collection":[{"href":"https:\/\/back.zennio.com\/fr\/wp-json\/wp\/v2\/pages"}],"about":[{"href":"https:\/\/back.zennio.com\/fr\/wp-json\/wp\/v2\/types\/page"}],"author":[{"embeddable":true,"href":"https:\/\/back.zennio.com\/fr\/wp-json\/wp\/v2\/users\/10"}],"replies":[{"embeddable":true,"href":"https:\/\/back.zennio.com\/fr\/wp-json\/wp\/v2\/comments?post=180"}],"version-history":[{"count":0,"href":"https:\/\/back.zennio.com\/fr\/wp-json\/wp\/v2\/pages\/180\/revisions"}],"wp:attachment":[{"href":"https:\/\/back.zennio.com\/fr\/wp-json\/wp\/v2\/media?parent=180"}],"curies":[{"name":"wp","href":"https:\/\/api.w.org\/{rel}","templated":true}]}}