{"id":32805,"date":"2022-07-09T13:10:33","date_gmt":"2022-07-09T11:10:33","guid":{"rendered":"https:\/\/www.zennio.com\/cookies-panel"},"modified":"2022-12-14T16:44:53","modified_gmt":"2022-12-14T15:44:53","slug":"cookies-panel","status":"publish","type":"page","link":"https:\/\/back.zennio.com\/fr\/cookies-panel","title":{"rendered":"Cookies Panel"},"content":{"rendered":"<p>[et_pb_section fb_built=&#8221;1&#8243; _builder_version=&#8221;4.16&#8243; _module_preset=&#8221;default&#8221; background_color=&#8221;#000000&#8243; custom_padding=&#8221;2rem||2rem||true|false&#8221; locked=&#8221;off&#8221; global_colors_info=&#8221;{}&#8221;][et_pb_row _builder_version=&#8221;4.16&#8243; _module_preset=&#8221;default&#8221; custom_padding=&#8221;0px||||false|false&#8221; global_colors_info=&#8221;{}&#8221;][et_pb_column type=&#8221;4_4&#8243; _builder_version=&#8221;4.16&#8243; _module_preset=&#8221;default&#8221; global_colors_info=&#8221;{}&#8221;][et_pb_text _builder_version=&#8221;4.17.4&#8243; _module_preset=&#8221;default&#8221; text_text_color=&#8221;#FBF2F2&#8243; text_font_size=&#8221;37px&#8221; text_line_height=&#8221;1.6em&#8221; header_font=&#8221;Brandon||||||||&#8221; header_text_color=&#8221;#FBF2F2&#8243; header_font_size=&#8221;75px&#8221; header_line_height=&#8221;1.7em&#8221; text_font_size_tablet=&#8221;37px&#8221; text_font_size_phone=&#8221;21px&#8221; text_font_size_last_edited=&#8221;on|phone&#8221; header_font_size_tablet=&#8221;75px&#8221; header_font_size_phone=&#8221;42px&#8221; header_font_size_last_edited=&#8221;on|phone&#8221; global_colors_info=&#8221;{}&#8221;]<\/p>\n<h1>Tableau de configuration<\/h1>\n<p>[\/et_pb_text][\/et_pb_column][\/et_pb_row][\/et_pb_section][et_pb_section fb_built=&#8221;1&#8243; _builder_version=&#8221;4.17.4&#8243; _module_preset=&#8221;default&#8221; global_colors_info=&#8221;{}&#8221;][et_pb_row _builder_version=&#8221;4.17.4&#8243; _module_preset=&#8221;default&#8221; global_colors_info=&#8221;{}&#8221;][et_pb_column type=&#8221;4_4&#8243; _builder_version=&#8221;4.17.4&#8243; _module_preset=&#8221;default&#8221; global_colors_info=&#8221;{}&#8221;][et_pb_text _builder_version=&#8221;4.17.4&#8243; _module_preset=&#8221;default&#8221; global_colors_info=&#8221;{}&#8221;]<\/p>\n<p>Nous utilisons des<span> <\/span><strong>cookies techniques<\/strong><span> <\/span>n\u00e9cessaires pour le fonctionnement et la prestation des services offerts.<\/p>\n<p>Quant au reste des cookies, au moyen du pr\u00e9sent<span> <\/span><strong>Tableau de configuration<\/strong>, vous pouvez les accepter ou les refuser dans leur totalit\u00e9 ou vous pouvez s\u00e9lectionner quels types de cookies vous d\u00e9sirez accepter et lesquels vous d\u00e9sirez refuser.<\/p>\n<p>Pour plus d&#8217;information, veuillez acc\u00e9der \u00e0 notre<span> <\/span><a href=\"https:\/\/www.zennio.com\/fr\/politique-de-cookies\"><strong>Politique de Cookies<\/strong><\/a>.<\/p>\n<h2><\/h2>\n<h2>S\u00e9lection des cookies que l&#8217;utilisateur peut accepter ou refuser:<\/h2>\n<ul>\n<li>Cookies de pr\u00e9f\u00e9rences ou de personnalisation\n<ul>\n<li>Propres \u2013 1 an<\/li>\n<\/ul>\n<\/li>\n<li>Cookies d&#8217;analyse ou de mesure\n<ul>\n<li>Tiers: Google \u2013 1 an<\/li>\n<\/ul>\n<\/li>\n<\/ul>\n<p>Tenez compte du fait que, si vous acceptez les cookies de tiers, vous devrez les \u00e9liminer depuis les options du navigateur ou depuis le syst\u00e8me mis \u00e0 disposition par le tiers lui-m\u00eame. En cliquant sur \u201cEnregistrer la configuration\u201d, la s\u00e9lection des cookies que vous aurez faite sera enregistr\u00e9e. Si vous n&#8217;avez s\u00e9lectionn\u00e9 aucune option, cliquer sur ce bouton sera \u00e9quivalent \u00e0 refuser tous les cookies.<\/p>\n<p>&nbsp;<\/p>\n<p>[\/et_pb_text][et_pb_button button_url=&#8221;#&#8221; url_new_window=&#8221;on&#8221; button_text=&#8221;Choisissez Les Cookies&#8221; module_class=&#8221;toggle-cookie-consent-btn&#8221; _builder_version=&#8221;4.17.4&#8243; _module_preset=&#8221;default&#8221; custom_button=&#8221;on&#8221; button_bg_color=&#8221;gcid-95bf6288-f747-4514-b13c-63de45fdd870&#8243; button_border_color=&#8221;gcid-95bf6288-f747-4514-b13c-63de45fdd870&#8243; button_border_radius=&#8221;0px&#8221; button_font=&#8221;|||on|||||&#8221; button_use_icon=&#8221;off&#8221; custom_padding=&#8221;1rem|2rem|1rem|2rem|true|false&#8221; locked=&#8221;off&#8221; global_colors_info=&#8221;{%22gcid-95bf6288-f747-4514-b13c-63de45fdd870%22:%91%22button_bg_color%22,%22button_border_color%22%93}&#8221; button_border_color__hover_enabled=&#8221;on|desktop&#8221; button_border_color__hover=&#8221;#000000&#8243;][\/et_pb_button][et_pb_text _builder_version=&#8221;4.17.4&#8243; _module_preset=&#8221;default&#8221; global_colors_info=&#8221;{}&#8221;]<\/p>\n<h2>Comment d\u00e9sactiver les cookies dans les principaux navigateurs<\/h2>\n<p>Vous pouvez permettre ou bloquer les cookies, ainsi qu&#8217;effacer vos donn\u00e9es de navigation (cookies incluses) depuis le navigateur que vous utilisez. Veuillez consulter les options et instructions qu&#8217;offre votre navigateur pour ce faire. Tenez compte du fait que, si vous acceptez les cookies de tiers, vous devrez les \u00e9liminer depuis les options du navigateur.<\/p>\n<p>Bien que celle-ci puisse varier l\u00e9g\u00e8rement d&#8217;une version \u00e0 une autre, la configuration de la politique de cookies pour les navigateurs les plus utilis\u00e9s est la suivante:<\/p>\n<ul>\n<li><strong>Internet Explorer<\/strong>: Outils &#8211; Options Internet &#8211; Confidentialit\u00e9 &#8211; Param\u00e8tres<\/li>\n<li><strong>Firefox<\/strong>: Options &#8211; Vie priv\u00e9e et S\u00e9curit\u00e9<\/li>\n<li><strong>Chrome<\/strong>: Param\u00e8tres &#8211; Confidentialit\u00e9 et s\u00e9curit\u00e9<\/li>\n<li><strong>Safari<\/strong>: Pr\u00e9f\u00e9rences &#8211; Confidentialit\u00e9<\/li>\n<li><strong>Opera<\/strong>: Param\u00e8tres &#8211; Vie priv\u00e9e &amp; s\u00e9curit\u00e9 &#8211; Param\u00e8tres du site<\/li>\n<\/ul>\n<p>Pour plus d&#8217;informations, vous pouvez consulter le support ou l&#8217;aide de votre navigateur ou au moyen des liens suivants : Safari, Chrome, Firefox, Explorer, Opera.<\/p>\n<p>Nombre de navigateurs permettent d&#8217;activer un mode priv\u00e9 au moyen duquel les cookies sont toujours \u00e9limin\u00e9es apr\u00e8s votre visite. En fonction de chaque navigateur, ce mode priv\u00e9 peut avoir diff\u00e9rents noms. \u00c0 continuation, vous trouverez une liste des navigateurs les plus habituels et les diff\u00e9rents noms de ce \u201cmode priv\u00e9\u201d:<\/p>\n<ul>\n<li>Internet Explorer 8 et sup\u00e9rieur &#8211; Navigation InPrivate<\/li>\n<li>Safari 2 et sup\u00e9rieur &#8211; Navigation Priv\u00e9e<\/li>\n<li>Opera 10.5 et sup\u00e9rieur &#8211; Navigation Priv\u00e9e<\/li>\n<li>FireFox 3.5 et sup\u00e9rieur &#8211; Navigation Priv\u00e9e<\/li>\n<li>Google Chrome 10 et sup\u00e9rieur &#8211; Incognito<\/li>\n<\/ul>\n<h2>Comment d\u00e9sactiver les cookies de tiers<\/h2>\n<p><span>Si vous d\u00e9sirez conna\u00eetre les conditions de confidentialit\u00e9 et d&#8217;utilisation des cookies de tiers, vous pouvez acc\u00e9der aux politiques de cookies de:<\/span><\/p>\n<ul>\n<li>Facebook:<span> <\/span><a href=\"https:\/\/fr-fr.facebook.com\/policies\/cookies\/\">https:\/\/fr-fr.facebook.com\/policies\/cookies\/<\/a><\/li>\n<li>Twitter:<span> <\/span><a href=\"https:\/\/twitter.com\/privacy\">https:\/\/twitter.com\/fr\/privacy<\/a><\/li>\n<li>Youtube:<span> <\/span><a href=\"https:\/\/policies.google.com\/technologies\/cookies?hl=fr&amp;gl=fr\">https:\/\/policies.google.com\/technologies\/cookies?hl=fr&amp;gl=fr<\/a><\/li>\n<li>Linkedin:<span> <\/span><a href=\"https:\/\/www.linkedin.com\/psettings\/guest-controls\/retargeting-opt-out?trk=microsites-frontend_legal_cookie-policy\">https:\/\/www.linkedin.com\/psettings\/guest-controls\/retargeting-opt-out?trk=microsites-frontend_legal_cookie-policy<\/a><\/li>\n<li>Google:<span> <\/span><a href=\"https:\/\/policies.google.com\/technologies\/cookies?hl=fr&amp;gl=fr\">https:\/\/policies.google.com\/technologies\/cookies?hl=fr&amp;gl=fr<\/a><\/li>\n<\/ul>\n<p>Pour plus d&#8217;information, veuillez acc\u00e9der \u00e0 notre<span> <\/span><strong>Politique de Cookies<\/strong>.<\/p>\n<p>[\/et_pb_text][\/et_pb_column][\/et_pb_row][\/et_pb_section]<\/p>\n","protected":false},"excerpt":{"rendered":"<p>Tableau de configurationNous utilisons des cookies techniques n\u00e9cessaires pour le fonctionnement et la prestation des services offerts. Quant au reste des cookies, au moyen du pr\u00e9sent Tableau de configuration, vous pouvez les accepter ou les refuser dans leur totalit\u00e9 ou vous pouvez s\u00e9lectionner quels types de cookies vous d\u00e9sirez accepter et lesquels vous d\u00e9sirez refuser. [&hellip;]<\/p>\n","protected":false},"author":10,"featured_media":0,"parent":0,"menu_order":0,"comment_status":"closed","ping_status":"closed","template":"","meta":{"_acf_changed":false,"_et_pb_use_builder":"on","_et_pb_old_content":"","_et_gb_content_width":"","footnotes":""},"class_list":["post-32805","page","type-page","status-publish","hentry"],"acf":[],"yoast_head":"<!-- This site is optimized with the Yoast SEO plugin v25.5 - https:\/\/yoast.com\/wordpress\/plugins\/seo\/ -->\n<title>Cookies Panel | Zennio<\/title>\n<meta name=\"robots\" content=\"index, follow, max-snippet:-1, max-image-preview:large, max-video-preview:-1\" \/>\n<link rel=\"canonical\" href=\"https:\/\/back.zennio.com\/fr\/cookies-panel\" \/>\n<meta property=\"og:locale\" content=\"fr_FR\" \/>\n<meta property=\"og:type\" content=\"article\" \/>\n<meta property=\"og:title\" content=\"Cookies Panel | Zennio\" \/>\n<meta property=\"og:url\" content=\"https:\/\/back.zennio.com\/fr\/cookies-panel\" \/>\n<meta property=\"og:site_name\" content=\"Zennio\" \/>\n<meta property=\"article:modified_time\" content=\"2022-12-14T15:44:53+00:00\" \/>\n<meta name=\"twitter:card\" content=\"summary_large_image\" \/>\n<meta name=\"twitter:label1\" content=\"Est. reading time\" \/>\n\t<meta name=\"twitter:data1\" content=\"4 minutes\" \/>\n<script type=\"application\/ld+json\" class=\"yoast-schema-graph\">{\"@context\":\"https:\/\/schema.org\",\"@graph\":[{\"@type\":\"WebPage\",\"@id\":\"https:\/\/back.zennio.com\/fr\/cookies-panel\",\"url\":\"https:\/\/back.zennio.com\/fr\/cookies-panel\",\"name\":\"Cookies Panel | Zennio\",\"isPartOf\":{\"@id\":\"https:\/\/www.zennio.com\/#website\"},\"datePublished\":\"2022-07-09T11:10:33+00:00\",\"dateModified\":\"2022-12-14T15:44:53+00:00\",\"breadcrumb\":{\"@id\":\"https:\/\/back.zennio.com\/fr\/cookies-panel#breadcrumb\"},\"inLanguage\":\"fr\",\"potentialAction\":[{\"@type\":\"ReadAction\",\"target\":[\"https:\/\/back.zennio.com\/fr\/cookies-panel\"]}]},{\"@type\":\"BreadcrumbList\",\"@id\":\"https:\/\/back.zennio.com\/fr\/cookies-panel#breadcrumb\",\"itemListElement\":[{\"@type\":\"ListItem\",\"position\":1,\"name\":\"Portada\",\"item\":\"https:\/\/www.zennio.com\/fr\"},{\"@type\":\"ListItem\",\"position\":2,\"name\":\"Cookies Panel\"}]},{\"@type\":\"WebSite\",\"@id\":\"https:\/\/www.zennio.com\/#website\",\"url\":\"https:\/\/www.zennio.com\/\",\"name\":\"Zennio\",\"description\":\"Zennio Global\",\"potentialAction\":[{\"@type\":\"SearchAction\",\"target\":{\"@type\":\"EntryPoint\",\"urlTemplate\":\"https:\/\/www.zennio.com\/?s={search_term_string}\"},\"query-input\":{\"@type\":\"PropertyValueSpecification\",\"valueRequired\":true,\"valueName\":\"search_term_string\"}}],\"inLanguage\":\"fr\"}]}<\/script>\n<!-- \/ Yoast SEO plugin. -->","yoast_head_json":{"title":"Cookies Panel | Zennio","robots":{"index":"index","follow":"follow","max-snippet":"max-snippet:-1","max-image-preview":"max-image-preview:large","max-video-preview":"max-video-preview:-1"},"canonical":"https:\/\/back.zennio.com\/fr\/cookies-panel","og_locale":"fr_FR","og_type":"article","og_title":"Cookies Panel | Zennio","og_url":"https:\/\/back.zennio.com\/fr\/cookies-panel","og_site_name":"Zennio","article_modified_time":"2022-12-14T15:44:53+00:00","twitter_card":"summary_large_image","twitter_misc":{"Est. reading time":"4 minutes"},"schema":{"@context":"https:\/\/schema.org","@graph":[{"@type":"WebPage","@id":"https:\/\/back.zennio.com\/fr\/cookies-panel","url":"https:\/\/back.zennio.com\/fr\/cookies-panel","name":"Cookies Panel | Zennio","isPartOf":{"@id":"https:\/\/www.zennio.com\/#website"},"datePublished":"2022-07-09T11:10:33+00:00","dateModified":"2022-12-14T15:44:53+00:00","breadcrumb":{"@id":"https:\/\/back.zennio.com\/fr\/cookies-panel#breadcrumb"},"inLanguage":"fr","potentialAction":[{"@type":"ReadAction","target":["https:\/\/back.zennio.com\/fr\/cookies-panel"]}]},{"@type":"BreadcrumbList","@id":"https:\/\/back.zennio.com\/fr\/cookies-panel#breadcrumb","itemListElement":[{"@type":"ListItem","position":1,"name":"Portada","item":"https:\/\/www.zennio.com\/fr"},{"@type":"ListItem","position":2,"name":"Cookies Panel"}]},{"@type":"WebSite","@id":"https:\/\/www.zennio.com\/#website","url":"https:\/\/www.zennio.com\/","name":"Zennio","description":"Zennio Global","potentialAction":[{"@type":"SearchAction","target":{"@type":"EntryPoint","urlTemplate":"https:\/\/www.zennio.com\/?s={search_term_string}"},"query-input":{"@type":"PropertyValueSpecification","valueRequired":true,"valueName":"search_term_string"}}],"inLanguage":"fr"}]}},"_links":{"self":[{"href":"https:\/\/back.zennio.com\/fr\/wp-json\/wp\/v2\/pages\/32805","targetHints":{"allow":["GET"]}}],"collection":[{"href":"https:\/\/back.zennio.com\/fr\/wp-json\/wp\/v2\/pages"}],"about":[{"href":"https:\/\/back.zennio.com\/fr\/wp-json\/wp\/v2\/types\/page"}],"author":[{"embeddable":true,"href":"https:\/\/back.zennio.com\/fr\/wp-json\/wp\/v2\/users\/10"}],"replies":[{"embeddable":true,"href":"https:\/\/back.zennio.com\/fr\/wp-json\/wp\/v2\/comments?post=32805"}],"version-history":[{"count":1,"href":"https:\/\/back.zennio.com\/fr\/wp-json\/wp\/v2\/pages\/32805\/revisions"}],"predecessor-version":[{"id":37056,"href":"https:\/\/back.zennio.com\/fr\/wp-json\/wp\/v2\/pages\/32805\/revisions\/37056"}],"wp:attachment":[{"href":"https:\/\/back.zennio.com\/fr\/wp-json\/wp\/v2\/media?parent=32805"}],"curies":[{"name":"wp","href":"https:\/\/api.w.org\/{rel}","templated":true}]}}