{"id":41215,"date":"2023-02-13T10:34:17","date_gmt":"2023-02-13T09:34:17","guid":{"rendered":"https:\/\/www.zennio.com\/certificates-and-quality"},"modified":"2024-09-11T09:53:23","modified_gmt":"2024-09-11T07:53:23","slug":"certificates-and-quality","status":"publish","type":"page","link":"https:\/\/back.zennio.com\/fr\/certificates-and-quality","title":{"rendered":"Certifications et Qualit\u00e9"},"content":{"rendered":"<p>[et_pb_section fb_built=&#8221;1&#8243; module_id=&#8221;section-lang-selector&#8221; _builder_version=&#8221;4.16&#8243; _module_preset=&#8221;default&#8221; background_color=&#8221;#001111&#8243; custom_padding=&#8221;0px||0px||false|false&#8221; border_width_bottom=&#8221;2px&#8221; border_color_bottom=&#8221;#FFFFFF&#8221; global_colors_info=&#8221;{}&#8221;][et_pb_row _builder_version=&#8221;4.16&#8243; _module_preset=&#8221;default&#8221; custom_padding=&#8221;0px||0px||false|false&#8221; global_colors_info=&#8221;{}&#8221;][et_pb_column type=&#8221;4_4&#8243; _builder_version=&#8221;4.16&#8243; _module_preset=&#8221;default&#8221; global_colors_info=&#8221;{}&#8221;][et_pb_text _builder_version=&#8221;4.16&#8243; _module_preset=&#8221;default&#8221; link_text_color=&#8221;#FFFFFF&#8221; text_orientation=&#8221;right&#8221; background_layout=&#8221;dark&#8221; global_colors_info=&#8221;{}&#8221;]<\/p>\n<p><strong>\n<div class=\"wpml-ls-statics-shortcode_actions wpml-ls wpml-ls-legacy-list-horizontal\">\n\t<ul><li class=\"wpml-ls-slot-shortcode_actions wpml-ls-item wpml-ls-item-es wpml-ls-first-item wpml-ls-item-legacy-list-horizontal\">\n\t\t\t\t<a href=\"https:\/\/back.zennio.com\/es\" class=\"wpml-ls-link\">\n                    <span class=\"wpml-ls-native\" lang=\"es\">Espa\u00f1ol<\/span><\/a>\n\t\t\t<\/li><li class=\"wpml-ls-slot-shortcode_actions wpml-ls-item wpml-ls-item-en wpml-ls-item-legacy-list-horizontal\">\n\t\t\t\t<a href=\"https:\/\/back.zennio.com\/\" class=\"wpml-ls-link\">\n                    <span class=\"wpml-ls-native\" lang=\"en\">English<\/span><\/a>\n\t\t\t<\/li><li class=\"wpml-ls-slot-shortcode_actions wpml-ls-item wpml-ls-item-de wpml-ls-item-legacy-list-horizontal\">\n\t\t\t\t<a href=\"https:\/\/back.zennio.com\/de\" class=\"wpml-ls-link\">\n                    <span class=\"wpml-ls-native\" lang=\"de\">Deutsch<\/span><\/a>\n\t\t\t<\/li><li class=\"wpml-ls-slot-shortcode_actions wpml-ls-item wpml-ls-item-it wpml-ls-last-item wpml-ls-item-legacy-list-horizontal\">\n\t\t\t\t<a href=\"https:\/\/back.zennio.com\/it\" class=\"wpml-ls-link\">\n                    <span class=\"wpml-ls-native\" lang=\"it\">Italiano<\/span><\/a>\n\t\t\t<\/li><\/ul>\n<\/div>\n<\/strong><\/p>\n<p>[\/et_pb_text][\/et_pb_column][\/et_pb_row][\/et_pb_section][et_pb_section fb_built=&#8221;1&#8243; _builder_version=&#8221;4.16&#8243; _module_preset=&#8221;default&#8221; background_color=&#8221;#000000&#8243; custom_padding=&#8221;2rem||2rem||true|false&#8221; locked=&#8221;off&#8221; global_colors_info=&#8221;{}&#8221;][et_pb_row _builder_version=&#8221;4.16&#8243; _module_preset=&#8221;default&#8221; custom_padding=&#8221;0px||||false|false&#8221; global_colors_info=&#8221;{}&#8221;][et_pb_column type=&#8221;4_4&#8243; _builder_version=&#8221;4.16&#8243; _module_preset=&#8221;default&#8221; global_colors_info=&#8221;{}&#8221;][et_pb_text _builder_version=&#8221;4.19.5&#8243; _module_preset=&#8221;default&#8221; text_text_color=&#8221;#FBF2F2&#8243; text_font_size=&#8221;37px&#8221; text_line_height=&#8221;1.6em&#8221; header_font=&#8221;Brandon||||||||&#8221; header_text_color=&#8221;#FBF2F2&#8243; header_font_size=&#8221;75px&#8221; header_line_height=&#8221;1.7em&#8221; text_font_size_tablet=&#8221;37px&#8221; text_font_size_phone=&#8221;21px&#8221; text_font_size_last_edited=&#8221;on|phone&#8221; header_font_size_tablet=&#8221;75px&#8221; header_font_size_phone=&#8221;42px&#8221; header_font_size_last_edited=&#8221;on|phone&#8221; global_colors_info=&#8221;{}&#8221;]<\/p>\n<h1>Certifications et Qualit\u00e9<\/h1>\n<p>Notre compromis avec les standards de qualit\u00e9 les plus exigeants.<\/p>\n<p>[\/et_pb_text][\/et_pb_column][\/et_pb_row][\/et_pb_section][et_pb_section fb_built=&#8221;1&#8243; fullwidth=&#8221;on&#8221; _builder_version=&#8221;4.19.5&#8243; _module_preset=&#8221;default&#8221; global_colors_info=&#8221;{}&#8221;][et_pb_fullwidth_image src=&#8221;https:\/\/www.zennio.com\/wp-content\/uploads\/2023\/05\/AdobeStock_157542103_ZRemote_photo5920509334482170347_buerau-veritas.jpg&#8221; title_text=&#8221;AdobeStock_157542103_ZRemote_photo5920509334482170347_buerau-veritas&#8221; _builder_version=&#8221;4.20.4&#8243; _module_preset=&#8221;default&#8221; global_colors_info=&#8221;{}&#8221;][\/et_pb_fullwidth_image][\/et_pb_section][et_pb_section fb_built=&#8221;1&#8243; _builder_version=&#8221;4.16&#8243; _module_preset=&#8221;default&#8221; custom_padding=&#8221;21px|||||&#8221; global_colors_info=&#8221;{}&#8221;][et_pb_row _builder_version=&#8221;4.19.5&#8243; _module_preset=&#8221;default&#8221; custom_margin=&#8221;-8px|auto||auto||&#8221; global_colors_info=&#8221;{}&#8221;][et_pb_column type=&#8221;4_4&#8243; _builder_version=&#8221;4.19.5&#8243; _module_preset=&#8221;default&#8221; global_colors_info=&#8221;{}&#8221;][et_pb_text _builder_version=&#8221;4.26.1&#8243; _module_preset=&#8221;default&#8221; hover_enabled=&#8221;0&#8243; global_colors_info=&#8221;{}&#8221; sticky_enabled=&#8221;0&#8243;]<span style=\"font-size: larger;\">Notre professionnalisme, notre exp\u00e9rience, nos ressources et notre technologie ont \u00e9t\u00e9 d\u00e9cisifs pour l&#8217;obtention des certifications les plus exigeantes.<br \/>\nZennio, dans le but de devenir une r\u00e9f\u00e9rence en termes d&#8217;efficacit\u00e9, qualit\u00e9, pr\u00e9vention des risques professionnels et d\u00e9veloppement durable, certifie et atteste la conformit\u00e9 des certifications et conditions suivantes&nbsp;:<\/span><\/p>\n<ul>\n<ul>\n<li style=\"list-style-type: none; font-size: larger;\">\n<ul>\n<li>Certification de qualit\u00e9 ISO 9001 (t\u00e9l\u00e9charger plus bas)<\/li>\n<li>Conformit\u00e9 avec le standard KNX et ses conditions d&#8217;interop\u00e9rabilit\u00e9 (t\u00e9l\u00e9charger plus bas)<\/li>\n<li>Accr\u00e9ditation comme KNX Test Lab pour les tests d&#8217;interop\u00e9rabilit\u00e9 au moyen de l&#8217;ISO 9001<\/li>\n<li>Conformit\u00e9 avec les directives europ\u00e9ennes 2014\/30\/EU (EMC), 2014\/35\/EU (LVD), 2014\/53\/EU (RED) et 2011\/65\/EU + 2015\/863\/EU (RoHS) (t\u00e9l\u00e9charger le certificat RoHS plus bas)<\/li>\n<li>Conformit\u00e9 avec la Directive de gestion des D\u00e9chets d\u2019\u00c9quipements \u00c9lectriques et \u00c9lectroniques (DEEE) et recensement, \u00e9valuation, contr\u00f4le et restriction de substances chimiques (REACH) (t\u00e9l\u00e9charger le certificat REACH plus bas)<\/li>\n<li>Conformit\u00e9 avec les marques UKCA, CMiM, EAC et RCM (voir chaque <a href=\"https:\/\/www.zennio.com\/fr\/produits\">page de produit<\/a> pour t\u00e9l\u00e9charger le certificat correspondant)<\/li>\n<li>Membre associ\u00e9 de DiiA et participation dans le programme de certification DALI-2<\/li>\n<li>Conformit\u00e9 avec les s\u00e9ries IEC 63044-x qui couvrent les conditions g\u00e9n\u00e9rales de Home and Building Electronic Systems (HBES) et de Building Automation and Control Systems (BACS)<\/li>\n<\/ul>\n<\/li>\n<\/ul>\n<\/ul>\n<p><span style=\"font-size: larger;\">La conformit\u00e9 totale avec ces conditions est, en elle-m\u00eame, la meilleure garantie d&#8217;un produit de qualit\u00e9, s\u00e9curit\u00e9 et protection de l&#8217;environnement les plus exigeantes.<\/span><\/p>\n<p><span style=\"font-size: larger;\"> De plus, Zennio dispose d&#8217;un Syst\u00e8me de Gestion Environnemental impl\u00e9ment\u00e9 selon la norme internationale ISO 14001:2015. Ce syst\u00e8me nous permet de suivre et de contr\u00f4ler nos processus, dans le but de minimiser leur impact environnemental et am\u00e9liorer, ainsi, notre empreinte \u00e9cologique. Pour plus d&#8217;information sur ce sujet, merci de bien vouloir nous contacter au moyen de l&#8217;adresse de courriel calidad@zennio.com.<\/span><span style=\"font-size: larger;\"><\/span><\/p>\n<p>[\/et_pb_text][et_pb_button button_url=&#8221;\/documents\/politica_calidad_FR\/&#8221; url_new_window=&#8221;on&#8221; button_text=&#8221;Politique de qualit\u00e9 et environnement&#8221; _builder_version=&#8221;4.24.0&#8243; _module_preset=&#8221;default&#8221; locked=&#8221;off&#8221; global_colors_info=&#8221;{}&#8221;][\/et_pb_button][\/et_pb_column][\/et_pb_row][et_pb_row column_structure=&#8221;1_4,1_4,1_4,1_4&#8243; _builder_version=&#8221;4.19.5&#8243; _module_preset=&#8221;default&#8221; global_colors_info=&#8221;{}&#8221;][et_pb_column type=&#8221;1_4&#8243; _builder_version=&#8221;4.19.5&#8243; _module_preset=&#8221;default&#8221; global_colors_info=&#8221;{}&#8221;][et_pb_image src=&#8221;https:\/\/www.zennio.com\/wp-content\/uploads\/2023\/02\/certificaciones-web-logos_ISO-9001.png&#8221; title_text=&#8221;certificaciones-web-logos_ISO-9001&#8243; url=&#8221;https:\/\/www.zennio.com\/documents\/iso_certificate_en&#8221; url_new_window=&#8221;on&#8221; admin_label=&#8221;Enlace ISO Certificate&#8221; _builder_version=&#8221;4.19.5&#8243; _module_preset=&#8221;default&#8221; background_color=&#8221;#FBF2F2&#8243; global_colors_info=&#8221;{}&#8221;][\/et_pb_image][et_pb_text _builder_version=&#8221;4.19.5&#8243; _module_preset=&#8221;default&#8221; text_font=&#8221;|800|||||||&#8221; background_color=&#8221;RGBA(255,255,255,0)&#8221; custom_padding=&#8221;||1px|||&#8221; global_colors_info=&#8221;{}&#8221;]<\/p>\n<p style=\"text-align: center;\"><strong>Certifi\u00e9 ISO-9001<\/strong><\/p>\n<p>[\/et_pb_text][\/et_pb_column][et_pb_column type=&#8221;1_4&#8243; _builder_version=&#8221;4.19.5&#8243; _module_preset=&#8221;default&#8221; global_colors_info=&#8221;{}&#8221;][et_pb_image src=&#8221;https:\/\/www.zennio.com\/wp-content\/uploads\/2023\/02\/certificaciones-web-logos_KNX-Member.png&#8221; title_text=&#8221;certificaciones-web-logos_KNX Member&#8221; url=&#8221;https:\/\/www.zennio.com\/documents\/knx_member_certificate&#8221; url_new_window=&#8221;on&#8221; admin_label=&#8221;Enlace KNX Member&#8221; _builder_version=&#8221;4.19.5&#8243; _module_preset=&#8221;default&#8221; background_color=&#8221;#FBF2F2&#8243; global_colors_info=&#8221;{}&#8221;][\/et_pb_image][et_pb_text _builder_version=&#8221;4.19.5&#8243; _module_preset=&#8221;default&#8221; text_font=&#8221;|800|||||||&#8221; background_color=&#8221;RGBA(255,255,255,0)&#8221; custom_padding=&#8221;||1px|||&#8221; global_colors_info=&#8221;{}&#8221;]<\/p>\n<p style=\"text-align: center;\"><strong>Membre Association KNX<br \/><\/strong><\/p>\n<p>[\/et_pb_text][\/et_pb_column][et_pb_column type=&#8221;1_4&#8243; _builder_version=&#8221;4.19.5&#8243; _module_preset=&#8221;default&#8221; global_colors_info=&#8221;{}&#8221;][et_pb_image src=&#8221;https:\/\/www.zennio.com\/wp-content\/uploads\/2023\/02\/certificaciones-web-logos_KNX-Test-Lab.png&#8221; title_text=&#8221;certificaciones-web-logos_KNX Test Lab&#8221; admin_label=&#8221;KNX Teast Lab picture&#8221; _builder_version=&#8221;4.19.5&#8243; _module_preset=&#8221;default&#8221; background_color=&#8221;#FBF2F2&#8243; global_colors_info=&#8221;{}&#8221;][\/et_pb_image][et_pb_text _builder_version=&#8221;4.19.5&#8243; _module_preset=&#8221;default&#8221; text_font=&#8221;|800|||||||&#8221; background_color=&#8221;RGBA(255,255,255,0)&#8221; custom_padding=&#8221;||1px|||&#8221; global_colors_info=&#8221;{}&#8221;]<\/p>\n<p style=\"text-align: center;\"><strong>Test Lab autoris\u00e9<br \/><\/strong><\/p>\n<p>[\/et_pb_text][\/et_pb_column][et_pb_column type=&#8221;1_4&#8243; _builder_version=&#8221;4.19.5&#8243; _module_preset=&#8221;default&#8221; global_colors_info=&#8221;{}&#8221;][et_pb_image src=&#8221;https:\/\/www.zennio.com\/wp-content\/uploads\/2023\/02\/certificaciones-web-logos_RoHS.png&#8221; title_text=&#8221;certificaciones-web-logos_RoHS&#8221; url=&#8221;https:\/\/www.zennio.com\/documents\/rohs_compliance_statement&#8221; url_new_window=&#8221;on&#8221; admin_label=&#8221;Enlace RoHs Compliance&#8221; _builder_version=&#8221;4.19.5&#8243; _module_preset=&#8221;default&#8221; background_color=&#8221;#FBF2F2&#8243; global_colors_info=&#8221;{}&#8221;][\/et_pb_image][et_pb_text _builder_version=&#8221;4.19.5&#8243; _module_preset=&#8221;default&#8221; text_font=&#8221;|800|||||||&#8221; background_color=&#8221;RGBA(255,255,255,0)&#8221; custom_padding=&#8221;||1px|||&#8221; global_colors_info=&#8221;{}&#8221;]<\/p>\n<p style=\"text-align: center;\"><strong>D\u00e9claration RoHS<br \/><\/strong><\/p>\n<p>[\/et_pb_text][\/et_pb_column][\/et_pb_row][et_pb_row column_structure=&#8221;1_4,1_4,1_4,1_4&#8243; _builder_version=&#8221;4.19.5&#8243; _module_preset=&#8221;default&#8221; global_colors_info=&#8221;{}&#8221;][et_pb_column type=&#8221;1_4&#8243; _builder_version=&#8221;4.19.5&#8243; _module_preset=&#8221;default&#8221; global_colors_info=&#8221;{}&#8221;][et_pb_image src=&#8221;https:\/\/www.zennio.com\/wp-content\/uploads\/2023\/02\/certificaciones-web-logos_Reach-compliant-1.png&#8221; title_text=&#8221;certificaciones-web-logos_Reach-compliant&#8221; url=&#8221;https:\/\/www.zennio.com\/documents\/reach_certificate&#8221; url_new_window=&#8221;on&#8221; admin_label=&#8221;Enlace Reach Certificate&#8221; _builder_version=&#8221;4.19.5&#8243; _module_preset=&#8221;default&#8221; background_color=&#8221;#FBF2F2&#8243; global_colors_info=&#8221;{}&#8221;][\/et_pb_image][et_pb_text _builder_version=&#8221;4.19.5&#8243; _module_preset=&#8221;default&#8221; text_font=&#8221;|800|||||||&#8221; custom_padding=&#8221;||1px|||&#8221; global_colors_info=&#8221;{}&#8221;]<\/p>\n<p style=\"text-align: center;\"><strong>Certification REACH<br \/><\/strong><\/p>\n<p>[\/et_pb_text][\/et_pb_column][et_pb_column type=&#8221;1_4&#8243; _builder_version=&#8221;4.19.5&#8243; _module_preset=&#8221;default&#8221; global_colors_info=&#8221;{}&#8221;][et_pb_image src=&#8221;https:\/\/www.zennio.com\/wp-content\/uploads\/2023\/02\/certificaciones-web-logos_CE.png&#8221; title_text=&#8221;certificaciones-web-logos_CE&#8221; admin_label=&#8221;CE Certificate picture&#8221; _builder_version=&#8221;4.19.5&#8243; _module_preset=&#8221;default&#8221; background_color=&#8221;#FBF2F2&#8243; global_colors_info=&#8221;{}&#8221;][\/et_pb_image][et_pb_text _builder_version=&#8221;4.19.5&#8243; _module_preset=&#8221;default&#8221; text_font=&#8221;|800|||||||&#8221; custom_padding=&#8221;||1px|||&#8221; global_colors_info=&#8221;{}&#8221;]<\/p>\n<p style=\"text-align: center;\"><strong>Certifi\u00e9 CE<br \/><\/strong><\/p>\n<p>[\/et_pb_text][\/et_pb_column][et_pb_column type=&#8221;1_4&#8243; _builder_version=&#8221;4.19.5&#8243; _module_preset=&#8221;default&#8221; global_colors_info=&#8221;{}&#8221;][et_pb_image src=&#8221;https:\/\/www.zennio.com\/wp-content\/uploads\/2023\/02\/certificaciones-web-logos_UKCA.png&#8221; title_text=&#8221;certificaciones-web-logos_UKCA&#8221; admin_label=&#8221;UKCA Certificate picture&#8221; _builder_version=&#8221;4.19.5&#8243; _module_preset=&#8221;default&#8221; background_color=&#8221;#FBF2F2&#8243; global_colors_info=&#8221;{}&#8221;][\/et_pb_image][et_pb_text _builder_version=&#8221;4.19.5&#8243; _module_preset=&#8221;default&#8221; text_font=&#8221;|800|||||||&#8221; custom_padding=&#8221;||1px|||&#8221; global_colors_info=&#8221;{}&#8221;]<\/p>\n<p style=\"text-align: center;\"><strong>Certifi\u00e9 UKCA<br \/><\/strong><\/p>\n<p>[\/et_pb_text][\/et_pb_column][et_pb_column type=&#8221;1_4&#8243; _builder_version=&#8221;4.19.5&#8243; _module_preset=&#8221;default&#8221; global_colors_info=&#8221;{}&#8221;][et_pb_image src=&#8221;https:\/\/www.zennio.com\/wp-content\/uploads\/2023\/02\/certificaciones-web-logos_DALI-2.png&#8221; title_text=&#8221;certificaciones-web-logos_DALI 2&#8243; admin_label=&#8221;DALI 2 Certificate&#8221; _builder_version=&#8221;4.19.5&#8243; _module_preset=&#8221;default&#8221; background_color=&#8221;#FBF2F2&#8243; global_colors_info=&#8221;{}&#8221;][\/et_pb_image][et_pb_text _builder_version=&#8221;4.19.5&#8243; _module_preset=&#8221;default&#8221; text_font=&#8221;|800|||||||&#8221; custom_padding=&#8221;||1px|||&#8221; global_colors_info=&#8221;{}&#8221;]<\/p>\n<p style=\"text-align: center;\"><strong>Membre DALI<br \/><\/strong><\/p>\n<p>[\/et_pb_text][\/et_pb_column][\/et_pb_row][\/et_pb_section]<\/p>\n","protected":false},"excerpt":{"rendered":"<p>\n<div class=\"wpml-ls-statics-shortcode_actions wpml-ls wpml-ls-legacy-list-horizontal\">\n\t<ul><li class=\"wpml-ls-slot-shortcode_actions wpml-ls-item wpml-ls-item-es wpml-ls-first-item wpml-ls-item-legacy-list-horizontal\">\n\t\t\t\t<a href=\"https:\/\/back.zennio.com\/es\" class=\"wpml-ls-link\">\n                    <span class=\"wpml-ls-native\" lang=\"es\">Espa\u00f1ol<\/span><\/a>\n\t\t\t<\/li><li class=\"wpml-ls-slot-shortcode_actions wpml-ls-item wpml-ls-item-en wpml-ls-item-legacy-list-horizontal\">\n\t\t\t\t<a href=\"https:\/\/back.zennio.com\/\" class=\"wpml-ls-link\">\n                    <span class=\"wpml-ls-native\" lang=\"en\">English<\/span><\/a>\n\t\t\t<\/li><li class=\"wpml-ls-slot-shortcode_actions wpml-ls-item wpml-ls-item-de wpml-ls-item-legacy-list-horizontal\">\n\t\t\t\t<a href=\"https:\/\/back.zennio.com\/de\" class=\"wpml-ls-link\">\n                    <span class=\"wpml-ls-native\" lang=\"de\">Deutsch<\/span><\/a>\n\t\t\t<\/li><li class=\"wpml-ls-slot-shortcode_actions wpml-ls-item wpml-ls-item-it wpml-ls-last-item wpml-ls-item-legacy-list-horizontal\">\n\t\t\t\t<a href=\"https:\/\/back.zennio.com\/it\" class=\"wpml-ls-link\">\n                    <span class=\"wpml-ls-native\" lang=\"it\">Italiano<\/span><\/a>\n\t\t\t<\/li><\/ul>\n<\/div>\nCertifications et Qualit\u00e9 Notre compromis avec les standards de qualit\u00e9 les plus exigeants.Notre professionnalisme, notre exp\u00e9rience, nos ressources et notre technologie ont \u00e9t\u00e9 d\u00e9cisifs pour l&#8217;obtention des certifications les plus exigeantes. Zennio, dans le but de devenir une r\u00e9f\u00e9rence en termes d&#8217;efficacit\u00e9, qualit\u00e9, pr\u00e9vention des risques professionnels et d\u00e9veloppement durable, certifie et atteste la conformit\u00e9 [&hellip;]<\/p>\n","protected":false},"author":10,"featured_media":0,"parent":0,"menu_order":0,"comment_status":"closed","ping_status":"closed","template":"","meta":{"_acf_changed":false,"_et_pb_use_builder":"on","_et_pb_old_content":"","_et_gb_content_width":"","footnotes":""},"class_list":["post-41215","page","type-page","status-publish","hentry"],"acf":[],"yoast_head":"<!-- This site is optimized with the Yoast SEO plugin v25.5 - https:\/\/yoast.com\/wordpress\/plugins\/seo\/ -->\n<title>Certifications et Qualit\u00e9 | Zennio<\/title>\n<meta name=\"robots\" content=\"index, follow, max-snippet:-1, max-image-preview:large, max-video-preview:-1\" \/>\n<link rel=\"canonical\" href=\"https:\/\/back.zennio.com\/fr\/certificates-and-quality\" \/>\n<meta property=\"og:locale\" content=\"fr_FR\" \/>\n<meta property=\"og:type\" content=\"article\" \/>\n<meta property=\"og:title\" content=\"Certifications et Qualit\u00e9 | Zennio\" \/>\n<meta property=\"og:url\" content=\"https:\/\/back.zennio.com\/fr\/certificates-and-quality\" \/>\n<meta property=\"og:site_name\" content=\"Zennio\" \/>\n<meta property=\"article:modified_time\" content=\"2024-09-11T07:53:23+00:00\" \/>\n<meta name=\"twitter:card\" content=\"summary_large_image\" \/>\n<meta name=\"twitter:label1\" content=\"Est. reading time\" \/>\n\t<meta name=\"twitter:data1\" content=\"4 minutes\" \/>\n<script type=\"application\/ld+json\" class=\"yoast-schema-graph\">{\"@context\":\"https:\/\/schema.org\",\"@graph\":[{\"@type\":\"WebPage\",\"@id\":\"https:\/\/back.zennio.com\/fr\/certificates-and-quality\",\"url\":\"https:\/\/back.zennio.com\/fr\/certificates-and-quality\",\"name\":\"Certifications et Qualit\u00e9 | Zennio\",\"isPartOf\":{\"@id\":\"https:\/\/www.zennio.com\/#website\"},\"datePublished\":\"2023-02-13T09:34:17+00:00\",\"dateModified\":\"2024-09-11T07:53:23+00:00\",\"breadcrumb\":{\"@id\":\"https:\/\/back.zennio.com\/fr\/certificates-and-quality#breadcrumb\"},\"inLanguage\":\"fr\",\"potentialAction\":[{\"@type\":\"ReadAction\",\"target\":[\"https:\/\/back.zennio.com\/fr\/certificates-and-quality\"]}]},{\"@type\":\"BreadcrumbList\",\"@id\":\"https:\/\/back.zennio.com\/fr\/certificates-and-quality#breadcrumb\",\"itemListElement\":[{\"@type\":\"ListItem\",\"position\":1,\"name\":\"Portada\",\"item\":\"https:\/\/www.zennio.com\/fr\"},{\"@type\":\"ListItem\",\"position\":2,\"name\":\"Certifications et Qualit\u00e9\"}]},{\"@type\":\"WebSite\",\"@id\":\"https:\/\/www.zennio.com\/#website\",\"url\":\"https:\/\/www.zennio.com\/\",\"name\":\"Zennio\",\"description\":\"Zennio Global\",\"potentialAction\":[{\"@type\":\"SearchAction\",\"target\":{\"@type\":\"EntryPoint\",\"urlTemplate\":\"https:\/\/www.zennio.com\/?s={search_term_string}\"},\"query-input\":{\"@type\":\"PropertyValueSpecification\",\"valueRequired\":true,\"valueName\":\"search_term_string\"}}],\"inLanguage\":\"fr\"}]}<\/script>\n<!-- \/ Yoast SEO plugin. -->","yoast_head_json":{"title":"Certifications et Qualit\u00e9 | Zennio","robots":{"index":"index","follow":"follow","max-snippet":"max-snippet:-1","max-image-preview":"max-image-preview:large","max-video-preview":"max-video-preview:-1"},"canonical":"https:\/\/back.zennio.com\/fr\/certificates-and-quality","og_locale":"fr_FR","og_type":"article","og_title":"Certifications et Qualit\u00e9 | Zennio","og_url":"https:\/\/back.zennio.com\/fr\/certificates-and-quality","og_site_name":"Zennio","article_modified_time":"2024-09-11T07:53:23+00:00","twitter_card":"summary_large_image","twitter_misc":{"Est. reading time":"4 minutes"},"schema":{"@context":"https:\/\/schema.org","@graph":[{"@type":"WebPage","@id":"https:\/\/back.zennio.com\/fr\/certificates-and-quality","url":"https:\/\/back.zennio.com\/fr\/certificates-and-quality","name":"Certifications et Qualit\u00e9 | Zennio","isPartOf":{"@id":"https:\/\/www.zennio.com\/#website"},"datePublished":"2023-02-13T09:34:17+00:00","dateModified":"2024-09-11T07:53:23+00:00","breadcrumb":{"@id":"https:\/\/back.zennio.com\/fr\/certificates-and-quality#breadcrumb"},"inLanguage":"fr","potentialAction":[{"@type":"ReadAction","target":["https:\/\/back.zennio.com\/fr\/certificates-and-quality"]}]},{"@type":"BreadcrumbList","@id":"https:\/\/back.zennio.com\/fr\/certificates-and-quality#breadcrumb","itemListElement":[{"@type":"ListItem","position":1,"name":"Portada","item":"https:\/\/www.zennio.com\/fr"},{"@type":"ListItem","position":2,"name":"Certifications et Qualit\u00e9"}]},{"@type":"WebSite","@id":"https:\/\/www.zennio.com\/#website","url":"https:\/\/www.zennio.com\/","name":"Zennio","description":"Zennio Global","potentialAction":[{"@type":"SearchAction","target":{"@type":"EntryPoint","urlTemplate":"https:\/\/www.zennio.com\/?s={search_term_string}"},"query-input":{"@type":"PropertyValueSpecification","valueRequired":true,"valueName":"search_term_string"}}],"inLanguage":"fr"}]}},"_links":{"self":[{"href":"https:\/\/back.zennio.com\/fr\/wp-json\/wp\/v2\/pages\/41215","targetHints":{"allow":["GET"]}}],"collection":[{"href":"https:\/\/back.zennio.com\/fr\/wp-json\/wp\/v2\/pages"}],"about":[{"href":"https:\/\/back.zennio.com\/fr\/wp-json\/wp\/v2\/types\/page"}],"author":[{"embeddable":true,"href":"https:\/\/back.zennio.com\/fr\/wp-json\/wp\/v2\/users\/10"}],"replies":[{"embeddable":true,"href":"https:\/\/back.zennio.com\/fr\/wp-json\/wp\/v2\/comments?post=41215"}],"version-history":[{"count":27,"href":"https:\/\/back.zennio.com\/fr\/wp-json\/wp\/v2\/pages\/41215\/revisions"}],"predecessor-version":[{"id":61431,"href":"https:\/\/back.zennio.com\/fr\/wp-json\/wp\/v2\/pages\/41215\/revisions\/61431"}],"wp:attachment":[{"href":"https:\/\/back.zennio.com\/fr\/wp-json\/wp\/v2\/media?parent=41215"}],"curies":[{"name":"wp","href":"https:\/\/api.w.org\/{rel}","templated":true}]}}