{"id":42873,"date":"2023-04-18T12:36:30","date_gmt":"2023-04-18T10:36:30","guid":{"rendered":"https:\/\/www.zennio.com\/?page_id=42873"},"modified":"2025-09-23T10:34:20","modified_gmt":"2025-09-23T08:34:20","slug":"ethic-channel","status":"publish","type":"page","link":"https:\/\/back.zennio.com\/fr\/ethic-channel","title":{"rendered":"Canal \u00e9thique"},"content":{"rendered":"<p>[et_pb_section fb_built=&#8221;1&#8243; module_id=&#8221;section-lang-selector&#8221; _builder_version=&#8221;4.16&#8243; _module_preset=&#8221;default&#8221; background_color=&#8221;#001111&#8243; custom_padding=&#8221;0px||0px||false|false&#8221; border_width_bottom=&#8221;2px&#8221; border_color_bottom=&#8221;#FFFFFF&#8221; global_colors_info=&#8221;{}&#8221;][et_pb_row _builder_version=&#8221;4.16&#8243; _module_preset=&#8221;default&#8221; custom_padding=&#8221;0px||0px||false|false&#8221; global_colors_info=&#8221;{}&#8221;][et_pb_column type=&#8221;4_4&#8243; _builder_version=&#8221;4.16&#8243; _module_preset=&#8221;default&#8221; global_colors_info=&#8221;{}&#8221;][et_pb_text _builder_version=&#8221;4.19.5&#8243; _module_preset=&#8221;default&#8221; link_text_color=&#8221;#FFFFFF&#8221; text_orientation=&#8221;right&#8221; background_layout=&#8221;dark&#8221; global_colors_info=&#8221;{}&#8221;]<\/p>\n<p><strong>\n<div class=\"wpml-ls-statics-shortcode_actions wpml-ls wpml-ls-legacy-list-horizontal\">\n\t<ul><li class=\"wpml-ls-slot-shortcode_actions wpml-ls-item wpml-ls-item-es wpml-ls-first-item wpml-ls-item-legacy-list-horizontal\">\n\t\t\t\t<a href=\"https:\/\/back.zennio.com\/es\" class=\"wpml-ls-link\">\n                    <span class=\"wpml-ls-native\" lang=\"es\">Espa\u00f1ol<\/span><\/a>\n\t\t\t<\/li><li class=\"wpml-ls-slot-shortcode_actions wpml-ls-item wpml-ls-item-en wpml-ls-item-legacy-list-horizontal\">\n\t\t\t\t<a href=\"https:\/\/back.zennio.com\/\" class=\"wpml-ls-link\">\n                    <span class=\"wpml-ls-native\" lang=\"en\">English<\/span><\/a>\n\t\t\t<\/li><li class=\"wpml-ls-slot-shortcode_actions wpml-ls-item wpml-ls-item-de wpml-ls-item-legacy-list-horizontal\">\n\t\t\t\t<a href=\"https:\/\/back.zennio.com\/de\" class=\"wpml-ls-link\">\n                    <span class=\"wpml-ls-native\" lang=\"de\">Deutsch<\/span><\/a>\n\t\t\t<\/li><li class=\"wpml-ls-slot-shortcode_actions wpml-ls-item wpml-ls-item-it wpml-ls-last-item wpml-ls-item-legacy-list-horizontal\">\n\t\t\t\t<a href=\"https:\/\/back.zennio.com\/it\" class=\"wpml-ls-link\">\n                    <span class=\"wpml-ls-native\" lang=\"it\">Italiano<\/span><\/a>\n\t\t\t<\/li><\/ul>\n<\/div>\n<\/strong><\/p>\n<p>[\/et_pb_text][\/et_pb_column][\/et_pb_row][\/et_pb_section][et_pb_section fb_built=&#8221;1&#8243; _builder_version=&#8221;4.19.5&#8243; _module_preset=&#8221;default&#8221; background_color=&#8221;#000000&#8243; background_enable_image=&#8221;off&#8221; height_last_edited=&#8221;off|desktop&#8221; custom_padding=&#8221;2rem||2rem||true|false&#8221; locked=&#8221;off&#8221; global_colors_info=&#8221;{}&#8221; height__hover_enabled=&#8221;off|desktop&#8221;][et_pb_row _builder_version=&#8221;4.20.4&#8243; _module_preset=&#8221;default&#8221; width=&#8221;100%&#8221; max_width=&#8221;100%&#8221; custom_margin=&#8221;||-58px|0px|false|false&#8221; custom_padding=&#8221;28px|0px|0px|0px|false|false&#8221; global_colors_info=&#8221;{}&#8221;][et_pb_column type=&#8221;4_4&#8243; _builder_version=&#8221;4.19.5&#8243; _module_preset=&#8221;default&#8221; global_colors_info=&#8221;{}&#8221;][et_pb_text _builder_version=&#8221;4.20.4&#8243; _module_preset=&#8221;default&#8221; text_font=&#8221;Raleway|800|||||||&#8221; text_font_size=&#8221;11vw&#8221; text_line_height=&#8221;0.8em&#8221; background_layout=&#8221;dark&#8221; custom_margin=&#8221;-1vw|||-1%|false|false&#8221; animation_style=&#8221;slide&#8221; animation_direction=&#8221;bottom&#8221; animation_intensity_slide=&#8221;5%&#8221; animation_starting_opacity=&#8221;100%&#8221; text_text_color_last_edited=&#8221;off|desktop&#8221; text_font_size_tablet=&#8221;22vw&#8221; text_font_size_phone=&#8221;22vw&#8221; text_font_size_last_edited=&#8221;on|desktop&#8221; global_colors_info=&#8221;{}&#8221;]<\/p>\n<p><span style=\"color: #ffffff;\">Canal \u00e9thique<\/span><\/p>\n<p>[\/et_pb_text][\/et_pb_column][\/et_pb_row][\/et_pb_section][et_pb_section fb_built=&#8221;1&#8243; _builder_version=&#8221;4.20.4&#8243; _module_preset=&#8221;default&#8221; background_color=&#8221;rgba(0,0,0,0.51)&#8221; background_image=&#8221;https:\/\/www.zennio.com\/wp-content\/uploads\/2023\/03\/AdobeStock_567021686.png&#8221; background_blend=&#8221;overlay&#8221; custom_margin=&#8221;1px|0px|||false|false&#8221; custom_margin_tablet=&#8221;|50px||50px|false|false&#8221; custom_margin_phone=&#8221;|0px||0px|false|false&#8221; custom_margin_last_edited=&#8221;on|phone&#8221; custom_padding=&#8221;856px||128px||false|false&#8221; locked=&#8221;off&#8221; global_colors_info=&#8221;{}&#8221;][et_pb_row make_equal=&#8221;on&#8221; _builder_version=&#8221;4.20.4&#8243; _module_preset=&#8221;default&#8221; width=&#8221;100%&#8221; module_alignment=&#8221;right&#8221; custom_margin=&#8221;-524px|0px|0px|0px|false|false&#8221; custom_padding=&#8221;21px|0px|0px|0px|false|false&#8221; global_colors_info=&#8221;{}&#8221;][et_pb_column type=&#8221;4_4&#8243; _builder_version=&#8221;4.19.4&#8243; _module_preset=&#8221;default&#8221; background_enable_color=&#8221;off&#8221; custom_padding=&#8221;30px|30px|30px|30px|false|false&#8221; global_colors_info=&#8221;{}&#8221;][et_pb_text _builder_version=&#8221;4.20.4&#8243; _module_preset=&#8221;default&#8221; text_font=&#8221;Raleway|700|||||||&#8221; text_text_color=&#8221;#FFFFFF&#8221; text_font_size=&#8221;1.6rem&#8221; text_line_height=&#8221;1.3em&#8221; header_text_align=&#8221;center&#8221; header_2_font=&#8221;BrandonBold|700||on|||||&#8221; header_2_text_align=&#8221;center&#8221; header_2_text_color=&#8221;#FFFFFF&#8221; header_2_font_size=&#8221;1.5em&#8221; header_2_line_height=&#8221;2rem&#8221; custom_margin=&#8221;-2px|3px||-6px|false|false&#8221; custom_padding=&#8221;|0px|5px|0px|false|false&#8221; global_colors_info=&#8221;{}&#8221;]<\/p>\n<h2>CONFORMIT\u00c9 AUX NORMES<\/h2>\n<p>[\/et_pb_text][et_pb_divider color=&#8221;#FFFFFF&#8221; divider_weight=&#8221;2px&#8221; _builder_version=&#8221;4.19.4&#8243; _module_preset=&#8221;default&#8221; max_width=&#8221;90px&#8221; module_alignment=&#8221;center&#8221; global_colors_info=&#8221;{}&#8221;][\/et_pb_divider][\/et_pb_column][\/et_pb_row][\/et_pb_section][et_pb_section fb_built=&#8221;1&#8243; _builder_version=&#8221;4.16&#8243; _module_preset=&#8221;default&#8221; custom_padding=&#8221;21px|||||&#8221; global_colors_info=&#8221;{}&#8221;][et_pb_row _builder_version=&#8221;4.19.5&#8243; _module_preset=&#8221;default&#8221; global_colors_info=&#8221;{}&#8221;][et_pb_column type=&#8221;4_4&#8243; _builder_version=&#8221;4.19.5&#8243; _module_preset=&#8221;default&#8221; global_colors_info=&#8221;{}&#8221;][et_pb_text _builder_version=&#8221;4.20.4&#8243; _module_preset=&#8221;default&#8221; global_colors_info=&#8221;{}&#8221;]<\/p>\n<h1><strong>CONFORMIT\u00c9 AUX NORMES<\/strong><\/h1>\n<p>[\/et_pb_text][\/et_pb_column][\/et_pb_row][et_pb_row column_structure=&#8221;1_3,1_3,1_3&#8243; _builder_version=&#8221;4.19.5&#8243; _module_preset=&#8221;default&#8221; global_colors_info=&#8221;{}&#8221;][et_pb_column type=&#8221;1_3&#8243; _builder_version=&#8221;4.19.5&#8243; _module_preset=&#8221;default&#8221; global_colors_info=&#8221;{}&#8221;][et_pb_text _builder_version=&#8221;4.20.4&#8243; _module_preset=&#8221;default&#8221; custom_margin=&#8221;||-5px|||&#8221; global_colors_info=&#8221;{}&#8221;]<\/p>\n<h4 style=\"text-align: center;\"><strong>CONTR\u00d4LE<\/strong><\/h4>\n<p>[\/et_pb_text][et_pb_image src=&#8221;https:\/\/www.zennio.com\/wp-content\/uploads\/2023\/03\/Mesa-de-trabajo-1-copia-2.png&#8221; title_text=&#8221;Mesa de trabajo 1 copia 2&#8243; show_bottom_space=&#8221;off&#8221; align=&#8221;center&#8221; _builder_version=&#8221;4.19.5&#8243; _module_preset=&#8221;default&#8221; z_index=&#8221;0&#8243; width=&#8221;53%&#8221; max_width=&#8221;53%&#8221; custom_padding=&#8221;0px|||||&#8221; global_colors_info=&#8221;{}&#8221;][\/et_pb_image][et_pb_text _builder_version=&#8221;4.20.4&#8243; _module_preset=&#8221;default&#8221; global_colors_info=&#8221;{}&#8221;]<\/p>\n<p style=\"text-align: center;\"><span style=\"font-size: larger;\">Zennio applique la conformit\u00e9 aux normes les plus exigeantes pour \u00e9tablir un parfait contr\u00f4le de la conformit\u00e9 aux normes professionnelles.<\/span><\/p>\n<p>[\/et_pb_text][\/et_pb_column][et_pb_column type=&#8221;1_3&#8243; _builder_version=&#8221;4.19.5&#8243; _module_preset=&#8221;default&#8221; global_colors_info=&#8221;{}&#8221;][et_pb_text _builder_version=&#8221;4.20.4&#8243; _module_preset=&#8221;default&#8221; custom_margin=&#8221;||-2px|||&#8221; global_colors_info=&#8221;{}&#8221;]<\/p>\n<h4 style=\"text-align: center;\"><strong>CULTURE \u00c9THIQUE<\/strong><\/h4>\n<p>[\/et_pb_text][et_pb_image src=&#8221;https:\/\/www.zennio.com\/wp-content\/uploads\/2023\/03\/Mesa-de-trabajo-1.png&#8221; title_text=&#8221;Mesa de trabajo 1&#8243; show_bottom_space=&#8221;off&#8221; align=&#8221;center&#8221; _builder_version=&#8221;4.19.5&#8243; _module_preset=&#8221;default&#8221; z_index=&#8221;0&#8243; width=&#8221;53%&#8221; max_width=&#8221;53%&#8221; global_colors_info=&#8221;{}&#8221;][\/et_pb_image][et_pb_text _builder_version=&#8221;4.20.4&#8243; _module_preset=&#8221;default&#8221; global_colors_info=&#8221;{}&#8221;]<\/p>\n<p style=\"text-align: center;\"><span style=\"font-size: larger;\">Aide \u00e0 la cr\u00e9ation d&#8217;une culture \u00e9thique au sein de notre organisation et rendre plus facile la supervision et le contr\u00f4le en termes de lutte contre la corruption et la pr\u00e9vention des d\u00e9lits.<\/span><\/p>\n<p>[\/et_pb_text][\/et_pb_column][et_pb_column type=&#8221;1_3&#8243; _builder_version=&#8221;4.19.5&#8243; _module_preset=&#8221;default&#8221; global_colors_info=&#8221;{}&#8221;][et_pb_text _builder_version=&#8221;4.19.5&#8243; _module_preset=&#8221;default&#8221; custom_margin=&#8221;||-2px|||&#8221; global_colors_info=&#8221;{}&#8221;]<\/p>\n<h4 style=\"text-align: center;\"><strong>INFORMATION<\/strong><\/h4>\n<p>[\/et_pb_text][et_pb_image src=&#8221;https:\/\/www.zennio.com\/wp-content\/uploads\/2023\/03\/Mesa-de-trabajo-1-copia.png&#8221; title_text=&#8221;Mesa de trabajo 1 copia&#8221; show_bottom_space=&#8221;off&#8221; align=&#8221;center&#8221; _builder_version=&#8221;4.19.5&#8243; _module_preset=&#8221;default&#8221; z_index=&#8221;0&#8243; width=&#8221;53%&#8221; max_width=&#8221;53%&#8221; global_colors_info=&#8221;{}&#8221;][\/et_pb_image][et_pb_text _builder_version=&#8221;4.27.2&#8243; _module_preset=&#8221;default&#8221; global_colors_info=&#8221;{}&#8221;]<\/p>\n<p style=\"text-align: center;\"><span style=\"font-size: larger;\">Dans <!-- <a href=\"https:\/\/www.zennio.com\/documents\/ethic_code_en\" target=\"_blank\" rel=\"noopener\" title=\"Code \u00e9tique (ENG)\"> -->le lien de ce canal interne d&#8217;information<!-- <\/a> -->, sont d\u00fbment expliqu\u00e9s nos conditions d&#8217;utilisation et les principes essentiels sur lesquels est construit notre proc\u00e9dure de gestion.<\/span><\/p>\n<p>[\/et_pb_text][\/et_pb_column][\/et_pb_row][et_pb_row column_structure=&#8221;1_2,1_2&#8243; make_equal=&#8221;on&#8221; _builder_version=&#8221;4.19.5&#8243; _module_preset=&#8221;default&#8221; positioning=&#8221;none&#8221; global_colors_info=&#8221;{}&#8221;][et_pb_column type=&#8221;1_2&#8243; _builder_version=&#8221;4.19.5&#8243; _module_preset=&#8221;default&#8221; global_colors_info=&#8221;{}&#8221;][et_pb_image src=&#8221;https:\/\/www.zennio.com\/wp-content\/uploads\/2023\/03\/AdobeStock_141264678.png&#8221; title_text=&#8221;AdobeStock_141264678&#8243; url_new_window=&#8221;on&#8221; admin_label=&#8221;Foto Ethic Canal&#8221; _builder_version=&#8221;4.19.5&#8243; _module_preset=&#8221;default&#8221; background_color=&#8221;#FBF2F2&#8243; module_alignment=&#8221;left&#8221; z_index_last_edited=&#8221;off|desktop&#8221; global_colors_info=&#8221;{}&#8221; z_index__hover_enabled=&#8221;off|desktop&#8221;][\/et_pb_image][\/et_pb_column][et_pb_column type=&#8221;1_2&#8243; _builder_version=&#8221;4.19.5&#8243; _module_preset=&#8221;default&#8221; global_colors_info=&#8221;{}&#8221;][et_pb_text _builder_version=&#8221;4.20.4&#8243; _module_preset=&#8221;default&#8221; custom_padding=&#8221;74px||||false|false&#8221; global_colors_info=&#8221;{}&#8221;]<\/p>\n<h1 style=\"text-align: center;\"><strong>CANAL \u00c9THIQUE<\/strong><\/h1>\n<p style=\"text-align: center;\"><span style=\"font-size: larger;\">Dans le sens des informations ci-dessus nous avons \u00e9tabli un Syst\u00e8me interne d&#8217;information que rend possible d&#8217;informer de certaines actions ou omissions que pourraient constituer une infraction concernant les aspects concernant l&#8217;Article 2 de la Loi 2\/2023, du 20 f\u00e9vrier (loi espagnole), r\u00e9gulant la protection des personnes informant d&#8217;infractions aux normes et de lutte contre la corruption.<\/span><\/p>\n<p>[\/et_pb_text][et_pb_button button_url=&#8221;https:\/\/channel.globalsuitesolutions.com\/zennio&#8221; url_new_window=&#8221;on&#8221; button_text=&#8221;Bo\u00eetes de plaintes&#8221; button_alignment=&#8221;center&#8221; _builder_version=&#8221;4.20.4&#8243; _module_preset=&#8221;default&#8221; global_colors_info=&#8221;{}&#8221;][\/et_pb_button][\/et_pb_column][\/et_pb_row][et_pb_row make_equal=&#8221;on&#8221; _builder_version=&#8221;4.26.1&#8243; _module_preset=&#8221;default&#8221; positioning=&#8221;none&#8221; locked=&#8221;off&#8221; global_colors_info=&#8221;{}&#8221;][et_pb_column type=&#8221;4_4&#8243; _builder_version=&#8221;4.19.5&#8243; _module_preset=&#8221;default&#8221; global_colors_info=&#8221;{}&#8221;][et_pb_text _builder_version=&#8221;4.26.1&#8243; _module_preset=&#8221;default&#8221; width=&#8221;100%&#8221; custom_padding=&#8221;0px||||false|false&#8221; global_colors_info=&#8221;{}&#8221;]<\/p>\n<h1 style=\"text-align: left;\"><strong>CODE \u00c9THIQUE FOURNISSEURS<\/strong><\/h1>\n<p style=\"text-align: left;\"><span>Le Code \u00e9thique et de bonne conduite pour fournisseurs \u00e9tablit les principes guides et les standards minimum de comportement attendus de nos fournisseurs et sous-traitants.<\/span><\/p>\n<p>[\/et_pb_text][et_pb_button button_url=&#8221;https:\/\/www.zennio.com\/documents\/suppliers_ethic_code_en&#8221; url_new_window=&#8221;on&#8221; button_text=&#8221;T\u00e9l\u00e9chargez le Code \u00e9thique (ENG)&#8221; button_alignment=&#8221;left&#8221; _builder_version=&#8221;4.26.1&#8243; _module_preset=&#8221;default&#8221; global_colors_info=&#8221;{}&#8221;][\/et_pb_button][\/et_pb_column][\/et_pb_row][et_pb_row make_equal=&#8221;on&#8221; _builder_version=&#8221;4.26.1&#8243; _module_preset=&#8221;default&#8221; positioning=&#8221;none&#8221; locked=&#8221;off&#8221; global_colors_info=&#8221;{}&#8221;][et_pb_column type=&#8221;4_4&#8243; _builder_version=&#8221;4.19.5&#8243; _module_preset=&#8221;default&#8221; global_colors_info=&#8221;{}&#8221;][et_pb_text _builder_version=&#8221;4.27.4&#8243; _module_preset=&#8221;default&#8221; width=&#8221;100%&#8221; custom_padding=&#8221;0px||||false|false&#8221; hover_enabled=&#8221;0&#8243; global_colors_info=&#8221;{}&#8221; sticky_enabled=&#8221;0&#8243;]<\/p>\n<h1 style=\"text-align: left;\"><strong>CODE D&#8217;\u00c9THIQUE EMPLOY\u00c9S<\/strong><\/h1>\n<p style=\"text-align: left;\"><span>Le Code d&#8217;\u00e9thique et de bonne conduite pour les employ\u00e9s de Zennio \u00e9tablit les principes guides et les standards minimum de comportement attendus de nos employ\u00e9s.<\/span><\/p>\n<p>[\/et_pb_text][et_pb_button button_url=&#8221;https:\/\/www.zennio.com\/documents\/ethic_code_fr&#8221; url_new_window=&#8221;on&#8221; button_text=&#8221;T\u00e9l\u00e9chargez le Code d&#8217;\u00e9thique&#8221; button_alignment=&#8221;left&#8221; _builder_version=&#8221;4.27.4&#8243; _module_preset=&#8221;default&#8221; hover_enabled=&#8221;0&#8243; global_colors_info=&#8221;{}&#8221; sticky_enabled=&#8221;0&#8243;][\/et_pb_button][\/et_pb_column][\/et_pb_row][\/et_pb_section]<\/p>\n","protected":false},"excerpt":{"rendered":"<p>\n<div class=\"wpml-ls-statics-shortcode_actions wpml-ls wpml-ls-legacy-list-horizontal\">\n\t<ul><li class=\"wpml-ls-slot-shortcode_actions wpml-ls-item wpml-ls-item-es wpml-ls-first-item wpml-ls-item-legacy-list-horizontal\">\n\t\t\t\t<a href=\"https:\/\/back.zennio.com\/es\" class=\"wpml-ls-link\">\n                    <span class=\"wpml-ls-native\" lang=\"es\">Espa\u00f1ol<\/span><\/a>\n\t\t\t<\/li><li class=\"wpml-ls-slot-shortcode_actions wpml-ls-item wpml-ls-item-en wpml-ls-item-legacy-list-horizontal\">\n\t\t\t\t<a href=\"https:\/\/back.zennio.com\/\" class=\"wpml-ls-link\">\n                    <span class=\"wpml-ls-native\" lang=\"en\">English<\/span><\/a>\n\t\t\t<\/li><li class=\"wpml-ls-slot-shortcode_actions wpml-ls-item wpml-ls-item-de wpml-ls-item-legacy-list-horizontal\">\n\t\t\t\t<a href=\"https:\/\/back.zennio.com\/de\" class=\"wpml-ls-link\">\n                    <span class=\"wpml-ls-native\" lang=\"de\">Deutsch<\/span><\/a>\n\t\t\t<\/li><li class=\"wpml-ls-slot-shortcode_actions wpml-ls-item wpml-ls-item-it wpml-ls-last-item wpml-ls-item-legacy-list-horizontal\">\n\t\t\t\t<a href=\"https:\/\/back.zennio.com\/it\" class=\"wpml-ls-link\">\n                    <span class=\"wpml-ls-native\" lang=\"it\">Italiano<\/span><\/a>\n\t\t\t<\/li><\/ul>\n<\/div>\nCanal \u00e9thiqueCONFORMIT\u00c9 AUX NORMESCONFORMIT\u00c9 AUX NORMESCONTR\u00d4LEZennio applique la conformit\u00e9 aux normes les plus exigeantes pour \u00e9tablir un parfait contr\u00f4le de la conformit\u00e9 aux normes professionnelles.CULTURE \u00c9THIQUEAide \u00e0 la cr\u00e9ation d&#8217;une culture \u00e9thique au sein de notre organisation et rendre plus facile la supervision et le contr\u00f4le en termes de lutte contre la corruption et la [&hellip;]<\/p>\n","protected":false},"author":10,"featured_media":0,"parent":0,"menu_order":0,"comment_status":"closed","ping_status":"closed","template":"","meta":{"_acf_changed":false,"_et_pb_use_builder":"on","_et_pb_old_content":"","_et_gb_content_width":"","footnotes":""},"class_list":["post-42873","page","type-page","status-publish","hentry"],"acf":[],"yoast_head":"<!-- This site is optimized with the Yoast SEO plugin v25.5 - https:\/\/yoast.com\/wordpress\/plugins\/seo\/ -->\n<title>Canal \u00e9thique | Zennio<\/title>\n<meta name=\"robots\" content=\"index, follow, max-snippet:-1, max-image-preview:large, max-video-preview:-1\" \/>\n<link rel=\"canonical\" href=\"https:\/\/back.zennio.com\/fr\/ethic-channel\" \/>\n<meta property=\"og:locale\" content=\"fr_FR\" \/>\n<meta property=\"og:type\" content=\"article\" \/>\n<meta property=\"og:title\" content=\"Canal \u00e9thique | Zennio\" \/>\n<meta property=\"og:url\" content=\"https:\/\/back.zennio.com\/fr\/ethic-channel\" \/>\n<meta property=\"og:site_name\" content=\"Zennio\" \/>\n<meta property=\"article:modified_time\" content=\"2025-09-23T08:34:20+00:00\" \/>\n<meta name=\"twitter:card\" content=\"summary_large_image\" \/>\n<meta name=\"twitter:label1\" content=\"Est. reading time\" \/>\n\t<meta name=\"twitter:data1\" content=\"2 minutes\" \/>\n<script type=\"application\/ld+json\" class=\"yoast-schema-graph\">{\"@context\":\"https:\/\/schema.org\",\"@graph\":[{\"@type\":\"WebPage\",\"@id\":\"https:\/\/back.zennio.com\/fr\/ethic-channel\",\"url\":\"https:\/\/back.zennio.com\/fr\/ethic-channel\",\"name\":\"Canal \u00e9thique | Zennio\",\"isPartOf\":{\"@id\":\"https:\/\/www.zennio.com\/#website\"},\"datePublished\":\"2023-04-18T10:36:30+00:00\",\"dateModified\":\"2025-09-23T08:34:20+00:00\",\"breadcrumb\":{\"@id\":\"https:\/\/back.zennio.com\/fr\/ethic-channel#breadcrumb\"},\"inLanguage\":\"fr\",\"potentialAction\":[{\"@type\":\"ReadAction\",\"target\":[\"https:\/\/back.zennio.com\/fr\/ethic-channel\"]}]},{\"@type\":\"BreadcrumbList\",\"@id\":\"https:\/\/back.zennio.com\/fr\/ethic-channel#breadcrumb\",\"itemListElement\":[{\"@type\":\"ListItem\",\"position\":1,\"name\":\"Portada\",\"item\":\"https:\/\/www.zennio.com\/fr\"},{\"@type\":\"ListItem\",\"position\":2,\"name\":\"Canal \u00e9thique\"}]},{\"@type\":\"WebSite\",\"@id\":\"https:\/\/www.zennio.com\/#website\",\"url\":\"https:\/\/www.zennio.com\/\",\"name\":\"Zennio\",\"description\":\"Zennio Global\",\"potentialAction\":[{\"@type\":\"SearchAction\",\"target\":{\"@type\":\"EntryPoint\",\"urlTemplate\":\"https:\/\/www.zennio.com\/?s={search_term_string}\"},\"query-input\":{\"@type\":\"PropertyValueSpecification\",\"valueRequired\":true,\"valueName\":\"search_term_string\"}}],\"inLanguage\":\"fr\"}]}<\/script>\n<!-- \/ Yoast SEO plugin. -->","yoast_head_json":{"title":"Canal \u00e9thique | Zennio","robots":{"index":"index","follow":"follow","max-snippet":"max-snippet:-1","max-image-preview":"max-image-preview:large","max-video-preview":"max-video-preview:-1"},"canonical":"https:\/\/back.zennio.com\/fr\/ethic-channel","og_locale":"fr_FR","og_type":"article","og_title":"Canal \u00e9thique | Zennio","og_url":"https:\/\/back.zennio.com\/fr\/ethic-channel","og_site_name":"Zennio","article_modified_time":"2025-09-23T08:34:20+00:00","twitter_card":"summary_large_image","twitter_misc":{"Est. reading time":"2 minutes"},"schema":{"@context":"https:\/\/schema.org","@graph":[{"@type":"WebPage","@id":"https:\/\/back.zennio.com\/fr\/ethic-channel","url":"https:\/\/back.zennio.com\/fr\/ethic-channel","name":"Canal \u00e9thique | Zennio","isPartOf":{"@id":"https:\/\/www.zennio.com\/#website"},"datePublished":"2023-04-18T10:36:30+00:00","dateModified":"2025-09-23T08:34:20+00:00","breadcrumb":{"@id":"https:\/\/back.zennio.com\/fr\/ethic-channel#breadcrumb"},"inLanguage":"fr","potentialAction":[{"@type":"ReadAction","target":["https:\/\/back.zennio.com\/fr\/ethic-channel"]}]},{"@type":"BreadcrumbList","@id":"https:\/\/back.zennio.com\/fr\/ethic-channel#breadcrumb","itemListElement":[{"@type":"ListItem","position":1,"name":"Portada","item":"https:\/\/www.zennio.com\/fr"},{"@type":"ListItem","position":2,"name":"Canal \u00e9thique"}]},{"@type":"WebSite","@id":"https:\/\/www.zennio.com\/#website","url":"https:\/\/www.zennio.com\/","name":"Zennio","description":"Zennio Global","potentialAction":[{"@type":"SearchAction","target":{"@type":"EntryPoint","urlTemplate":"https:\/\/www.zennio.com\/?s={search_term_string}"},"query-input":{"@type":"PropertyValueSpecification","valueRequired":true,"valueName":"search_term_string"}}],"inLanguage":"fr"}]}},"_links":{"self":[{"href":"https:\/\/back.zennio.com\/fr\/wp-json\/wp\/v2\/pages\/42873","targetHints":{"allow":["GET"]}}],"collection":[{"href":"https:\/\/back.zennio.com\/fr\/wp-json\/wp\/v2\/pages"}],"about":[{"href":"https:\/\/back.zennio.com\/fr\/wp-json\/wp\/v2\/types\/page"}],"author":[{"embeddable":true,"href":"https:\/\/back.zennio.com\/fr\/wp-json\/wp\/v2\/users\/10"}],"replies":[{"embeddable":true,"href":"https:\/\/back.zennio.com\/fr\/wp-json\/wp\/v2\/comments?post=42873"}],"version-history":[{"count":40,"href":"https:\/\/back.zennio.com\/fr\/wp-json\/wp\/v2\/pages\/42873\/revisions"}],"predecessor-version":[{"id":76190,"href":"https:\/\/back.zennio.com\/fr\/wp-json\/wp\/v2\/pages\/42873\/revisions\/76190"}],"wp:attachment":[{"href":"https:\/\/back.zennio.com\/fr\/wp-json\/wp\/v2\/media?parent=42873"}],"curies":[{"name":"wp","href":"https:\/\/api.w.org\/{rel}","templated":true}]}}