{"id":72587,"date":"2025-06-26T10:04:17","date_gmt":"2025-06-26T08:04:17","guid":{"rendered":"https:\/\/www.zennio.com\/finishes"},"modified":"2025-09-10T15:58:07","modified_gmt":"2025-09-10T13:58:07","slug":"finishes","status":"publish","type":"page","link":"https:\/\/back.zennio.com\/fr\/finishes","title":{"rendered":"Finishes"},"content":{"rendered":"<p>[et_pb_section fb_built=&#8221;1&#8243; _builder_version=&#8221;4.16&#8243; _module_preset=&#8221;default&#8221; background_color=&#8221;#000000&#8243; custom_padding=&#8221;2rem||2rem||true|false&#8221; locked=&#8221;off&#8221; global_colors_info=&#8221;{}&#8221;][et_pb_row _builder_version=&#8221;4.16&#8243; _module_preset=&#8221;default&#8221; custom_padding=&#8221;0px||||false|false&#8221; global_colors_info=&#8221;{}&#8221;][et_pb_column type=&#8221;4_4&#8243; _builder_version=&#8221;4.16&#8243; _module_preset=&#8221;default&#8221; global_colors_info=&#8221;{}&#8221;][et_pb_text _builder_version=&#8221;4.27.4&#8243; _module_preset=&#8221;default&#8221; text_text_color=&#8221;#FBF2F2&#8243; text_font_size=&#8221;37px&#8221; text_line_height=&#8221;1.6em&#8221; header_font=&#8221;Brandon||||||||&#8221; header_text_color=&#8221;#FBF2F2&#8243; header_font_size=&#8221;75px&#8221; header_line_height=&#8221;1.7em&#8221; text_font_size_tablet=&#8221;37px&#8221; text_font_size_phone=&#8221;21px&#8221; text_font_size_last_edited=&#8221;on|phone&#8221; header_font_size_tablet=&#8221;75px&#8221; header_font_size_phone=&#8221;42px&#8221; header_font_size_last_edited=&#8221;on|phone&#8221; global_colors_info=&#8221;{}&#8221;]<\/p>\n<h1>Couleurs disponibles<\/h1>\n<p>Choisissez la finition qui s&#8217;int\u00e8gre le mieux dans votre projet<\/p>\n<p>[\/et_pb_text][\/et_pb_column][\/et_pb_row][\/et_pb_section][et_pb_section fb_built=&#8221;1&#8243; _builder_version=&#8221;4.17.4&#8243; _module_preset=&#8221;default&#8221; global_colors_info=&#8221;{}&#8221;][et_pb_row _builder_version=&#8221;4.17.4&#8243; _module_preset=&#8221;default&#8221; global_colors_info=&#8221;{}&#8221;][et_pb_column type=&#8221;4_4&#8243; _builder_version=&#8221;4.17.4&#8243; _module_preset=&#8221;default&#8221; global_colors_info=&#8221;{}&#8221;][et_pb_text _builder_version=&#8221;4.27.4&#8243; _module_preset=&#8221;default&#8221; global_colors_info=&#8221;{}&#8221;]<\/p>\n<p>Zennio propose <strong>diff\u00e9rentes finitions<\/strong> para s&#8217;adapter \u00e0 une <strong>grande vari\u00e9t\u00e9 d&#8217;ambiances d\u00e9coratives<\/strong>, en utilisant des r\u00e9f\u00e9rences de couleur bas\u00e9es sur des standards internationaux. Dans ce tableau sont list\u00e9es les finitions disponibles, avec leurs r\u00e9f\u00e9rences correspondantes, pour que leur identification et leur s\u00e9lection soient plus faciles.<\/p>\n<p>Les couleurs list\u00e9es sont bas\u00e9es sur le <strong>syst\u00e8me RAL<\/strong>, une norme internationale amplement utilis\u00e9e pour d\u00e9finir les nuances de couleurs avec pr\u00e9cision.<\/p>\n<p>[\/et_pb_text][\/et_pb_column][\/et_pb_row][et_pb_row _builder_version=&#8221;4.27.4&#8243; _module_preset=&#8221;default&#8221; global_colors_info=&#8221;{}&#8221;][et_pb_column type=&#8221;4_4&#8243; _builder_version=&#8221;4.27.4&#8243; _module_preset=&#8221;default&#8221; global_colors_info=&#8221;{}&#8221;][et_pb_code _builder_version=&#8221;4.27.4&#8243; _module_preset=&#8221;default&#8221; global_colors_info=&#8221;{}&#8221;][\/et_pb_code][et_pb_text _builder_version=&#8221;4.27.4&#8243; _module_preset=&#8221;default&#8221; hover_enabled=&#8221;0&#8243; global_colors_info=&#8221;{}&#8221; sticky_enabled=&#8221;0&#8243;]<\/p>\n<table>\n<tbody><\/tbody>\n<colgroup>\n<col style=\"width: 7%;\" \/>\n<col style=\"width: 20%;\" \/>\n<col style=\"width: 73%;\" \/> <\/colgroup>\n<tbody>\n<tr style=\"background-color: #000000;\">\n<th colspan=\"2\"><span style=\"color: #ffffff;\"><strong>Nom de la finition<\/strong><\/span><\/th>\n<th><span style=\"color: #ffffff;\"><strong>RAL (r\u00e9f\u00e9rence de la couleur)<\/strong><\/span><\/th>\n<\/tr>\n<tr style=\"background-color: #e8e8e8;\">\n<td><img decoding=\"async\" src=\" https:\/\/www.zennio.com\/wp-content\/uploads\/2025\/07\/silver.png\" alt=\"Silver\"><\/td>\n<td><strong>Argent\u00e9<\/strong><\/td>\n<td><strong>RAL 9006<\/strong><\/td>\n<\/tr>\n<tr style=\"background-color: #e8e8e8;\">\n<td><img decoding=\"async\" src=\" https:\/\/www.zennio.com\/wp-content\/uploads\/2025\/07\/antracita.png\" alt=\"Anthracite\"><\/td>\n<td><strong>Noir anthracite<\/strong><\/td>\n<td><strong>RAL 9004<\/strong><\/td>\n<\/tr>\n<tr style=\"background-color: #e8e8e8;\">\n<td><img decoding=\"async\" src=\" https:\/\/www.zennio.com\/wp-content\/uploads\/2025\/07\/white.png\" alt=\"Matt white\"><\/td>\n<td><strong>Blanc mat<\/strong><\/td>\n<td><strong>RAL 9016<\/strong><\/td>\n<\/tr>\n<tr style=\"background-color: #e8e8e8;\">\n<td><img decoding=\"async\" src=\" https:\/\/www.zennio.com\/wp-content\/uploads\/2025\/07\/champagne.png\" alt=\"Champagne\"><\/td>\n<td><strong>Champagne<\/strong><\/td>\n<td><strong>RAL 1035<\/strong><\/td>\n<\/tr>\n<\/tbody>\n<\/table>\n<p>[\/et_pb_text][\/et_pb_column][\/et_pb_row][\/et_pb_section]<\/p>\n","protected":false},"excerpt":{"rendered":"<p>Couleurs disponibles Choisissez la finition qui s&#8217;int\u00e8gre le mieux dans votre projetZennio propose diff\u00e9rentes finitions para s&#8217;adapter \u00e0 une grande vari\u00e9t\u00e9 d&#8217;ambiances d\u00e9coratives, en utilisant des r\u00e9f\u00e9rences de couleur bas\u00e9es sur des standards internationaux. Dans ce tableau sont list\u00e9es les finitions disponibles, avec leurs r\u00e9f\u00e9rences correspondantes, pour que leur identification et leur s\u00e9lection soient plus [&hellip;]<\/p>\n","protected":false},"author":10,"featured_media":0,"parent":0,"menu_order":0,"comment_status":"closed","ping_status":"closed","template":"","meta":{"_acf_changed":false,"_et_pb_use_builder":"on","_et_pb_old_content":"","_et_gb_content_width":"","footnotes":""},"class_list":["post-72587","page","type-page","status-publish","hentry"],"acf":[],"yoast_head":"<!-- This site is optimized with the Yoast SEO plugin v25.5 - https:\/\/yoast.com\/wordpress\/plugins\/seo\/ -->\n<title>Finishes | Zennio<\/title>\n<meta name=\"robots\" content=\"index, follow, max-snippet:-1, max-image-preview:large, max-video-preview:-1\" \/>\n<link rel=\"canonical\" href=\"https:\/\/back.zennio.com\/fr\/finishes\" \/>\n<meta property=\"og:locale\" content=\"fr_FR\" \/>\n<meta property=\"og:type\" content=\"article\" \/>\n<meta property=\"og:title\" content=\"Finishes | Zennio\" \/>\n<meta property=\"og:url\" content=\"https:\/\/back.zennio.com\/fr\/finishes\" \/>\n<meta property=\"og:site_name\" content=\"Zennio\" \/>\n<meta property=\"article:modified_time\" content=\"2025-09-10T13:58:07+00:00\" \/>\n<meta name=\"twitter:card\" content=\"summary_large_image\" \/>\n<meta name=\"twitter:label1\" content=\"Est. reading time\" \/>\n\t<meta name=\"twitter:data1\" content=\"2 minutes\" \/>\n<script type=\"application\/ld+json\" class=\"yoast-schema-graph\">{\"@context\":\"https:\/\/schema.org\",\"@graph\":[{\"@type\":\"WebPage\",\"@id\":\"https:\/\/back.zennio.com\/fr\/finishes\",\"url\":\"https:\/\/back.zennio.com\/fr\/finishes\",\"name\":\"Finishes | Zennio\",\"isPartOf\":{\"@id\":\"https:\/\/www.zennio.com\/#website\"},\"datePublished\":\"2025-06-26T08:04:17+00:00\",\"dateModified\":\"2025-09-10T13:58:07+00:00\",\"breadcrumb\":{\"@id\":\"https:\/\/back.zennio.com\/fr\/finishes#breadcrumb\"},\"inLanguage\":\"fr\",\"potentialAction\":[{\"@type\":\"ReadAction\",\"target\":[\"https:\/\/back.zennio.com\/fr\/finishes\"]}]},{\"@type\":\"BreadcrumbList\",\"@id\":\"https:\/\/back.zennio.com\/fr\/finishes#breadcrumb\",\"itemListElement\":[{\"@type\":\"ListItem\",\"position\":1,\"name\":\"Portada\",\"item\":\"https:\/\/www.zennio.com\/fr\"},{\"@type\":\"ListItem\",\"position\":2,\"name\":\"Finishes\"}]},{\"@type\":\"WebSite\",\"@id\":\"https:\/\/www.zennio.com\/#website\",\"url\":\"https:\/\/www.zennio.com\/\",\"name\":\"Zennio\",\"description\":\"Zennio Global\",\"potentialAction\":[{\"@type\":\"SearchAction\",\"target\":{\"@type\":\"EntryPoint\",\"urlTemplate\":\"https:\/\/www.zennio.com\/?s={search_term_string}\"},\"query-input\":{\"@type\":\"PropertyValueSpecification\",\"valueRequired\":true,\"valueName\":\"search_term_string\"}}],\"inLanguage\":\"fr\"}]}<\/script>\n<!-- \/ Yoast SEO plugin. -->","yoast_head_json":{"title":"Finishes | Zennio","robots":{"index":"index","follow":"follow","max-snippet":"max-snippet:-1","max-image-preview":"max-image-preview:large","max-video-preview":"max-video-preview:-1"},"canonical":"https:\/\/back.zennio.com\/fr\/finishes","og_locale":"fr_FR","og_type":"article","og_title":"Finishes | Zennio","og_url":"https:\/\/back.zennio.com\/fr\/finishes","og_site_name":"Zennio","article_modified_time":"2025-09-10T13:58:07+00:00","twitter_card":"summary_large_image","twitter_misc":{"Est. reading time":"2 minutes"},"schema":{"@context":"https:\/\/schema.org","@graph":[{"@type":"WebPage","@id":"https:\/\/back.zennio.com\/fr\/finishes","url":"https:\/\/back.zennio.com\/fr\/finishes","name":"Finishes | Zennio","isPartOf":{"@id":"https:\/\/www.zennio.com\/#website"},"datePublished":"2025-06-26T08:04:17+00:00","dateModified":"2025-09-10T13:58:07+00:00","breadcrumb":{"@id":"https:\/\/back.zennio.com\/fr\/finishes#breadcrumb"},"inLanguage":"fr","potentialAction":[{"@type":"ReadAction","target":["https:\/\/back.zennio.com\/fr\/finishes"]}]},{"@type":"BreadcrumbList","@id":"https:\/\/back.zennio.com\/fr\/finishes#breadcrumb","itemListElement":[{"@type":"ListItem","position":1,"name":"Portada","item":"https:\/\/www.zennio.com\/fr"},{"@type":"ListItem","position":2,"name":"Finishes"}]},{"@type":"WebSite","@id":"https:\/\/www.zennio.com\/#website","url":"https:\/\/www.zennio.com\/","name":"Zennio","description":"Zennio Global","potentialAction":[{"@type":"SearchAction","target":{"@type":"EntryPoint","urlTemplate":"https:\/\/www.zennio.com\/?s={search_term_string}"},"query-input":{"@type":"PropertyValueSpecification","valueRequired":true,"valueName":"search_term_string"}}],"inLanguage":"fr"}]}},"_links":{"self":[{"href":"https:\/\/back.zennio.com\/fr\/wp-json\/wp\/v2\/pages\/72587","targetHints":{"allow":["GET"]}}],"collection":[{"href":"https:\/\/back.zennio.com\/fr\/wp-json\/wp\/v2\/pages"}],"about":[{"href":"https:\/\/back.zennio.com\/fr\/wp-json\/wp\/v2\/types\/page"}],"author":[{"embeddable":true,"href":"https:\/\/back.zennio.com\/fr\/wp-json\/wp\/v2\/users\/10"}],"replies":[{"embeddable":true,"href":"https:\/\/back.zennio.com\/fr\/wp-json\/wp\/v2\/comments?post=72587"}],"version-history":[{"count":15,"href":"https:\/\/back.zennio.com\/fr\/wp-json\/wp\/v2\/pages\/72587\/revisions"}],"predecessor-version":[{"id":75810,"href":"https:\/\/back.zennio.com\/fr\/wp-json\/wp\/v2\/pages\/72587\/revisions\/75810"}],"wp:attachment":[{"href":"https:\/\/back.zennio.com\/fr\/wp-json\/wp\/v2\/media?parent=72587"}],"curies":[{"name":"wp","href":"https:\/\/api.w.org\/{rel}","templated":true}]}}