{"id":75864,"date":"2025-09-11T14:33:35","date_gmt":"2025-09-11T12:33:35","guid":{"rendered":"https:\/\/www.zennio.com\/?page_id=75864"},"modified":"2025-09-11T15:02:43","modified_gmt":"2025-09-11T13:02:43","slug":"home","status":"publish","type":"page","link":"https:\/\/back.zennio.com\/fr","title":{"rendered":"Home Fr"},"content":{"rendered":"<p>[et_pb_section fb_built=&#8221;1&#8243; custom_padding_last_edited=&#8221;on|tablet&#8221; _builder_version=&#8221;4.16&#8243; _module_preset=&#8221;default&#8221; custom_padding=&#8221;3rem|3rem|3rem|3rem|true|true&#8221; custom_padding_tablet=&#8221;2rem|0rem|2rem|0rem|true|true&#8221; custom_padding_phone=&#8221;2rem|0rem|2rem|0rem|true|true&#8221; global_colors_info=&#8221;{}&#8221; locked=&#8221;off&#8221; theme_builder_area=&#8221;post_content&#8221;][et_pb_row disabled_on=&#8221;off|off|on&#8221; _builder_version=&#8221;4.16&#8243; _module_preset=&#8221;default&#8221; width=&#8221;100%&#8221; custom_padding=&#8221;|2rem||2rem|false|true&#8221; global_colors_info=&#8221;{}&#8221; theme_builder_area=&#8221;post_content&#8221;][et_pb_column type=&#8221;4_4&#8243; _builder_version=&#8221;4.16&#8243; _module_preset=&#8221;default&#8221; global_colors_info=&#8221;{}&#8221; theme_builder_area=&#8221;post_content&#8221;][et_pb_text _builder_version=&#8221;4.16&#8243; _module_preset=&#8221;default&#8221; text_font_size=&#8221;2.8rem&#8221; text_line_height=&#8221;1.3em&#8221; global_colors_info=&#8221;{}&#8221; theme_builder_area=&#8221;post_content&#8221;]<\/p>\n<p>Solutions de technologie pour h\u00f4tels, logements et immeubles<\/p>\n<p>[\/et_pb_text][\/et_pb_column][\/et_pb_row][et_pb_row _builder_version=&#8221;4.16&#8243; _module_preset=&#8221;default&#8221; background_image=&#8221;https:\/\/www.zennio.com\/wp-content\/uploads\/2021\/02\/home.jpg&#8221; width=&#8221;100%&#8221; max_width=&#8221;2560px&#8221; min_height=&#8221;450px&#8221; height=&#8221;50vw&#8221; custom_padding=&#8221;0px||0px|0px|false|false&#8221; global_colors_info=&#8221;{}&#8221; theme_builder_area=&#8221;post_content&#8221;][et_pb_column type=&#8221;4_4&#8243; _builder_version=&#8221;4.16&#8243; _module_preset=&#8221;default&#8221; global_colors_info=&#8221;{}&#8221; theme_builder_area=&#8221;post_content&#8221;][et_pb_text disabled_on=&#8221;on|on|off&#8221; _builder_version=&#8221;4.18.0&#8243; _module_preset=&#8221;default&#8221; text_text_color=&#8221;#000000&#8243; text_font_size=&#8221;4rem&#8221; text_line_height=&#8221;1.2em&#8221; positioning=&#8221;absolute&#8221; position_origin_a=&#8221;top_right&#8221; vertical_offset=&#8221;6rem&#8221; horizontal_offset=&#8221;6rem&#8221; z_index=&#8221;9&#8243; text_orientation=&#8221;right&#8221; width=&#8221;100%&#8221; max_width=&#8221;700px&#8221; animation_style=&#8221;slide&#8221; global_colors_info=&#8221;{}&#8221; theme_builder_area=&#8221;post_content&#8221;]<\/p>\n<p>Solutions de technologie pour h\u00f4tels, logements et immeubles<\/p>\n<p>[\/et_pb_text][\/et_pb_column][\/et_pb_row][\/et_pb_section][et_pb_section fb_built=&#8221;1&#8243; custom_padding_last_edited=&#8221;on|tablet&#8221; _builder_version=&#8221;4.16&#8243; _module_preset=&#8221;default&#8221; custom_padding_tablet=&#8221;|1rem||1rem|false|true&#8221; custom_padding_phone=&#8221;|1rem||1rem|false|true&#8221; global_colors_info=&#8221;{}&#8221; locked=&#8221;off&#8221; theme_builder_area=&#8221;post_content&#8221;][et_pb_row _builder_version=&#8221;4.16&#8243; _module_preset=&#8221;default&#8221; width=&#8221;100%&#8221; custom_padding=&#8221;0px||0px||false|false&#8221; global_colors_info=&#8221;{}&#8221; theme_builder_area=&#8221;post_content&#8221;][et_pb_column type=&#8221;4_4&#8243; _builder_version=&#8221;4.16&#8243; _module_preset=&#8221;default&#8221; global_colors_info=&#8221;{}&#8221; theme_builder_area=&#8221;post_content&#8221;][et_pb_image src=&#8221;https:\/\/www.zennio.com\/wp-content\/uploads\/2021\/02\/portada-disenio-zennio.jpg&#8221; title_text=&#8221;portada-disenio-zennio&#8221; force_fullwidth=&#8221;on&#8221; disabled_on=&#8221;off|off|on&#8221; _builder_version=&#8221;4.16&#8243; _module_preset=&#8221;default&#8221; global_colors_info=&#8221;{}&#8221; theme_builder_area=&#8221;post_content&#8221;][\/et_pb_image][\/et_pb_column][\/et_pb_row][et_pb_row column_structure=&#8221;2_5,3_5&#8243; make_equal=&#8221;on&#8221; module_class=&#8221;hoverable-zennio clickableBlock&#8221; _builder_version=&#8221;4.16&#8243; _module_preset=&#8221;default&#8221; background_color=&#8221;#FBF2F2&#8243; width_tablet=&#8221;100%&#8221; width_phone=&#8221;100%&#8221; width_last_edited=&#8221;on|tablet&#8221; max_height=&#8221;500px&#8221; custom_css_main_element=&#8221;display:flex;||align-items:center;&#8221; global_colors_info=&#8221;{}&#8221; theme_builder_area=&#8221;post_content&#8221;][et_pb_column type=&#8221;2_5&#8243; _builder_version=&#8221;4.16&#8243; _module_preset=&#8221;default&#8221; global_colors_info=&#8221;{}&#8221; theme_builder_area=&#8221;post_content&#8221;][et_pb_text _builder_version=&#8221;4.16&#8243; _module_preset=&#8221;default&#8221; text_font=&#8221;||||||||&#8221; text_font_size=&#8221;1.4rem&#8221; text_line_height=&#8221;1.5em&#8221; header_3_font_size=&#8221;1.4rem&#8221; custom_padding=&#8221;3rem|3rem|3rem|3rem|true|true&#8221; custom_padding_tablet=&#8221;3rem|3rem|3rem|3rem|true|true&#8221; custom_padding_phone=&#8221;2rem|2rem|2rem|2rem|true|true&#8221; custom_padding_last_edited=&#8221;on|phone&#8221; text_font_size_tablet=&#8221;1.4rem&#8221; text_font_size_phone=&#8221;1.2rem&#8221; text_font_size_last_edited=&#8221;on|phone&#8221; global_colors_info=&#8221;{}&#8221; theme_builder_area=&#8221;post_content&#8221;]<\/p>\n<h3 class=\"zennio-title\">DESIGN<\/h3>\n<p><span>Rempli de d\u00e9tails subtiles et s\u00e9ducteurs. Un m\u00e9lange parfait de technologie, innovation et mat\u00e9riaux pour obtenir la meilleure fonctionnalit\u00e9 et le meilleur rendement. Designs \u00e9l\u00e9gants et \u00e9quilibr\u00e9s qui d\u00e9passent toutes vos attentes.  <\/span><\/p>\n<p><a href=\"https:\/\/www.zennio.com\/fr\/design\"><strong style=\"font-size: 1rem;\">VOIR PLUS<\/strong><\/a><\/p>\n<p>[\/et_pb_text][\/et_pb_column][et_pb_column type=&#8221;3_5&#8243; disabled_on=&#8221;on|on|off&#8221; _builder_version=&#8221;4.16&#8243; _module_preset=&#8221;default&#8221; global_colors_info=&#8221;{}&#8221; theme_builder_area=&#8221;post_content&#8221;][et_pb_image src=&#8221;https:\/\/www.zennio.com\/wp-content\/uploads\/2022\/09\/CGI0285JCAM02V02_M55NEG3H_DER_F55X1_2USB_SSCH_Z35_reflejo-web.jpg&#8221; title_text=&#8221;CGI0285JCAM02V02_M55NEG3H_DER_F55X1_2USB_SSCH_Z35_reflejo-web&#8221; disabled_on=&#8221;on|on|off&#8221; _builder_version=&#8221;4.19.3&#8243; _module_preset=&#8221;default&#8221; transform_scale=&#8221;78%|78%&#8221; global_colors_info=&#8221;{}&#8221; theme_builder_area=&#8221;post_content&#8221;][\/et_pb_image][\/et_pb_column][\/et_pb_row][\/et_pb_section][et_pb_section fb_built=&#8221;1&#8243; custom_padding_last_edited=&#8221;on|tablet&#8221; _builder_version=&#8221;4.16&#8243; _module_preset=&#8221;default&#8221; custom_padding_tablet=&#8221;|1rem||1rem|false|true&#8221; custom_padding_phone=&#8221;|1rem||1rem|false|true&#8221; global_colors_info=&#8221;{}&#8221; locked=&#8221;off&#8221; theme_builder_area=&#8221;post_content&#8221;][et_pb_row _builder_version=&#8221;4.16&#8243; _module_preset=&#8221;default&#8221; width=&#8221;100%&#8221; custom_padding=&#8221;0px||0px||false|false&#8221; global_colors_info=&#8221;{}&#8221; theme_builder_area=&#8221;post_content&#8221;][et_pb_column type=&#8221;4_4&#8243; _builder_version=&#8221;4.16&#8243; _module_preset=&#8221;default&#8221; global_colors_info=&#8221;{}&#8221; theme_builder_area=&#8221;post_content&#8221;][et_pb_image src=&#8221;https:\/\/www.zennio.com\/wp-content\/uploads\/2021\/02\/portada-productos.jpg&#8221; title_text=&#8221;portada-productos&#8221; force_fullwidth=&#8221;on&#8221; disabled_on=&#8221;off|off|on&#8221; _builder_version=&#8221;4.16&#8243; _module_preset=&#8221;default&#8221; global_colors_info=&#8221;{}&#8221; theme_builder_area=&#8221;post_content&#8221;][\/et_pb_image][\/et_pb_column][\/et_pb_row][et_pb_row column_structure=&#8221;2_5,3_5&#8243; make_equal=&#8221;on&#8221; module_class=&#8221;hoverable-zennio clickableBlock&#8221; _builder_version=&#8221;4.16&#8243; _dynamic_attributes=&#8221;link_option_url&#8221; _module_preset=&#8221;default&#8221; background_color=&#8221;#FBF2F2&#8243; width_tablet=&#8221;100%&#8221; width_phone=&#8221;100%&#8221; width_last_edited=&#8221;on|tablet&#8221; max_height=&#8221;500px&#8221; link_option_url=&#8221;@ET-DC@eyJkeW5hbWljIjp0cnVlLCJjb250ZW50IjoicG9zdF9saW5rX3VybF9wYWdlIiwic2V0dGluZ3MiOnsicG9zdF9pZCI6IjMzIn19@&#8221; custom_css_main_element=&#8221;display:flex;||align-items:center;&#8221; global_colors_info=&#8221;{}&#8221; theme_builder_area=&#8221;post_content&#8221;][et_pb_column type=&#8221;2_5&#8243; _builder_version=&#8221;4.16&#8243; _module_preset=&#8221;default&#8221; global_colors_info=&#8221;{}&#8221; theme_builder_area=&#8221;post_content&#8221;][et_pb_text _builder_version=&#8221;4.16&#8243; _module_preset=&#8221;default&#8221; text_font=&#8221;||||||||&#8221; text_font_size=&#8221;1.4rem&#8221; text_line_height=&#8221;1.5em&#8221; header_3_font_size=&#8221;1.4rem&#8221; custom_padding=&#8221;3rem|3rem|3rem|3rem|true|true&#8221; custom_padding_tablet=&#8221;2rem|2rem|2rem|2rem|true|true&#8221; custom_padding_phone=&#8221;2rem|2rem|2rem|2rem|true|true&#8221; custom_padding_last_edited=&#8221;on|tablet&#8221; text_font_size_tablet=&#8221;1.4rem&#8221; text_font_size_phone=&#8221;1.2rem&#8221; text_font_size_last_edited=&#8221;on|phone&#8221; global_colors_info=&#8221;{}&#8221; theme_builder_area=&#8221;post_content&#8221;]<\/p>\n<h3 class=\"zennio-title\">PRODUITS<\/h3>\n<p><span>D\u00e9couvrez nos produits technologiques de derni\u00e8re g\u00e9n\u00e9ration. Plus innovants que ce que vous imaginez, plus puissants et avec plus de fonctionnalit\u00e9s, pour obtenir la meilleure exp\u00e9rience chez l&#8217;utilisateur. Totalement personnalisables, avec la derni\u00e8re technologie et le meilleur design.  <\/span><\/p>\n<p><a href=\"https:\/\/www.zennio.com\/fr\/produits\"><strong style=\"font-size: 1rem;\">VOIR PLUS<\/strong><\/a><\/p>\n<p>[\/et_pb_text][\/et_pb_column][et_pb_column type=&#8221;3_5&#8243; disabled_on=&#8221;on|on|off&#8221; _builder_version=&#8221;4.16&#8243; _module_preset=&#8221;default&#8221; global_colors_info=&#8221;{}&#8221; theme_builder_area=&#8221;post_content&#8221;][et_pb_image src=&#8221;https:\/\/www.zennio.com\/wp-content\/uploads\/2021\/02\/portada-productos.jpg&#8221; title_text=&#8221;portada-productos&#8221; disabled_on=&#8221;on|on|off&#8221; _builder_version=&#8221;4.16&#8243; _module_preset=&#8221;default&#8221; transform_scale=&#8221;78%|78%&#8221; global_colors_info=&#8221;{}&#8221; theme_builder_area=&#8221;post_content&#8221;][\/et_pb_image][\/et_pb_column][\/et_pb_row][\/et_pb_section][et_pb_section fb_built=&#8221;1&#8243; custom_padding_last_edited=&#8221;on|tablet&#8221; _builder_version=&#8221;4.16&#8243; _module_preset=&#8221;default&#8221; custom_padding_tablet=&#8221;0px|1rem||1rem|false|true&#8221; custom_padding_phone=&#8221;0px|1rem||1rem|false|true&#8221; global_colors_info=&#8221;{}&#8221; locked=&#8221;off&#8221; theme_builder_area=&#8221;post_content&#8221;][et_pb_row column_structure=&#8221;1_2,1_2&#8243; make_equal=&#8221;on&#8221; _builder_version=&#8221;4.16&#8243; _module_preset=&#8221;default&#8221; background_enable_color=&#8221;off&#8221; width_tablet=&#8221;100%&#8221; width_phone=&#8221;100%&#8221; width_last_edited=&#8221;on|tablet&#8221; global_colors_info=&#8221;{}&#8221; theme_builder_area=&#8221;post_content&#8221;][et_pb_column type=&#8221;1_2&#8243; module_class=&#8221;hoverable-zennio clickableBlock&#8221; _builder_version=&#8221;4.16&#8243; _module_preset=&#8221;default&#8221; background_color=&#8221;#FBF2F2&#8243; global_colors_info=&#8221;{}&#8221; theme_builder_area=&#8221;post_content&#8221;][et_pb_text _builder_version=&#8221;4.16&#8243; _module_preset=&#8221;default&#8221; text_font=&#8221;||||||||&#8221; text_font_size=&#8221;1.4rem&#8221; text_line_height=&#8221;1.5em&#8221; header_3_font_size=&#8221;1.4rem&#8221; custom_padding=&#8221;3rem|3rem|3rem|3rem|true|true&#8221; custom_padding_tablet=&#8221;3rem|3rem|3rem|3rem|true|true&#8221; custom_padding_phone=&#8221;2rem|2rem|2rem|2rem|true|true&#8221; custom_padding_last_edited=&#8221;on|phone&#8221; text_font_size_tablet=&#8221;1.4rem&#8221; text_font_size_phone=&#8221;1.2rem&#8221; text_font_size_last_edited=&#8221;on|phone&#8221; global_colors_info=&#8221;{}&#8221; theme_builder_area=&#8221;post_content&#8221;]<\/p>\n<h3 class=\"zennio-title\">CATALOGUE<\/h3>\n<p><span>D\u00e9couvrez quelle est la meilleure solution pour vous. Connaissez les derni\u00e8res solutions technologiques qui vous aideront \u00e0 am\u00e9liorer votre confort et votre bien-\u00eatre tous les jours de l&#8217;ann\u00e9e. Transformez votre maison, h\u00f4tel, bureau, commerce&#8230; Et vivez beaucoup mieux !   <\/span><\/p>\n<p><a href=\"https:\/\/www.zennio.com\/fr\/catalogue\"><strong style=\"font-size: 1rem;\">VOIR PLUS<\/strong><\/a><\/p>\n<p>[\/et_pb_text][\/et_pb_column][et_pb_column type=&#8221;1_2&#8243; module_class=&#8221;hoverable-zennio clickableBlock&#8221; _builder_version=&#8221;4.16&#8243; _module_preset=&#8221;default&#8221; background_color=&#8221;#FBF2F2&#8243; global_colors_info=&#8221;{}&#8221; theme_builder_area=&#8221;post_content&#8221;][et_pb_text _builder_version=&#8221;4.16&#8243; _module_preset=&#8221;default&#8221; text_font=&#8221;||||||||&#8221; text_font_size=&#8221;1.4rem&#8221; text_line_height=&#8221;1.5em&#8221; header_3_font_size=&#8221;1.4rem&#8221; custom_padding=&#8221;3rem|3rem|3rem|3rem|true|true&#8221; custom_padding_tablet=&#8221;3rem|3rem|3rem|3rem|true|true&#8221; custom_padding_phone=&#8221;2rem|2rem|2rem|2rem|true|true&#8221; custom_padding_last_edited=&#8221;on|phone&#8221; text_font_size_tablet=&#8221;1.4rem&#8221; text_font_size_phone=&#8221;1.2rem&#8221; text_font_size_last_edited=&#8221;on|phone&#8221; global_colors_info=&#8221;{}&#8221; theme_builder_area=&#8221;post_content&#8221;]<\/p>\n<h3 class=\"zennio-title\">SERVICES<\/h3>\n<p><span>Dans cette section, vous trouverez diff\u00e9rents outils et une grande \u00e9quipe de personnes pour vous aider \u00e0 convertir vos projets en de grandes r\u00e9ussites. Acc\u00e9dez \u00e0 nos support web, TMD Web, services et outils de prescription technique, newsletter et beaucoup plus&#8230;<\/span><\/p>\n<p><a href=\"https:\/\/www.zennio.com\/fr\/services\"><strong style=\"font-size: 1rem;\">VOIR PLUS<\/strong><\/a><\/p>\n<p>[\/et_pb_text][\/et_pb_column][\/et_pb_row][\/et_pb_section]<\/p>\n","protected":false},"excerpt":{"rendered":"<p>Solutions de technologie pour h\u00f4tels, logements et immeublesSolutions de technologie pour h\u00f4tels, logements et immeublesDESIGN Rempli de d\u00e9tails subtiles et s\u00e9ducteurs. Un m\u00e9lange parfait de technologie, innovation et mat\u00e9riaux pour obtenir la meilleure fonctionnalit\u00e9 et le meilleur rendement. Designs \u00e9l\u00e9gants et \u00e9quilibr\u00e9s qui d\u00e9passent toutes vos attentes. VOIR PLUSPRODUITS D\u00e9couvrez nos produits technologiques de derni\u00e8re [&hellip;]<\/p>\n","protected":false},"author":15,"featured_media":0,"parent":0,"menu_order":0,"comment_status":"closed","ping_status":"closed","template":"","meta":{"_acf_changed":false,"_et_pb_use_builder":"on","_et_pb_old_content":"","_et_gb_content_width":"","footnotes":""},"class_list":["post-75864","page","type-page","status-publish","hentry"],"acf":[],"yoast_head":"<!-- This site is optimized with the Yoast SEO plugin v25.5 - https:\/\/yoast.com\/wordpress\/plugins\/seo\/ -->\n<title>Home Fr | Zennio<\/title>\n<meta name=\"robots\" content=\"index, follow, max-snippet:-1, max-image-preview:large, max-video-preview:-1\" \/>\n<link rel=\"canonical\" href=\"https:\/\/back.zennio.com\/fr\" \/>\n<meta property=\"og:locale\" content=\"fr_FR\" \/>\n<meta property=\"og:type\" content=\"article\" \/>\n<meta property=\"og:title\" content=\"Home Fr | Zennio\" \/>\n<meta property=\"og:url\" content=\"https:\/\/back.zennio.com\/fr\" \/>\n<meta property=\"og:site_name\" content=\"Zennio\" \/>\n<meta property=\"article:modified_time\" content=\"2025-09-11T13:02:43+00:00\" \/>\n<meta name=\"twitter:card\" content=\"summary_large_image\" \/>\n<meta name=\"twitter:label1\" content=\"Est. reading time\" \/>\n\t<meta name=\"twitter:data1\" content=\"3 minutes\" \/>\n<script type=\"application\/ld+json\" class=\"yoast-schema-graph\">{\"@context\":\"https:\/\/schema.org\",\"@graph\":[{\"@type\":\"WebPage\",\"@id\":\"https:\/\/back.zennio.com\/fr\",\"url\":\"https:\/\/back.zennio.com\/fr\",\"name\":\"Home Fr | Zennio\",\"isPartOf\":{\"@id\":\"https:\/\/www.zennio.com\/#website\"},\"datePublished\":\"2025-09-11T12:33:35+00:00\",\"dateModified\":\"2025-09-11T13:02:43+00:00\",\"breadcrumb\":{\"@id\":\"https:\/\/back.zennio.com\/fr#breadcrumb\"},\"inLanguage\":\"fr\",\"potentialAction\":[{\"@type\":\"ReadAction\",\"target\":[\"https:\/\/back.zennio.com\/fr\"]}]},{\"@type\":\"BreadcrumbList\",\"@id\":\"https:\/\/back.zennio.com\/fr#breadcrumb\",\"itemListElement\":[{\"@type\":\"ListItem\",\"position\":1,\"name\":\"Portada\",\"item\":\"https:\/\/www.zennio.com\/fr\"},{\"@type\":\"ListItem\",\"position\":2,\"name\":\"Home Fr\"}]},{\"@type\":\"WebSite\",\"@id\":\"https:\/\/www.zennio.com\/#website\",\"url\":\"https:\/\/www.zennio.com\/\",\"name\":\"Zennio\",\"description\":\"Zennio Global\",\"potentialAction\":[{\"@type\":\"SearchAction\",\"target\":{\"@type\":\"EntryPoint\",\"urlTemplate\":\"https:\/\/www.zennio.com\/?s={search_term_string}\"},\"query-input\":{\"@type\":\"PropertyValueSpecification\",\"valueRequired\":true,\"valueName\":\"search_term_string\"}}],\"inLanguage\":\"fr\"}]}<\/script>\n<!-- \/ Yoast SEO plugin. -->","yoast_head_json":{"title":"Home Fr | Zennio","robots":{"index":"index","follow":"follow","max-snippet":"max-snippet:-1","max-image-preview":"max-image-preview:large","max-video-preview":"max-video-preview:-1"},"canonical":"https:\/\/back.zennio.com\/fr","og_locale":"fr_FR","og_type":"article","og_title":"Home Fr | Zennio","og_url":"https:\/\/back.zennio.com\/fr","og_site_name":"Zennio","article_modified_time":"2025-09-11T13:02:43+00:00","twitter_card":"summary_large_image","twitter_misc":{"Est. reading time":"3 minutes"},"schema":{"@context":"https:\/\/schema.org","@graph":[{"@type":"WebPage","@id":"https:\/\/back.zennio.com\/fr","url":"https:\/\/back.zennio.com\/fr","name":"Home Fr | Zennio","isPartOf":{"@id":"https:\/\/www.zennio.com\/#website"},"datePublished":"2025-09-11T12:33:35+00:00","dateModified":"2025-09-11T13:02:43+00:00","breadcrumb":{"@id":"https:\/\/back.zennio.com\/fr#breadcrumb"},"inLanguage":"fr","potentialAction":[{"@type":"ReadAction","target":["https:\/\/back.zennio.com\/fr"]}]},{"@type":"BreadcrumbList","@id":"https:\/\/back.zennio.com\/fr#breadcrumb","itemListElement":[{"@type":"ListItem","position":1,"name":"Portada","item":"https:\/\/www.zennio.com\/fr"},{"@type":"ListItem","position":2,"name":"Home Fr"}]},{"@type":"WebSite","@id":"https:\/\/www.zennio.com\/#website","url":"https:\/\/www.zennio.com\/","name":"Zennio","description":"Zennio Global","potentialAction":[{"@type":"SearchAction","target":{"@type":"EntryPoint","urlTemplate":"https:\/\/www.zennio.com\/?s={search_term_string}"},"query-input":{"@type":"PropertyValueSpecification","valueRequired":true,"valueName":"search_term_string"}}],"inLanguage":"fr"}]}},"_links":{"self":[{"href":"https:\/\/back.zennio.com\/fr\/wp-json\/wp\/v2\/pages\/75864","targetHints":{"allow":["GET"]}}],"collection":[{"href":"https:\/\/back.zennio.com\/fr\/wp-json\/wp\/v2\/pages"}],"about":[{"href":"https:\/\/back.zennio.com\/fr\/wp-json\/wp\/v2\/types\/page"}],"author":[{"embeddable":true,"href":"https:\/\/back.zennio.com\/fr\/wp-json\/wp\/v2\/users\/15"}],"replies":[{"embeddable":true,"href":"https:\/\/back.zennio.com\/fr\/wp-json\/wp\/v2\/comments?post=75864"}],"version-history":[{"count":3,"href":"https:\/\/back.zennio.com\/fr\/wp-json\/wp\/v2\/pages\/75864\/revisions"}],"predecessor-version":[{"id":75887,"href":"https:\/\/back.zennio.com\/fr\/wp-json\/wp\/v2\/pages\/75864\/revisions\/75887"}],"wp:attachment":[{"href":"https:\/\/back.zennio.com\/fr\/wp-json\/wp\/v2\/media?parent=75864"}],"curies":[{"name":"wp","href":"https:\/\/api.w.org\/{rel}","templated":true}]}}